{"id":9996,"date":"2024-06-10T12:03:09","date_gmt":"2024-06-10T16:03:09","guid":{"rendered":"https:\/\/awakeningtouch.ca\/?post_type=product&#038;p=9996"},"modified":"2024-06-10T12:43:11","modified_gmt":"2024-06-10T16:43:11","slug":"masque-archetype-mere-hibou","status":"publish","type":"product","link":"https:\/\/awakeningtouch.ca\/fr\/produit\/masque-archetype-mere-hibou\/","title":{"rendered":"Masque arch\u00e9type M\u00e8re Hibou"},"content":{"rendered":"<p>Masque arch\u00e9type de la M\u00e8re Hibou en c\u00e9ramique. Elle porte l&rsquo;esprit de l&rsquo;intuition, de la vision int\u00e9rieure, du mouvement libre et intentionnel dans les p\u00e9riodes d&rsquo;obscurit\u00e9.<\/p>\n<p>Mon voyage avec la m\u00e8re hibou a \u00e9t\u00e9 personnel. Elle a \u00e9t\u00e9 cr\u00e9\u00e9e lors du solstice d&rsquo;hiver et maintenant, \u00e0 l&rsquo;approche du solstice d&rsquo;\u00e9t\u00e9, je peux enfin la laisser aller. Le moment est venu ! Elle est libre de partager sa sagesse.<br \/>\nLe processus de cr\u00e9ativit\u00e9 jusqu&rsquo;\u00e0 la manifestation comprend de nombreuses \u00e9tapes. Souvent invisibles pour ceux qui ne connaissent que le r\u00e9sultat final. Il y a le r\u00eave, la vision, la premi\u00e8re tentative, le moment o\u00f9 l&rsquo;on canalise le subtil dans la mati\u00e8re, le s\u00e9chage, le busking, l&rsquo;\u00e9maillage et la cuisson. Et puis ! Le moment o\u00f9 je peux laisser aller.<\/p>\n<p>Ce masque spirituel unique a \u00e9t\u00e9 fabriqu\u00e9 avec beaucoup de soin et \u00e0 travers un processus rituel pour se connecter avec l\u2019esprit de la m\u00e9decine des plantes et intuitivement tous les \u00e9l\u00e9ments et le symbolisme.<\/p>\n<p><span lang=\"EN-CA\">Ce masque vous permettra d\u2019apporter la pr\u00e9sence de son \u00e9nergie dans vos rituels et votre espace sacr\u00e9, de garder l\u2019entr\u00e9e de votre maison ou de d\u00e9corer vos espaces ext\u00e9rieurs.<\/span><\/p>\n<blockquote>\n<div><span lang=\"EN-CA\">\u00ab\u00a0Les objets rituels supportent l\u2019espace de c\u00e9r\u00e9monie, au quotidien ou pour des passages sp\u00e9cifiques comme les solstices et \u00e9quinoxes. Tous sont fabriqu\u00e9s \u00e0 la main, avec des mat\u00e9riaux provenant de fournisseurs locaux et internationaux qui partagent nos valeurs. Une communication est \u00e9tablie avec chaque objet dans le processus de cr\u00e9ation, ce qui lui conf\u00e8re un caract\u00e8re sacr\u00e9 en plus d\u2019en faire son unicit\u00e9.\u00a0\u00bb\u00a0<\/span>Gita<\/div>\n<\/blockquote>\n<p><strong>FAIT \u00c0 LA MAIN<\/strong> <strong>Compl\u00e9tez votre commande\u00a0<\/strong><b>avec une statue d\u00e9esse, une assiette \u00e0 offrande, un porte-encens, un porte-chandelles ou encore un sac m\u00e9decine.<\/b><\/p>\n","protected":false},"excerpt":{"rendered":"<p>Apportez l&rsquo;\u00e9nergie de l\u2019esprit de la d\u00e9esse M\u00e8re Hibou dans votre espace sacr\u00e9<\/p>\n","protected":false},"featured_media":9998,"comment_status":"open","ping_status":"closed","template":"","meta":{"_et_pb_use_builder":"","_et_pb_old_content":"","_et_gb_content_width":"","_monsterinsights_skip_tracking":false,"_monsterinsights_sitenote_active":false,"_monsterinsights_sitenote_note":"","_monsterinsights_sitenote_category":0},"product_brand":[],"product_cat":[88,87],"product_tag":[],"class_list":{"0":"post-9996","1":"product","2":"type-product","3":"status-publish","4":"has-post-thumbnail","6":"product_cat-masques-archetypes","7":"product_cat-objets-rituels","9":"first","10":"outofstock","11":"sold-individually","12":"taxable","13":"shipping-taxable","14":"purchasable","15":"product-type-simple"},"yoast_head":"<!-- This site is optimized with the Yoast SEO plugin v27.4 - https:\/\/yoast.com\/product\/yoast-seo-wordpress\/ -->\n<title>Masque arch\u00e9type M\u00e8re Hibou - Awakening Touch<\/title>\n<meta name=\"description\" content=\"Masque arch\u00e9type de la M\u00e8re Hibou en c\u00e9ramique. Elle porte l&#039;esprit de l&#039;intuition, de la vision int\u00e9rieure, du mouvement libre et intentionnel dans les p\u00e9riodes d&#039;obscurit\u00e9. Ce masque spirituel unique a \u00e9t\u00e9 fabriqu\u00e9 avec beaucoup de soin et \u00e0 travers un processus rituel pour se connecter avec l\u2019esprit de la m\u00e9decine des plantes et intuitivement tous les \u00e9l\u00e9ments et le symbolisme.\" \/>\n<meta name=\"robots\" content=\"index, follow, max-snippet:-1, max-image-preview:large, max-video-preview:-1\" \/>\n<link rel=\"canonical\" href=\"https:\/\/awakeningtouch.ca\/fr\/produit\/masque-archetype-mere-hibou\/\" \/>\n<meta property=\"og:locale\" content=\"fr_FR\" \/>\n<meta property=\"og:type\" content=\"article\" \/>\n<meta property=\"og:title\" content=\"Masque arch\u00e9type de la M\u00e8re Hibou en c\u00e9ramique.\" \/>\n<meta property=\"og:description\" content=\"Masque arch\u00e9type de la M\u00e8re Hibou en c\u00e9ramique. Elle porte l&#039;esprit de l&#039;intuition, de la vision int\u00e9rieure, du mouvement libre et intentionnel dans les p\u00e9riodes d&#039;obscurit\u00e9. Ce masque spirituel unique a \u00e9t\u00e9 fabriqu\u00e9 avec beaucoup de soin et \u00e0 travers un processus rituel pour se connecter avec l\u2019esprit de la m\u00e9decine des plantes et intuitivement tous les \u00e9l\u00e9ments et le symbolisme.\" \/>\n<meta property=\"og:url\" content=\"https:\/\/awakeningtouch.ca\/fr\/produit\/masque-archetype-mere-hibou\/\" \/>\n<meta property=\"og:site_name\" content=\"Awakening Touch\" \/>\n<meta property=\"article:modified_time\" content=\"2024-06-10T16:43:11+00:00\" \/>\n<meta property=\"og:image\" content=\"https:\/\/awakeningtouch.ca\/wp-content\/uploads\/2024\/06\/owl-mother-spirit-mask-ceramic-awakening-touch-1024x1024.png\" \/>\n\t<meta property=\"og:image:width\" content=\"1024\" \/>\n\t<meta property=\"og:image:height\" content=\"1024\" \/>\n\t<meta property=\"og:image:type\" content=\"image\/png\" \/>\n<meta name=\"twitter:card\" content=\"summary_large_image\" \/>\n<meta name=\"twitter:label1\" content=\"Dur\u00e9e de lecture estim\u00e9e\" \/>\n\t<meta name=\"twitter:data1\" content=\"2 minutes\" \/>\n<script type=\"application\/ld+json\" class=\"yoast-schema-graph\">{\"@context\":\"https:\\\/\\\/schema.org\",\"@graph\":[{\"@type\":\"WebPage\",\"@id\":\"https:\\\/\\\/awakeningtouch.ca\\\/fr\\\/produit\\\/masque-archetype-mere-hibou\\\/\",\"url\":\"https:\\\/\\\/awakeningtouch.ca\\\/fr\\\/produit\\\/masque-archetype-mere-hibou\\\/\",\"name\":\"Masque arch\u00e9type M\u00e8re Hibou - Awakening Touch\",\"isPartOf\":{\"@id\":\"https:\\\/\\\/awakeningtouch.ca\\\/fr\\\/#website\"},\"primaryImageOfPage\":{\"@id\":\"https:\\\/\\\/awakeningtouch.ca\\\/fr\\\/produit\\\/masque-archetype-mere-hibou\\\/#primaryimage\"},\"image\":{\"@id\":\"https:\\\/\\\/awakeningtouch.ca\\\/fr\\\/produit\\\/masque-archetype-mere-hibou\\\/#primaryimage\"},\"thumbnailUrl\":\"https:\\\/\\\/awakeningtouch.ca\\\/wp-content\\\/uploads\\\/2024\\\/06\\\/owl-mother-spirit-mask-ceramic-awakening-touch.png\",\"datePublished\":\"2024-06-10T16:03:09+00:00\",\"dateModified\":\"2024-06-10T16:43:11+00:00\",\"description\":\"Masque arch\u00e9type de la M\u00e8re Hibou en c\u00e9ramique. Elle porte l'esprit de l'intuition, de la vision int\u00e9rieure, du mouvement libre et intentionnel dans les p\u00e9riodes d'obscurit\u00e9. Ce masque spirituel unique a \u00e9t\u00e9 fabriqu\u00e9 avec beaucoup de soin et \u00e0 travers un processus rituel pour se connecter avec l\u2019esprit de la m\u00e9decine des plantes et intuitivement tous les \u00e9l\u00e9ments et le symbolisme.\",\"breadcrumb\":{\"@id\":\"https:\\\/\\\/awakeningtouch.ca\\\/fr\\\/produit\\\/masque-archetype-mere-hibou\\\/#breadcrumb\"},\"inLanguage\":\"fr-FR\",\"potentialAction\":[{\"@type\":\"ReadAction\",\"target\":[\"https:\\\/\\\/awakeningtouch.ca\\\/fr\\\/produit\\\/masque-archetype-mere-hibou\\\/\"]}]},{\"@type\":\"ImageObject\",\"inLanguage\":\"fr-FR\",\"@id\":\"https:\\\/\\\/awakeningtouch.ca\\\/fr\\\/produit\\\/masque-archetype-mere-hibou\\\/#primaryimage\",\"url\":\"https:\\\/\\\/awakeningtouch.ca\\\/wp-content\\\/uploads\\\/2024\\\/06\\\/owl-mother-spirit-mask-ceramic-awakening-touch.png\",\"contentUrl\":\"https:\\\/\\\/awakeningtouch.ca\\\/wp-content\\\/uploads\\\/2024\\\/06\\\/owl-mother-spirit-mask-ceramic-awakening-touch.png\",\"width\":1080,\"height\":1080,\"caption\":\"Owl Mother ceramic spirit mask.\"},{\"@type\":\"BreadcrumbList\",\"@id\":\"https:\\\/\\\/awakeningtouch.ca\\\/fr\\\/produit\\\/masque-archetype-mere-hibou\\\/#breadcrumb\",\"itemListElement\":[{\"@type\":\"ListItem\",\"position\":1,\"name\":\"Accueil\",\"item\":\"https:\\\/\\\/awakeningtouch.ca\\\/fr\\\/\"},{\"@type\":\"ListItem\",\"position\":2,\"name\":\"Boutique\",\"item\":\"https:\\\/\\\/awakeningtouch.ca\\\/fr\\\/boutique\\\/\"},{\"@type\":\"ListItem\",\"position\":3,\"name\":\"Masque arch\u00e9type M\u00e8re Hibou\"}]},{\"@type\":\"WebSite\",\"@id\":\"https:\\\/\\\/awakeningtouch.ca\\\/fr\\\/#website\",\"url\":\"https:\\\/\\\/awakeningtouch.ca\\\/fr\\\/\",\"name\":\"Awakening Touch\",\"description\":\"\",\"potentialAction\":[{\"@type\":\"SearchAction\",\"target\":{\"@type\":\"EntryPoint\",\"urlTemplate\":\"https:\\\/\\\/awakeningtouch.ca\\\/fr\\\/?s={search_term_string}\"},\"query-input\":{\"@type\":\"PropertyValueSpecification\",\"valueRequired\":true,\"valueName\":\"search_term_string\"}}],\"inLanguage\":\"fr-FR\"}]}<\/script>\n<!-- \/ Yoast SEO plugin. -->","yoast_head_json":{"title":"Masque arch\u00e9type M\u00e8re Hibou - Awakening Touch","description":"Masque arch\u00e9type de la M\u00e8re Hibou en c\u00e9ramique. Elle porte l'esprit de l'intuition, de la vision int\u00e9rieure, du mouvement libre et intentionnel dans les p\u00e9riodes d'obscurit\u00e9. Ce masque spirituel unique a \u00e9t\u00e9 fabriqu\u00e9 avec beaucoup de soin et \u00e0 travers un processus rituel pour se connecter avec l\u2019esprit de la m\u00e9decine des plantes et intuitivement tous les \u00e9l\u00e9ments et le symbolisme.","robots":{"index":"index","follow":"follow","max-snippet":"max-snippet:-1","max-image-preview":"max-image-preview:large","max-video-preview":"max-video-preview:-1"},"canonical":"https:\/\/awakeningtouch.ca\/fr\/produit\/masque-archetype-mere-hibou\/","og_locale":"fr_FR","og_type":"article","og_title":"Masque arch\u00e9type de la M\u00e8re Hibou en c\u00e9ramique.","og_description":"Masque arch\u00e9type de la M\u00e8re Hibou en c\u00e9ramique. Elle porte l'esprit de l'intuition, de la vision int\u00e9rieure, du mouvement libre et intentionnel dans les p\u00e9riodes d'obscurit\u00e9. Ce masque spirituel unique a \u00e9t\u00e9 fabriqu\u00e9 avec beaucoup de soin et \u00e0 travers un processus rituel pour se connecter avec l\u2019esprit de la m\u00e9decine des plantes et intuitivement tous les \u00e9l\u00e9ments et le symbolisme.","og_url":"https:\/\/awakeningtouch.ca\/fr\/produit\/masque-archetype-mere-hibou\/","og_site_name":"Awakening Touch","article_modified_time":"2024-06-10T16:43:11+00:00","og_image":[{"width":1024,"height":1024,"url":"https:\/\/awakeningtouch.ca\/wp-content\/uploads\/2024\/06\/owl-mother-spirit-mask-ceramic-awakening-touch-1024x1024.png","type":"image\/png"}],"twitter_card":"summary_large_image","twitter_misc":{"Dur\u00e9e de lecture estim\u00e9e":"2 minutes"},"schema":{"@context":"https:\/\/schema.org","@graph":[{"@type":"WebPage","@id":"https:\/\/awakeningtouch.ca\/fr\/produit\/masque-archetype-mere-hibou\/","url":"https:\/\/awakeningtouch.ca\/fr\/produit\/masque-archetype-mere-hibou\/","name":"Masque arch\u00e9type M\u00e8re Hibou - Awakening Touch","isPartOf":{"@id":"https:\/\/awakeningtouch.ca\/fr\/#website"},"primaryImageOfPage":{"@id":"https:\/\/awakeningtouch.ca\/fr\/produit\/masque-archetype-mere-hibou\/#primaryimage"},"image":{"@id":"https:\/\/awakeningtouch.ca\/fr\/produit\/masque-archetype-mere-hibou\/#primaryimage"},"thumbnailUrl":"https:\/\/awakeningtouch.ca\/wp-content\/uploads\/2024\/06\/owl-mother-spirit-mask-ceramic-awakening-touch.png","datePublished":"2024-06-10T16:03:09+00:00","dateModified":"2024-06-10T16:43:11+00:00","description":"Masque arch\u00e9type de la M\u00e8re Hibou en c\u00e9ramique. Elle porte l'esprit de l'intuition, de la vision int\u00e9rieure, du mouvement libre et intentionnel dans les p\u00e9riodes d'obscurit\u00e9. Ce masque spirituel unique a \u00e9t\u00e9 fabriqu\u00e9 avec beaucoup de soin et \u00e0 travers un processus rituel pour se connecter avec l\u2019esprit de la m\u00e9decine des plantes et intuitivement tous les \u00e9l\u00e9ments et le symbolisme.","breadcrumb":{"@id":"https:\/\/awakeningtouch.ca\/fr\/produit\/masque-archetype-mere-hibou\/#breadcrumb"},"inLanguage":"fr-FR","potentialAction":[{"@type":"ReadAction","target":["https:\/\/awakeningtouch.ca\/fr\/produit\/masque-archetype-mere-hibou\/"]}]},{"@type":"ImageObject","inLanguage":"fr-FR","@id":"https:\/\/awakeningtouch.ca\/fr\/produit\/masque-archetype-mere-hibou\/#primaryimage","url":"https:\/\/awakeningtouch.ca\/wp-content\/uploads\/2024\/06\/owl-mother-spirit-mask-ceramic-awakening-touch.png","contentUrl":"https:\/\/awakeningtouch.ca\/wp-content\/uploads\/2024\/06\/owl-mother-spirit-mask-ceramic-awakening-touch.png","width":1080,"height":1080,"caption":"Owl Mother ceramic spirit mask."},{"@type":"BreadcrumbList","@id":"https:\/\/awakeningtouch.ca\/fr\/produit\/masque-archetype-mere-hibou\/#breadcrumb","itemListElement":[{"@type":"ListItem","position":1,"name":"Accueil","item":"https:\/\/awakeningtouch.ca\/fr\/"},{"@type":"ListItem","position":2,"name":"Boutique","item":"https:\/\/awakeningtouch.ca\/fr\/boutique\/"},{"@type":"ListItem","position":3,"name":"Masque arch\u00e9type M\u00e8re Hibou"}]},{"@type":"WebSite","@id":"https:\/\/awakeningtouch.ca\/fr\/#website","url":"https:\/\/awakeningtouch.ca\/fr\/","name":"Awakening Touch","description":"","potentialAction":[{"@type":"SearchAction","target":{"@type":"EntryPoint","urlTemplate":"https:\/\/awakeningtouch.ca\/fr\/?s={search_term_string}"},"query-input":{"@type":"PropertyValueSpecification","valueRequired":true,"valueName":"search_term_string"}}],"inLanguage":"fr-FR"}]}},"_links":{"self":[{"href":"https:\/\/awakeningtouch.ca\/fr\/wp-json\/wp\/v2\/product\/9996","targetHints":{"allow":["GET"]}}],"collection":[{"href":"https:\/\/awakeningtouch.ca\/fr\/wp-json\/wp\/v2\/product"}],"about":[{"href":"https:\/\/awakeningtouch.ca\/fr\/wp-json\/wp\/v2\/types\/product"}],"replies":[{"embeddable":true,"href":"https:\/\/awakeningtouch.ca\/fr\/wp-json\/wp\/v2\/comments?post=9996"}],"wp:featuredmedia":[{"embeddable":true,"href":"https:\/\/awakeningtouch.ca\/fr\/wp-json\/wp\/v2\/media\/9998"}],"wp:attachment":[{"href":"https:\/\/awakeningtouch.ca\/fr\/wp-json\/wp\/v2\/media?parent=9996"}],"wp:term":[{"taxonomy":"product_brand","embeddable":true,"href":"https:\/\/awakeningtouch.ca\/fr\/wp-json\/wp\/v2\/product_brand?post=9996"},{"taxonomy":"product_cat","embeddable":true,"href":"https:\/\/awakeningtouch.ca\/fr\/wp-json\/wp\/v2\/product_cat?post=9996"},{"taxonomy":"product_tag","embeddable":true,"href":"https:\/\/awakeningtouch.ca\/fr\/wp-json\/wp\/v2\/product_tag?post=9996"}],"curies":[{"name":"wp","href":"https:\/\/api.w.org\/{rel}","templated":true}]}}