{"id":9628,"date":"2024-05-07T12:05:38","date_gmt":"2024-05-07T16:05:38","guid":{"rendered":"https:\/\/awakeningtouch.ca\/?post_type=product&#038;p=9628"},"modified":"2025-11-22T16:17:38","modified_gmt":"2025-11-22T21:17:38","slug":"bol-de-fumigation-esprit-aigle-copy","status":"publish","type":"product","link":"https:\/\/awakeningtouch.ca\/fr\/produit\/bol-de-fumigation-esprit-aigle-copy\/","title":{"rendered":"Bol de fumigation &#8211; esprit aigle"},"content":{"rendered":"<p>Un bol \u00e0 encens en c\u00e9ramique fabriqu\u00e9 \u00e0 la main, impr\u00e9gn\u00e9 de l&rsquo;\u00e9nergie protectrice et ascendante de l&rsquo;Esprit de l&rsquo;aigle, cr\u00e9\u00e9 pour accompagner vos rituels de purification et le renouveau de votre espace sacr\u00e9. Solide et stable, il contient vos herbes ou votre encens pendant que vous purifiez les \u00e9nergies stagnantes et invitez la clart\u00e9, l&rsquo;harmonie et de nouvelles intentions.<\/p>\n<p>La purification est un rituel qui utilise la fum\u00e9e d&rsquo;herbes sacr\u00e9es, telles que la sauge, le c\u00e8dre ou le foin d&rsquo;odeur, pour purifier un espace, ancrer le corps et ouvrir un canal clair pour l&rsquo;esprit et l&rsquo;intuition. \u00c0 mesure que la fum\u00e9e s&rsquo;\u00e9l\u00e8ve, elle emporte avec elle les pri\u00e8res, les intentions et les anciennes \u00e9nergies, laissant place au renouveau.<\/p>\n<p>L&rsquo;esprit de l&rsquo;aigle est un messager entre la terre et le ciel, symbolisant la vision, la perspicacit\u00e9 spirituelle et une perspective \u00e9lev\u00e9e. Ses ailes nous rappellent de nous \u00e9lever au-dessus des limites, de voir avec clart\u00e9 et de suivre notre chemin avec courage et d\u00e9termination. Ce bol de purification devient un r\u00e9ceptacle pour la purification, l&rsquo;\u00e9l\u00e9vation et la puissante guidance de la m\u00e9decine de l&rsquo;aigle.<\/p>\n<blockquote><p><span lang=\"EN-CA\">\u00ab\u00a0Les objets rituels supportent l\u2019espace de c\u00e9r\u00e9monie, au quotidien ou pour des passages sp\u00e9cifiques comme les solstices et \u00e9quinoxes. Tous sont fabriqu\u00e9s \u00e0 la main, avec des mat\u00e9riaux provenant de fournisseurs locaux et internationaux qui partagent nos valeurs. Une communication est \u00e9tablie avec chaque objet dans le processus de cr\u00e9ation, ce qui lui conf\u00e8re un caract\u00e8re sacr\u00e9 en plus d\u2019en faire son unicit\u00e9.\u00a0\u00bb\u00a0<\/span>Gita<\/p><\/blockquote>\n<p><strong>FAIT \u00c0 LA MAIN<\/strong> <strong>Compl\u00e9tez votre commande\u00a0<\/strong><b>avec une statue d\u00e9esse, des masque arch\u00e9types, un porte-encens, un porte-chandelles ou encore un sac m\u00e9decine.<\/b><\/p>\n","protected":false},"excerpt":{"rendered":"<p>Apportez la m\u00e9decine des plant dans votre espace.<\/p>\n<p>NOUVEAUT\u00c9 SAMEDI 22 NOVEMBRE<\/p>\n","protected":false},"featured_media":14229,"comment_status":"open","ping_status":"closed","template":"","meta":{"_et_pb_use_builder":"","_et_pb_old_content":"","_et_gb_content_width":"","_monsterinsights_skip_tracking":false,"_monsterinsights_sitenote_active":false,"_monsterinsights_sitenote_note":"","_monsterinsights_sitenote_category":0},"product_brand":[],"product_cat":[1480,87],"product_tag":[2708,2709,2710,2711],"class_list":{"0":"post-9628","1":"product","2":"type-product","3":"status-publish","4":"has-post-thumbnail","6":"product_cat-fumigation","7":"product_cat-objets-rituels","8":"product_tag-bol","9":"product_tag-ceramique","10":"product_tag-dragon-fr","11":"product_tag-fumigation","13":"first","14":"instock","15":"sold-individually","16":"taxable","17":"shipping-taxable","18":"purchasable","19":"product-type-variable"},"yoast_head":"<!-- This site is optimized with the Yoast SEO plugin v27.5 - https:\/\/yoast.com\/product\/yoast-seo-wordpress\/ -->\n<title>Bol de fumigation - esprit aigle - Awakening Touch<\/title>\n<meta name=\"description\" content=\"Ce bol de fumigation de aigle en c\u00e9ramique est fait \u00e0 la main pour votre rituel personnel. Il est livr\u00e9 avec un disque de charbon de bois. Excellent pour le smudging \u00e0 l&#039;int\u00e9rieur et dans les petits espaces.\" \/>\n<meta name=\"robots\" content=\"index, follow, max-snippet:-1, max-image-preview:large, max-video-preview:-1\" \/>\n<link rel=\"canonical\" href=\"https:\/\/awakeningtouch.ca\/fr\/produit\/bol-de-fumigation-esprit-aigle-copy\/\" \/>\n<meta property=\"og:locale\" content=\"fr_FR\" \/>\n<meta property=\"og:type\" content=\"article\" \/>\n<meta property=\"og:title\" content=\"Bol de fumigation - esprit dragon\" \/>\n<meta property=\"og:description\" content=\"Un bol \u00e0 encens en c\u00e9ramique fabriqu\u00e9 \u00e0 la main, impr\u00e9gn\u00e9 de l&#039;\u00e9nergie protectrice et ascendante de l&#039;Esprit de l&#039;aigle, cr\u00e9\u00e9 pour accompagner vos rituels de purification et le renouveau de votre espace sacr\u00e9. Solide et stable, il contient vos herbes ou votre encens pendant que vous purifiez les \u00e9nergies stagnantes et invitez la clart\u00e9, l&#039;harmonie et de nouvelles intentions.\" \/>\n<meta property=\"og:url\" content=\"https:\/\/awakeningtouch.ca\/fr\/produit\/bol-de-fumigation-esprit-aigle-copy\/\" \/>\n<meta property=\"og:site_name\" content=\"Awakening Touch\" \/>\n<meta property=\"article:modified_time\" content=\"2025-11-22T21:17:38+00:00\" \/>\n<meta property=\"og:image\" content=\"https:\/\/awakeningtouch.ca\/wp-content\/uploads\/2024\/05\/ceramic-awakening-touch-6.jpg\" \/>\n\t<meta property=\"og:image:width\" content=\"2000\" \/>\n\t<meta property=\"og:image:height\" content=\"2000\" \/>\n\t<meta property=\"og:image:type\" content=\"image\/jpeg\" \/>\n<meta name=\"twitter:card\" content=\"summary_large_image\" \/>\n<meta name=\"twitter:label1\" content=\"Dur\u00e9e de lecture estim\u00e9e\" \/>\n\t<meta name=\"twitter:data1\" content=\"2 minutes\" \/>\n<script type=\"application\/ld+json\" class=\"yoast-schema-graph\">{\"@context\":\"https:\\\/\\\/schema.org\",\"@graph\":[{\"@type\":\"WebPage\",\"@id\":\"https:\\\/\\\/awakeningtouch.ca\\\/fr\\\/produit\\\/bol-de-fumigation-esprit-aigle-copy\\\/\",\"url\":\"https:\\\/\\\/awakeningtouch.ca\\\/fr\\\/produit\\\/bol-de-fumigation-esprit-aigle-copy\\\/\",\"name\":\"Bol de fumigation - esprit aigle - Awakening Touch\",\"isPartOf\":{\"@id\":\"https:\\\/\\\/awakeningtouch.ca\\\/fr\\\/#website\"},\"primaryImageOfPage\":{\"@id\":\"https:\\\/\\\/awakeningtouch.ca\\\/fr\\\/produit\\\/bol-de-fumigation-esprit-aigle-copy\\\/#primaryimage\"},\"image\":{\"@id\":\"https:\\\/\\\/awakeningtouch.ca\\\/fr\\\/produit\\\/bol-de-fumigation-esprit-aigle-copy\\\/#primaryimage\"},\"thumbnailUrl\":\"https:\\\/\\\/awakeningtouch.ca\\\/wp-content\\\/uploads\\\/2024\\\/05\\\/ceramic-awakening-touch-6.jpg\",\"datePublished\":\"2024-05-07T16:05:38+00:00\",\"dateModified\":\"2025-11-22T21:17:38+00:00\",\"description\":\"Ce bol de fumigation de aigle en c\u00e9ramique est fait \u00e0 la main pour votre rituel personnel. Il est livr\u00e9 avec un disque de charbon de bois. Excellent pour le smudging \u00e0 l'int\u00e9rieur et dans les petits espaces.\",\"breadcrumb\":{\"@id\":\"https:\\\/\\\/awakeningtouch.ca\\\/fr\\\/produit\\\/bol-de-fumigation-esprit-aigle-copy\\\/#breadcrumb\"},\"inLanguage\":\"fr-FR\",\"potentialAction\":[{\"@type\":\"ReadAction\",\"target\":[\"https:\\\/\\\/awakeningtouch.ca\\\/fr\\\/produit\\\/bol-de-fumigation-esprit-aigle-copy\\\/\"]}]},{\"@type\":\"ImageObject\",\"inLanguage\":\"fr-FR\",\"@id\":\"https:\\\/\\\/awakeningtouch.ca\\\/fr\\\/produit\\\/bol-de-fumigation-esprit-aigle-copy\\\/#primaryimage\",\"url\":\"https:\\\/\\\/awakeningtouch.ca\\\/wp-content\\\/uploads\\\/2024\\\/05\\\/ceramic-awakening-touch-6.jpg\",\"contentUrl\":\"https:\\\/\\\/awakeningtouch.ca\\\/wp-content\\\/uploads\\\/2024\\\/05\\\/ceramic-awakening-touch-6.jpg\",\"width\":2000,\"height\":2000},{\"@type\":\"BreadcrumbList\",\"@id\":\"https:\\\/\\\/awakeningtouch.ca\\\/fr\\\/produit\\\/bol-de-fumigation-esprit-aigle-copy\\\/#breadcrumb\",\"itemListElement\":[{\"@type\":\"ListItem\",\"position\":1,\"name\":\"Accueil\",\"item\":\"https:\\\/\\\/awakeningtouch.ca\\\/fr\\\/\"},{\"@type\":\"ListItem\",\"position\":2,\"name\":\"Boutique\",\"item\":\"https:\\\/\\\/awakeningtouch.ca\\\/fr\\\/boutique\\\/\"},{\"@type\":\"ListItem\",\"position\":3,\"name\":\"Bol de fumigation &#8211; esprit aigle\"}]},{\"@type\":\"WebSite\",\"@id\":\"https:\\\/\\\/awakeningtouch.ca\\\/fr\\\/#website\",\"url\":\"https:\\\/\\\/awakeningtouch.ca\\\/fr\\\/\",\"name\":\"Awakening Touch\",\"description\":\"\",\"potentialAction\":[{\"@type\":\"SearchAction\",\"target\":{\"@type\":\"EntryPoint\",\"urlTemplate\":\"https:\\\/\\\/awakeningtouch.ca\\\/fr\\\/?s={search_term_string}\"},\"query-input\":{\"@type\":\"PropertyValueSpecification\",\"valueRequired\":true,\"valueName\":\"search_term_string\"}}],\"inLanguage\":\"fr-FR\"}]}<\/script>\n<!-- \/ Yoast SEO plugin. -->","yoast_head_json":{"title":"Bol de fumigation - esprit aigle - Awakening Touch","description":"Ce bol de fumigation de aigle en c\u00e9ramique est fait \u00e0 la main pour votre rituel personnel. Il est livr\u00e9 avec un disque de charbon de bois. Excellent pour le smudging \u00e0 l'int\u00e9rieur et dans les petits espaces.","robots":{"index":"index","follow":"follow","max-snippet":"max-snippet:-1","max-image-preview":"max-image-preview:large","max-video-preview":"max-video-preview:-1"},"canonical":"https:\/\/awakeningtouch.ca\/fr\/produit\/bol-de-fumigation-esprit-aigle-copy\/","og_locale":"fr_FR","og_type":"article","og_title":"Bol de fumigation - esprit dragon","og_description":"Un bol \u00e0 encens en c\u00e9ramique fabriqu\u00e9 \u00e0 la main, impr\u00e9gn\u00e9 de l'\u00e9nergie protectrice et ascendante de l'Esprit de l'aigle, cr\u00e9\u00e9 pour accompagner vos rituels de purification et le renouveau de votre espace sacr\u00e9. Solide et stable, il contient vos herbes ou votre encens pendant que vous purifiez les \u00e9nergies stagnantes et invitez la clart\u00e9, l'harmonie et de nouvelles intentions.","og_url":"https:\/\/awakeningtouch.ca\/fr\/produit\/bol-de-fumigation-esprit-aigle-copy\/","og_site_name":"Awakening Touch","article_modified_time":"2025-11-22T21:17:38+00:00","og_image":[{"width":2000,"height":2000,"url":"https:\/\/awakeningtouch.ca\/wp-content\/uploads\/2024\/05\/ceramic-awakening-touch-6.jpg","type":"image\/jpeg"}],"twitter_card":"summary_large_image","twitter_misc":{"Dur\u00e9e de lecture estim\u00e9e":"2 minutes"},"schema":{"@context":"https:\/\/schema.org","@graph":[{"@type":"WebPage","@id":"https:\/\/awakeningtouch.ca\/fr\/produit\/bol-de-fumigation-esprit-aigle-copy\/","url":"https:\/\/awakeningtouch.ca\/fr\/produit\/bol-de-fumigation-esprit-aigle-copy\/","name":"Bol de fumigation - esprit aigle - Awakening Touch","isPartOf":{"@id":"https:\/\/awakeningtouch.ca\/fr\/#website"},"primaryImageOfPage":{"@id":"https:\/\/awakeningtouch.ca\/fr\/produit\/bol-de-fumigation-esprit-aigle-copy\/#primaryimage"},"image":{"@id":"https:\/\/awakeningtouch.ca\/fr\/produit\/bol-de-fumigation-esprit-aigle-copy\/#primaryimage"},"thumbnailUrl":"https:\/\/awakeningtouch.ca\/wp-content\/uploads\/2024\/05\/ceramic-awakening-touch-6.jpg","datePublished":"2024-05-07T16:05:38+00:00","dateModified":"2025-11-22T21:17:38+00:00","description":"Ce bol de fumigation de aigle en c\u00e9ramique est fait \u00e0 la main pour votre rituel personnel. Il est livr\u00e9 avec un disque de charbon de bois. Excellent pour le smudging \u00e0 l'int\u00e9rieur et dans les petits espaces.","breadcrumb":{"@id":"https:\/\/awakeningtouch.ca\/fr\/produit\/bol-de-fumigation-esprit-aigle-copy\/#breadcrumb"},"inLanguage":"fr-FR","potentialAction":[{"@type":"ReadAction","target":["https:\/\/awakeningtouch.ca\/fr\/produit\/bol-de-fumigation-esprit-aigle-copy\/"]}]},{"@type":"ImageObject","inLanguage":"fr-FR","@id":"https:\/\/awakeningtouch.ca\/fr\/produit\/bol-de-fumigation-esprit-aigle-copy\/#primaryimage","url":"https:\/\/awakeningtouch.ca\/wp-content\/uploads\/2024\/05\/ceramic-awakening-touch-6.jpg","contentUrl":"https:\/\/awakeningtouch.ca\/wp-content\/uploads\/2024\/05\/ceramic-awakening-touch-6.jpg","width":2000,"height":2000},{"@type":"BreadcrumbList","@id":"https:\/\/awakeningtouch.ca\/fr\/produit\/bol-de-fumigation-esprit-aigle-copy\/#breadcrumb","itemListElement":[{"@type":"ListItem","position":1,"name":"Accueil","item":"https:\/\/awakeningtouch.ca\/fr\/"},{"@type":"ListItem","position":2,"name":"Boutique","item":"https:\/\/awakeningtouch.ca\/fr\/boutique\/"},{"@type":"ListItem","position":3,"name":"Bol de fumigation &#8211; esprit aigle"}]},{"@type":"WebSite","@id":"https:\/\/awakeningtouch.ca\/fr\/#website","url":"https:\/\/awakeningtouch.ca\/fr\/","name":"Awakening Touch","description":"","potentialAction":[{"@type":"SearchAction","target":{"@type":"EntryPoint","urlTemplate":"https:\/\/awakeningtouch.ca\/fr\/?s={search_term_string}"},"query-input":{"@type":"PropertyValueSpecification","valueRequired":true,"valueName":"search_term_string"}}],"inLanguage":"fr-FR"}]}},"_links":{"self":[{"href":"https:\/\/awakeningtouch.ca\/fr\/wp-json\/wp\/v2\/product\/9628","targetHints":{"allow":["GET"]}}],"collection":[{"href":"https:\/\/awakeningtouch.ca\/fr\/wp-json\/wp\/v2\/product"}],"about":[{"href":"https:\/\/awakeningtouch.ca\/fr\/wp-json\/wp\/v2\/types\/product"}],"replies":[{"embeddable":true,"href":"https:\/\/awakeningtouch.ca\/fr\/wp-json\/wp\/v2\/comments?post=9628"}],"wp:featuredmedia":[{"embeddable":true,"href":"https:\/\/awakeningtouch.ca\/fr\/wp-json\/wp\/v2\/media\/14229"}],"wp:attachment":[{"href":"https:\/\/awakeningtouch.ca\/fr\/wp-json\/wp\/v2\/media?parent=9628"}],"wp:term":[{"taxonomy":"product_brand","embeddable":true,"href":"https:\/\/awakeningtouch.ca\/fr\/wp-json\/wp\/v2\/product_brand?post=9628"},{"taxonomy":"product_cat","embeddable":true,"href":"https:\/\/awakeningtouch.ca\/fr\/wp-json\/wp\/v2\/product_cat?post=9628"},{"taxonomy":"product_tag","embeddable":true,"href":"https:\/\/awakeningtouch.ca\/fr\/wp-json\/wp\/v2\/product_tag?post=9628"}],"curies":[{"name":"wp","href":"https:\/\/api.w.org\/{rel}","templated":true}]}}