{"id":9612,"date":"2024-05-07T11:55:36","date_gmt":"2024-05-07T15:55:36","guid":{"rendered":"https:\/\/awakeningtouch.ca\/?post_type=product&#038;p=9612"},"modified":"2025-09-29T13:37:24","modified_gmt":"2025-09-29T17:37:24","slug":"chaudron-de-dragon-de-rituel-eau","status":"publish","type":"product","link":"https:\/\/awakeningtouch.ca\/fr\/produit\/chaudron-de-dragon-de-rituel-eau\/","title":{"rendered":"Chaudron de dragon de rituel"},"content":{"rendered":"<p>Une cr\u00e9ation unique ! Ces chaudrons de dragon en c\u00e9ramique ont \u00e9t\u00e9 inspir\u00e9s par la vision d&rsquo;un voyage chamanique et fabriqu\u00e9s pour votre rituel personnel.<\/p>\n<blockquote><p>L&rsquo;esprit du dragon m&rsquo;a demand\u00e9 de leur donner vie \u00e0 travers un rituel. Br\u00fbler de l&rsquo;encens pour communiquer avec le dragon de l&rsquo;air, du feu pour le dragon du feu, planter une fleur pour le dragon de la terre, remplir d&rsquo;eau pour le dragon de l&rsquo;eau.<\/p><\/blockquote>\n<p><strong>IMPORTANT !<\/strong> Pour les envois internationaux (en dehors du Canada et des \u00c9tats-Unis). Cet article est fragile et doit faire l&rsquo;objet d&rsquo;une attention particuli\u00e8re lors de son emballage. Les frais d&rsquo;exp\u00e9dition sont \u00e9lev\u00e9s et il y aura des frais d&rsquo;exp\u00e9dition <strong>suppl\u00e9mentaires<\/strong> de 100$ \u00e0 payer apr\u00e8s que votre commande ait \u00e9t\u00e9 plac\u00e9e via une facture.<\/p>\n","protected":false},"excerpt":{"rendered":"<p>Voyage avec l&rsquo;esprit du dragon<\/p>\n","protected":false},"featured_media":9616,"comment_status":"open","ping_status":"closed","template":"","meta":{"_et_pb_use_builder":"","_et_pb_old_content":"","_et_gb_content_width":"","_monsterinsights_skip_tracking":false,"_monsterinsights_sitenote_active":false,"_monsterinsights_sitenote_note":"","_monsterinsights_sitenote_category":0},"product_brand":[],"product_cat":[369,2845,2451,87],"product_tag":[],"class_list":{"0":"post-9612","1":"product","2":"type-product","3":"status-publish","4":"has-post-thumbnail","6":"product_cat-assiettes-a-offrande","7":"product_cat-chaudron-de-dragon","8":"product_cat-espace-autel","9":"product_cat-objets-rituels","11":"first","12":"instock","13":"taxable","14":"shipping-taxable","15":"purchasable","16":"product-type-simple"},"yoast_head":"<!-- This site is optimized with the Yoast SEO plugin v27.4 - https:\/\/yoast.com\/product\/yoast-seo-wordpress\/ -->\n<title>Chaudron de dragon de rituel - Awakening Touch<\/title>\n<meta name=\"description\" content=\"A unique creation! These dragon cauldrons have been inspired in a shamanic journey vision and crafted for your very personal ritual.\u00a0\" \/>\n<meta name=\"robots\" content=\"index, follow, max-snippet:-1, max-image-preview:large, max-video-preview:-1\" \/>\n<link rel=\"canonical\" href=\"https:\/\/awakeningtouch.ca\/fr\/produit\/chaudron-de-dragon-de-rituel-eau\/\" \/>\n<meta property=\"og:locale\" content=\"fr_FR\" \/>\n<meta property=\"og:type\" content=\"article\" \/>\n<meta property=\"og:title\" content=\"Chaudron de dragon de rituel\" \/>\n<meta property=\"og:description\" content=\"Une cr\u00e9ation unique ! Ces chaudrons de dragon en c\u00e9ramique ont \u00e9t\u00e9 inspir\u00e9s par la vision d&#039;un voyage chamanique et fabriqu\u00e9s pour votre rituel personnel.\" \/>\n<meta property=\"og:url\" content=\"https:\/\/awakeningtouch.ca\/fr\/produit\/chaudron-de-dragon-de-rituel-eau\/\" \/>\n<meta property=\"og:site_name\" content=\"Awakening Touch\" \/>\n<meta property=\"article:modified_time\" content=\"2025-09-29T17:37:24+00:00\" \/>\n<meta property=\"og:image\" content=\"https:\/\/awakeningtouch.ca\/wp-content\/uploads\/2024\/05\/water-dragon-ritual-cauldron.jpg\" \/>\n\t<meta property=\"og:image:width\" content=\"1500\" \/>\n\t<meta property=\"og:image:height\" content=\"1500\" \/>\n\t<meta property=\"og:image:type\" content=\"image\/jpeg\" \/>\n<meta name=\"twitter:card\" content=\"summary_large_image\" \/>\n<meta name=\"twitter:label1\" content=\"Dur\u00e9e de lecture estim\u00e9e\" \/>\n\t<meta name=\"twitter:data1\" content=\"1 minute\" \/>\n<script type=\"application\/ld+json\" class=\"yoast-schema-graph\">{\"@context\":\"https:\\\/\\\/schema.org\",\"@graph\":[{\"@type\":\"WebPage\",\"@id\":\"https:\\\/\\\/awakeningtouch.ca\\\/fr\\\/produit\\\/chaudron-de-dragon-de-rituel-eau\\\/\",\"url\":\"https:\\\/\\\/awakeningtouch.ca\\\/fr\\\/produit\\\/chaudron-de-dragon-de-rituel-eau\\\/\",\"name\":\"Chaudron de dragon de rituel - Awakening Touch\",\"isPartOf\":{\"@id\":\"https:\\\/\\\/awakeningtouch.ca\\\/fr\\\/#website\"},\"primaryImageOfPage\":{\"@id\":\"https:\\\/\\\/awakeningtouch.ca\\\/fr\\\/produit\\\/chaudron-de-dragon-de-rituel-eau\\\/#primaryimage\"},\"image\":{\"@id\":\"https:\\\/\\\/awakeningtouch.ca\\\/fr\\\/produit\\\/chaudron-de-dragon-de-rituel-eau\\\/#primaryimage\"},\"thumbnailUrl\":\"https:\\\/\\\/awakeningtouch.ca\\\/wp-content\\\/uploads\\\/2024\\\/05\\\/water-dragon-ritual-cauldron-2.jpg\",\"datePublished\":\"2024-05-07T15:55:36+00:00\",\"dateModified\":\"2025-09-29T17:37:24+00:00\",\"description\":\"A unique creation! These dragon cauldrons have been inspired in a shamanic journey vision and crafted for your very personal ritual.\u00a0\",\"breadcrumb\":{\"@id\":\"https:\\\/\\\/awakeningtouch.ca\\\/fr\\\/produit\\\/chaudron-de-dragon-de-rituel-eau\\\/#breadcrumb\"},\"inLanguage\":\"fr-FR\",\"potentialAction\":[{\"@type\":\"ReadAction\",\"target\":[\"https:\\\/\\\/awakeningtouch.ca\\\/fr\\\/produit\\\/chaudron-de-dragon-de-rituel-eau\\\/\"]}]},{\"@type\":\"ImageObject\",\"inLanguage\":\"fr-FR\",\"@id\":\"https:\\\/\\\/awakeningtouch.ca\\\/fr\\\/produit\\\/chaudron-de-dragon-de-rituel-eau\\\/#primaryimage\",\"url\":\"https:\\\/\\\/awakeningtouch.ca\\\/wp-content\\\/uploads\\\/2024\\\/05\\\/water-dragon-ritual-cauldron-2.jpg\",\"contentUrl\":\"https:\\\/\\\/awakeningtouch.ca\\\/wp-content\\\/uploads\\\/2024\\\/05\\\/water-dragon-ritual-cauldron-2.jpg\",\"width\":1500,\"height\":1500},{\"@type\":\"BreadcrumbList\",\"@id\":\"https:\\\/\\\/awakeningtouch.ca\\\/fr\\\/produit\\\/chaudron-de-dragon-de-rituel-eau\\\/#breadcrumb\",\"itemListElement\":[{\"@type\":\"ListItem\",\"position\":1,\"name\":\"Accueil\",\"item\":\"https:\\\/\\\/awakeningtouch.ca\\\/fr\\\/\"},{\"@type\":\"ListItem\",\"position\":2,\"name\":\"Boutique\",\"item\":\"https:\\\/\\\/awakeningtouch.ca\\\/fr\\\/boutique\\\/\"},{\"@type\":\"ListItem\",\"position\":3,\"name\":\"Chaudron de dragon de rituel\"}]},{\"@type\":\"WebSite\",\"@id\":\"https:\\\/\\\/awakeningtouch.ca\\\/fr\\\/#website\",\"url\":\"https:\\\/\\\/awakeningtouch.ca\\\/fr\\\/\",\"name\":\"Awakening Touch\",\"description\":\"\",\"potentialAction\":[{\"@type\":\"SearchAction\",\"target\":{\"@type\":\"EntryPoint\",\"urlTemplate\":\"https:\\\/\\\/awakeningtouch.ca\\\/fr\\\/?s={search_term_string}\"},\"query-input\":{\"@type\":\"PropertyValueSpecification\",\"valueRequired\":true,\"valueName\":\"search_term_string\"}}],\"inLanguage\":\"fr-FR\"}]}<\/script>\n<!-- \/ Yoast SEO plugin. -->","yoast_head_json":{"title":"Chaudron de dragon de rituel - Awakening Touch","description":"A unique creation! These dragon cauldrons have been inspired in a shamanic journey vision and crafted for your very personal ritual.\u00a0","robots":{"index":"index","follow":"follow","max-snippet":"max-snippet:-1","max-image-preview":"max-image-preview:large","max-video-preview":"max-video-preview:-1"},"canonical":"https:\/\/awakeningtouch.ca\/fr\/produit\/chaudron-de-dragon-de-rituel-eau\/","og_locale":"fr_FR","og_type":"article","og_title":"Chaudron de dragon de rituel","og_description":"Une cr\u00e9ation unique ! Ces chaudrons de dragon en c\u00e9ramique ont \u00e9t\u00e9 inspir\u00e9s par la vision d'un voyage chamanique et fabriqu\u00e9s pour votre rituel personnel.","og_url":"https:\/\/awakeningtouch.ca\/fr\/produit\/chaudron-de-dragon-de-rituel-eau\/","og_site_name":"Awakening Touch","article_modified_time":"2025-09-29T17:37:24+00:00","og_image":[{"width":1500,"height":1500,"url":"https:\/\/awakeningtouch.ca\/wp-content\/uploads\/2024\/05\/water-dragon-ritual-cauldron.jpg","type":"image\/jpeg"}],"twitter_card":"summary_large_image","twitter_misc":{"Dur\u00e9e de lecture estim\u00e9e":"1 minute"},"schema":{"@context":"https:\/\/schema.org","@graph":[{"@type":"WebPage","@id":"https:\/\/awakeningtouch.ca\/fr\/produit\/chaudron-de-dragon-de-rituel-eau\/","url":"https:\/\/awakeningtouch.ca\/fr\/produit\/chaudron-de-dragon-de-rituel-eau\/","name":"Chaudron de dragon de rituel - Awakening Touch","isPartOf":{"@id":"https:\/\/awakeningtouch.ca\/fr\/#website"},"primaryImageOfPage":{"@id":"https:\/\/awakeningtouch.ca\/fr\/produit\/chaudron-de-dragon-de-rituel-eau\/#primaryimage"},"image":{"@id":"https:\/\/awakeningtouch.ca\/fr\/produit\/chaudron-de-dragon-de-rituel-eau\/#primaryimage"},"thumbnailUrl":"https:\/\/awakeningtouch.ca\/wp-content\/uploads\/2024\/05\/water-dragon-ritual-cauldron-2.jpg","datePublished":"2024-05-07T15:55:36+00:00","dateModified":"2025-09-29T17:37:24+00:00","description":"A unique creation! These dragon cauldrons have been inspired in a shamanic journey vision and crafted for your very personal ritual.\u00a0","breadcrumb":{"@id":"https:\/\/awakeningtouch.ca\/fr\/produit\/chaudron-de-dragon-de-rituel-eau\/#breadcrumb"},"inLanguage":"fr-FR","potentialAction":[{"@type":"ReadAction","target":["https:\/\/awakeningtouch.ca\/fr\/produit\/chaudron-de-dragon-de-rituel-eau\/"]}]},{"@type":"ImageObject","inLanguage":"fr-FR","@id":"https:\/\/awakeningtouch.ca\/fr\/produit\/chaudron-de-dragon-de-rituel-eau\/#primaryimage","url":"https:\/\/awakeningtouch.ca\/wp-content\/uploads\/2024\/05\/water-dragon-ritual-cauldron-2.jpg","contentUrl":"https:\/\/awakeningtouch.ca\/wp-content\/uploads\/2024\/05\/water-dragon-ritual-cauldron-2.jpg","width":1500,"height":1500},{"@type":"BreadcrumbList","@id":"https:\/\/awakeningtouch.ca\/fr\/produit\/chaudron-de-dragon-de-rituel-eau\/#breadcrumb","itemListElement":[{"@type":"ListItem","position":1,"name":"Accueil","item":"https:\/\/awakeningtouch.ca\/fr\/"},{"@type":"ListItem","position":2,"name":"Boutique","item":"https:\/\/awakeningtouch.ca\/fr\/boutique\/"},{"@type":"ListItem","position":3,"name":"Chaudron de dragon de rituel"}]},{"@type":"WebSite","@id":"https:\/\/awakeningtouch.ca\/fr\/#website","url":"https:\/\/awakeningtouch.ca\/fr\/","name":"Awakening Touch","description":"","potentialAction":[{"@type":"SearchAction","target":{"@type":"EntryPoint","urlTemplate":"https:\/\/awakeningtouch.ca\/fr\/?s={search_term_string}"},"query-input":{"@type":"PropertyValueSpecification","valueRequired":true,"valueName":"search_term_string"}}],"inLanguage":"fr-FR"}]}},"_links":{"self":[{"href":"https:\/\/awakeningtouch.ca\/fr\/wp-json\/wp\/v2\/product\/9612","targetHints":{"allow":["GET"]}}],"collection":[{"href":"https:\/\/awakeningtouch.ca\/fr\/wp-json\/wp\/v2\/product"}],"about":[{"href":"https:\/\/awakeningtouch.ca\/fr\/wp-json\/wp\/v2\/types\/product"}],"replies":[{"embeddable":true,"href":"https:\/\/awakeningtouch.ca\/fr\/wp-json\/wp\/v2\/comments?post=9612"}],"wp:featuredmedia":[{"embeddable":true,"href":"https:\/\/awakeningtouch.ca\/fr\/wp-json\/wp\/v2\/media\/9616"}],"wp:attachment":[{"href":"https:\/\/awakeningtouch.ca\/fr\/wp-json\/wp\/v2\/media?parent=9612"}],"wp:term":[{"taxonomy":"product_brand","embeddable":true,"href":"https:\/\/awakeningtouch.ca\/fr\/wp-json\/wp\/v2\/product_brand?post=9612"},{"taxonomy":"product_cat","embeddable":true,"href":"https:\/\/awakeningtouch.ca\/fr\/wp-json\/wp\/v2\/product_cat?post=9612"},{"taxonomy":"product_tag","embeddable":true,"href":"https:\/\/awakeningtouch.ca\/fr\/wp-json\/wp\/v2\/product_tag?post=9612"}],"curies":[{"name":"wp","href":"https:\/\/api.w.org\/{rel}","templated":true}]}}