{"id":9505,"date":"2024-04-16T08:39:16","date_gmt":"2024-04-16T12:39:16","guid":{"rendered":"https:\/\/awakeningtouch.ca\/?post_type=product&#038;p=9505"},"modified":"2024-04-16T09:45:18","modified_gmt":"2024-04-16T13:45:18","slug":"bol-de-fumigation-esprit-dragon","status":"publish","type":"product","link":"https:\/\/awakeningtouch.ca\/fr\/produit\/bol-de-fumigation-esprit-dragon\/","title":{"rendered":"Bol de fumigation &#8211; esprit dragon"},"content":{"rendered":"<p>La fumigation est le nettoyage de l&rsquo;\u00e9nergie et de l&rsquo;espace avec de l&rsquo;encens de plantes sacr\u00e9es.<\/p>\n<p>Cette technique est utilis\u00e9e au d\u00e9but d&rsquo;un rituel ou d&rsquo;une c\u00e9r\u00e9monie pour \u00e9liminer l&rsquo;\u00e9nergie n\u00e9gative et cr\u00e9er un espace sacr\u00e9.<\/p>\n<p>Il s&rsquo;agit d&rsquo;un petit bol \u00e0 purifier unique en son genre, qui porte l&rsquo;esprit du dragon. Il est livr\u00e9 avec un disque de charbon de bois.<\/p>\n<blockquote><p><span lang=\"EN-CA\">\u00ab\u00a0Les objets rituels supportent l\u2019espace de c\u00e9r\u00e9monie, au quotidien ou pour des passages sp\u00e9cifiques comme les solstices et \u00e9quinoxes. Tous sont fabriqu\u00e9s \u00e0 la main, avec des mat\u00e9riaux provenant de fournisseurs locaux et internationaux qui partagent nos valeurs. Une communication est \u00e9tablie avec chaque objet dans le processus de cr\u00e9ation, ce qui lui conf\u00e8re un caract\u00e8re sacr\u00e9 en plus d\u2019en faire son unicit\u00e9.\u00a0\u00bb\u00a0<\/span>Gita<\/p><\/blockquote>\n<p><strong>FAIT \u00c0 LA MAIN<\/strong><\/p>\n<p><strong>Compl\u00e9tez votre commande\u00a0<\/strong><b>avec une statue d\u00e9esse, des masque arch\u00e9types, un porte-encens, un porte-chandelles ou encore un sac m\u00e9decine.<\/b><\/p>\n","protected":false},"excerpt":{"rendered":"<p>Apportez la m\u00e9decine des plant dans votre espace.<\/p>\n","protected":false},"featured_media":14235,"comment_status":"open","ping_status":"closed","template":"","meta":{"_et_pb_use_builder":"","_et_pb_old_content":"","_et_gb_content_width":"","_monsterinsights_skip_tracking":false,"_monsterinsights_sitenote_active":false,"_monsterinsights_sitenote_note":"","_monsterinsights_sitenote_category":0},"product_brand":[],"product_cat":[3201,2845,1480,87],"product_tag":[2708,2709,2710,2711],"class_list":{"0":"post-9505","1":"product","2":"type-product","3":"status-publish","4":"has-post-thumbnail","6":"product_cat-chaudrons","7":"product_cat-chaudron-de-dragon","8":"product_cat-fumigation","9":"product_cat-objets-rituels","10":"product_tag-bol","11":"product_tag-ceramique","12":"product_tag-dragon-fr","13":"product_tag-fumigation","15":"first","16":"outofstock","17":"sold-individually","18":"taxable","19":"shipping-taxable","20":"purchasable","21":"product-type-variable"},"yoast_head":"<!-- This site is optimized with the Yoast SEO plugin v27.5 - https:\/\/yoast.com\/product\/yoast-seo-wordpress\/ -->\n<title>Bol de fumigation - esprit dragon - Awakening Touch<\/title>\n<meta name=\"description\" content=\"Ce bol de fumigation de dragon en c\u00e9ramique est fait \u00e0 la main pour votre rituel personnel. Il est livr\u00e9 avec un disque de charbon de bois. Excellent pour le smudging \u00e0 l&#039;int\u00e9rieur et dans les petits espaces.\" \/>\n<meta name=\"robots\" content=\"index, follow, max-snippet:-1, max-image-preview:large, max-video-preview:-1\" \/>\n<link rel=\"canonical\" href=\"https:\/\/awakeningtouch.ca\/fr\/produit\/bol-de-fumigation-esprit-dragon\/\" \/>\n<meta property=\"og:locale\" content=\"fr_FR\" \/>\n<meta property=\"og:type\" content=\"article\" \/>\n<meta property=\"og:title\" content=\"Bol de fumigation - esprit dragon\" \/>\n<meta property=\"og:description\" content=\"Ce bol de fumigation de dragon en c\u00e9ramique est fait \u00e0 la main pour votre rituel personnel. Il est livr\u00e9 avec un disque de charbon de bois. Excellent pour le smudging \u00e0 l&#039;int\u00e9rieur et dans les petits espaces.\" \/>\n<meta property=\"og:url\" content=\"https:\/\/awakeningtouch.ca\/fr\/produit\/bol-de-fumigation-esprit-dragon\/\" \/>\n<meta property=\"og:site_name\" content=\"Awakening Touch\" \/>\n<meta property=\"article:modified_time\" content=\"2024-04-16T13:45:18+00:00\" \/>\n<meta property=\"og:image\" content=\"https:\/\/awakeningtouch.ca\/wp-content\/uploads\/2024\/04\/dragon-insence-burner-ceramic-soft-2.jpg\" \/>\n\t<meta property=\"og:image:width\" content=\"250\" \/>\n\t<meta property=\"og:image:height\" content=\"250\" \/>\n\t<meta property=\"og:image:type\" content=\"image\/jpeg\" \/>\n<meta name=\"twitter:card\" content=\"summary_large_image\" \/>\n<meta name=\"twitter:label1\" content=\"Dur\u00e9e de lecture estim\u00e9e\" \/>\n\t<meta name=\"twitter:data1\" content=\"1 minute\" \/>\n<script type=\"application\/ld+json\" class=\"yoast-schema-graph\">{\"@context\":\"https:\\\/\\\/schema.org\",\"@graph\":[{\"@type\":\"WebPage\",\"@id\":\"https:\\\/\\\/awakeningtouch.ca\\\/fr\\\/produit\\\/bol-de-fumigation-esprit-dragon\\\/\",\"url\":\"https:\\\/\\\/awakeningtouch.ca\\\/fr\\\/produit\\\/bol-de-fumigation-esprit-dragon\\\/\",\"name\":\"Bol de fumigation - esprit dragon - Awakening Touch\",\"isPartOf\":{\"@id\":\"https:\\\/\\\/awakeningtouch.ca\\\/fr\\\/#website\"},\"primaryImageOfPage\":{\"@id\":\"https:\\\/\\\/awakeningtouch.ca\\\/fr\\\/produit\\\/bol-de-fumigation-esprit-dragon\\\/#primaryimage\"},\"image\":{\"@id\":\"https:\\\/\\\/awakeningtouch.ca\\\/fr\\\/produit\\\/bol-de-fumigation-esprit-dragon\\\/#primaryimage\"},\"thumbnailUrl\":\"https:\\\/\\\/awakeningtouch.ca\\\/wp-content\\\/uploads\\\/2024\\\/04\\\/dragon-smudge-bowl-awakening-touch.1.jpg\",\"datePublished\":\"2024-04-16T12:39:16+00:00\",\"dateModified\":\"2024-04-16T13:45:18+00:00\",\"description\":\"Ce bol de fumigation de dragon en c\u00e9ramique est fait \u00e0 la main pour votre rituel personnel. Il est livr\u00e9 avec un disque de charbon de bois. Excellent pour le smudging \u00e0 l'int\u00e9rieur et dans les petits espaces.\",\"breadcrumb\":{\"@id\":\"https:\\\/\\\/awakeningtouch.ca\\\/fr\\\/produit\\\/bol-de-fumigation-esprit-dragon\\\/#breadcrumb\"},\"inLanguage\":\"fr-FR\",\"potentialAction\":[{\"@type\":\"ReadAction\",\"target\":[\"https:\\\/\\\/awakeningtouch.ca\\\/fr\\\/produit\\\/bol-de-fumigation-esprit-dragon\\\/\"]}]},{\"@type\":\"ImageObject\",\"inLanguage\":\"fr-FR\",\"@id\":\"https:\\\/\\\/awakeningtouch.ca\\\/fr\\\/produit\\\/bol-de-fumigation-esprit-dragon\\\/#primaryimage\",\"url\":\"https:\\\/\\\/awakeningtouch.ca\\\/wp-content\\\/uploads\\\/2024\\\/04\\\/dragon-smudge-bowl-awakening-touch.1.jpg\",\"contentUrl\":\"https:\\\/\\\/awakeningtouch.ca\\\/wp-content\\\/uploads\\\/2024\\\/04\\\/dragon-smudge-bowl-awakening-touch.1.jpg\",\"width\":2000,\"height\":2000},{\"@type\":\"BreadcrumbList\",\"@id\":\"https:\\\/\\\/awakeningtouch.ca\\\/fr\\\/produit\\\/bol-de-fumigation-esprit-dragon\\\/#breadcrumb\",\"itemListElement\":[{\"@type\":\"ListItem\",\"position\":1,\"name\":\"Accueil\",\"item\":\"https:\\\/\\\/awakeningtouch.ca\\\/fr\\\/\"},{\"@type\":\"ListItem\",\"position\":2,\"name\":\"Boutique\",\"item\":\"https:\\\/\\\/awakeningtouch.ca\\\/fr\\\/boutique\\\/\"},{\"@type\":\"ListItem\",\"position\":3,\"name\":\"Bol de fumigation &#8211; esprit dragon\"}]},{\"@type\":\"WebSite\",\"@id\":\"https:\\\/\\\/awakeningtouch.ca\\\/fr\\\/#website\",\"url\":\"https:\\\/\\\/awakeningtouch.ca\\\/fr\\\/\",\"name\":\"Awakening Touch\",\"description\":\"\",\"potentialAction\":[{\"@type\":\"SearchAction\",\"target\":{\"@type\":\"EntryPoint\",\"urlTemplate\":\"https:\\\/\\\/awakeningtouch.ca\\\/fr\\\/?s={search_term_string}\"},\"query-input\":{\"@type\":\"PropertyValueSpecification\",\"valueRequired\":true,\"valueName\":\"search_term_string\"}}],\"inLanguage\":\"fr-FR\"}]}<\/script>\n<!-- \/ Yoast SEO plugin. -->","yoast_head_json":{"title":"Bol de fumigation - esprit dragon - Awakening Touch","description":"Ce bol de fumigation de dragon en c\u00e9ramique est fait \u00e0 la main pour votre rituel personnel. Il est livr\u00e9 avec un disque de charbon de bois. Excellent pour le smudging \u00e0 l'int\u00e9rieur et dans les petits espaces.","robots":{"index":"index","follow":"follow","max-snippet":"max-snippet:-1","max-image-preview":"max-image-preview:large","max-video-preview":"max-video-preview:-1"},"canonical":"https:\/\/awakeningtouch.ca\/fr\/produit\/bol-de-fumigation-esprit-dragon\/","og_locale":"fr_FR","og_type":"article","og_title":"Bol de fumigation - esprit dragon","og_description":"Ce bol de fumigation de dragon en c\u00e9ramique est fait \u00e0 la main pour votre rituel personnel. Il est livr\u00e9 avec un disque de charbon de bois. Excellent pour le smudging \u00e0 l'int\u00e9rieur et dans les petits espaces.","og_url":"https:\/\/awakeningtouch.ca\/fr\/produit\/bol-de-fumigation-esprit-dragon\/","og_site_name":"Awakening Touch","article_modified_time":"2024-04-16T13:45:18+00:00","og_image":[{"width":250,"height":250,"url":"https:\/\/awakeningtouch.ca\/wp-content\/uploads\/2024\/04\/dragon-insence-burner-ceramic-soft-2.jpg","type":"image\/jpeg"}],"twitter_card":"summary_large_image","twitter_misc":{"Dur\u00e9e de lecture estim\u00e9e":"1 minute"},"schema":{"@context":"https:\/\/schema.org","@graph":[{"@type":"WebPage","@id":"https:\/\/awakeningtouch.ca\/fr\/produit\/bol-de-fumigation-esprit-dragon\/","url":"https:\/\/awakeningtouch.ca\/fr\/produit\/bol-de-fumigation-esprit-dragon\/","name":"Bol de fumigation - esprit dragon - Awakening Touch","isPartOf":{"@id":"https:\/\/awakeningtouch.ca\/fr\/#website"},"primaryImageOfPage":{"@id":"https:\/\/awakeningtouch.ca\/fr\/produit\/bol-de-fumigation-esprit-dragon\/#primaryimage"},"image":{"@id":"https:\/\/awakeningtouch.ca\/fr\/produit\/bol-de-fumigation-esprit-dragon\/#primaryimage"},"thumbnailUrl":"https:\/\/awakeningtouch.ca\/wp-content\/uploads\/2024\/04\/dragon-smudge-bowl-awakening-touch.1.jpg","datePublished":"2024-04-16T12:39:16+00:00","dateModified":"2024-04-16T13:45:18+00:00","description":"Ce bol de fumigation de dragon en c\u00e9ramique est fait \u00e0 la main pour votre rituel personnel. Il est livr\u00e9 avec un disque de charbon de bois. Excellent pour le smudging \u00e0 l'int\u00e9rieur et dans les petits espaces.","breadcrumb":{"@id":"https:\/\/awakeningtouch.ca\/fr\/produit\/bol-de-fumigation-esprit-dragon\/#breadcrumb"},"inLanguage":"fr-FR","potentialAction":[{"@type":"ReadAction","target":["https:\/\/awakeningtouch.ca\/fr\/produit\/bol-de-fumigation-esprit-dragon\/"]}]},{"@type":"ImageObject","inLanguage":"fr-FR","@id":"https:\/\/awakeningtouch.ca\/fr\/produit\/bol-de-fumigation-esprit-dragon\/#primaryimage","url":"https:\/\/awakeningtouch.ca\/wp-content\/uploads\/2024\/04\/dragon-smudge-bowl-awakening-touch.1.jpg","contentUrl":"https:\/\/awakeningtouch.ca\/wp-content\/uploads\/2024\/04\/dragon-smudge-bowl-awakening-touch.1.jpg","width":2000,"height":2000},{"@type":"BreadcrumbList","@id":"https:\/\/awakeningtouch.ca\/fr\/produit\/bol-de-fumigation-esprit-dragon\/#breadcrumb","itemListElement":[{"@type":"ListItem","position":1,"name":"Accueil","item":"https:\/\/awakeningtouch.ca\/fr\/"},{"@type":"ListItem","position":2,"name":"Boutique","item":"https:\/\/awakeningtouch.ca\/fr\/boutique\/"},{"@type":"ListItem","position":3,"name":"Bol de fumigation &#8211; esprit dragon"}]},{"@type":"WebSite","@id":"https:\/\/awakeningtouch.ca\/fr\/#website","url":"https:\/\/awakeningtouch.ca\/fr\/","name":"Awakening Touch","description":"","potentialAction":[{"@type":"SearchAction","target":{"@type":"EntryPoint","urlTemplate":"https:\/\/awakeningtouch.ca\/fr\/?s={search_term_string}"},"query-input":{"@type":"PropertyValueSpecification","valueRequired":true,"valueName":"search_term_string"}}],"inLanguage":"fr-FR"}]}},"_links":{"self":[{"href":"https:\/\/awakeningtouch.ca\/fr\/wp-json\/wp\/v2\/product\/9505","targetHints":{"allow":["GET"]}}],"collection":[{"href":"https:\/\/awakeningtouch.ca\/fr\/wp-json\/wp\/v2\/product"}],"about":[{"href":"https:\/\/awakeningtouch.ca\/fr\/wp-json\/wp\/v2\/types\/product"}],"replies":[{"embeddable":true,"href":"https:\/\/awakeningtouch.ca\/fr\/wp-json\/wp\/v2\/comments?post=9505"}],"wp:featuredmedia":[{"embeddable":true,"href":"https:\/\/awakeningtouch.ca\/fr\/wp-json\/wp\/v2\/media\/14235"}],"wp:attachment":[{"href":"https:\/\/awakeningtouch.ca\/fr\/wp-json\/wp\/v2\/media?parent=9505"}],"wp:term":[{"taxonomy":"product_brand","embeddable":true,"href":"https:\/\/awakeningtouch.ca\/fr\/wp-json\/wp\/v2\/product_brand?post=9505"},{"taxonomy":"product_cat","embeddable":true,"href":"https:\/\/awakeningtouch.ca\/fr\/wp-json\/wp\/v2\/product_cat?post=9505"},{"taxonomy":"product_tag","embeddable":true,"href":"https:\/\/awakeningtouch.ca\/fr\/wp-json\/wp\/v2\/product_tag?post=9505"}],"curies":[{"name":"wp","href":"https:\/\/api.w.org\/{rel}","templated":true}]}}