{"id":6542,"date":"2023-03-13T11:18:37","date_gmt":"2023-03-13T15:18:37","guid":{"rendered":"https:\/\/awakeningtouch.ca\/?post_type=product&#038;p=6542"},"modified":"2023-03-13T11:22:11","modified_gmt":"2023-03-13T15:22:11","slug":"poche-de-medecine-copy","status":"publish","type":"product","link":"https:\/\/awakeningtouch.ca\/fr\/produit\/poche-de-medecine-copy\/","title":{"rendered":"Poche de m\u00e9decine"},"content":{"rendered":"<p>Il s&rsquo;agit d&rsquo;une poche de m\u00e9decine faite \u00e0 la main, unique en son genre, pr\u00eate \u00e0 recevoir vos offrandes sacr\u00e9es, votre tabac, vos cristaux et autres objets. Elle est fabriqu\u00e9e en cuir recycl\u00e9 solide et d\u00e9cor\u00e9e de perles faites \u00e0 la main.<\/p>\n<p>La d\u00e9coration en perles est r\u00e9alis\u00e9e par une communaut\u00e9 de femmes au Guatemala. Nous leur avons envoy\u00e9 le mod\u00e8le et elles ont r\u00e9alis\u00e9 le travail pour nous.<\/p>\n<p>Le sac est fabriqu\u00e9 en cuir de chevreuile recycl\u00e9 r\u00e9sistant de 2 1\/2 mm. Nos fournisseurs locaux autochtones collectent les peaux destin\u00e9es aux d\u00e9chets chez le boucher pendant la saison de la chasse, pour les envoyer \u00e0 une tannerie autochtone, honorant ainsi l&rsquo;animal et veillant \u00e0 ce que rien ne soit gaspill\u00e9.<\/p>\n<blockquote><p>La simplicit\u00e9 et la fonctionnalit\u00e9 sont importantes pour moi. Je l&rsquo;ai con\u00e7u pour qu&rsquo;il soit \u00e0 la fois solide et beau. J&rsquo;aime le fait que diff\u00e9rents artisans aient contribu\u00e9 \u00e0 sa r\u00e9alisation.<\/p><\/blockquote>\n","protected":false},"excerpt":{"rendered":"<p>Unique en son genre, con\u00e7u pour vos objets sacr\u00e9s<\/p>\n","protected":false},"featured_media":6552,"comment_status":"open","ping_status":"closed","template":"","meta":{"_et_pb_use_builder":"","_et_pb_old_content":"","_et_gb_content_width":"","_monsterinsights_skip_tracking":false,"_monsterinsights_sitenote_active":false,"_monsterinsights_sitenote_note":"","_monsterinsights_sitenote_category":0},"product_brand":[],"product_cat":[87,496],"product_tag":[],"class_list":{"0":"post-6542","1":"product","2":"type-product","3":"status-publish","4":"has-post-thumbnail","6":"product_cat-objets-rituels","7":"product_cat-poches-de-medecine","9":"first","10":"outofstock","11":"taxable","12":"shipping-taxable","13":"purchasable","14":"product-type-simple"},"yoast_head":"<!-- This site is optimized with the Yoast SEO plugin v27.4 - https:\/\/yoast.com\/product\/yoast-seo-wordpress\/ -->\n<title>Poche de m\u00e9decine - Awakening Touch<\/title>\n<meta name=\"robots\" content=\"index, follow, max-snippet:-1, max-image-preview:large, max-video-preview:-1\" \/>\n<link rel=\"canonical\" href=\"https:\/\/awakeningtouch.ca\/fr\/produit\/poche-de-medecine-copy\/\" \/>\n<meta property=\"og:locale\" content=\"fr_FR\" \/>\n<meta property=\"og:type\" content=\"article\" \/>\n<meta property=\"og:title\" content=\"Poche de m\u00e9decine - Awakening Touch\" \/>\n<meta property=\"og:description\" content=\"Unique en son genre, con\u00e7u pour vos objets sacr\u00e9s\" \/>\n<meta property=\"og:url\" content=\"https:\/\/awakeningtouch.ca\/fr\/produit\/poche-de-medecine-copy\/\" \/>\n<meta property=\"og:site_name\" content=\"Awakening Touch\" \/>\n<meta property=\"article:modified_time\" content=\"2023-03-13T15:22:11+00:00\" \/>\n<meta property=\"og:image\" content=\"https:\/\/awakeningtouch.ca\/wp-content\/uploads\/2023\/03\/IMG_1309-scaled.jpg\" \/>\n\t<meta property=\"og:image:width\" content=\"2560\" \/>\n\t<meta property=\"og:image:height\" content=\"2560\" \/>\n\t<meta property=\"og:image:type\" content=\"image\/jpeg\" \/>\n<meta name=\"twitter:card\" content=\"summary_large_image\" \/>\n<meta name=\"twitter:label1\" content=\"Dur\u00e9e de lecture estim\u00e9e\" \/>\n\t<meta name=\"twitter:data1\" content=\"1 minute\" \/>\n<script type=\"application\/ld+json\" class=\"yoast-schema-graph\">{\"@context\":\"https:\\\/\\\/schema.org\",\"@graph\":[{\"@type\":\"WebPage\",\"@id\":\"https:\\\/\\\/awakeningtouch.ca\\\/fr\\\/produit\\\/poche-de-medecine-copy\\\/\",\"url\":\"https:\\\/\\\/awakeningtouch.ca\\\/fr\\\/produit\\\/poche-de-medecine-copy\\\/\",\"name\":\"Poche de m\u00e9decine - Awakening Touch\",\"isPartOf\":{\"@id\":\"https:\\\/\\\/awakeningtouch.ca\\\/fr\\\/#website\"},\"primaryImageOfPage\":{\"@id\":\"https:\\\/\\\/awakeningtouch.ca\\\/fr\\\/produit\\\/poche-de-medecine-copy\\\/#primaryimage\"},\"image\":{\"@id\":\"https:\\\/\\\/awakeningtouch.ca\\\/fr\\\/produit\\\/poche-de-medecine-copy\\\/#primaryimage\"},\"thumbnailUrl\":\"https:\\\/\\\/awakeningtouch.ca\\\/wp-content\\\/uploads\\\/2023\\\/03\\\/IMG_1309-scaled.jpg\",\"datePublished\":\"2023-03-13T15:18:37+00:00\",\"dateModified\":\"2023-03-13T15:22:11+00:00\",\"breadcrumb\":{\"@id\":\"https:\\\/\\\/awakeningtouch.ca\\\/fr\\\/produit\\\/poche-de-medecine-copy\\\/#breadcrumb\"},\"inLanguage\":\"fr-FR\",\"potentialAction\":[{\"@type\":\"ReadAction\",\"target\":[\"https:\\\/\\\/awakeningtouch.ca\\\/fr\\\/produit\\\/poche-de-medecine-copy\\\/\"]}]},{\"@type\":\"ImageObject\",\"inLanguage\":\"fr-FR\",\"@id\":\"https:\\\/\\\/awakeningtouch.ca\\\/fr\\\/produit\\\/poche-de-medecine-copy\\\/#primaryimage\",\"url\":\"https:\\\/\\\/awakeningtouch.ca\\\/wp-content\\\/uploads\\\/2023\\\/03\\\/IMG_1309-scaled.jpg\",\"contentUrl\":\"https:\\\/\\\/awakeningtouch.ca\\\/wp-content\\\/uploads\\\/2023\\\/03\\\/IMG_1309-scaled.jpg\",\"width\":2560,\"height\":2560},{\"@type\":\"BreadcrumbList\",\"@id\":\"https:\\\/\\\/awakeningtouch.ca\\\/fr\\\/produit\\\/poche-de-medecine-copy\\\/#breadcrumb\",\"itemListElement\":[{\"@type\":\"ListItem\",\"position\":1,\"name\":\"Accueil\",\"item\":\"https:\\\/\\\/awakeningtouch.ca\\\/fr\\\/\"},{\"@type\":\"ListItem\",\"position\":2,\"name\":\"Boutique\",\"item\":\"https:\\\/\\\/awakeningtouch.ca\\\/fr\\\/boutique\\\/\"},{\"@type\":\"ListItem\",\"position\":3,\"name\":\"Poche de m\u00e9decine\"}]},{\"@type\":\"WebSite\",\"@id\":\"https:\\\/\\\/awakeningtouch.ca\\\/fr\\\/#website\",\"url\":\"https:\\\/\\\/awakeningtouch.ca\\\/fr\\\/\",\"name\":\"Awakening Touch\",\"description\":\"\",\"potentialAction\":[{\"@type\":\"SearchAction\",\"target\":{\"@type\":\"EntryPoint\",\"urlTemplate\":\"https:\\\/\\\/awakeningtouch.ca\\\/fr\\\/?s={search_term_string}\"},\"query-input\":{\"@type\":\"PropertyValueSpecification\",\"valueRequired\":true,\"valueName\":\"search_term_string\"}}],\"inLanguage\":\"fr-FR\"}]}<\/script>\n<!-- \/ Yoast SEO plugin. -->","yoast_head_json":{"title":"Poche de m\u00e9decine - Awakening Touch","robots":{"index":"index","follow":"follow","max-snippet":"max-snippet:-1","max-image-preview":"max-image-preview:large","max-video-preview":"max-video-preview:-1"},"canonical":"https:\/\/awakeningtouch.ca\/fr\/produit\/poche-de-medecine-copy\/","og_locale":"fr_FR","og_type":"article","og_title":"Poche de m\u00e9decine - Awakening Touch","og_description":"Unique en son genre, con\u00e7u pour vos objets sacr\u00e9s","og_url":"https:\/\/awakeningtouch.ca\/fr\/produit\/poche-de-medecine-copy\/","og_site_name":"Awakening Touch","article_modified_time":"2023-03-13T15:22:11+00:00","og_image":[{"width":2560,"height":2560,"url":"https:\/\/awakeningtouch.ca\/wp-content\/uploads\/2023\/03\/IMG_1309-scaled.jpg","type":"image\/jpeg"}],"twitter_card":"summary_large_image","twitter_misc":{"Dur\u00e9e de lecture estim\u00e9e":"1 minute"},"schema":{"@context":"https:\/\/schema.org","@graph":[{"@type":"WebPage","@id":"https:\/\/awakeningtouch.ca\/fr\/produit\/poche-de-medecine-copy\/","url":"https:\/\/awakeningtouch.ca\/fr\/produit\/poche-de-medecine-copy\/","name":"Poche de m\u00e9decine - Awakening Touch","isPartOf":{"@id":"https:\/\/awakeningtouch.ca\/fr\/#website"},"primaryImageOfPage":{"@id":"https:\/\/awakeningtouch.ca\/fr\/produit\/poche-de-medecine-copy\/#primaryimage"},"image":{"@id":"https:\/\/awakeningtouch.ca\/fr\/produit\/poche-de-medecine-copy\/#primaryimage"},"thumbnailUrl":"https:\/\/awakeningtouch.ca\/wp-content\/uploads\/2023\/03\/IMG_1309-scaled.jpg","datePublished":"2023-03-13T15:18:37+00:00","dateModified":"2023-03-13T15:22:11+00:00","breadcrumb":{"@id":"https:\/\/awakeningtouch.ca\/fr\/produit\/poche-de-medecine-copy\/#breadcrumb"},"inLanguage":"fr-FR","potentialAction":[{"@type":"ReadAction","target":["https:\/\/awakeningtouch.ca\/fr\/produit\/poche-de-medecine-copy\/"]}]},{"@type":"ImageObject","inLanguage":"fr-FR","@id":"https:\/\/awakeningtouch.ca\/fr\/produit\/poche-de-medecine-copy\/#primaryimage","url":"https:\/\/awakeningtouch.ca\/wp-content\/uploads\/2023\/03\/IMG_1309-scaled.jpg","contentUrl":"https:\/\/awakeningtouch.ca\/wp-content\/uploads\/2023\/03\/IMG_1309-scaled.jpg","width":2560,"height":2560},{"@type":"BreadcrumbList","@id":"https:\/\/awakeningtouch.ca\/fr\/produit\/poche-de-medecine-copy\/#breadcrumb","itemListElement":[{"@type":"ListItem","position":1,"name":"Accueil","item":"https:\/\/awakeningtouch.ca\/fr\/"},{"@type":"ListItem","position":2,"name":"Boutique","item":"https:\/\/awakeningtouch.ca\/fr\/boutique\/"},{"@type":"ListItem","position":3,"name":"Poche de m\u00e9decine"}]},{"@type":"WebSite","@id":"https:\/\/awakeningtouch.ca\/fr\/#website","url":"https:\/\/awakeningtouch.ca\/fr\/","name":"Awakening Touch","description":"","potentialAction":[{"@type":"SearchAction","target":{"@type":"EntryPoint","urlTemplate":"https:\/\/awakeningtouch.ca\/fr\/?s={search_term_string}"},"query-input":{"@type":"PropertyValueSpecification","valueRequired":true,"valueName":"search_term_string"}}],"inLanguage":"fr-FR"}]}},"_links":{"self":[{"href":"https:\/\/awakeningtouch.ca\/fr\/wp-json\/wp\/v2\/product\/6542","targetHints":{"allow":["GET"]}}],"collection":[{"href":"https:\/\/awakeningtouch.ca\/fr\/wp-json\/wp\/v2\/product"}],"about":[{"href":"https:\/\/awakeningtouch.ca\/fr\/wp-json\/wp\/v2\/types\/product"}],"replies":[{"embeddable":true,"href":"https:\/\/awakeningtouch.ca\/fr\/wp-json\/wp\/v2\/comments?post=6542"}],"wp:featuredmedia":[{"embeddable":true,"href":"https:\/\/awakeningtouch.ca\/fr\/wp-json\/wp\/v2\/media\/6552"}],"wp:attachment":[{"href":"https:\/\/awakeningtouch.ca\/fr\/wp-json\/wp\/v2\/media?parent=6542"}],"wp:term":[{"taxonomy":"product_brand","embeddable":true,"href":"https:\/\/awakeningtouch.ca\/fr\/wp-json\/wp\/v2\/product_brand?post=6542"},{"taxonomy":"product_cat","embeddable":true,"href":"https:\/\/awakeningtouch.ca\/fr\/wp-json\/wp\/v2\/product_cat?post=6542"},{"taxonomy":"product_tag","embeddable":true,"href":"https:\/\/awakeningtouch.ca\/fr\/wp-json\/wp\/v2\/product_tag?post=6542"}],"curies":[{"name":"wp","href":"https:\/\/api.w.org\/{rel}","templated":true}]}}