{"id":6517,"date":"2023-03-13T10:25:54","date_gmt":"2023-03-13T14:25:54","guid":{"rendered":"https:\/\/awakeningtouch.ca\/?post_type=product&#038;p=6517"},"modified":"2025-11-21T12:28:04","modified_gmt":"2025-11-21T17:28:04","slug":"statue-deesse-equinoxe-copy-copy","status":"publish","type":"product","link":"https:\/\/awakeningtouch.ca\/fr\/produit\/statue-deesse-equinoxe-copy-copy\/","title":{"rendered":"Statue Triple D\u00e9esse &#8211; \u00c9quinoxe"},"content":{"rendered":"<p>Une statue artisanale de la d\u00e9esse Equinox, incarnant l&rsquo;\u00e9quilibre entre la lumi\u00e8re et l&rsquo;ombre. Grav\u00e9e du symbole de la triple d\u00e9esse, elle devient la gardienne des cycles, du renouveau et de l&rsquo;\u00e9quilibre int\u00e9rieur, apportant harmonie et pr\u00e9sence \u00e0 votre autel ou votre espace sacr\u00e9.<\/p>\n<p>La Triple D\u00e9esse &#8211; Jeune Fille, M\u00e8re, Vieille Femme &#8211; fait \u00e9cho \u00e0 l&rsquo;enseignement de l&rsquo;\u00e9quilibre de l&rsquo;\u00e9quinoxe, nous rappelant la danse constante entre les d\u00e9buts, la pl\u00e9nitude et la lib\u00e9ration. Cette d\u00e9esse se tient au seuil o\u00f9 l&rsquo;obscurit\u00e9 et la lumi\u00e8re se rencontrent, incarnant \u00e0 la fois la r\u00e9flexion et l&rsquo;\u00e9mergence. Elle vous invite \u00e0 vous aligner sur vos propres cycles, \u00e0 trouver votre centre dans le changement et \u00e0 aller de l&rsquo;avant avec clart\u00e9 et une force renouvel\u00e9e.<\/p>\n<p>Placez-la dans votre espace de m\u00e9ditation, pr\u00e8s des plantes, dans votre jardin ou sur une \u00e9tag\u00e8re avec une bougie. Une belle statue pour votre autel de yoni ou votre autel de naissance. Avant d&rsquo;\u00eatre envoy\u00e9e, la d\u00e9esse sera b\u00e9nie lors d&rsquo;une c\u00e9r\u00e9monie de b\u00e9n\u00e9diction par l&rsquo;artiste et portera une puissante \u00e9nergie des \u00e9l\u00e9ments et des esprits de la terre.<br \/>\nDimension : 6&Prime; x 3.5&Prime; x 3&Prime;\/ 19cm x 15cm x 9cm x 8cm<\/p>\n<blockquote><p><span lang=\"EN-CA\">\u00ab Pour moi, elle communique une pr\u00e9sence maternelle, enceinte de cr\u00e9ativit\u00e9, pr\u00eate \u00e0 donner naissance \u00e0 de nouvelles id\u00e9es dans ma vie. \u00bb Gita<\/span><\/p><\/blockquote>\n<p><strong>FAIT \u00c0 LA MAIN<\/strong><\/p>\n<p><strong>Compl\u00e9tez votre commande\u00a0<\/strong><b>avec des masque arch\u00e9types, un porte-encens, un porte-chandelles ou encore un sac m\u00e9decine.<\/b><\/p>\n","protected":false},"excerpt":{"rendered":"<p>Une d\u00e9esse pour votre espace sacr\u00e9<\/p>\n","protected":false},"featured_media":14047,"comment_status":"open","ping_status":"closed","template":"","meta":{"_et_pb_use_builder":"","_et_pb_old_content":"","_et_gb_content_width":"","_monsterinsights_skip_tracking":false,"_monsterinsights_sitenote_active":false,"_monsterinsights_sitenote_note":"","_monsterinsights_sitenote_category":0},"product_brand":[],"product_cat":[87,531],"product_tag":[],"class_list":{"0":"post-6517","1":"product","2":"type-product","3":"status-publish","4":"has-post-thumbnail","6":"product_cat-objets-rituels","7":"product_cat-statue-de-deesses","9":"first","10":"instock","11":"sold-individually","12":"taxable","13":"shipping-taxable","14":"purchasable","15":"product-type-simple"},"yoast_head":"<!-- This site is optimized with the Yoast SEO plugin v27.5 - https:\/\/yoast.com\/product\/yoast-seo-wordpress\/ -->\n<title>Statue Triple D\u00e9esse - \u00c9quinoxe - Awakening Touch<\/title>\n<meta name=\"description\" content=\"Une statue artisanale de la d\u00e9esse Equinox, incarnant l&#039;\u00e9quilibre entre la lumi\u00e8re et l&#039;ombre. Grav\u00e9e du symbole de la triple d\u00e9esse, elle devient la gardienne des cycles, du renouveau et de l&#039;\u00e9quilibre int\u00e9rieur, apportant harmonie et pr\u00e9sence \u00e0 votre autel ou votre espace sacr\u00e9.\" \/>\n<meta name=\"robots\" content=\"index, follow, max-snippet:-1, max-image-preview:large, max-video-preview:-1\" \/>\n<link rel=\"canonical\" href=\"https:\/\/awakeningtouch.ca\/fr\/produit\/statue-deesse-equinoxe-copy-copy\/\" \/>\n<meta property=\"og:locale\" content=\"fr_FR\" \/>\n<meta property=\"og:type\" content=\"article\" \/>\n<meta property=\"og:title\" content=\"Statue Triple D\u00e9esse - \u00c9quinoxe\" \/>\n<meta property=\"og:description\" content=\"Une statue artisanale de la d\u00e9esse Equinox, incarnant l&#039;\u00e9quilibre entre la lumi\u00e8re et l&#039;ombre. Grav\u00e9e du symbole de la triple d\u00e9esse, elle devient la gardienne des cycles, du renouveau et de l&#039;\u00e9quilibre int\u00e9rieur, apportant harmonie et pr\u00e9sence \u00e0 votre autel ou votre espace sacr\u00e9.\" \/>\n<meta property=\"og:url\" content=\"https:\/\/awakeningtouch.ca\/fr\/produit\/statue-deesse-equinoxe-copy-copy\/\" \/>\n<meta property=\"og:site_name\" content=\"Awakening Touch\" \/>\n<meta property=\"article:modified_time\" content=\"2025-11-21T17:28:04+00:00\" \/>\n<meta property=\"og:image\" content=\"https:\/\/awakeningtouch.ca\/wp-content\/uploads\/2023\/03\/triple-goddess-ceramic-statue-equinox-1.jpg\" \/>\n\t<meta property=\"og:image:width\" content=\"2000\" \/>\n\t<meta property=\"og:image:height\" content=\"2000\" \/>\n\t<meta property=\"og:image:type\" content=\"image\/jpeg\" \/>\n<meta name=\"twitter:card\" content=\"summary_large_image\" \/>\n<meta name=\"twitter:label1\" content=\"Dur\u00e9e de lecture estim\u00e9e\" \/>\n\t<meta name=\"twitter:data1\" content=\"2 minutes\" \/>\n<script type=\"application\/ld+json\" class=\"yoast-schema-graph\">{\"@context\":\"https:\\\/\\\/schema.org\",\"@graph\":[{\"@type\":\"WebPage\",\"@id\":\"https:\\\/\\\/awakeningtouch.ca\\\/fr\\\/produit\\\/statue-deesse-equinoxe-copy-copy\\\/\",\"url\":\"https:\\\/\\\/awakeningtouch.ca\\\/fr\\\/produit\\\/statue-deesse-equinoxe-copy-copy\\\/\",\"name\":\"Statue Triple D\u00e9esse - \u00c9quinoxe - Awakening Touch\",\"isPartOf\":{\"@id\":\"https:\\\/\\\/awakeningtouch.ca\\\/fr\\\/#website\"},\"primaryImageOfPage\":{\"@id\":\"https:\\\/\\\/awakeningtouch.ca\\\/fr\\\/produit\\\/statue-deesse-equinoxe-copy-copy\\\/#primaryimage\"},\"image\":{\"@id\":\"https:\\\/\\\/awakeningtouch.ca\\\/fr\\\/produit\\\/statue-deesse-equinoxe-copy-copy\\\/#primaryimage\"},\"thumbnailUrl\":\"https:\\\/\\\/awakeningtouch.ca\\\/wp-content\\\/uploads\\\/2023\\\/03\\\/triple-goddess-ceramic-statue-equinox-1.jpg\",\"datePublished\":\"2023-03-13T14:25:54+00:00\",\"dateModified\":\"2025-11-21T17:28:04+00:00\",\"description\":\"Une statue artisanale de la d\u00e9esse Equinox, incarnant l'\u00e9quilibre entre la lumi\u00e8re et l'ombre. Grav\u00e9e du symbole de la triple d\u00e9esse, elle devient la gardienne des cycles, du renouveau et de l'\u00e9quilibre int\u00e9rieur, apportant harmonie et pr\u00e9sence \u00e0 votre autel ou votre espace sacr\u00e9.\",\"breadcrumb\":{\"@id\":\"https:\\\/\\\/awakeningtouch.ca\\\/fr\\\/produit\\\/statue-deesse-equinoxe-copy-copy\\\/#breadcrumb\"},\"inLanguage\":\"fr-FR\",\"potentialAction\":[{\"@type\":\"ReadAction\",\"target\":[\"https:\\\/\\\/awakeningtouch.ca\\\/fr\\\/produit\\\/statue-deesse-equinoxe-copy-copy\\\/\"]}]},{\"@type\":\"ImageObject\",\"inLanguage\":\"fr-FR\",\"@id\":\"https:\\\/\\\/awakeningtouch.ca\\\/fr\\\/produit\\\/statue-deesse-equinoxe-copy-copy\\\/#primaryimage\",\"url\":\"https:\\\/\\\/awakeningtouch.ca\\\/wp-content\\\/uploads\\\/2023\\\/03\\\/triple-goddess-ceramic-statue-equinox-1.jpg\",\"contentUrl\":\"https:\\\/\\\/awakeningtouch.ca\\\/wp-content\\\/uploads\\\/2023\\\/03\\\/triple-goddess-ceramic-statue-equinox-1.jpg\",\"width\":2000,\"height\":2000},{\"@type\":\"BreadcrumbList\",\"@id\":\"https:\\\/\\\/awakeningtouch.ca\\\/fr\\\/produit\\\/statue-deesse-equinoxe-copy-copy\\\/#breadcrumb\",\"itemListElement\":[{\"@type\":\"ListItem\",\"position\":1,\"name\":\"Accueil\",\"item\":\"https:\\\/\\\/awakeningtouch.ca\\\/fr\\\/\"},{\"@type\":\"ListItem\",\"position\":2,\"name\":\"Boutique\",\"item\":\"https:\\\/\\\/awakeningtouch.ca\\\/fr\\\/boutique\\\/\"},{\"@type\":\"ListItem\",\"position\":3,\"name\":\"Statue Triple D\u00e9esse &#8211; \u00c9quinoxe\"}]},{\"@type\":\"WebSite\",\"@id\":\"https:\\\/\\\/awakeningtouch.ca\\\/fr\\\/#website\",\"url\":\"https:\\\/\\\/awakeningtouch.ca\\\/fr\\\/\",\"name\":\"Awakening Touch\",\"description\":\"\",\"potentialAction\":[{\"@type\":\"SearchAction\",\"target\":{\"@type\":\"EntryPoint\",\"urlTemplate\":\"https:\\\/\\\/awakeningtouch.ca\\\/fr\\\/?s={search_term_string}\"},\"query-input\":{\"@type\":\"PropertyValueSpecification\",\"valueRequired\":true,\"valueName\":\"search_term_string\"}}],\"inLanguage\":\"fr-FR\"}]}<\/script>\n<!-- \/ Yoast SEO plugin. -->","yoast_head_json":{"title":"Statue Triple D\u00e9esse - \u00c9quinoxe - Awakening Touch","description":"Une statue artisanale de la d\u00e9esse Equinox, incarnant l'\u00e9quilibre entre la lumi\u00e8re et l'ombre. Grav\u00e9e du symbole de la triple d\u00e9esse, elle devient la gardienne des cycles, du renouveau et de l'\u00e9quilibre int\u00e9rieur, apportant harmonie et pr\u00e9sence \u00e0 votre autel ou votre espace sacr\u00e9.","robots":{"index":"index","follow":"follow","max-snippet":"max-snippet:-1","max-image-preview":"max-image-preview:large","max-video-preview":"max-video-preview:-1"},"canonical":"https:\/\/awakeningtouch.ca\/fr\/produit\/statue-deesse-equinoxe-copy-copy\/","og_locale":"fr_FR","og_type":"article","og_title":"Statue Triple D\u00e9esse - \u00c9quinoxe","og_description":"Une statue artisanale de la d\u00e9esse Equinox, incarnant l'\u00e9quilibre entre la lumi\u00e8re et l'ombre. Grav\u00e9e du symbole de la triple d\u00e9esse, elle devient la gardienne des cycles, du renouveau et de l'\u00e9quilibre int\u00e9rieur, apportant harmonie et pr\u00e9sence \u00e0 votre autel ou votre espace sacr\u00e9.","og_url":"https:\/\/awakeningtouch.ca\/fr\/produit\/statue-deesse-equinoxe-copy-copy\/","og_site_name":"Awakening Touch","article_modified_time":"2025-11-21T17:28:04+00:00","og_image":[{"width":2000,"height":2000,"url":"https:\/\/awakeningtouch.ca\/wp-content\/uploads\/2023\/03\/triple-goddess-ceramic-statue-equinox-1.jpg","type":"image\/jpeg"}],"twitter_card":"summary_large_image","twitter_misc":{"Dur\u00e9e de lecture estim\u00e9e":"2 minutes"},"schema":{"@context":"https:\/\/schema.org","@graph":[{"@type":"WebPage","@id":"https:\/\/awakeningtouch.ca\/fr\/produit\/statue-deesse-equinoxe-copy-copy\/","url":"https:\/\/awakeningtouch.ca\/fr\/produit\/statue-deesse-equinoxe-copy-copy\/","name":"Statue Triple D\u00e9esse - \u00c9quinoxe - Awakening Touch","isPartOf":{"@id":"https:\/\/awakeningtouch.ca\/fr\/#website"},"primaryImageOfPage":{"@id":"https:\/\/awakeningtouch.ca\/fr\/produit\/statue-deesse-equinoxe-copy-copy\/#primaryimage"},"image":{"@id":"https:\/\/awakeningtouch.ca\/fr\/produit\/statue-deesse-equinoxe-copy-copy\/#primaryimage"},"thumbnailUrl":"https:\/\/awakeningtouch.ca\/wp-content\/uploads\/2023\/03\/triple-goddess-ceramic-statue-equinox-1.jpg","datePublished":"2023-03-13T14:25:54+00:00","dateModified":"2025-11-21T17:28:04+00:00","description":"Une statue artisanale de la d\u00e9esse Equinox, incarnant l'\u00e9quilibre entre la lumi\u00e8re et l'ombre. Grav\u00e9e du symbole de la triple d\u00e9esse, elle devient la gardienne des cycles, du renouveau et de l'\u00e9quilibre int\u00e9rieur, apportant harmonie et pr\u00e9sence \u00e0 votre autel ou votre espace sacr\u00e9.","breadcrumb":{"@id":"https:\/\/awakeningtouch.ca\/fr\/produit\/statue-deesse-equinoxe-copy-copy\/#breadcrumb"},"inLanguage":"fr-FR","potentialAction":[{"@type":"ReadAction","target":["https:\/\/awakeningtouch.ca\/fr\/produit\/statue-deesse-equinoxe-copy-copy\/"]}]},{"@type":"ImageObject","inLanguage":"fr-FR","@id":"https:\/\/awakeningtouch.ca\/fr\/produit\/statue-deesse-equinoxe-copy-copy\/#primaryimage","url":"https:\/\/awakeningtouch.ca\/wp-content\/uploads\/2023\/03\/triple-goddess-ceramic-statue-equinox-1.jpg","contentUrl":"https:\/\/awakeningtouch.ca\/wp-content\/uploads\/2023\/03\/triple-goddess-ceramic-statue-equinox-1.jpg","width":2000,"height":2000},{"@type":"BreadcrumbList","@id":"https:\/\/awakeningtouch.ca\/fr\/produit\/statue-deesse-equinoxe-copy-copy\/#breadcrumb","itemListElement":[{"@type":"ListItem","position":1,"name":"Accueil","item":"https:\/\/awakeningtouch.ca\/fr\/"},{"@type":"ListItem","position":2,"name":"Boutique","item":"https:\/\/awakeningtouch.ca\/fr\/boutique\/"},{"@type":"ListItem","position":3,"name":"Statue Triple D\u00e9esse &#8211; \u00c9quinoxe"}]},{"@type":"WebSite","@id":"https:\/\/awakeningtouch.ca\/fr\/#website","url":"https:\/\/awakeningtouch.ca\/fr\/","name":"Awakening Touch","description":"","potentialAction":[{"@type":"SearchAction","target":{"@type":"EntryPoint","urlTemplate":"https:\/\/awakeningtouch.ca\/fr\/?s={search_term_string}"},"query-input":{"@type":"PropertyValueSpecification","valueRequired":true,"valueName":"search_term_string"}}],"inLanguage":"fr-FR"}]}},"_links":{"self":[{"href":"https:\/\/awakeningtouch.ca\/fr\/wp-json\/wp\/v2\/product\/6517","targetHints":{"allow":["GET"]}}],"collection":[{"href":"https:\/\/awakeningtouch.ca\/fr\/wp-json\/wp\/v2\/product"}],"about":[{"href":"https:\/\/awakeningtouch.ca\/fr\/wp-json\/wp\/v2\/types\/product"}],"replies":[{"embeddable":true,"href":"https:\/\/awakeningtouch.ca\/fr\/wp-json\/wp\/v2\/comments?post=6517"}],"wp:featuredmedia":[{"embeddable":true,"href":"https:\/\/awakeningtouch.ca\/fr\/wp-json\/wp\/v2\/media\/14047"}],"wp:attachment":[{"href":"https:\/\/awakeningtouch.ca\/fr\/wp-json\/wp\/v2\/media?parent=6517"}],"wp:term":[{"taxonomy":"product_brand","embeddable":true,"href":"https:\/\/awakeningtouch.ca\/fr\/wp-json\/wp\/v2\/product_brand?post=6517"},{"taxonomy":"product_cat","embeddable":true,"href":"https:\/\/awakeningtouch.ca\/fr\/wp-json\/wp\/v2\/product_cat?post=6517"},{"taxonomy":"product_tag","embeddable":true,"href":"https:\/\/awakeningtouch.ca\/fr\/wp-json\/wp\/v2\/product_tag?post=6517"}],"curies":[{"name":"wp","href":"https:\/\/api.w.org\/{rel}","templated":true}]}}