{"id":5497,"date":"2022-11-12T14:29:30","date_gmt":"2022-11-12T19:29:31","guid":{"rendered":"https:\/\/awakeningtouch.ca\/?post_type=product&#038;p=5497"},"modified":"2024-05-07T12:38:04","modified_gmt":"2024-05-07T16:38:04","slug":"bol-de-fumigation-aigle-l","status":"publish","type":"product","link":"https:\/\/awakeningtouch.ca\/fr\/produit\/bol-de-fumigation-aigle-l\/","title":{"rendered":"Bol de fumigation &#8211; aigle"},"content":{"rendered":"<p>La fumigation est le nettoyage de l&rsquo;\u00e9nergie et de l&rsquo;espace avec de l&rsquo;encens de plantes sacr\u00e9es.<\/p>\n<p>Cette technique est utilis\u00e9e au d\u00e9but d&rsquo;un rituel ou d&rsquo;une c\u00e9r\u00e9monie pour \u00e9liminer l&rsquo;\u00e9nergie n\u00e9gative et cr\u00e9er un espace sacr\u00e9.<\/p>\n<p>Il s&rsquo;agit d&rsquo;un petit bol \u00e0 purifier unique en son genre, avec d\u00e9coration de l&rsquo;esprit de l&rsquo;aigle. Il est livr\u00e9 avec un disque de charbon de bois.<\/p>\n<blockquote><p><span lang=\"EN-CA\">\u00ab\u00a0Les objets rituels supportent l\u2019espace de c\u00e9r\u00e9monie, au quotidien ou pour des passages sp\u00e9cifiques comme les solstices et \u00e9quinoxes. Tous sont fabriqu\u00e9s \u00e0 la main, avec des mat\u00e9riaux provenant de fournisseurs locaux et internationaux qui partagent nos valeurs. Une communication est \u00e9tablie avec chaque objet dans le processus de cr\u00e9ation, ce qui lui conf\u00e8re un caract\u00e8re sacr\u00e9 en plus d\u2019en faire son unicit\u00e9.\u00a0\u00bb\u00a0<\/span>Gita<\/p><\/blockquote>\n<p><strong>FAIT \u00c0 LA MAIN<\/strong><\/p>\n<p><strong>Compl\u00e9tez votre commande\u00a0<\/strong><b>avec une statue d\u00e9esse, des masque arch\u00e9types, un porte-encens, un porte-chandelles ou encore un sac m\u00e9decine.<\/b><\/p>\n","protected":false},"excerpt":{"rendered":"<p>Apportez la m\u00e9decine des plant dans votre espace.<\/p>\n","protected":false},"featured_media":9656,"comment_status":"open","ping_status":"closed","template":"","meta":{"_et_pb_use_builder":"","_et_pb_old_content":"","_et_gb_content_width":"","_monsterinsights_skip_tracking":false,"_monsterinsights_sitenote_active":false,"_monsterinsights_sitenote_note":"","_monsterinsights_sitenote_category":0},"product_brand":[],"product_cat":[1480,87],"product_tag":[],"class_list":{"0":"post-5497","1":"product","2":"type-product","3":"status-publish","4":"has-post-thumbnail","6":"product_cat-fumigation","7":"product_cat-objets-rituels","9":"first","10":"instock","11":"sold-individually","12":"taxable","13":"shipping-taxable","14":"purchasable","15":"product-type-variable"},"yoast_head":"<!-- This site is optimized with the Yoast SEO plugin v27.5 - https:\/\/yoast.com\/product\/yoast-seo-wordpress\/ -->\n<title>Bol de fumigation - aigle - Awakening Touch<\/title>\n<meta name=\"description\" content=\"La fumigation est le nettoyage de l\u2019\u00e9nergie et de l\u2019espace avec de l\u2019encens de plantes sacr\u00e9es.Cette technique est utilis\u00e9e au d\u00e9but d\u2019un rituel ou d\u2019une c\u00e9r\u00e9monie pour \u00e9liminer l\u2019\u00e9nergie n\u00e9gative et cr\u00e9er un espace sacr\u00e9.\" \/>\n<meta name=\"robots\" content=\"index, follow, max-snippet:-1, max-image-preview:large, max-video-preview:-1\" \/>\n<link rel=\"canonical\" href=\"https:\/\/awakeningtouch.ca\/fr\/produit\/bol-de-fumigation-aigle-l\/\" \/>\n<meta property=\"og:locale\" content=\"fr_FR\" \/>\n<meta property=\"og:type\" content=\"article\" \/>\n<meta property=\"og:title\" content=\"Bol de fumigation \u2013 aigle\" \/>\n<meta property=\"og:description\" content=\"La fumigation est le nettoyage de l\u2019\u00e9nergie et de l\u2019espace avec de l\u2019encens de plantes sacr\u00e9es.Cette technique est utilis\u00e9e au d\u00e9but d\u2019un rituel ou d\u2019une c\u00e9r\u00e9monie pour \u00e9liminer l\u2019\u00e9nergie n\u00e9gative et cr\u00e9er un espace sacr\u00e9.\" \/>\n<meta property=\"og:url\" content=\"https:\/\/awakeningtouch.ca\/fr\/produit\/bol-de-fumigation-aigle-l\/\" \/>\n<meta property=\"og:site_name\" content=\"Awakening Touch\" \/>\n<meta property=\"article:modified_time\" content=\"2024-05-07T16:38:04+00:00\" \/>\n<meta property=\"og:image\" content=\"https:\/\/awakeningtouch.ca\/wp-content\/uploads\/2022\/11\/eagle-smudge-bowl-L.jpg\" \/>\n\t<meta property=\"og:image:width\" content=\"1500\" \/>\n\t<meta property=\"og:image:height\" content=\"1500\" \/>\n\t<meta property=\"og:image:type\" content=\"image\/jpeg\" \/>\n<meta name=\"twitter:card\" content=\"summary_large_image\" \/>\n<meta name=\"twitter:label1\" content=\"Dur\u00e9e de lecture estim\u00e9e\" \/>\n\t<meta name=\"twitter:data1\" content=\"1 minute\" \/>\n<script type=\"application\/ld+json\" class=\"yoast-schema-graph\">{\"@context\":\"https:\\\/\\\/schema.org\",\"@graph\":[{\"@type\":\"WebPage\",\"@id\":\"https:\\\/\\\/awakeningtouch.ca\\\/fr\\\/produit\\\/bol-de-fumigation-aigle-l\\\/\",\"url\":\"https:\\\/\\\/awakeningtouch.ca\\\/fr\\\/produit\\\/bol-de-fumigation-aigle-l\\\/\",\"name\":\"Bol de fumigation - aigle - Awakening Touch\",\"isPartOf\":{\"@id\":\"https:\\\/\\\/awakeningtouch.ca\\\/fr\\\/#website\"},\"primaryImageOfPage\":{\"@id\":\"https:\\\/\\\/awakeningtouch.ca\\\/fr\\\/produit\\\/bol-de-fumigation-aigle-l\\\/#primaryimage\"},\"image\":{\"@id\":\"https:\\\/\\\/awakeningtouch.ca\\\/fr\\\/produit\\\/bol-de-fumigation-aigle-l\\\/#primaryimage\"},\"thumbnailUrl\":\"https:\\\/\\\/awakeningtouch.ca\\\/wp-content\\\/uploads\\\/2022\\\/11\\\/eagle-smudge-bowl-L.jpg\",\"datePublished\":\"2022-11-12T19:29:31+00:00\",\"dateModified\":\"2024-05-07T16:38:04+00:00\",\"description\":\"La fumigation est le nettoyage de l\u2019\u00e9nergie et de l\u2019espace avec de l\u2019encens de plantes sacr\u00e9es.Cette technique est utilis\u00e9e au d\u00e9but d\u2019un rituel ou d\u2019une c\u00e9r\u00e9monie pour \u00e9liminer l\u2019\u00e9nergie n\u00e9gative et cr\u00e9er un espace sacr\u00e9.\",\"breadcrumb\":{\"@id\":\"https:\\\/\\\/awakeningtouch.ca\\\/fr\\\/produit\\\/bol-de-fumigation-aigle-l\\\/#breadcrumb\"},\"inLanguage\":\"fr-FR\",\"potentialAction\":[{\"@type\":\"ReadAction\",\"target\":[\"https:\\\/\\\/awakeningtouch.ca\\\/fr\\\/produit\\\/bol-de-fumigation-aigle-l\\\/\"]}]},{\"@type\":\"ImageObject\",\"inLanguage\":\"fr-FR\",\"@id\":\"https:\\\/\\\/awakeningtouch.ca\\\/fr\\\/produit\\\/bol-de-fumigation-aigle-l\\\/#primaryimage\",\"url\":\"https:\\\/\\\/awakeningtouch.ca\\\/wp-content\\\/uploads\\\/2022\\\/11\\\/eagle-smudge-bowl-L.jpg\",\"contentUrl\":\"https:\\\/\\\/awakeningtouch.ca\\\/wp-content\\\/uploads\\\/2022\\\/11\\\/eagle-smudge-bowl-L.jpg\",\"width\":1500,\"height\":1500},{\"@type\":\"BreadcrumbList\",\"@id\":\"https:\\\/\\\/awakeningtouch.ca\\\/fr\\\/produit\\\/bol-de-fumigation-aigle-l\\\/#breadcrumb\",\"itemListElement\":[{\"@type\":\"ListItem\",\"position\":1,\"name\":\"Accueil\",\"item\":\"https:\\\/\\\/awakeningtouch.ca\\\/fr\\\/\"},{\"@type\":\"ListItem\",\"position\":2,\"name\":\"Boutique\",\"item\":\"https:\\\/\\\/awakeningtouch.ca\\\/fr\\\/boutique\\\/\"},{\"@type\":\"ListItem\",\"position\":3,\"name\":\"Bol de fumigation &#8211; aigle\"}]},{\"@type\":\"WebSite\",\"@id\":\"https:\\\/\\\/awakeningtouch.ca\\\/fr\\\/#website\",\"url\":\"https:\\\/\\\/awakeningtouch.ca\\\/fr\\\/\",\"name\":\"Awakening Touch\",\"description\":\"\",\"potentialAction\":[{\"@type\":\"SearchAction\",\"target\":{\"@type\":\"EntryPoint\",\"urlTemplate\":\"https:\\\/\\\/awakeningtouch.ca\\\/fr\\\/?s={search_term_string}\"},\"query-input\":{\"@type\":\"PropertyValueSpecification\",\"valueRequired\":true,\"valueName\":\"search_term_string\"}}],\"inLanguage\":\"fr-FR\"}]}<\/script>\n<!-- \/ Yoast SEO plugin. -->","yoast_head_json":{"title":"Bol de fumigation - aigle - Awakening Touch","description":"La fumigation est le nettoyage de l\u2019\u00e9nergie et de l\u2019espace avec de l\u2019encens de plantes sacr\u00e9es.Cette technique est utilis\u00e9e au d\u00e9but d\u2019un rituel ou d\u2019une c\u00e9r\u00e9monie pour \u00e9liminer l\u2019\u00e9nergie n\u00e9gative et cr\u00e9er un espace sacr\u00e9.","robots":{"index":"index","follow":"follow","max-snippet":"max-snippet:-1","max-image-preview":"max-image-preview:large","max-video-preview":"max-video-preview:-1"},"canonical":"https:\/\/awakeningtouch.ca\/fr\/produit\/bol-de-fumigation-aigle-l\/","og_locale":"fr_FR","og_type":"article","og_title":"Bol de fumigation \u2013 aigle","og_description":"La fumigation est le nettoyage de l\u2019\u00e9nergie et de l\u2019espace avec de l\u2019encens de plantes sacr\u00e9es.Cette technique est utilis\u00e9e au d\u00e9but d\u2019un rituel ou d\u2019une c\u00e9r\u00e9monie pour \u00e9liminer l\u2019\u00e9nergie n\u00e9gative et cr\u00e9er un espace sacr\u00e9.","og_url":"https:\/\/awakeningtouch.ca\/fr\/produit\/bol-de-fumigation-aigle-l\/","og_site_name":"Awakening Touch","article_modified_time":"2024-05-07T16:38:04+00:00","og_image":[{"width":1500,"height":1500,"url":"https:\/\/awakeningtouch.ca\/wp-content\/uploads\/2022\/11\/eagle-smudge-bowl-L.jpg","type":"image\/jpeg"}],"twitter_card":"summary_large_image","twitter_misc":{"Dur\u00e9e de lecture estim\u00e9e":"1 minute"},"schema":{"@context":"https:\/\/schema.org","@graph":[{"@type":"WebPage","@id":"https:\/\/awakeningtouch.ca\/fr\/produit\/bol-de-fumigation-aigle-l\/","url":"https:\/\/awakeningtouch.ca\/fr\/produit\/bol-de-fumigation-aigle-l\/","name":"Bol de fumigation - aigle - Awakening Touch","isPartOf":{"@id":"https:\/\/awakeningtouch.ca\/fr\/#website"},"primaryImageOfPage":{"@id":"https:\/\/awakeningtouch.ca\/fr\/produit\/bol-de-fumigation-aigle-l\/#primaryimage"},"image":{"@id":"https:\/\/awakeningtouch.ca\/fr\/produit\/bol-de-fumigation-aigle-l\/#primaryimage"},"thumbnailUrl":"https:\/\/awakeningtouch.ca\/wp-content\/uploads\/2022\/11\/eagle-smudge-bowl-L.jpg","datePublished":"2022-11-12T19:29:31+00:00","dateModified":"2024-05-07T16:38:04+00:00","description":"La fumigation est le nettoyage de l\u2019\u00e9nergie et de l\u2019espace avec de l\u2019encens de plantes sacr\u00e9es.Cette technique est utilis\u00e9e au d\u00e9but d\u2019un rituel ou d\u2019une c\u00e9r\u00e9monie pour \u00e9liminer l\u2019\u00e9nergie n\u00e9gative et cr\u00e9er un espace sacr\u00e9.","breadcrumb":{"@id":"https:\/\/awakeningtouch.ca\/fr\/produit\/bol-de-fumigation-aigle-l\/#breadcrumb"},"inLanguage":"fr-FR","potentialAction":[{"@type":"ReadAction","target":["https:\/\/awakeningtouch.ca\/fr\/produit\/bol-de-fumigation-aigle-l\/"]}]},{"@type":"ImageObject","inLanguage":"fr-FR","@id":"https:\/\/awakeningtouch.ca\/fr\/produit\/bol-de-fumigation-aigle-l\/#primaryimage","url":"https:\/\/awakeningtouch.ca\/wp-content\/uploads\/2022\/11\/eagle-smudge-bowl-L.jpg","contentUrl":"https:\/\/awakeningtouch.ca\/wp-content\/uploads\/2022\/11\/eagle-smudge-bowl-L.jpg","width":1500,"height":1500},{"@type":"BreadcrumbList","@id":"https:\/\/awakeningtouch.ca\/fr\/produit\/bol-de-fumigation-aigle-l\/#breadcrumb","itemListElement":[{"@type":"ListItem","position":1,"name":"Accueil","item":"https:\/\/awakeningtouch.ca\/fr\/"},{"@type":"ListItem","position":2,"name":"Boutique","item":"https:\/\/awakeningtouch.ca\/fr\/boutique\/"},{"@type":"ListItem","position":3,"name":"Bol de fumigation &#8211; aigle"}]},{"@type":"WebSite","@id":"https:\/\/awakeningtouch.ca\/fr\/#website","url":"https:\/\/awakeningtouch.ca\/fr\/","name":"Awakening Touch","description":"","potentialAction":[{"@type":"SearchAction","target":{"@type":"EntryPoint","urlTemplate":"https:\/\/awakeningtouch.ca\/fr\/?s={search_term_string}"},"query-input":{"@type":"PropertyValueSpecification","valueRequired":true,"valueName":"search_term_string"}}],"inLanguage":"fr-FR"}]}},"_links":{"self":[{"href":"https:\/\/awakeningtouch.ca\/fr\/wp-json\/wp\/v2\/product\/5497","targetHints":{"allow":["GET"]}}],"collection":[{"href":"https:\/\/awakeningtouch.ca\/fr\/wp-json\/wp\/v2\/product"}],"about":[{"href":"https:\/\/awakeningtouch.ca\/fr\/wp-json\/wp\/v2\/types\/product"}],"replies":[{"embeddable":true,"href":"https:\/\/awakeningtouch.ca\/fr\/wp-json\/wp\/v2\/comments?post=5497"}],"wp:featuredmedia":[{"embeddable":true,"href":"https:\/\/awakeningtouch.ca\/fr\/wp-json\/wp\/v2\/media\/9656"}],"wp:attachment":[{"href":"https:\/\/awakeningtouch.ca\/fr\/wp-json\/wp\/v2\/media?parent=5497"}],"wp:term":[{"taxonomy":"product_brand","embeddable":true,"href":"https:\/\/awakeningtouch.ca\/fr\/wp-json\/wp\/v2\/product_brand?post=5497"},{"taxonomy":"product_cat","embeddable":true,"href":"https:\/\/awakeningtouch.ca\/fr\/wp-json\/wp\/v2\/product_cat?post=5497"},{"taxonomy":"product_tag","embeddable":true,"href":"https:\/\/awakeningtouch.ca\/fr\/wp-json\/wp\/v2\/product_tag?post=5497"}],"curies":[{"name":"wp","href":"https:\/\/api.w.org\/{rel}","templated":true}]}}