{"id":5415,"date":"2022-11-01T13:07:36","date_gmt":"2022-11-01T17:07:36","guid":{"rendered":"https:\/\/awakeningtouch.ca\/?post_type=product&#038;p=5415"},"modified":"2025-11-21T11:36:51","modified_gmt":"2025-11-21T16:36:51","slug":"assiette-a-offrande-copy-3","status":"publish","type":"product","link":"https:\/\/awakeningtouch.ca\/fr\/produit\/assiette-a-offrande-copy-3\/","title":{"rendered":"Chaudron triple d\u00e9esse"},"content":{"rendered":"<p>Un chaudron en c\u00e9ramique fait main arborant le symbole de la Triple D\u00e9esse, un compagnon d&rsquo;autel pour la transformation, l&rsquo;ancrage et la cr\u00e9ation sacr\u00e9e. Con\u00e7u pour contenir des herbes, des intentions ou du feu, il devient un r\u00e9ceptacle pour vos rituels et la magie cyclique du divin f\u00e9minin.<\/p>\n<p>La Triple D\u00e9esse &#8211; Jeune Fille, M\u00e8re, Vieille Femme &#8211; incarne le rythme \u00e9ternel de la naissance, de la croissance, de la lib\u00e9ration et du renouveau. Elle nous rappelle la sagesse inh\u00e9rente \u00e0 chaque phase de la vie et le pouvoir de s&rsquo;aligner sur nos propres cycles, notre intuition et notre connaissance int\u00e9rieure.<\/p>\n<blockquote><p><span lang=\"EN-CA\">\u00ab\u00a0Les objets rituels supportent l\u2019espace de c\u00e9r\u00e9monie, au quotidien ou pour des passages sp\u00e9cifiques comme les solstices et \u00e9quinoxes. Tous sont fabriqu\u00e9s \u00e0 la main, avec des mat\u00e9riaux provenant de fournisseurs locaux et internationaux qui partagent nos valeurs. Une communication est \u00e9tablie avec chaque objet dans le processus de cr\u00e9ation, ce qui lui conf\u00e8re un caract\u00e8re sacr\u00e9 en plus d\u2019en faire son unicit\u00e9.\u00a0\u00bb\u00a0<\/span>Gita<\/p><\/blockquote>\n<p><strong>FAIT \u00c0 LA MAIN<\/strong><\/p>\n<p><strong>Compl\u00e9tez votre commande\u00a0<\/strong><b>avec une statue d\u00e9esse, des masque arch\u00e9types, un porte-encens, un porte-chandelles ou encore un sac m\u00e9decine.<\/b><\/p>\n","protected":false},"excerpt":{"rendered":"<p>Apportez le f\u00e9minin sacr\u00e9 \u00e0 vos rituels<\/p>\n","protected":false},"featured_media":14009,"comment_status":"open","ping_status":"closed","template":"","meta":{"_et_pb_use_builder":"","_et_pb_old_content":"","_et_gb_content_width":"","_monsterinsights_skip_tracking":false,"_monsterinsights_sitenote_active":false,"_monsterinsights_sitenote_note":"","_monsterinsights_sitenote_category":0},"product_brand":[],"product_cat":[3201,87],"product_tag":[],"class_list":{"0":"post-5415","1":"product","2":"type-product","3":"status-publish","4":"has-post-thumbnail","6":"product_cat-chaudrons","7":"product_cat-objets-rituels","9":"first","10":"instock","11":"sold-individually","12":"taxable","13":"shipping-taxable","14":"purchasable","15":"product-type-simple"},"yoast_head":"<!-- This site is optimized with the Yoast SEO plugin v27.4 - https:\/\/yoast.com\/product\/yoast-seo-wordpress\/ -->\n<title>Chaudron triple d\u00e9esse - Awakening Touch<\/title>\n<meta name=\"robots\" content=\"index, follow, max-snippet:-1, max-image-preview:large, max-video-preview:-1\" \/>\n<link rel=\"canonical\" href=\"https:\/\/awakeningtouch.ca\/fr\/produit\/assiette-a-offrande-copy-3\/\" \/>\n<meta property=\"og:locale\" content=\"fr_FR\" \/>\n<meta property=\"og:type\" content=\"article\" \/>\n<meta property=\"og:title\" content=\"Chaudron triple d\u00e9esse\" \/>\n<meta property=\"og:description\" content=\"Un chaudron en c\u00e9ramique fait main arborant le symbole de la Triple D\u00e9esse, un compagnon d&#039;autel pour la transformation, l&#039;ancrage et la cr\u00e9ation sacr\u00e9e. Con\u00e7u pour contenir des herbes, des intentions ou du feu, il devient un r\u00e9ceptacle pour vos rituels et la magie cyclique du divin f\u00e9minin.\" \/>\n<meta property=\"og:url\" content=\"https:\/\/awakeningtouch.ca\/fr\/produit\/assiette-a-offrande-copy-3\/\" \/>\n<meta property=\"og:site_name\" content=\"Awakening Touch\" \/>\n<meta property=\"article:modified_time\" content=\"2025-11-21T16:36:51+00:00\" \/>\n<meta property=\"og:image\" content=\"https:\/\/awakeningtouch.ca\/wp-content\/uploads\/2022\/11\/cauldron-ceramic-awakening-touch-2-scaled-e1763742665945.jpg\" \/>\n\t<meta property=\"og:image:width\" content=\"2560\" \/>\n\t<meta property=\"og:image:height\" content=\"2560\" \/>\n\t<meta property=\"og:image:type\" content=\"image\/jpeg\" \/>\n<meta name=\"twitter:card\" content=\"summary_large_image\" \/>\n<meta name=\"twitter:label1\" content=\"Dur\u00e9e de lecture estim\u00e9e\" \/>\n\t<meta name=\"twitter:data1\" content=\"1 minute\" \/>\n<script type=\"application\/ld+json\" class=\"yoast-schema-graph\">{\"@context\":\"https:\\\/\\\/schema.org\",\"@graph\":[{\"@type\":\"WebPage\",\"@id\":\"https:\\\/\\\/awakeningtouch.ca\\\/fr\\\/produit\\\/assiette-a-offrande-copy-3\\\/\",\"url\":\"https:\\\/\\\/awakeningtouch.ca\\\/fr\\\/produit\\\/assiette-a-offrande-copy-3\\\/\",\"name\":\"Chaudron triple d\u00e9esse - Awakening Touch\",\"isPartOf\":{\"@id\":\"https:\\\/\\\/awakeningtouch.ca\\\/fr\\\/#website\"},\"primaryImageOfPage\":{\"@id\":\"https:\\\/\\\/awakeningtouch.ca\\\/fr\\\/produit\\\/assiette-a-offrande-copy-3\\\/#primaryimage\"},\"image\":{\"@id\":\"https:\\\/\\\/awakeningtouch.ca\\\/fr\\\/produit\\\/assiette-a-offrande-copy-3\\\/#primaryimage\"},\"thumbnailUrl\":\"https:\\\/\\\/awakeningtouch.ca\\\/wp-content\\\/uploads\\\/2022\\\/11\\\/cauldron-ceramic-awakening-touch-2-scaled-e1763742665945.jpg\",\"datePublished\":\"2022-11-01T17:07:36+00:00\",\"dateModified\":\"2025-11-21T16:36:51+00:00\",\"breadcrumb\":{\"@id\":\"https:\\\/\\\/awakeningtouch.ca\\\/fr\\\/produit\\\/assiette-a-offrande-copy-3\\\/#breadcrumb\"},\"inLanguage\":\"fr-FR\",\"potentialAction\":[{\"@type\":\"ReadAction\",\"target\":[\"https:\\\/\\\/awakeningtouch.ca\\\/fr\\\/produit\\\/assiette-a-offrande-copy-3\\\/\"]}]},{\"@type\":\"ImageObject\",\"inLanguage\":\"fr-FR\",\"@id\":\"https:\\\/\\\/awakeningtouch.ca\\\/fr\\\/produit\\\/assiette-a-offrande-copy-3\\\/#primaryimage\",\"url\":\"https:\\\/\\\/awakeningtouch.ca\\\/wp-content\\\/uploads\\\/2022\\\/11\\\/cauldron-ceramic-awakening-touch-2-scaled-e1763742665945.jpg\",\"contentUrl\":\"https:\\\/\\\/awakeningtouch.ca\\\/wp-content\\\/uploads\\\/2022\\\/11\\\/cauldron-ceramic-awakening-touch-2-scaled-e1763742665945.jpg\",\"width\":2560,\"height\":2560},{\"@type\":\"BreadcrumbList\",\"@id\":\"https:\\\/\\\/awakeningtouch.ca\\\/fr\\\/produit\\\/assiette-a-offrande-copy-3\\\/#breadcrumb\",\"itemListElement\":[{\"@type\":\"ListItem\",\"position\":1,\"name\":\"Accueil\",\"item\":\"https:\\\/\\\/awakeningtouch.ca\\\/fr\\\/\"},{\"@type\":\"ListItem\",\"position\":2,\"name\":\"Boutique\",\"item\":\"https:\\\/\\\/awakeningtouch.ca\\\/fr\\\/boutique\\\/\"},{\"@type\":\"ListItem\",\"position\":3,\"name\":\"Chaudron triple d\u00e9esse\"}]},{\"@type\":\"WebSite\",\"@id\":\"https:\\\/\\\/awakeningtouch.ca\\\/fr\\\/#website\",\"url\":\"https:\\\/\\\/awakeningtouch.ca\\\/fr\\\/\",\"name\":\"Awakening Touch\",\"description\":\"\",\"potentialAction\":[{\"@type\":\"SearchAction\",\"target\":{\"@type\":\"EntryPoint\",\"urlTemplate\":\"https:\\\/\\\/awakeningtouch.ca\\\/fr\\\/?s={search_term_string}\"},\"query-input\":{\"@type\":\"PropertyValueSpecification\",\"valueRequired\":true,\"valueName\":\"search_term_string\"}}],\"inLanguage\":\"fr-FR\"}]}<\/script>\n<!-- \/ Yoast SEO plugin. -->","yoast_head_json":{"title":"Chaudron triple d\u00e9esse - Awakening Touch","robots":{"index":"index","follow":"follow","max-snippet":"max-snippet:-1","max-image-preview":"max-image-preview:large","max-video-preview":"max-video-preview:-1"},"canonical":"https:\/\/awakeningtouch.ca\/fr\/produit\/assiette-a-offrande-copy-3\/","og_locale":"fr_FR","og_type":"article","og_title":"Chaudron triple d\u00e9esse","og_description":"Un chaudron en c\u00e9ramique fait main arborant le symbole de la Triple D\u00e9esse, un compagnon d'autel pour la transformation, l'ancrage et la cr\u00e9ation sacr\u00e9e. Con\u00e7u pour contenir des herbes, des intentions ou du feu, il devient un r\u00e9ceptacle pour vos rituels et la magie cyclique du divin f\u00e9minin.","og_url":"https:\/\/awakeningtouch.ca\/fr\/produit\/assiette-a-offrande-copy-3\/","og_site_name":"Awakening Touch","article_modified_time":"2025-11-21T16:36:51+00:00","og_image":[{"width":2560,"height":2560,"url":"https:\/\/awakeningtouch.ca\/wp-content\/uploads\/2022\/11\/cauldron-ceramic-awakening-touch-2-scaled-e1763742665945.jpg","type":"image\/jpeg"}],"twitter_card":"summary_large_image","twitter_misc":{"Dur\u00e9e de lecture estim\u00e9e":"1 minute"},"schema":{"@context":"https:\/\/schema.org","@graph":[{"@type":"WebPage","@id":"https:\/\/awakeningtouch.ca\/fr\/produit\/assiette-a-offrande-copy-3\/","url":"https:\/\/awakeningtouch.ca\/fr\/produit\/assiette-a-offrande-copy-3\/","name":"Chaudron triple d\u00e9esse - Awakening Touch","isPartOf":{"@id":"https:\/\/awakeningtouch.ca\/fr\/#website"},"primaryImageOfPage":{"@id":"https:\/\/awakeningtouch.ca\/fr\/produit\/assiette-a-offrande-copy-3\/#primaryimage"},"image":{"@id":"https:\/\/awakeningtouch.ca\/fr\/produit\/assiette-a-offrande-copy-3\/#primaryimage"},"thumbnailUrl":"https:\/\/awakeningtouch.ca\/wp-content\/uploads\/2022\/11\/cauldron-ceramic-awakening-touch-2-scaled-e1763742665945.jpg","datePublished":"2022-11-01T17:07:36+00:00","dateModified":"2025-11-21T16:36:51+00:00","breadcrumb":{"@id":"https:\/\/awakeningtouch.ca\/fr\/produit\/assiette-a-offrande-copy-3\/#breadcrumb"},"inLanguage":"fr-FR","potentialAction":[{"@type":"ReadAction","target":["https:\/\/awakeningtouch.ca\/fr\/produit\/assiette-a-offrande-copy-3\/"]}]},{"@type":"ImageObject","inLanguage":"fr-FR","@id":"https:\/\/awakeningtouch.ca\/fr\/produit\/assiette-a-offrande-copy-3\/#primaryimage","url":"https:\/\/awakeningtouch.ca\/wp-content\/uploads\/2022\/11\/cauldron-ceramic-awakening-touch-2-scaled-e1763742665945.jpg","contentUrl":"https:\/\/awakeningtouch.ca\/wp-content\/uploads\/2022\/11\/cauldron-ceramic-awakening-touch-2-scaled-e1763742665945.jpg","width":2560,"height":2560},{"@type":"BreadcrumbList","@id":"https:\/\/awakeningtouch.ca\/fr\/produit\/assiette-a-offrande-copy-3\/#breadcrumb","itemListElement":[{"@type":"ListItem","position":1,"name":"Accueil","item":"https:\/\/awakeningtouch.ca\/fr\/"},{"@type":"ListItem","position":2,"name":"Boutique","item":"https:\/\/awakeningtouch.ca\/fr\/boutique\/"},{"@type":"ListItem","position":3,"name":"Chaudron triple d\u00e9esse"}]},{"@type":"WebSite","@id":"https:\/\/awakeningtouch.ca\/fr\/#website","url":"https:\/\/awakeningtouch.ca\/fr\/","name":"Awakening Touch","description":"","potentialAction":[{"@type":"SearchAction","target":{"@type":"EntryPoint","urlTemplate":"https:\/\/awakeningtouch.ca\/fr\/?s={search_term_string}"},"query-input":{"@type":"PropertyValueSpecification","valueRequired":true,"valueName":"search_term_string"}}],"inLanguage":"fr-FR"}]}},"_links":{"self":[{"href":"https:\/\/awakeningtouch.ca\/fr\/wp-json\/wp\/v2\/product\/5415","targetHints":{"allow":["GET"]}}],"collection":[{"href":"https:\/\/awakeningtouch.ca\/fr\/wp-json\/wp\/v2\/product"}],"about":[{"href":"https:\/\/awakeningtouch.ca\/fr\/wp-json\/wp\/v2\/types\/product"}],"replies":[{"embeddable":true,"href":"https:\/\/awakeningtouch.ca\/fr\/wp-json\/wp\/v2\/comments?post=5415"}],"wp:featuredmedia":[{"embeddable":true,"href":"https:\/\/awakeningtouch.ca\/fr\/wp-json\/wp\/v2\/media\/14009"}],"wp:attachment":[{"href":"https:\/\/awakeningtouch.ca\/fr\/wp-json\/wp\/v2\/media?parent=5415"}],"wp:term":[{"taxonomy":"product_brand","embeddable":true,"href":"https:\/\/awakeningtouch.ca\/fr\/wp-json\/wp\/v2\/product_brand?post=5415"},{"taxonomy":"product_cat","embeddable":true,"href":"https:\/\/awakeningtouch.ca\/fr\/wp-json\/wp\/v2\/product_cat?post=5415"},{"taxonomy":"product_tag","embeddable":true,"href":"https:\/\/awakeningtouch.ca\/fr\/wp-json\/wp\/v2\/product_tag?post=5415"}],"curies":[{"name":"wp","href":"https:\/\/api.w.org\/{rel}","templated":true}]}}