{"id":5206,"date":"2022-10-27T18:53:20","date_gmt":"2022-10-27T22:53:20","guid":{"rendered":"https:\/\/awakeningtouch.ca\/?post_type=product&#038;p=5206"},"modified":"2025-11-21T16:15:21","modified_gmt":"2025-11-21T21:15:21","slug":"masque-archetype-la-catrina-2","status":"publish","type":"product","link":"https:\/\/awakeningtouch.ca\/fr\/produit\/masque-archetype-la-catrina-2\/","title":{"rendered":"Masque arch\u00e9type \u2013 La Catrina"},"content":{"rendered":"<p>Un masque spirituel en c\u00e9ramique fabriqu\u00e9 \u00e0 la main, impr\u00e9gn\u00e9 de l&rsquo;\u00e9nergie ancestrale et vibrante de La Catrina, cr\u00e9\u00e9 pour apporter une pr\u00e9sence puissante \u00e0 votre autel ou \u00e0 votre espace sacr\u00e9. Elle incarne le souvenir, l&rsquo;honneur et la sagesse joyeuse de ceux qui nous accompagnent depuis l&rsquo;au-del\u00e0.<\/p>\n<p>La Catrina porte en elle le rem\u00e8de de la connexion ancestrale, de la transformation et de la c\u00e9l\u00e9bration de la vie tiss\u00e9e \u00e0 travers la mort. Son esprit vous invite \u00e0 honorer votre lign\u00e9e, \u00e0 embrasser les cycles du changement et \u00e0 vous \u00e9panouir dans la beaut\u00e9 de ce que vous \u00eates en train de devenir. Ce masque devient une porte d&rsquo;entr\u00e9e vers la r\u00e9flexion, la gratitude et la communion avec l&rsquo;invisible.<\/p>\n<p><span lang=\"EN-CA\">Ce masque vous permettra d\u2019apporter la pr\u00e9sence de son \u00e9nergie dans vos rituels et votre espace sacr\u00e9, de garder l\u2019entr\u00e9e de votre maison ou de d\u00e9corer vos espaces ext\u00e9rieurs.<\/span><\/p>\n<blockquote><p><span lang=\"EN-CA\">\u00ab\u00a0Les objets rituels supportent l\u2019espace de c\u00e9r\u00e9monie, au quotidien ou pour des passages sp\u00e9cifiques comme les solstices et \u00e9quinoxes. Tous sont fabriqu\u00e9s \u00e0 la main, avec des mat\u00e9riaux provenant de fournisseurs locaux et internationaux qui partagent nos valeurs. Une communication est \u00e9tablie avec chaque objet dans le processus de cr\u00e9ation, ce qui lui conf\u00e8re un caract\u00e8re sacr\u00e9 en plus d\u2019en faire son unicit\u00e9.\u00a0\u00bb\u00a0<\/span>Gita<\/p><\/blockquote>\n<p><strong>FAIT \u00c0 LA MAIN<\/strong><\/p>\n<p><strong>Compl\u00e9tez votre commande\u00a0<\/strong><b>avec une statue d\u00e9esse, une assiette \u00e0 offrande, un porte-encens, un porte-chandelles ou encore un sac m\u00e9decine.<\/b><\/p>\n<p>&nbsp;<\/p>\n","protected":false},"excerpt":{"rendered":"<p>Apportez l\u2019\u00e9nergie de l\u2019esprit de la catrina dans votre espace sacr\u00e9<\/p>\n","protected":false},"featured_media":14106,"comment_status":"closed","ping_status":"closed","template":"","meta":{"_et_pb_use_builder":"","_et_pb_old_content":"","_et_gb_content_width":"","_monsterinsights_skip_tracking":false,"_monsterinsights_sitenote_active":false,"_monsterinsights_sitenote_note":"","_monsterinsights_sitenote_category":0},"product_brand":[],"product_cat":[88,87],"product_tag":[],"class_list":{"0":"post-5206","1":"product","2":"type-product","3":"status-publish","4":"has-post-thumbnail","6":"product_cat-masques-archetypes","7":"product_cat-objets-rituels","9":"first","10":"instock","11":"taxable","12":"shipping-taxable","13":"purchasable","14":"product-type-variable"},"yoast_head":"<!-- This site is optimized with the Yoast SEO plugin v27.5 - https:\/\/yoast.com\/product\/yoast-seo-wordpress\/ -->\n<title>Masque arch\u00e9type \u2013 La Catrina<\/title>\n<meta name=\"description\" content=\"Un masque spirituel en c\u00e9ramique fabriqu\u00e9 \u00e0 la main, impr\u00e9gn\u00e9 de l&#039;\u00e9nergie ancestrale et vibrante de La Catrina, cr\u00e9\u00e9 pour apporter une pr\u00e9sence puissante \u00e0 votre autel ou \u00e0 votre espace sacr\u00e9. Elle incarne le souvenir, l&#039;honneur et la sagesse joyeuse de ceux qui nous accompagnent depuis l&#039;au-del\u00e0.\" \/>\n<meta name=\"robots\" content=\"index, follow, max-snippet:-1, max-image-preview:large, max-video-preview:-1\" \/>\n<link rel=\"canonical\" href=\"https:\/\/awakeningtouch.ca\/fr\/produit\/masque-archetype-la-catrina-2\/\" \/>\n<meta property=\"og:locale\" content=\"fr_FR\" \/>\n<meta property=\"og:type\" content=\"article\" \/>\n<meta property=\"og:title\" content=\"Masque arch\u00e9type \u2013 La Catrina\" \/>\n<meta property=\"og:description\" content=\"Un masque spirituel en c\u00e9ramique fabriqu\u00e9 \u00e0 la main, impr\u00e9gn\u00e9 de l&#039;\u00e9nergie ancestrale et vibrante de La Catrina, cr\u00e9\u00e9 pour apporter une pr\u00e9sence puissante \u00e0 votre autel ou \u00e0 votre espace sacr\u00e9. Elle incarne le souvenir, l&#039;honneur et la sagesse joyeuse de ceux qui nous accompagnent depuis l&#039;au-del\u00e0.\" \/>\n<meta property=\"og:url\" content=\"https:\/\/awakeningtouch.ca\/fr\/produit\/masque-archetype-la-catrina-2\/\" \/>\n<meta property=\"og:site_name\" content=\"Awakening Touch\" \/>\n<meta property=\"article:modified_time\" content=\"2025-11-21T21:15:21+00:00\" \/>\n<meta property=\"og:image\" content=\"https:\/\/awakeningtouch.ca\/wp-content\/uploads\/2022\/10\/La-Caterian-spirit-mask-ceramic-awakening-touch-ritual-3.jpg\" \/>\n\t<meta property=\"og:image:width\" content=\"2000\" \/>\n\t<meta property=\"og:image:height\" content=\"2000\" \/>\n\t<meta property=\"og:image:type\" content=\"image\/jpeg\" \/>\n<meta name=\"twitter:card\" content=\"summary_large_image\" \/>\n<meta name=\"twitter:label1\" content=\"Dur\u00e9e de lecture estim\u00e9e\" \/>\n\t<meta name=\"twitter:data1\" content=\"1 minute\" \/>\n<script type=\"application\/ld+json\" class=\"yoast-schema-graph\">{\"@context\":\"https:\\\/\\\/schema.org\",\"@graph\":[{\"@type\":\"WebPage\",\"@id\":\"https:\\\/\\\/awakeningtouch.ca\\\/fr\\\/produit\\\/masque-archetype-la-catrina-2\\\/\",\"url\":\"https:\\\/\\\/awakeningtouch.ca\\\/fr\\\/produit\\\/masque-archetype-la-catrina-2\\\/\",\"name\":\"Masque arch\u00e9type \u2013 La Catrina\",\"isPartOf\":{\"@id\":\"https:\\\/\\\/awakeningtouch.ca\\\/fr\\\/#website\"},\"primaryImageOfPage\":{\"@id\":\"https:\\\/\\\/awakeningtouch.ca\\\/fr\\\/produit\\\/masque-archetype-la-catrina-2\\\/#primaryimage\"},\"image\":{\"@id\":\"https:\\\/\\\/awakeningtouch.ca\\\/fr\\\/produit\\\/masque-archetype-la-catrina-2\\\/#primaryimage\"},\"thumbnailUrl\":\"https:\\\/\\\/awakeningtouch.ca\\\/wp-content\\\/uploads\\\/2022\\\/10\\\/La-Caterian-spirit-mask-ceramic-awakening-touch-ritual-3.jpg\",\"datePublished\":\"2022-10-27T22:53:20+00:00\",\"dateModified\":\"2025-11-21T21:15:21+00:00\",\"description\":\"Un masque spirituel en c\u00e9ramique fabriqu\u00e9 \u00e0 la main, impr\u00e9gn\u00e9 de l'\u00e9nergie ancestrale et vibrante de La Catrina, cr\u00e9\u00e9 pour apporter une pr\u00e9sence puissante \u00e0 votre autel ou \u00e0 votre espace sacr\u00e9. Elle incarne le souvenir, l'honneur et la sagesse joyeuse de ceux qui nous accompagnent depuis l'au-del\u00e0.\",\"breadcrumb\":{\"@id\":\"https:\\\/\\\/awakeningtouch.ca\\\/fr\\\/produit\\\/masque-archetype-la-catrina-2\\\/#breadcrumb\"},\"inLanguage\":\"fr-FR\",\"potentialAction\":[{\"@type\":\"ReadAction\",\"target\":[\"https:\\\/\\\/awakeningtouch.ca\\\/fr\\\/produit\\\/masque-archetype-la-catrina-2\\\/\"]}]},{\"@type\":\"ImageObject\",\"inLanguage\":\"fr-FR\",\"@id\":\"https:\\\/\\\/awakeningtouch.ca\\\/fr\\\/produit\\\/masque-archetype-la-catrina-2\\\/#primaryimage\",\"url\":\"https:\\\/\\\/awakeningtouch.ca\\\/wp-content\\\/uploads\\\/2022\\\/10\\\/La-Caterian-spirit-mask-ceramic-awakening-touch-ritual-3.jpg\",\"contentUrl\":\"https:\\\/\\\/awakeningtouch.ca\\\/wp-content\\\/uploads\\\/2022\\\/10\\\/La-Caterian-spirit-mask-ceramic-awakening-touch-ritual-3.jpg\",\"width\":2000,\"height\":2000},{\"@type\":\"BreadcrumbList\",\"@id\":\"https:\\\/\\\/awakeningtouch.ca\\\/fr\\\/produit\\\/masque-archetype-la-catrina-2\\\/#breadcrumb\",\"itemListElement\":[{\"@type\":\"ListItem\",\"position\":1,\"name\":\"Accueil\",\"item\":\"https:\\\/\\\/awakeningtouch.ca\\\/fr\\\/\"},{\"@type\":\"ListItem\",\"position\":2,\"name\":\"Boutique\",\"item\":\"https:\\\/\\\/awakeningtouch.ca\\\/fr\\\/boutique\\\/\"},{\"@type\":\"ListItem\",\"position\":3,\"name\":\"Masque arch\u00e9type \u2013 La Catrina\"}]},{\"@type\":\"WebSite\",\"@id\":\"https:\\\/\\\/awakeningtouch.ca\\\/fr\\\/#website\",\"url\":\"https:\\\/\\\/awakeningtouch.ca\\\/fr\\\/\",\"name\":\"Awakening Touch\",\"description\":\"\",\"potentialAction\":[{\"@type\":\"SearchAction\",\"target\":{\"@type\":\"EntryPoint\",\"urlTemplate\":\"https:\\\/\\\/awakeningtouch.ca\\\/fr\\\/?s={search_term_string}\"},\"query-input\":{\"@type\":\"PropertyValueSpecification\",\"valueRequired\":true,\"valueName\":\"search_term_string\"}}],\"inLanguage\":\"fr-FR\"}]}<\/script>\n<!-- \/ Yoast SEO plugin. -->","yoast_head_json":{"title":"Masque arch\u00e9type \u2013 La Catrina","description":"Un masque spirituel en c\u00e9ramique fabriqu\u00e9 \u00e0 la main, impr\u00e9gn\u00e9 de l'\u00e9nergie ancestrale et vibrante de La Catrina, cr\u00e9\u00e9 pour apporter une pr\u00e9sence puissante \u00e0 votre autel ou \u00e0 votre espace sacr\u00e9. Elle incarne le souvenir, l'honneur et la sagesse joyeuse de ceux qui nous accompagnent depuis l'au-del\u00e0.","robots":{"index":"index","follow":"follow","max-snippet":"max-snippet:-1","max-image-preview":"max-image-preview:large","max-video-preview":"max-video-preview:-1"},"canonical":"https:\/\/awakeningtouch.ca\/fr\/produit\/masque-archetype-la-catrina-2\/","og_locale":"fr_FR","og_type":"article","og_title":"Masque arch\u00e9type \u2013 La Catrina","og_description":"Un masque spirituel en c\u00e9ramique fabriqu\u00e9 \u00e0 la main, impr\u00e9gn\u00e9 de l'\u00e9nergie ancestrale et vibrante de La Catrina, cr\u00e9\u00e9 pour apporter une pr\u00e9sence puissante \u00e0 votre autel ou \u00e0 votre espace sacr\u00e9. Elle incarne le souvenir, l'honneur et la sagesse joyeuse de ceux qui nous accompagnent depuis l'au-del\u00e0.","og_url":"https:\/\/awakeningtouch.ca\/fr\/produit\/masque-archetype-la-catrina-2\/","og_site_name":"Awakening Touch","article_modified_time":"2025-11-21T21:15:21+00:00","og_image":[{"width":2000,"height":2000,"url":"https:\/\/awakeningtouch.ca\/wp-content\/uploads\/2022\/10\/La-Caterian-spirit-mask-ceramic-awakening-touch-ritual-3.jpg","type":"image\/jpeg"}],"twitter_card":"summary_large_image","twitter_misc":{"Dur\u00e9e de lecture estim\u00e9e":"1 minute"},"schema":{"@context":"https:\/\/schema.org","@graph":[{"@type":"WebPage","@id":"https:\/\/awakeningtouch.ca\/fr\/produit\/masque-archetype-la-catrina-2\/","url":"https:\/\/awakeningtouch.ca\/fr\/produit\/masque-archetype-la-catrina-2\/","name":"Masque arch\u00e9type \u2013 La Catrina","isPartOf":{"@id":"https:\/\/awakeningtouch.ca\/fr\/#website"},"primaryImageOfPage":{"@id":"https:\/\/awakeningtouch.ca\/fr\/produit\/masque-archetype-la-catrina-2\/#primaryimage"},"image":{"@id":"https:\/\/awakeningtouch.ca\/fr\/produit\/masque-archetype-la-catrina-2\/#primaryimage"},"thumbnailUrl":"https:\/\/awakeningtouch.ca\/wp-content\/uploads\/2022\/10\/La-Caterian-spirit-mask-ceramic-awakening-touch-ritual-3.jpg","datePublished":"2022-10-27T22:53:20+00:00","dateModified":"2025-11-21T21:15:21+00:00","description":"Un masque spirituel en c\u00e9ramique fabriqu\u00e9 \u00e0 la main, impr\u00e9gn\u00e9 de l'\u00e9nergie ancestrale et vibrante de La Catrina, cr\u00e9\u00e9 pour apporter une pr\u00e9sence puissante \u00e0 votre autel ou \u00e0 votre espace sacr\u00e9. Elle incarne le souvenir, l'honneur et la sagesse joyeuse de ceux qui nous accompagnent depuis l'au-del\u00e0.","breadcrumb":{"@id":"https:\/\/awakeningtouch.ca\/fr\/produit\/masque-archetype-la-catrina-2\/#breadcrumb"},"inLanguage":"fr-FR","potentialAction":[{"@type":"ReadAction","target":["https:\/\/awakeningtouch.ca\/fr\/produit\/masque-archetype-la-catrina-2\/"]}]},{"@type":"ImageObject","inLanguage":"fr-FR","@id":"https:\/\/awakeningtouch.ca\/fr\/produit\/masque-archetype-la-catrina-2\/#primaryimage","url":"https:\/\/awakeningtouch.ca\/wp-content\/uploads\/2022\/10\/La-Caterian-spirit-mask-ceramic-awakening-touch-ritual-3.jpg","contentUrl":"https:\/\/awakeningtouch.ca\/wp-content\/uploads\/2022\/10\/La-Caterian-spirit-mask-ceramic-awakening-touch-ritual-3.jpg","width":2000,"height":2000},{"@type":"BreadcrumbList","@id":"https:\/\/awakeningtouch.ca\/fr\/produit\/masque-archetype-la-catrina-2\/#breadcrumb","itemListElement":[{"@type":"ListItem","position":1,"name":"Accueil","item":"https:\/\/awakeningtouch.ca\/fr\/"},{"@type":"ListItem","position":2,"name":"Boutique","item":"https:\/\/awakeningtouch.ca\/fr\/boutique\/"},{"@type":"ListItem","position":3,"name":"Masque arch\u00e9type \u2013 La Catrina"}]},{"@type":"WebSite","@id":"https:\/\/awakeningtouch.ca\/fr\/#website","url":"https:\/\/awakeningtouch.ca\/fr\/","name":"Awakening Touch","description":"","potentialAction":[{"@type":"SearchAction","target":{"@type":"EntryPoint","urlTemplate":"https:\/\/awakeningtouch.ca\/fr\/?s={search_term_string}"},"query-input":{"@type":"PropertyValueSpecification","valueRequired":true,"valueName":"search_term_string"}}],"inLanguage":"fr-FR"}]}},"_links":{"self":[{"href":"https:\/\/awakeningtouch.ca\/fr\/wp-json\/wp\/v2\/product\/5206","targetHints":{"allow":["GET"]}}],"collection":[{"href":"https:\/\/awakeningtouch.ca\/fr\/wp-json\/wp\/v2\/product"}],"about":[{"href":"https:\/\/awakeningtouch.ca\/fr\/wp-json\/wp\/v2\/types\/product"}],"replies":[{"embeddable":true,"href":"https:\/\/awakeningtouch.ca\/fr\/wp-json\/wp\/v2\/comments?post=5206"}],"wp:featuredmedia":[{"embeddable":true,"href":"https:\/\/awakeningtouch.ca\/fr\/wp-json\/wp\/v2\/media\/14106"}],"wp:attachment":[{"href":"https:\/\/awakeningtouch.ca\/fr\/wp-json\/wp\/v2\/media?parent=5206"}],"wp:term":[{"taxonomy":"product_brand","embeddable":true,"href":"https:\/\/awakeningtouch.ca\/fr\/wp-json\/wp\/v2\/product_brand?post=5206"},{"taxonomy":"product_cat","embeddable":true,"href":"https:\/\/awakeningtouch.ca\/fr\/wp-json\/wp\/v2\/product_cat?post=5206"},{"taxonomy":"product_tag","embeddable":true,"href":"https:\/\/awakeningtouch.ca\/fr\/wp-json\/wp\/v2\/product_tag?post=5206"}],"curies":[{"name":"wp","href":"https:\/\/api.w.org\/{rel}","templated":true}]}}