{"id":4844,"date":"2022-09-06T11:39:16","date_gmt":"2022-09-06T15:39:16","guid":{"rendered":"https:\/\/awakeningtouch.ca\/?post_type=product&#038;p=4844"},"modified":"2025-09-16T21:10:30","modified_gmt":"2025-09-17T01:10:30","slug":"onguent-beurre-de-karite-millpertuis-copy","status":"publish","type":"product","link":"https:\/\/awakeningtouch.ca\/fr\/produit\/onguent-beurre-de-karite-millpertuis-copy\/","title":{"rendered":"Onguent \u00e0 la rose et \u00e0 la m\u00e9lisse"},"content":{"rendered":"<p>Nous avons utilis\u00e9 deux de nos h\u00e9ros pr\u00e9f\u00e9r\u00e9s pour cr\u00e9er cet onguent simple mais puissant.<\/p>\n<p>La fleur de rose et la m\u00e9lisse mac\u00e9r\u00e9es dans de l&rsquo;huile de tournesol et d&rsquo;olive pour cr\u00e9er un baume corporel apaisant et nourrissant.<\/p>\n<p>Dans le monde de la communaut\u00e9 des sorci\u00e8res vertes, la m\u00e9lisse est connue comme l&rsquo;\u00e9lixir de jeunesse.<\/p>\n<p>Avantage<\/p>\n<ul>\n<li>Prot\u00e8ge l&rsquo;hydratation de la peau, favorise la cicatrisation des plaies et est anti-inflammatoire.<\/li>\n<li>La rose et la m\u00e9lisse sont connues pour \u00e9liminer le stress et l&rsquo;anxi\u00e9t\u00e9<\/li>\n<li>L&rsquo;huile d&rsquo;olive est un hydratant riche et puissant pour tous les types de peau<br \/>\nr\u00e9pare les coupures et les ecchymoses<\/li>\n<li>Prot\u00e8ge la peau contre le dess\u00e8chement<\/li>\n<\/ul>\n<blockquote><p>\u00a0\u00bbDans la m\u00e9decine ayurv\u00e9dique, l&rsquo;huile est utilis\u00e9e pour prot\u00e9ger le corps des effets du changement de saison de l&rsquo;automne. Le vent et le changement de saison d\u00e9stabilisent l&rsquo;\u00e9l\u00e9ment vatta. Un \u00e9l\u00e9ment vatta d\u00e9s\u00e9quilibr\u00e9 est souvent la cause qui favorise les grippes et les rhumes. C&rsquo;est pourquoi on accorde beaucoup d&rsquo;attention \u00e0 l&rsquo;application d&rsquo;huile sur le corps pour pr\u00e9venir le d\u00e9s\u00e9quilibre de l&rsquo;\u00e9l\u00e9ment vatta dans le corps. C&rsquo;est maintenant le moment de se remettre des effets du soleil d&rsquo;\u00e9t\u00e9 et de pr\u00e9venir les effets de la saison d&rsquo;automne sur la peau.\u00a0\u00bb<\/p><\/blockquote>\n<p>NATUREL \u2013 FAIT \u00c0 LA MAIN<\/p>\n","protected":false},"excerpt":{"rendered":"<p>simplement naturel &#8211; pommade cicatrisante<\/p>\n","protected":false},"featured_media":4850,"comment_status":"closed","ping_status":"closed","template":"","meta":{"_et_pb_use_builder":"","_et_pb_old_content":"","_et_gb_content_width":"","_monsterinsights_skip_tracking":false,"_monsterinsights_sitenote_active":false,"_monsterinsights_sitenote_note":"","_monsterinsights_sitenote_category":0},"product_brand":[],"product_cat":[84],"product_tag":[],"class_list":{"0":"post-4844","1":"product","2":"type-product","3":"status-publish","4":"has-post-thumbnail","6":"product_cat-soins-de-la-peau-naturels","8":"first","9":"outofstock","10":"taxable","11":"shipping-taxable","12":"purchasable","13":"product-type-simple"},"yoast_head":"<!-- This site is optimized with the Yoast SEO plugin v27.4 - https:\/\/yoast.com\/product\/yoast-seo-wordpress\/ -->\n<title>Onguent \u00e0 la rose et \u00e0 la m\u00e9lisse - Awakening Touch<\/title>\n<meta name=\"robots\" content=\"index, follow, max-snippet:-1, max-image-preview:large, max-video-preview:-1\" \/>\n<link rel=\"canonical\" href=\"https:\/\/awakeningtouch.ca\/fr\/produit\/onguent-beurre-de-karite-millpertuis-copy\/\" \/>\n<meta property=\"og:locale\" content=\"fr_FR\" \/>\n<meta property=\"og:type\" content=\"article\" \/>\n<meta property=\"og:title\" content=\"Onguent \u00e0 la rose et \u00e0 la m\u00e9lisse - Awakening Touch\" \/>\n<meta property=\"og:description\" content=\"simplement naturel - pommade cicatrisante\" \/>\n<meta property=\"og:url\" content=\"https:\/\/awakeningtouch.ca\/fr\/produit\/onguent-beurre-de-karite-millpertuis-copy\/\" \/>\n<meta property=\"og:site_name\" content=\"Awakening Touch\" \/>\n<meta property=\"article:modified_time\" content=\"2025-09-17T01:10:30+00:00\" \/>\n<meta property=\"og:image\" content=\"https:\/\/awakeningtouch.ca\/wp-content\/uploads\/2022\/09\/rose-lemonbalm-slave2-scaled.jpg\" \/>\n\t<meta property=\"og:image:width\" content=\"2560\" \/>\n\t<meta property=\"og:image:height\" content=\"2236\" \/>\n\t<meta property=\"og:image:type\" content=\"image\/jpeg\" \/>\n<meta name=\"twitter:card\" content=\"summary_large_image\" \/>\n<meta name=\"twitter:label1\" content=\"Dur\u00e9e de lecture estim\u00e9e\" \/>\n\t<meta name=\"twitter:data1\" content=\"1 minute\" \/>\n<script type=\"application\/ld+json\" class=\"yoast-schema-graph\">{\"@context\":\"https:\\\/\\\/schema.org\",\"@graph\":[{\"@type\":\"WebPage\",\"@id\":\"https:\\\/\\\/awakeningtouch.ca\\\/fr\\\/produit\\\/onguent-beurre-de-karite-millpertuis-copy\\\/\",\"url\":\"https:\\\/\\\/awakeningtouch.ca\\\/fr\\\/produit\\\/onguent-beurre-de-karite-millpertuis-copy\\\/\",\"name\":\"Onguent \u00e0 la rose et \u00e0 la m\u00e9lisse - Awakening Touch\",\"isPartOf\":{\"@id\":\"https:\\\/\\\/awakeningtouch.ca\\\/fr\\\/#website\"},\"primaryImageOfPage\":{\"@id\":\"https:\\\/\\\/awakeningtouch.ca\\\/fr\\\/produit\\\/onguent-beurre-de-karite-millpertuis-copy\\\/#primaryimage\"},\"image\":{\"@id\":\"https:\\\/\\\/awakeningtouch.ca\\\/fr\\\/produit\\\/onguent-beurre-de-karite-millpertuis-copy\\\/#primaryimage\"},\"thumbnailUrl\":\"https:\\\/\\\/awakeningtouch.ca\\\/wp-content\\\/uploads\\\/2022\\\/09\\\/rose-lemonbalm-slave2-scaled.jpg\",\"datePublished\":\"2022-09-06T15:39:16+00:00\",\"dateModified\":\"2025-09-17T01:10:30+00:00\",\"breadcrumb\":{\"@id\":\"https:\\\/\\\/awakeningtouch.ca\\\/fr\\\/produit\\\/onguent-beurre-de-karite-millpertuis-copy\\\/#breadcrumb\"},\"inLanguage\":\"fr-FR\",\"potentialAction\":[{\"@type\":\"ReadAction\",\"target\":[\"https:\\\/\\\/awakeningtouch.ca\\\/fr\\\/produit\\\/onguent-beurre-de-karite-millpertuis-copy\\\/\"]}]},{\"@type\":\"ImageObject\",\"inLanguage\":\"fr-FR\",\"@id\":\"https:\\\/\\\/awakeningtouch.ca\\\/fr\\\/produit\\\/onguent-beurre-de-karite-millpertuis-copy\\\/#primaryimage\",\"url\":\"https:\\\/\\\/awakeningtouch.ca\\\/wp-content\\\/uploads\\\/2022\\\/09\\\/rose-lemonbalm-slave2-scaled.jpg\",\"contentUrl\":\"https:\\\/\\\/awakeningtouch.ca\\\/wp-content\\\/uploads\\\/2022\\\/09\\\/rose-lemonbalm-slave2-scaled.jpg\",\"width\":2560,\"height\":2236},{\"@type\":\"BreadcrumbList\",\"@id\":\"https:\\\/\\\/awakeningtouch.ca\\\/fr\\\/produit\\\/onguent-beurre-de-karite-millpertuis-copy\\\/#breadcrumb\",\"itemListElement\":[{\"@type\":\"ListItem\",\"position\":1,\"name\":\"Accueil\",\"item\":\"https:\\\/\\\/awakeningtouch.ca\\\/fr\\\/\"},{\"@type\":\"ListItem\",\"position\":2,\"name\":\"Boutique\",\"item\":\"https:\\\/\\\/awakeningtouch.ca\\\/fr\\\/boutique\\\/\"},{\"@type\":\"ListItem\",\"position\":3,\"name\":\"Onguent \u00e0 la rose et \u00e0 la m\u00e9lisse\"}]},{\"@type\":\"WebSite\",\"@id\":\"https:\\\/\\\/awakeningtouch.ca\\\/fr\\\/#website\",\"url\":\"https:\\\/\\\/awakeningtouch.ca\\\/fr\\\/\",\"name\":\"Awakening Touch\",\"description\":\"\",\"potentialAction\":[{\"@type\":\"SearchAction\",\"target\":{\"@type\":\"EntryPoint\",\"urlTemplate\":\"https:\\\/\\\/awakeningtouch.ca\\\/fr\\\/?s={search_term_string}\"},\"query-input\":{\"@type\":\"PropertyValueSpecification\",\"valueRequired\":true,\"valueName\":\"search_term_string\"}}],\"inLanguage\":\"fr-FR\"}]}<\/script>\n<!-- \/ Yoast SEO plugin. -->","yoast_head_json":{"title":"Onguent \u00e0 la rose et \u00e0 la m\u00e9lisse - Awakening Touch","robots":{"index":"index","follow":"follow","max-snippet":"max-snippet:-1","max-image-preview":"max-image-preview:large","max-video-preview":"max-video-preview:-1"},"canonical":"https:\/\/awakeningtouch.ca\/fr\/produit\/onguent-beurre-de-karite-millpertuis-copy\/","og_locale":"fr_FR","og_type":"article","og_title":"Onguent \u00e0 la rose et \u00e0 la m\u00e9lisse - Awakening Touch","og_description":"simplement naturel - pommade cicatrisante","og_url":"https:\/\/awakeningtouch.ca\/fr\/produit\/onguent-beurre-de-karite-millpertuis-copy\/","og_site_name":"Awakening Touch","article_modified_time":"2025-09-17T01:10:30+00:00","og_image":[{"width":2560,"height":2236,"url":"https:\/\/awakeningtouch.ca\/wp-content\/uploads\/2022\/09\/rose-lemonbalm-slave2-scaled.jpg","type":"image\/jpeg"}],"twitter_card":"summary_large_image","twitter_misc":{"Dur\u00e9e de lecture estim\u00e9e":"1 minute"},"schema":{"@context":"https:\/\/schema.org","@graph":[{"@type":"WebPage","@id":"https:\/\/awakeningtouch.ca\/fr\/produit\/onguent-beurre-de-karite-millpertuis-copy\/","url":"https:\/\/awakeningtouch.ca\/fr\/produit\/onguent-beurre-de-karite-millpertuis-copy\/","name":"Onguent \u00e0 la rose et \u00e0 la m\u00e9lisse - Awakening Touch","isPartOf":{"@id":"https:\/\/awakeningtouch.ca\/fr\/#website"},"primaryImageOfPage":{"@id":"https:\/\/awakeningtouch.ca\/fr\/produit\/onguent-beurre-de-karite-millpertuis-copy\/#primaryimage"},"image":{"@id":"https:\/\/awakeningtouch.ca\/fr\/produit\/onguent-beurre-de-karite-millpertuis-copy\/#primaryimage"},"thumbnailUrl":"https:\/\/awakeningtouch.ca\/wp-content\/uploads\/2022\/09\/rose-lemonbalm-slave2-scaled.jpg","datePublished":"2022-09-06T15:39:16+00:00","dateModified":"2025-09-17T01:10:30+00:00","breadcrumb":{"@id":"https:\/\/awakeningtouch.ca\/fr\/produit\/onguent-beurre-de-karite-millpertuis-copy\/#breadcrumb"},"inLanguage":"fr-FR","potentialAction":[{"@type":"ReadAction","target":["https:\/\/awakeningtouch.ca\/fr\/produit\/onguent-beurre-de-karite-millpertuis-copy\/"]}]},{"@type":"ImageObject","inLanguage":"fr-FR","@id":"https:\/\/awakeningtouch.ca\/fr\/produit\/onguent-beurre-de-karite-millpertuis-copy\/#primaryimage","url":"https:\/\/awakeningtouch.ca\/wp-content\/uploads\/2022\/09\/rose-lemonbalm-slave2-scaled.jpg","contentUrl":"https:\/\/awakeningtouch.ca\/wp-content\/uploads\/2022\/09\/rose-lemonbalm-slave2-scaled.jpg","width":2560,"height":2236},{"@type":"BreadcrumbList","@id":"https:\/\/awakeningtouch.ca\/fr\/produit\/onguent-beurre-de-karite-millpertuis-copy\/#breadcrumb","itemListElement":[{"@type":"ListItem","position":1,"name":"Accueil","item":"https:\/\/awakeningtouch.ca\/fr\/"},{"@type":"ListItem","position":2,"name":"Boutique","item":"https:\/\/awakeningtouch.ca\/fr\/boutique\/"},{"@type":"ListItem","position":3,"name":"Onguent \u00e0 la rose et \u00e0 la m\u00e9lisse"}]},{"@type":"WebSite","@id":"https:\/\/awakeningtouch.ca\/fr\/#website","url":"https:\/\/awakeningtouch.ca\/fr\/","name":"Awakening Touch","description":"","potentialAction":[{"@type":"SearchAction","target":{"@type":"EntryPoint","urlTemplate":"https:\/\/awakeningtouch.ca\/fr\/?s={search_term_string}"},"query-input":{"@type":"PropertyValueSpecification","valueRequired":true,"valueName":"search_term_string"}}],"inLanguage":"fr-FR"}]}},"_links":{"self":[{"href":"https:\/\/awakeningtouch.ca\/fr\/wp-json\/wp\/v2\/product\/4844","targetHints":{"allow":["GET"]}}],"collection":[{"href":"https:\/\/awakeningtouch.ca\/fr\/wp-json\/wp\/v2\/product"}],"about":[{"href":"https:\/\/awakeningtouch.ca\/fr\/wp-json\/wp\/v2\/types\/product"}],"replies":[{"embeddable":true,"href":"https:\/\/awakeningtouch.ca\/fr\/wp-json\/wp\/v2\/comments?post=4844"}],"wp:featuredmedia":[{"embeddable":true,"href":"https:\/\/awakeningtouch.ca\/fr\/wp-json\/wp\/v2\/media\/4850"}],"wp:attachment":[{"href":"https:\/\/awakeningtouch.ca\/fr\/wp-json\/wp\/v2\/media?parent=4844"}],"wp:term":[{"taxonomy":"product_brand","embeddable":true,"href":"https:\/\/awakeningtouch.ca\/fr\/wp-json\/wp\/v2\/product_brand?post=4844"},{"taxonomy":"product_cat","embeddable":true,"href":"https:\/\/awakeningtouch.ca\/fr\/wp-json\/wp\/v2\/product_cat?post=4844"},{"taxonomy":"product_tag","embeddable":true,"href":"https:\/\/awakeningtouch.ca\/fr\/wp-json\/wp\/v2\/product_tag?post=4844"}],"curies":[{"name":"wp","href":"https:\/\/api.w.org\/{rel}","templated":true}]}}