{"id":3353,"date":"2022-05-05T09:44:15","date_gmt":"2022-05-05T13:44:15","guid":{"rendered":"https:\/\/awakeningtouch.ca\/product\/voyage-chamanique\/"},"modified":"2022-05-12T11:16:09","modified_gmt":"2022-05-12T15:16:09","slug":"voyage-chamanique","status":"publish","type":"product","link":"https:\/\/awakeningtouch.ca\/fr\/produit\/voyage-chamanique\/","title":{"rendered":"Voyage chamanique"},"content":{"rendered":"<p>Pr\u00e9sent dans toutes les cultures, le voyage chamanique est une pratique de visualisation active. D\u00e9veloppez votre intuition, votre communication avec le monde invisible et trouvez en vous votre propre source de gu\u00e9rison pour mieux g\u00e9rer votre vie.<\/p>\n<p><strong>Une fois votre achat compl\u00e9t\u00e9, vous pourrez t\u00e9l\u00e9charger la publication en format PDF.<\/strong><\/p>\n","protected":false},"excerpt":{"rendered":"<p>D\u00e9couvrez votre sagesse int\u00e9rieure<\/p>\n","protected":false},"featured_media":3343,"comment_status":"open","ping_status":"closed","template":"","meta":{"_et_pb_use_builder":"","_et_pb_old_content":"","_et_gb_content_width":"","_monsterinsights_skip_tracking":false,"_monsterinsights_sitenote_active":false,"_monsterinsights_sitenote_note":"","_monsterinsights_sitenote_category":0},"product_brand":[],"product_cat":[751],"product_tag":[],"class_list":{"0":"post-3353","1":"product","2":"type-product","3":"status-publish","4":"has-post-thumbnail","6":"product_cat-publications-esprit-de-la-sorciere","8":"first","9":"instock","10":"downloadable","11":"virtual","12":"taxable","13":"purchasable","14":"product-type-simple"},"yoast_head":"<!-- This site is optimized with the Yoast SEO plugin v27.4 - https:\/\/yoast.com\/product\/yoast-seo-wordpress\/ -->\n<title>Publication Esprit de la sorci\u00e8re Voyage chamanique I AwakeningTouch<\/title>\n<meta name=\"description\" content=\"D\u00e9couvrez dans cette publication le voyage chamanique, une pratique de visualisation active et reliez-vous votre sagesse int\u00e9rieure.\" \/>\n<meta name=\"robots\" content=\"index, follow, max-snippet:-1, max-image-preview:large, max-video-preview:-1\" \/>\n<link rel=\"canonical\" href=\"https:\/\/awakeningtouch.ca\/fr\/produit\/voyage-chamanique\/\" \/>\n<meta property=\"og:locale\" content=\"fr_FR\" \/>\n<meta property=\"og:type\" content=\"article\" \/>\n<meta property=\"og:title\" content=\"Publication Esprit de la sorci\u00e8re Voyage chamanique I AwakeningTouch\" \/>\n<meta property=\"og:description\" content=\"D\u00e9couvrez dans cette publication le voyage chamanique, une pratique de visualisation active et reliez-vous votre sagesse int\u00e9rieure.\" \/>\n<meta property=\"og:url\" content=\"https:\/\/awakeningtouch.ca\/fr\/produit\/voyage-chamanique\/\" \/>\n<meta property=\"og:site_name\" content=\"Awakening Touch\" \/>\n<meta property=\"article:modified_time\" content=\"2022-05-12T15:16:09+00:00\" \/>\n<meta property=\"og:image\" content=\"https:\/\/awakeningtouch.ca\/wp-content\/uploads\/2022\/05\/esprit-de-la-sorciere-voyage-chamanique.jpg\" \/>\n\t<meta property=\"og:image:width\" content=\"1424\" \/>\n\t<meta property=\"og:image:height\" content=\"2018\" \/>\n\t<meta property=\"og:image:type\" content=\"image\/jpeg\" \/>\n<meta name=\"twitter:card\" content=\"summary_large_image\" \/>\n<meta name=\"twitter:image\" content=\"https:\/\/awakeningtouch.ca\/wp-content\/uploads\/2022\/05\/esprit-de-la-sorciere-voyage-chamanique.jpg\" \/>\n<meta name=\"twitter:label1\" content=\"Dur\u00e9e de lecture estim\u00e9e\" \/>\n\t<meta name=\"twitter:data1\" content=\"1 minute\" \/>\n<script type=\"application\/ld+json\" class=\"yoast-schema-graph\">{\"@context\":\"https:\\\/\\\/schema.org\",\"@graph\":[{\"@type\":\"WebPage\",\"@id\":\"https:\\\/\\\/awakeningtouch.ca\\\/fr\\\/produit\\\/voyage-chamanique\\\/\",\"url\":\"https:\\\/\\\/awakeningtouch.ca\\\/fr\\\/produit\\\/voyage-chamanique\\\/\",\"name\":\"Publication Esprit de la sorci\u00e8re Voyage chamanique I AwakeningTouch\",\"isPartOf\":{\"@id\":\"https:\\\/\\\/awakeningtouch.ca\\\/fr\\\/#website\"},\"primaryImageOfPage\":{\"@id\":\"https:\\\/\\\/awakeningtouch.ca\\\/fr\\\/produit\\\/voyage-chamanique\\\/#primaryimage\"},\"image\":{\"@id\":\"https:\\\/\\\/awakeningtouch.ca\\\/fr\\\/produit\\\/voyage-chamanique\\\/#primaryimage\"},\"thumbnailUrl\":\"https:\\\/\\\/awakeningtouch.ca\\\/wp-content\\\/uploads\\\/2022\\\/05\\\/esprit-de-la-sorciere-voyage-chamanique.jpg\",\"datePublished\":\"2022-05-05T13:44:15+00:00\",\"dateModified\":\"2022-05-12T15:16:09+00:00\",\"description\":\"D\u00e9couvrez dans cette publication le voyage chamanique, une pratique de visualisation active et reliez-vous votre sagesse int\u00e9rieure.\",\"breadcrumb\":{\"@id\":\"https:\\\/\\\/awakeningtouch.ca\\\/fr\\\/produit\\\/voyage-chamanique\\\/#breadcrumb\"},\"inLanguage\":\"fr-FR\",\"potentialAction\":[{\"@type\":\"ReadAction\",\"target\":[\"https:\\\/\\\/awakeningtouch.ca\\\/fr\\\/produit\\\/voyage-chamanique\\\/\"]}]},{\"@type\":\"ImageObject\",\"inLanguage\":\"fr-FR\",\"@id\":\"https:\\\/\\\/awakeningtouch.ca\\\/fr\\\/produit\\\/voyage-chamanique\\\/#primaryimage\",\"url\":\"https:\\\/\\\/awakeningtouch.ca\\\/wp-content\\\/uploads\\\/2022\\\/05\\\/esprit-de-la-sorciere-voyage-chamanique.jpg\",\"contentUrl\":\"https:\\\/\\\/awakeningtouch.ca\\\/wp-content\\\/uploads\\\/2022\\\/05\\\/esprit-de-la-sorciere-voyage-chamanique.jpg\",\"width\":1424,\"height\":2018},{\"@type\":\"BreadcrumbList\",\"@id\":\"https:\\\/\\\/awakeningtouch.ca\\\/fr\\\/produit\\\/voyage-chamanique\\\/#breadcrumb\",\"itemListElement\":[{\"@type\":\"ListItem\",\"position\":1,\"name\":\"Accueil\",\"item\":\"https:\\\/\\\/awakeningtouch.ca\\\/fr\\\/\"},{\"@type\":\"ListItem\",\"position\":2,\"name\":\"Boutique\",\"item\":\"https:\\\/\\\/awakeningtouch.ca\\\/fr\\\/boutique\\\/\"},{\"@type\":\"ListItem\",\"position\":3,\"name\":\"Voyage chamanique\"}]},{\"@type\":\"WebSite\",\"@id\":\"https:\\\/\\\/awakeningtouch.ca\\\/fr\\\/#website\",\"url\":\"https:\\\/\\\/awakeningtouch.ca\\\/fr\\\/\",\"name\":\"Awakening Touch\",\"description\":\"\",\"potentialAction\":[{\"@type\":\"SearchAction\",\"target\":{\"@type\":\"EntryPoint\",\"urlTemplate\":\"https:\\\/\\\/awakeningtouch.ca\\\/fr\\\/?s={search_term_string}\"},\"query-input\":{\"@type\":\"PropertyValueSpecification\",\"valueRequired\":true,\"valueName\":\"search_term_string\"}}],\"inLanguage\":\"fr-FR\"}]}<\/script>\n<!-- \/ Yoast SEO plugin. -->","yoast_head_json":{"title":"Publication Esprit de la sorci\u00e8re Voyage chamanique I AwakeningTouch","description":"D\u00e9couvrez dans cette publication le voyage chamanique, une pratique de visualisation active et reliez-vous votre sagesse int\u00e9rieure.","robots":{"index":"index","follow":"follow","max-snippet":"max-snippet:-1","max-image-preview":"max-image-preview:large","max-video-preview":"max-video-preview:-1"},"canonical":"https:\/\/awakeningtouch.ca\/fr\/produit\/voyage-chamanique\/","og_locale":"fr_FR","og_type":"article","og_title":"Publication Esprit de la sorci\u00e8re Voyage chamanique I AwakeningTouch","og_description":"D\u00e9couvrez dans cette publication le voyage chamanique, une pratique de visualisation active et reliez-vous votre sagesse int\u00e9rieure.","og_url":"https:\/\/awakeningtouch.ca\/fr\/produit\/voyage-chamanique\/","og_site_name":"Awakening Touch","article_modified_time":"2022-05-12T15:16:09+00:00","og_image":[{"width":1424,"height":2018,"url":"https:\/\/awakeningtouch.ca\/wp-content\/uploads\/2022\/05\/esprit-de-la-sorciere-voyage-chamanique.jpg","type":"image\/jpeg"}],"twitter_card":"summary_large_image","twitter_image":"https:\/\/awakeningtouch.ca\/wp-content\/uploads\/2022\/05\/esprit-de-la-sorciere-voyage-chamanique.jpg","twitter_misc":{"Dur\u00e9e de lecture estim\u00e9e":"1 minute"},"schema":{"@context":"https:\/\/schema.org","@graph":[{"@type":"WebPage","@id":"https:\/\/awakeningtouch.ca\/fr\/produit\/voyage-chamanique\/","url":"https:\/\/awakeningtouch.ca\/fr\/produit\/voyage-chamanique\/","name":"Publication Esprit de la sorci\u00e8re Voyage chamanique I AwakeningTouch","isPartOf":{"@id":"https:\/\/awakeningtouch.ca\/fr\/#website"},"primaryImageOfPage":{"@id":"https:\/\/awakeningtouch.ca\/fr\/produit\/voyage-chamanique\/#primaryimage"},"image":{"@id":"https:\/\/awakeningtouch.ca\/fr\/produit\/voyage-chamanique\/#primaryimage"},"thumbnailUrl":"https:\/\/awakeningtouch.ca\/wp-content\/uploads\/2022\/05\/esprit-de-la-sorciere-voyage-chamanique.jpg","datePublished":"2022-05-05T13:44:15+00:00","dateModified":"2022-05-12T15:16:09+00:00","description":"D\u00e9couvrez dans cette publication le voyage chamanique, une pratique de visualisation active et reliez-vous votre sagesse int\u00e9rieure.","breadcrumb":{"@id":"https:\/\/awakeningtouch.ca\/fr\/produit\/voyage-chamanique\/#breadcrumb"},"inLanguage":"fr-FR","potentialAction":[{"@type":"ReadAction","target":["https:\/\/awakeningtouch.ca\/fr\/produit\/voyage-chamanique\/"]}]},{"@type":"ImageObject","inLanguage":"fr-FR","@id":"https:\/\/awakeningtouch.ca\/fr\/produit\/voyage-chamanique\/#primaryimage","url":"https:\/\/awakeningtouch.ca\/wp-content\/uploads\/2022\/05\/esprit-de-la-sorciere-voyage-chamanique.jpg","contentUrl":"https:\/\/awakeningtouch.ca\/wp-content\/uploads\/2022\/05\/esprit-de-la-sorciere-voyage-chamanique.jpg","width":1424,"height":2018},{"@type":"BreadcrumbList","@id":"https:\/\/awakeningtouch.ca\/fr\/produit\/voyage-chamanique\/#breadcrumb","itemListElement":[{"@type":"ListItem","position":1,"name":"Accueil","item":"https:\/\/awakeningtouch.ca\/fr\/"},{"@type":"ListItem","position":2,"name":"Boutique","item":"https:\/\/awakeningtouch.ca\/fr\/boutique\/"},{"@type":"ListItem","position":3,"name":"Voyage chamanique"}]},{"@type":"WebSite","@id":"https:\/\/awakeningtouch.ca\/fr\/#website","url":"https:\/\/awakeningtouch.ca\/fr\/","name":"Awakening Touch","description":"","potentialAction":[{"@type":"SearchAction","target":{"@type":"EntryPoint","urlTemplate":"https:\/\/awakeningtouch.ca\/fr\/?s={search_term_string}"},"query-input":{"@type":"PropertyValueSpecification","valueRequired":true,"valueName":"search_term_string"}}],"inLanguage":"fr-FR"}]}},"_links":{"self":[{"href":"https:\/\/awakeningtouch.ca\/fr\/wp-json\/wp\/v2\/product\/3353","targetHints":{"allow":["GET"]}}],"collection":[{"href":"https:\/\/awakeningtouch.ca\/fr\/wp-json\/wp\/v2\/product"}],"about":[{"href":"https:\/\/awakeningtouch.ca\/fr\/wp-json\/wp\/v2\/types\/product"}],"replies":[{"embeddable":true,"href":"https:\/\/awakeningtouch.ca\/fr\/wp-json\/wp\/v2\/comments?post=3353"}],"wp:featuredmedia":[{"embeddable":true,"href":"https:\/\/awakeningtouch.ca\/fr\/wp-json\/wp\/v2\/media\/3343"}],"wp:attachment":[{"href":"https:\/\/awakeningtouch.ca\/fr\/wp-json\/wp\/v2\/media?parent=3353"}],"wp:term":[{"taxonomy":"product_brand","embeddable":true,"href":"https:\/\/awakeningtouch.ca\/fr\/wp-json\/wp\/v2\/product_brand?post=3353"},{"taxonomy":"product_cat","embeddable":true,"href":"https:\/\/awakeningtouch.ca\/fr\/wp-json\/wp\/v2\/product_cat?post=3353"},{"taxonomy":"product_tag","embeddable":true,"href":"https:\/\/awakeningtouch.ca\/fr\/wp-json\/wp\/v2\/product_tag?post=3353"}],"curies":[{"name":"wp","href":"https:\/\/api.w.org\/{rel}","templated":true}]}}