{"id":3352,"date":"2022-05-05T09:42:34","date_gmt":"2022-05-05T13:42:34","guid":{"rendered":"https:\/\/awakeningtouch.ca\/product\/creez-votre-autel\/"},"modified":"2022-05-12T11:21:44","modified_gmt":"2022-05-12T15:21:44","slug":"creez-votre-autel","status":"publish","type":"product","link":"https:\/\/awakeningtouch.ca\/fr\/produit\/creez-votre-autel\/","title":{"rendered":"Cr\u00e9ez votre autel"},"content":{"rendered":"<p>Prendre soin d\u2019un espace sacr\u00e9 apporte de la magie dans notre vie. La cr\u00e9ation d\u2019un espace sacr\u00e9 associ\u00e9e \u00e0 une pratique r\u00e9guli\u00e8re sera source de paix, nous gardant enracin\u00e9 et plus fort pour r\u00e9pondre aux exigences quotidiennes. Voici une source d\u2019inspiration pour cr\u00e9er votre autel ou vos autels !<\/p>\n<p><strong>Une fois votre achat compl\u00e9t\u00e9, vous pourrez t\u00e9l\u00e9charger la publication en format PDF.<\/strong><\/p>\n","protected":false},"excerpt":{"rendered":"<p>Inspirez votre cr\u00e9ativit\u00e9<\/p>\n","protected":false},"featured_media":3341,"comment_status":"closed","ping_status":"closed","template":"","meta":{"_et_pb_use_builder":"","_et_pb_old_content":"","_et_gb_content_width":"","_monsterinsights_skip_tracking":false,"_monsterinsights_sitenote_active":false,"_monsterinsights_sitenote_note":"","_monsterinsights_sitenote_category":0},"product_brand":[],"product_cat":[751],"product_tag":[],"class_list":{"0":"post-3352","1":"product","2":"type-product","3":"status-publish","4":"has-post-thumbnail","6":"product_cat-publications-esprit-de-la-sorciere","8":"first","9":"instock","10":"downloadable","11":"virtual","12":"taxable","13":"purchasable","14":"product-type-simple"},"yoast_head":"<!-- This site is optimized with the Yoast SEO plugin v27.5 - https:\/\/yoast.com\/product\/yoast-seo-wordpress\/ -->\n<title>Publication Esprit de la sorci\u00e8re Cr\u00e9ez votre autel sacr\u00e9 I AwakeningTouch<\/title>\n<meta name=\"description\" content=\"Laissez-vous inspirer par cette publication pour cr\u00e9er votre autel. Un espace sacr\u00e9 apportera de la magie \u00e0 votre vie et sera source de paix.\" \/>\n<meta name=\"robots\" content=\"index, follow, max-snippet:-1, max-image-preview:large, max-video-preview:-1\" \/>\n<link rel=\"canonical\" href=\"https:\/\/awakeningtouch.ca\/fr\/produit\/creez-votre-autel\/\" \/>\n<meta property=\"og:locale\" content=\"fr_FR\" \/>\n<meta property=\"og:type\" content=\"article\" \/>\n<meta property=\"og:title\" content=\"Publication Esprit de la sorci\u00e8re Cr\u00e9ez votre autel sacr\u00e9 I AwakeningTouch\" \/>\n<meta property=\"og:description\" content=\"Laissez-vous inspirer par cette publication pour cr\u00e9er votre autel. Un espace sacr\u00e9 apportera de la magie \u00e0 votre vie et sera source de paix.\" \/>\n<meta property=\"og:url\" content=\"https:\/\/awakeningtouch.ca\/fr\/produit\/creez-votre-autel\/\" \/>\n<meta property=\"og:site_name\" content=\"Awakening Touch\" \/>\n<meta property=\"article:modified_time\" content=\"2022-05-12T15:21:44+00:00\" \/>\n<meta property=\"og:image\" content=\"https:\/\/awakeningtouch.ca\/wp-content\/uploads\/2022\/02\/esprit-de-la-sorciere-numero-1-creez-votre-autel-1.png\" \/>\n\t<meta property=\"og:image:width\" content=\"931\" \/>\n\t<meta property=\"og:image:height\" content=\"1280\" \/>\n\t<meta property=\"og:image:type\" content=\"image\/png\" \/>\n<meta name=\"twitter:card\" content=\"summary_large_image\" \/>\n<meta name=\"twitter:image\" content=\"https:\/\/awakeningtouch.ca\/wp-content\/uploads\/2022\/05\/esprit-de-la-sorciere-creez-votre-autel.jpg\" \/>\n<meta name=\"twitter:label1\" content=\"Dur\u00e9e de lecture estim\u00e9e\" \/>\n\t<meta name=\"twitter:data1\" content=\"1 minute\" \/>\n<script type=\"application\/ld+json\" class=\"yoast-schema-graph\">{\"@context\":\"https:\\\/\\\/schema.org\",\"@graph\":[{\"@type\":\"WebPage\",\"@id\":\"https:\\\/\\\/awakeningtouch.ca\\\/fr\\\/produit\\\/creez-votre-autel\\\/\",\"url\":\"https:\\\/\\\/awakeningtouch.ca\\\/fr\\\/produit\\\/creez-votre-autel\\\/\",\"name\":\"Publication Esprit de la sorci\u00e8re Cr\u00e9ez votre autel sacr\u00e9 I AwakeningTouch\",\"isPartOf\":{\"@id\":\"https:\\\/\\\/awakeningtouch.ca\\\/fr\\\/#website\"},\"primaryImageOfPage\":{\"@id\":\"https:\\\/\\\/awakeningtouch.ca\\\/fr\\\/produit\\\/creez-votre-autel\\\/#primaryimage\"},\"image\":{\"@id\":\"https:\\\/\\\/awakeningtouch.ca\\\/fr\\\/produit\\\/creez-votre-autel\\\/#primaryimage\"},\"thumbnailUrl\":\"https:\\\/\\\/awakeningtouch.ca\\\/wp-content\\\/uploads\\\/2022\\\/05\\\/esprit-de-la-sorciere-creez-votre-autel.jpg\",\"datePublished\":\"2022-05-05T13:42:34+00:00\",\"dateModified\":\"2022-05-12T15:21:44+00:00\",\"description\":\"Laissez-vous inspirer par cette publication pour cr\u00e9er votre autel. Un espace sacr\u00e9 apportera de la magie \u00e0 votre vie et sera source de paix.\",\"breadcrumb\":{\"@id\":\"https:\\\/\\\/awakeningtouch.ca\\\/fr\\\/produit\\\/creez-votre-autel\\\/#breadcrumb\"},\"inLanguage\":\"fr-FR\",\"potentialAction\":[{\"@type\":\"ReadAction\",\"target\":[\"https:\\\/\\\/awakeningtouch.ca\\\/fr\\\/produit\\\/creez-votre-autel\\\/\"]}]},{\"@type\":\"ImageObject\",\"inLanguage\":\"fr-FR\",\"@id\":\"https:\\\/\\\/awakeningtouch.ca\\\/fr\\\/produit\\\/creez-votre-autel\\\/#primaryimage\",\"url\":\"https:\\\/\\\/awakeningtouch.ca\\\/wp-content\\\/uploads\\\/2022\\\/05\\\/esprit-de-la-sorciere-creez-votre-autel.jpg\",\"contentUrl\":\"https:\\\/\\\/awakeningtouch.ca\\\/wp-content\\\/uploads\\\/2022\\\/05\\\/esprit-de-la-sorciere-creez-votre-autel.jpg\",\"width\":1466,\"height\":2014},{\"@type\":\"BreadcrumbList\",\"@id\":\"https:\\\/\\\/awakeningtouch.ca\\\/fr\\\/produit\\\/creez-votre-autel\\\/#breadcrumb\",\"itemListElement\":[{\"@type\":\"ListItem\",\"position\":1,\"name\":\"Accueil\",\"item\":\"https:\\\/\\\/awakeningtouch.ca\\\/fr\\\/\"},{\"@type\":\"ListItem\",\"position\":2,\"name\":\"Boutique\",\"item\":\"https:\\\/\\\/awakeningtouch.ca\\\/fr\\\/boutique\\\/\"},{\"@type\":\"ListItem\",\"position\":3,\"name\":\"Cr\u00e9ez votre autel\"}]},{\"@type\":\"WebSite\",\"@id\":\"https:\\\/\\\/awakeningtouch.ca\\\/fr\\\/#website\",\"url\":\"https:\\\/\\\/awakeningtouch.ca\\\/fr\\\/\",\"name\":\"Awakening Touch\",\"description\":\"\",\"potentialAction\":[{\"@type\":\"SearchAction\",\"target\":{\"@type\":\"EntryPoint\",\"urlTemplate\":\"https:\\\/\\\/awakeningtouch.ca\\\/fr\\\/?s={search_term_string}\"},\"query-input\":{\"@type\":\"PropertyValueSpecification\",\"valueRequired\":true,\"valueName\":\"search_term_string\"}}],\"inLanguage\":\"fr-FR\"}]}<\/script>\n<!-- \/ Yoast SEO plugin. -->","yoast_head_json":{"title":"Publication Esprit de la sorci\u00e8re Cr\u00e9ez votre autel sacr\u00e9 I AwakeningTouch","description":"Laissez-vous inspirer par cette publication pour cr\u00e9er votre autel. Un espace sacr\u00e9 apportera de la magie \u00e0 votre vie et sera source de paix.","robots":{"index":"index","follow":"follow","max-snippet":"max-snippet:-1","max-image-preview":"max-image-preview:large","max-video-preview":"max-video-preview:-1"},"canonical":"https:\/\/awakeningtouch.ca\/fr\/produit\/creez-votre-autel\/","og_locale":"fr_FR","og_type":"article","og_title":"Publication Esprit de la sorci\u00e8re Cr\u00e9ez votre autel sacr\u00e9 I AwakeningTouch","og_description":"Laissez-vous inspirer par cette publication pour cr\u00e9er votre autel. Un espace sacr\u00e9 apportera de la magie \u00e0 votre vie et sera source de paix.","og_url":"https:\/\/awakeningtouch.ca\/fr\/produit\/creez-votre-autel\/","og_site_name":"Awakening Touch","article_modified_time":"2022-05-12T15:21:44+00:00","og_image":[{"width":931,"height":1280,"url":"https:\/\/awakeningtouch.ca\/wp-content\/uploads\/2022\/02\/esprit-de-la-sorciere-numero-1-creez-votre-autel-1.png","type":"image\/png"}],"twitter_card":"summary_large_image","twitter_image":"https:\/\/awakeningtouch.ca\/wp-content\/uploads\/2022\/05\/esprit-de-la-sorciere-creez-votre-autel.jpg","twitter_misc":{"Dur\u00e9e de lecture estim\u00e9e":"1 minute"},"schema":{"@context":"https:\/\/schema.org","@graph":[{"@type":"WebPage","@id":"https:\/\/awakeningtouch.ca\/fr\/produit\/creez-votre-autel\/","url":"https:\/\/awakeningtouch.ca\/fr\/produit\/creez-votre-autel\/","name":"Publication Esprit de la sorci\u00e8re Cr\u00e9ez votre autel sacr\u00e9 I AwakeningTouch","isPartOf":{"@id":"https:\/\/awakeningtouch.ca\/fr\/#website"},"primaryImageOfPage":{"@id":"https:\/\/awakeningtouch.ca\/fr\/produit\/creez-votre-autel\/#primaryimage"},"image":{"@id":"https:\/\/awakeningtouch.ca\/fr\/produit\/creez-votre-autel\/#primaryimage"},"thumbnailUrl":"https:\/\/awakeningtouch.ca\/wp-content\/uploads\/2022\/05\/esprit-de-la-sorciere-creez-votre-autel.jpg","datePublished":"2022-05-05T13:42:34+00:00","dateModified":"2022-05-12T15:21:44+00:00","description":"Laissez-vous inspirer par cette publication pour cr\u00e9er votre autel. Un espace sacr\u00e9 apportera de la magie \u00e0 votre vie et sera source de paix.","breadcrumb":{"@id":"https:\/\/awakeningtouch.ca\/fr\/produit\/creez-votre-autel\/#breadcrumb"},"inLanguage":"fr-FR","potentialAction":[{"@type":"ReadAction","target":["https:\/\/awakeningtouch.ca\/fr\/produit\/creez-votre-autel\/"]}]},{"@type":"ImageObject","inLanguage":"fr-FR","@id":"https:\/\/awakeningtouch.ca\/fr\/produit\/creez-votre-autel\/#primaryimage","url":"https:\/\/awakeningtouch.ca\/wp-content\/uploads\/2022\/05\/esprit-de-la-sorciere-creez-votre-autel.jpg","contentUrl":"https:\/\/awakeningtouch.ca\/wp-content\/uploads\/2022\/05\/esprit-de-la-sorciere-creez-votre-autel.jpg","width":1466,"height":2014},{"@type":"BreadcrumbList","@id":"https:\/\/awakeningtouch.ca\/fr\/produit\/creez-votre-autel\/#breadcrumb","itemListElement":[{"@type":"ListItem","position":1,"name":"Accueil","item":"https:\/\/awakeningtouch.ca\/fr\/"},{"@type":"ListItem","position":2,"name":"Boutique","item":"https:\/\/awakeningtouch.ca\/fr\/boutique\/"},{"@type":"ListItem","position":3,"name":"Cr\u00e9ez votre autel"}]},{"@type":"WebSite","@id":"https:\/\/awakeningtouch.ca\/fr\/#website","url":"https:\/\/awakeningtouch.ca\/fr\/","name":"Awakening Touch","description":"","potentialAction":[{"@type":"SearchAction","target":{"@type":"EntryPoint","urlTemplate":"https:\/\/awakeningtouch.ca\/fr\/?s={search_term_string}"},"query-input":{"@type":"PropertyValueSpecification","valueRequired":true,"valueName":"search_term_string"}}],"inLanguage":"fr-FR"}]}},"_links":{"self":[{"href":"https:\/\/awakeningtouch.ca\/fr\/wp-json\/wp\/v2\/product\/3352","targetHints":{"allow":["GET"]}}],"collection":[{"href":"https:\/\/awakeningtouch.ca\/fr\/wp-json\/wp\/v2\/product"}],"about":[{"href":"https:\/\/awakeningtouch.ca\/fr\/wp-json\/wp\/v2\/types\/product"}],"replies":[{"embeddable":true,"href":"https:\/\/awakeningtouch.ca\/fr\/wp-json\/wp\/v2\/comments?post=3352"}],"wp:featuredmedia":[{"embeddable":true,"href":"https:\/\/awakeningtouch.ca\/fr\/wp-json\/wp\/v2\/media\/3341"}],"wp:attachment":[{"href":"https:\/\/awakeningtouch.ca\/fr\/wp-json\/wp\/v2\/media?parent=3352"}],"wp:term":[{"taxonomy":"product_brand","embeddable":true,"href":"https:\/\/awakeningtouch.ca\/fr\/wp-json\/wp\/v2\/product_brand?post=3352"},{"taxonomy":"product_cat","embeddable":true,"href":"https:\/\/awakeningtouch.ca\/fr\/wp-json\/wp\/v2\/product_cat?post=3352"},{"taxonomy":"product_tag","embeddable":true,"href":"https:\/\/awakeningtouch.ca\/fr\/wp-json\/wp\/v2\/product_tag?post=3352"}],"curies":[{"name":"wp","href":"https:\/\/api.w.org\/{rel}","templated":true}]}}