{"id":3180,"date":"2022-04-27T10:37:32","date_gmt":"2022-04-27T14:37:32","guid":{"rendered":"https:\/\/awakeningtouch.ca\/?post_type=product&#038;p=3180"},"modified":"2022-12-23T00:04:55","modified_gmt":"2022-12-23T05:04:55","slug":"coffret-rituel-de-lhiver","status":"publish","type":"product","link":"https:\/\/awakeningtouch.ca\/fr\/produit\/coffret-rituel-de-lhiver\/","title":{"rendered":"Coffret Rituel de l&rsquo;hiver"},"content":{"rendered":"<p><span lang=\"EN-CA\">Le coffret de rituels du solstice d&rsquo;hiver a \u00e9t\u00e9 con\u00e7u pour vous permettre de plonger en profondeur de vous m\u00eame, de r\u00eaver le d\u00e9sir de votre \u00e2me et de nourrir votre corps et votre esprit. Tous les produits ont \u00e9t\u00e9 soigneusement s\u00e9lectionn\u00e9s par Gita pour leurs propri\u00e9t\u00e9s en accord avec cette saison qui appelle \u00e0 la c\u00e9l\u00e9bration. Ils participent \u00e0 la constitution de votre espace sacr\u00e9 pour asseoir un rituel de vie quotidien et \u00e0 marcher votre chemin inspir\u00e9 par les inspirations de l&rsquo;hiver. Ce coffret est un magnifique cadeau \u00e0 se faire !<\/span><\/p>\n<p>&nbsp;<\/p>\n<p><strong>Comprend:<\/strong><\/p>\n<ul>\n<li><b><b><b>1\u00a0<b>carte d&rsquo;instruction<\/b><\/b><\/b><\/b>, expliquant comment utiliser votre coffret \u00e0 rituel, avec des suggestions de rituels au quotidien, des inspirations, des intentions et des r\u00e9flexions sur la sagesse de la saison de l&rsquo;\u00e9t\u00e9.<\/li>\n<li><strong><strong><strong>1\u00a0<b>carte sur la m\u00e9decine des plantes sacr\u00e9es<\/b><\/strong><\/strong><\/strong>, incluant un sachet d\u2019encens d\u2019une plante saisonni\u00e8re.<\/li>\n<li><strong><strong><strong>1\u00a0<b>carte Le rituel saisonnier<\/b><\/strong><\/strong><\/strong>, incluant les instructions et l&rsquo;objets pour le rituel.<\/li>\n<li><strong><strong>1\u00a0<\/strong><\/strong><strong>objet pour cr\u00e9er votre espace sacr\u00e9<\/strong>\u00a0en fonction des caract\u00e9ristiques de la saison (ex : pochette de m\u00e9decine, support de bougie avec bougie, porte-encens ou statue de d\u00e9esse).<\/li>\n<li><strong><strong><strong>2\u00a0<b>produits naturels\u00a0<\/b><\/strong><\/strong><\/strong>pour le bain ou le corps \u00ab G\u00e2tez la d\u00e9esse que vous \u00eates \u00bb.<\/li>\n<li><strong><strong><strong>1\u00a0<b>carnet de notes<\/b><\/strong><\/strong><\/strong>.<\/li>\n<li>\n<div><b>Plusieurs cartes d&rsquo;inspiration\u00a0<\/b>pour votre rituel quotidien.<\/div>\n<\/li>\n<\/ul>\n<p>&nbsp;<\/p>\n<p>Tous les articles sont faits \u00e0 la main par Gita. Les herbes proviennent de son jardin. Les rituels ont \u00e9t\u00e9 inspir\u00e9 de sa pratique des\u00a0sagesses des saisons\u00a0et de la\u00a0roue de la m\u00e9decine pa\u00efenne.<\/p>\n<p>&nbsp;<\/p>\n","protected":false},"excerpt":{"rendered":"<p>Apportez la gu\u00e9rison et le bien-\u00eatre \u00e0 votre saison d&rsquo;hiver.<\/p>\n","protected":false},"featured_media":3184,"comment_status":"open","ping_status":"closed","template":"","meta":{"_et_pb_use_builder":"","_et_pb_old_content":"","_et_gb_content_width":"","_monsterinsights_skip_tracking":false,"_monsterinsights_sitenote_active":false,"_monsterinsights_sitenote_note":"","_monsterinsights_sitenote_category":0},"product_brand":[],"product_cat":[86],"product_tag":[],"class_list":{"0":"post-3180","1":"product","2":"type-product","3":"status-publish","4":"has-post-thumbnail","6":"product_cat-coffrets-rituels","8":"first","9":"instock","10":"taxable","11":"shipping-taxable","12":"purchasable","13":"product-type-simple"},"yoast_head":"<!-- This site is optimized with the Yoast SEO plugin v27.4 - https:\/\/yoast.com\/product\/yoast-seo-wordpress\/ -->\n<title>Coffret Rituel de l&#039;hiver - Awakening Touch<\/title>\n<meta name=\"robots\" content=\"index, follow, max-snippet:-1, max-image-preview:large, max-video-preview:-1\" \/>\n<link rel=\"canonical\" href=\"https:\/\/awakeningtouch.ca\/fr\/produit\/coffret-rituel-de-lhiver\/\" \/>\n<meta property=\"og:locale\" content=\"fr_FR\" \/>\n<meta property=\"og:type\" content=\"article\" \/>\n<meta property=\"og:title\" content=\"Coffret Rituel de l&#039;hiver - Awakening Touch\" \/>\n<meta property=\"og:description\" content=\"Apportez la gu\u00e9rison et le bien-\u00eatre \u00e0 votre saison d&#039;hiver.\" \/>\n<meta property=\"og:url\" content=\"https:\/\/awakeningtouch.ca\/fr\/produit\/coffret-rituel-de-lhiver\/\" \/>\n<meta property=\"og:site_name\" content=\"Awakening Touch\" \/>\n<meta property=\"article:modified_time\" content=\"2022-12-23T05:04:55+00:00\" \/>\n<meta property=\"og:image\" content=\"https:\/\/awakeningtouch.ca\/wp-content\/uploads\/2022\/04\/winter-ritual-box-subscription-hiver-coffret1.jpg\" \/>\n\t<meta property=\"og:image:width\" content=\"1000\" \/>\n\t<meta property=\"og:image:height\" content=\"1000\" \/>\n\t<meta property=\"og:image:type\" content=\"image\/jpeg\" \/>\n<meta name=\"twitter:card\" content=\"summary_large_image\" \/>\n<meta name=\"twitter:label1\" content=\"Dur\u00e9e de lecture estim\u00e9e\" \/>\n\t<meta name=\"twitter:data1\" content=\"1 minute\" \/>\n<script type=\"application\/ld+json\" class=\"yoast-schema-graph\">{\"@context\":\"https:\\\/\\\/schema.org\",\"@graph\":[{\"@type\":\"WebPage\",\"@id\":\"https:\\\/\\\/awakeningtouch.ca\\\/fr\\\/produit\\\/coffret-rituel-de-lhiver\\\/\",\"url\":\"https:\\\/\\\/awakeningtouch.ca\\\/fr\\\/produit\\\/coffret-rituel-de-lhiver\\\/\",\"name\":\"Coffret Rituel de l'hiver - Awakening Touch\",\"isPartOf\":{\"@id\":\"https:\\\/\\\/awakeningtouch.ca\\\/fr\\\/#website\"},\"primaryImageOfPage\":{\"@id\":\"https:\\\/\\\/awakeningtouch.ca\\\/fr\\\/produit\\\/coffret-rituel-de-lhiver\\\/#primaryimage\"},\"image\":{\"@id\":\"https:\\\/\\\/awakeningtouch.ca\\\/fr\\\/produit\\\/coffret-rituel-de-lhiver\\\/#primaryimage\"},\"thumbnailUrl\":\"https:\\\/\\\/awakeningtouch.ca\\\/wp-content\\\/uploads\\\/2022\\\/04\\\/winter-ritual-box-subscription-hiver-coffret1.jpg\",\"datePublished\":\"2022-04-27T14:37:32+00:00\",\"dateModified\":\"2022-12-23T05:04:55+00:00\",\"breadcrumb\":{\"@id\":\"https:\\\/\\\/awakeningtouch.ca\\\/fr\\\/produit\\\/coffret-rituel-de-lhiver\\\/#breadcrumb\"},\"inLanguage\":\"fr-FR\",\"potentialAction\":[{\"@type\":\"ReadAction\",\"target\":[\"https:\\\/\\\/awakeningtouch.ca\\\/fr\\\/produit\\\/coffret-rituel-de-lhiver\\\/\"]}]},{\"@type\":\"ImageObject\",\"inLanguage\":\"fr-FR\",\"@id\":\"https:\\\/\\\/awakeningtouch.ca\\\/fr\\\/produit\\\/coffret-rituel-de-lhiver\\\/#primaryimage\",\"url\":\"https:\\\/\\\/awakeningtouch.ca\\\/wp-content\\\/uploads\\\/2022\\\/04\\\/winter-ritual-box-subscription-hiver-coffret1.jpg\",\"contentUrl\":\"https:\\\/\\\/awakeningtouch.ca\\\/wp-content\\\/uploads\\\/2022\\\/04\\\/winter-ritual-box-subscription-hiver-coffret1.jpg\",\"width\":1000,\"height\":1000},{\"@type\":\"BreadcrumbList\",\"@id\":\"https:\\\/\\\/awakeningtouch.ca\\\/fr\\\/produit\\\/coffret-rituel-de-lhiver\\\/#breadcrumb\",\"itemListElement\":[{\"@type\":\"ListItem\",\"position\":1,\"name\":\"Accueil\",\"item\":\"https:\\\/\\\/awakeningtouch.ca\\\/fr\\\/\"},{\"@type\":\"ListItem\",\"position\":2,\"name\":\"Boutique\",\"item\":\"https:\\\/\\\/awakeningtouch.ca\\\/fr\\\/boutique\\\/\"},{\"@type\":\"ListItem\",\"position\":3,\"name\":\"Coffret Rituel de l&#8217;hiver\"}]},{\"@type\":\"WebSite\",\"@id\":\"https:\\\/\\\/awakeningtouch.ca\\\/fr\\\/#website\",\"url\":\"https:\\\/\\\/awakeningtouch.ca\\\/fr\\\/\",\"name\":\"Awakening Touch\",\"description\":\"\",\"potentialAction\":[{\"@type\":\"SearchAction\",\"target\":{\"@type\":\"EntryPoint\",\"urlTemplate\":\"https:\\\/\\\/awakeningtouch.ca\\\/fr\\\/?s={search_term_string}\"},\"query-input\":{\"@type\":\"PropertyValueSpecification\",\"valueRequired\":true,\"valueName\":\"search_term_string\"}}],\"inLanguage\":\"fr-FR\"}]}<\/script>\n<!-- \/ Yoast SEO plugin. -->","yoast_head_json":{"title":"Coffret Rituel de l'hiver - Awakening Touch","robots":{"index":"index","follow":"follow","max-snippet":"max-snippet:-1","max-image-preview":"max-image-preview:large","max-video-preview":"max-video-preview:-1"},"canonical":"https:\/\/awakeningtouch.ca\/fr\/produit\/coffret-rituel-de-lhiver\/","og_locale":"fr_FR","og_type":"article","og_title":"Coffret Rituel de l'hiver - Awakening Touch","og_description":"Apportez la gu\u00e9rison et le bien-\u00eatre \u00e0 votre saison d'hiver.","og_url":"https:\/\/awakeningtouch.ca\/fr\/produit\/coffret-rituel-de-lhiver\/","og_site_name":"Awakening Touch","article_modified_time":"2022-12-23T05:04:55+00:00","og_image":[{"width":1000,"height":1000,"url":"https:\/\/awakeningtouch.ca\/wp-content\/uploads\/2022\/04\/winter-ritual-box-subscription-hiver-coffret1.jpg","type":"image\/jpeg"}],"twitter_card":"summary_large_image","twitter_misc":{"Dur\u00e9e de lecture estim\u00e9e":"1 minute"},"schema":{"@context":"https:\/\/schema.org","@graph":[{"@type":"WebPage","@id":"https:\/\/awakeningtouch.ca\/fr\/produit\/coffret-rituel-de-lhiver\/","url":"https:\/\/awakeningtouch.ca\/fr\/produit\/coffret-rituel-de-lhiver\/","name":"Coffret Rituel de l'hiver - Awakening Touch","isPartOf":{"@id":"https:\/\/awakeningtouch.ca\/fr\/#website"},"primaryImageOfPage":{"@id":"https:\/\/awakeningtouch.ca\/fr\/produit\/coffret-rituel-de-lhiver\/#primaryimage"},"image":{"@id":"https:\/\/awakeningtouch.ca\/fr\/produit\/coffret-rituel-de-lhiver\/#primaryimage"},"thumbnailUrl":"https:\/\/awakeningtouch.ca\/wp-content\/uploads\/2022\/04\/winter-ritual-box-subscription-hiver-coffret1.jpg","datePublished":"2022-04-27T14:37:32+00:00","dateModified":"2022-12-23T05:04:55+00:00","breadcrumb":{"@id":"https:\/\/awakeningtouch.ca\/fr\/produit\/coffret-rituel-de-lhiver\/#breadcrumb"},"inLanguage":"fr-FR","potentialAction":[{"@type":"ReadAction","target":["https:\/\/awakeningtouch.ca\/fr\/produit\/coffret-rituel-de-lhiver\/"]}]},{"@type":"ImageObject","inLanguage":"fr-FR","@id":"https:\/\/awakeningtouch.ca\/fr\/produit\/coffret-rituel-de-lhiver\/#primaryimage","url":"https:\/\/awakeningtouch.ca\/wp-content\/uploads\/2022\/04\/winter-ritual-box-subscription-hiver-coffret1.jpg","contentUrl":"https:\/\/awakeningtouch.ca\/wp-content\/uploads\/2022\/04\/winter-ritual-box-subscription-hiver-coffret1.jpg","width":1000,"height":1000},{"@type":"BreadcrumbList","@id":"https:\/\/awakeningtouch.ca\/fr\/produit\/coffret-rituel-de-lhiver\/#breadcrumb","itemListElement":[{"@type":"ListItem","position":1,"name":"Accueil","item":"https:\/\/awakeningtouch.ca\/fr\/"},{"@type":"ListItem","position":2,"name":"Boutique","item":"https:\/\/awakeningtouch.ca\/fr\/boutique\/"},{"@type":"ListItem","position":3,"name":"Coffret Rituel de l&#8217;hiver"}]},{"@type":"WebSite","@id":"https:\/\/awakeningtouch.ca\/fr\/#website","url":"https:\/\/awakeningtouch.ca\/fr\/","name":"Awakening Touch","description":"","potentialAction":[{"@type":"SearchAction","target":{"@type":"EntryPoint","urlTemplate":"https:\/\/awakeningtouch.ca\/fr\/?s={search_term_string}"},"query-input":{"@type":"PropertyValueSpecification","valueRequired":true,"valueName":"search_term_string"}}],"inLanguage":"fr-FR"}]}},"_links":{"self":[{"href":"https:\/\/awakeningtouch.ca\/fr\/wp-json\/wp\/v2\/product\/3180","targetHints":{"allow":["GET"]}}],"collection":[{"href":"https:\/\/awakeningtouch.ca\/fr\/wp-json\/wp\/v2\/product"}],"about":[{"href":"https:\/\/awakeningtouch.ca\/fr\/wp-json\/wp\/v2\/types\/product"}],"replies":[{"embeddable":true,"href":"https:\/\/awakeningtouch.ca\/fr\/wp-json\/wp\/v2\/comments?post=3180"}],"wp:featuredmedia":[{"embeddable":true,"href":"https:\/\/awakeningtouch.ca\/fr\/wp-json\/wp\/v2\/media\/3184"}],"wp:attachment":[{"href":"https:\/\/awakeningtouch.ca\/fr\/wp-json\/wp\/v2\/media?parent=3180"}],"wp:term":[{"taxonomy":"product_brand","embeddable":true,"href":"https:\/\/awakeningtouch.ca\/fr\/wp-json\/wp\/v2\/product_brand?post=3180"},{"taxonomy":"product_cat","embeddable":true,"href":"https:\/\/awakeningtouch.ca\/fr\/wp-json\/wp\/v2\/product_cat?post=3180"},{"taxonomy":"product_tag","embeddable":true,"href":"https:\/\/awakeningtouch.ca\/fr\/wp-json\/wp\/v2\/product_tag?post=3180"}],"curies":[{"name":"wp","href":"https:\/\/api.w.org\/{rel}","templated":true}]}}