{"id":2558,"date":"2022-03-17T12:50:33","date_gmt":"2022-03-17T16:50:33","guid":{"rendered":"https:\/\/awakeningtouch.ca\/product\/eau-de-la-deesse\/"},"modified":"2024-12-26T20:31:24","modified_gmt":"2024-12-27T01:31:24","slug":"eau-de-la-deesse","status":"publish","type":"product","link":"https:\/\/awakeningtouch.ca\/fr\/produit\/eau-de-la-deesse\/","title":{"rendered":"Eau de la d\u00e9esse"},"content":{"rendered":"<p>Ce parfum naturel est un bouquet d&rsquo;huiles essentielles soigneusement s\u00e9lectionn\u00e9es dans une base d&rsquo;huile de jojoba. Le flacon en verre roll-on permet une application facile. Appliquez sur tous les points de pulsation : derri\u00e8re les oreilles, le long du nuque, les poignets et les plis des coudes. Vous pouvez l&rsquo;appliquer sur vos paumes, les frotter l&rsquo;une contre l&rsquo;autre, puis les r\u00e9unir, placer les mains sur le nez et respirer profond\u00e9ment.<\/p>\n<p>Cerridwen est un m\u00e9lange rafra\u00eechissant de bergamote et de jasmin, qui apporte joie et \u00e9clat \u00e0 votre danse de la vie. Artemis est un m\u00e9lange courageux, audacieux, de caract\u00e8re de terre, de bois de c\u00e8dre et de romarin, apportant Force et Magie \u00e0 votre danse de vie tandis que Hekate a le parfum profond du Patchouli en harmonie avec l&rsquo;essence du bois de c\u00e8dre, appelant la sagesse int\u00e9rieure.<\/p>\n<p>&nbsp;<\/p>\n<blockquote><p>J&rsquo;ai les trois d\u00e9esses en attente. Le matin, je choisirai celle qui m&rsquo;accompagnera dans ma journ\u00e9e. Certains jours je choisis par d\u00e9esse, d&rsquo;autres jours par le parfum qui me donne du r\u00e9confort et de la force.<\/p><\/blockquote>\n<p>NATUREL \u2013 FAIT \u00c0 LA MAIN<\/p>\n<p>Un beau cadeau pour la d\u00e9esse de votre vie.<\/p>\n<p>Produit approuv\u00e9 par Sant\u00e9 Canada<\/p>\n","protected":false},"excerpt":{"rendered":"<p>Invoquez la d\u00e9esse qui est en vous !<\/p>\n","protected":false},"featured_media":2554,"comment_status":"open","ping_status":"closed","template":"","meta":{"_et_pb_use_builder":"","_et_pb_old_content":"","_et_gb_content_width":"","_monsterinsights_skip_tracking":false,"_monsterinsights_sitenote_active":false,"_monsterinsights_sitenote_note":"","_monsterinsights_sitenote_category":0},"product_brand":[],"product_cat":[84],"product_tag":[],"class_list":{"0":"post-2558","1":"product","2":"type-product","3":"status-publish","4":"has-post-thumbnail","6":"product_cat-soins-de-la-peau-naturels","8":"first","9":"instock","10":"taxable","11":"shipping-taxable","12":"purchasable","13":"product-type-variable"},"yoast_head":"<!-- This site is optimized with the Yoast SEO plugin v27.4 - https:\/\/yoast.com\/product\/yoast-seo-wordpress\/ -->\n<title>Eau de la d\u00e9esse - Awakening Touch<\/title>\n<meta name=\"robots\" content=\"index, follow, max-snippet:-1, max-image-preview:large, max-video-preview:-1\" \/>\n<link rel=\"canonical\" href=\"https:\/\/awakeningtouch.ca\/fr\/produit\/eau-de-la-deesse\/\" \/>\n<meta property=\"og:locale\" content=\"fr_FR\" \/>\n<meta property=\"og:type\" content=\"article\" \/>\n<meta property=\"og:title\" content=\"Eau de la d\u00e9esse - Awakening Touch\" \/>\n<meta property=\"og:description\" content=\"Invoquez la d\u00e9esse qui est en vous !\" \/>\n<meta property=\"og:url\" content=\"https:\/\/awakeningtouch.ca\/fr\/produit\/eau-de-la-deesse\/\" \/>\n<meta property=\"og:site_name\" content=\"Awakening Touch\" \/>\n<meta property=\"article:modified_time\" content=\"2024-12-27T01:31:24+00:00\" \/>\n<meta property=\"og:image\" content=\"https:\/\/awakeningtouch.ca\/wp-content\/uploads\/2022\/03\/scent-of-the-goddess-eau-de\u0301esse.jpeg\" \/>\n\t<meta property=\"og:image:width\" content=\"1000\" \/>\n\t<meta property=\"og:image:height\" content=\"1005\" \/>\n\t<meta property=\"og:image:type\" content=\"image\/jpeg\" \/>\n<meta name=\"twitter:card\" content=\"summary_large_image\" \/>\n<meta name=\"twitter:label1\" content=\"Dur\u00e9e de lecture estim\u00e9e\" \/>\n\t<meta name=\"twitter:data1\" content=\"1 minute\" \/>\n<script type=\"application\/ld+json\" class=\"yoast-schema-graph\">{\"@context\":\"https:\\\/\\\/schema.org\",\"@graph\":[{\"@type\":\"WebPage\",\"@id\":\"https:\\\/\\\/awakeningtouch.ca\\\/fr\\\/produit\\\/eau-de-la-deesse\\\/\",\"url\":\"https:\\\/\\\/awakeningtouch.ca\\\/fr\\\/produit\\\/eau-de-la-deesse\\\/\",\"name\":\"Eau de la d\u00e9esse - Awakening Touch\",\"isPartOf\":{\"@id\":\"https:\\\/\\\/awakeningtouch.ca\\\/fr\\\/#website\"},\"primaryImageOfPage\":{\"@id\":\"https:\\\/\\\/awakeningtouch.ca\\\/fr\\\/produit\\\/eau-de-la-deesse\\\/#primaryimage\"},\"image\":{\"@id\":\"https:\\\/\\\/awakeningtouch.ca\\\/fr\\\/produit\\\/eau-de-la-deesse\\\/#primaryimage\"},\"thumbnailUrl\":\"https:\\\/\\\/awakeningtouch.ca\\\/wp-content\\\/uploads\\\/2022\\\/03\\\/scent-of-the-goddess-eau-de\u0301esse.jpeg\",\"datePublished\":\"2022-03-17T16:50:33+00:00\",\"dateModified\":\"2024-12-27T01:31:24+00:00\",\"breadcrumb\":{\"@id\":\"https:\\\/\\\/awakeningtouch.ca\\\/fr\\\/produit\\\/eau-de-la-deesse\\\/#breadcrumb\"},\"inLanguage\":\"fr-FR\",\"potentialAction\":[{\"@type\":\"ReadAction\",\"target\":[\"https:\\\/\\\/awakeningtouch.ca\\\/fr\\\/produit\\\/eau-de-la-deesse\\\/\"]}]},{\"@type\":\"ImageObject\",\"inLanguage\":\"fr-FR\",\"@id\":\"https:\\\/\\\/awakeningtouch.ca\\\/fr\\\/produit\\\/eau-de-la-deesse\\\/#primaryimage\",\"url\":\"https:\\\/\\\/awakeningtouch.ca\\\/wp-content\\\/uploads\\\/2022\\\/03\\\/scent-of-the-goddess-eau-de\u0301esse.jpeg\",\"contentUrl\":\"https:\\\/\\\/awakeningtouch.ca\\\/wp-content\\\/uploads\\\/2022\\\/03\\\/scent-of-the-goddess-eau-de\u0301esse.jpeg\",\"width\":1000,\"height\":1005},{\"@type\":\"BreadcrumbList\",\"@id\":\"https:\\\/\\\/awakeningtouch.ca\\\/fr\\\/produit\\\/eau-de-la-deesse\\\/#breadcrumb\",\"itemListElement\":[{\"@type\":\"ListItem\",\"position\":1,\"name\":\"Accueil\",\"item\":\"https:\\\/\\\/awakeningtouch.ca\\\/fr\\\/\"},{\"@type\":\"ListItem\",\"position\":2,\"name\":\"Boutique\",\"item\":\"https:\\\/\\\/awakeningtouch.ca\\\/fr\\\/boutique\\\/\"},{\"@type\":\"ListItem\",\"position\":3,\"name\":\"Eau de la d\u00e9esse\"}]},{\"@type\":\"WebSite\",\"@id\":\"https:\\\/\\\/awakeningtouch.ca\\\/fr\\\/#website\",\"url\":\"https:\\\/\\\/awakeningtouch.ca\\\/fr\\\/\",\"name\":\"Awakening Touch\",\"description\":\"\",\"potentialAction\":[{\"@type\":\"SearchAction\",\"target\":{\"@type\":\"EntryPoint\",\"urlTemplate\":\"https:\\\/\\\/awakeningtouch.ca\\\/fr\\\/?s={search_term_string}\"},\"query-input\":{\"@type\":\"PropertyValueSpecification\",\"valueRequired\":true,\"valueName\":\"search_term_string\"}}],\"inLanguage\":\"fr-FR\"}]}<\/script>\n<!-- \/ Yoast SEO plugin. -->","yoast_head_json":{"title":"Eau de la d\u00e9esse - Awakening Touch","robots":{"index":"index","follow":"follow","max-snippet":"max-snippet:-1","max-image-preview":"max-image-preview:large","max-video-preview":"max-video-preview:-1"},"canonical":"https:\/\/awakeningtouch.ca\/fr\/produit\/eau-de-la-deesse\/","og_locale":"fr_FR","og_type":"article","og_title":"Eau de la d\u00e9esse - Awakening Touch","og_description":"Invoquez la d\u00e9esse qui est en vous !","og_url":"https:\/\/awakeningtouch.ca\/fr\/produit\/eau-de-la-deesse\/","og_site_name":"Awakening Touch","article_modified_time":"2024-12-27T01:31:24+00:00","og_image":[{"width":1000,"height":1005,"url":"https:\/\/awakeningtouch.ca\/wp-content\/uploads\/2022\/03\/scent-of-the-goddess-eau-de\u0301esse.jpeg","type":"image\/jpeg"}],"twitter_card":"summary_large_image","twitter_misc":{"Dur\u00e9e de lecture estim\u00e9e":"1 minute"},"schema":{"@context":"https:\/\/schema.org","@graph":[{"@type":"WebPage","@id":"https:\/\/awakeningtouch.ca\/fr\/produit\/eau-de-la-deesse\/","url":"https:\/\/awakeningtouch.ca\/fr\/produit\/eau-de-la-deesse\/","name":"Eau de la d\u00e9esse - Awakening Touch","isPartOf":{"@id":"https:\/\/awakeningtouch.ca\/fr\/#website"},"primaryImageOfPage":{"@id":"https:\/\/awakeningtouch.ca\/fr\/produit\/eau-de-la-deesse\/#primaryimage"},"image":{"@id":"https:\/\/awakeningtouch.ca\/fr\/produit\/eau-de-la-deesse\/#primaryimage"},"thumbnailUrl":"https:\/\/awakeningtouch.ca\/wp-content\/uploads\/2022\/03\/scent-of-the-goddess-eau-de\u0301esse.jpeg","datePublished":"2022-03-17T16:50:33+00:00","dateModified":"2024-12-27T01:31:24+00:00","breadcrumb":{"@id":"https:\/\/awakeningtouch.ca\/fr\/produit\/eau-de-la-deesse\/#breadcrumb"},"inLanguage":"fr-FR","potentialAction":[{"@type":"ReadAction","target":["https:\/\/awakeningtouch.ca\/fr\/produit\/eau-de-la-deesse\/"]}]},{"@type":"ImageObject","inLanguage":"fr-FR","@id":"https:\/\/awakeningtouch.ca\/fr\/produit\/eau-de-la-deesse\/#primaryimage","url":"https:\/\/awakeningtouch.ca\/wp-content\/uploads\/2022\/03\/scent-of-the-goddess-eau-de\u0301esse.jpeg","contentUrl":"https:\/\/awakeningtouch.ca\/wp-content\/uploads\/2022\/03\/scent-of-the-goddess-eau-de\u0301esse.jpeg","width":1000,"height":1005},{"@type":"BreadcrumbList","@id":"https:\/\/awakeningtouch.ca\/fr\/produit\/eau-de-la-deesse\/#breadcrumb","itemListElement":[{"@type":"ListItem","position":1,"name":"Accueil","item":"https:\/\/awakeningtouch.ca\/fr\/"},{"@type":"ListItem","position":2,"name":"Boutique","item":"https:\/\/awakeningtouch.ca\/fr\/boutique\/"},{"@type":"ListItem","position":3,"name":"Eau de la d\u00e9esse"}]},{"@type":"WebSite","@id":"https:\/\/awakeningtouch.ca\/fr\/#website","url":"https:\/\/awakeningtouch.ca\/fr\/","name":"Awakening Touch","description":"","potentialAction":[{"@type":"SearchAction","target":{"@type":"EntryPoint","urlTemplate":"https:\/\/awakeningtouch.ca\/fr\/?s={search_term_string}"},"query-input":{"@type":"PropertyValueSpecification","valueRequired":true,"valueName":"search_term_string"}}],"inLanguage":"fr-FR"}]}},"_links":{"self":[{"href":"https:\/\/awakeningtouch.ca\/fr\/wp-json\/wp\/v2\/product\/2558","targetHints":{"allow":["GET"]}}],"collection":[{"href":"https:\/\/awakeningtouch.ca\/fr\/wp-json\/wp\/v2\/product"}],"about":[{"href":"https:\/\/awakeningtouch.ca\/fr\/wp-json\/wp\/v2\/types\/product"}],"replies":[{"embeddable":true,"href":"https:\/\/awakeningtouch.ca\/fr\/wp-json\/wp\/v2\/comments?post=2558"}],"wp:featuredmedia":[{"embeddable":true,"href":"https:\/\/awakeningtouch.ca\/fr\/wp-json\/wp\/v2\/media\/2554"}],"wp:attachment":[{"href":"https:\/\/awakeningtouch.ca\/fr\/wp-json\/wp\/v2\/media?parent=2558"}],"wp:term":[{"taxonomy":"product_brand","embeddable":true,"href":"https:\/\/awakeningtouch.ca\/fr\/wp-json\/wp\/v2\/product_brand?post=2558"},{"taxonomy":"product_cat","embeddable":true,"href":"https:\/\/awakeningtouch.ca\/fr\/wp-json\/wp\/v2\/product_cat?post=2558"},{"taxonomy":"product_tag","embeddable":true,"href":"https:\/\/awakeningtouch.ca\/fr\/wp-json\/wp\/v2\/product_tag?post=2558"}],"curies":[{"name":"wp","href":"https:\/\/api.w.org\/{rel}","templated":true}]}}