{"id":2396,"date":"2022-03-11T10:45:57","date_gmt":"2022-03-11T15:45:57","guid":{"rendered":"https:\/\/awakeningtouch.ca\/product\/lotion-hydratante-en-barre\/"},"modified":"2025-12-02T06:25:39","modified_gmt":"2025-12-02T11:25:39","slug":"lotion-hydratante-en-barre","status":"publish","type":"product","link":"https:\/\/awakeningtouch.ca\/fr\/produit\/lotion-hydratante-en-barre\/","title":{"rendered":"Lotion hydratante en barre"},"content":{"rendered":"<p>Fini la peau craquel\u00e9e ! Vous pouvez utiliser cette barre hydratante pour tout le corps. Elle est particuli\u00e8rement indiqu\u00e9e pour les mains s\u00e8ches apr\u00e8s un travail manuel comme le jardinage ou le lavage de la vaisselle, ou pour les mains dess\u00e9ch\u00e9es par l&rsquo;utilisation r\u00e9guli\u00e8re de d\u00e9sinfectants ou d&rsquo;autres produits agressifs.<\/p>\n<p>Non seulement elle soulage la peau s\u00e8che, mais elle constitue \u00e9galement une excellente protection. Utilisez-le avant d&rsquo;exposer la peau \u00e0 des conditions climatiques extr\u00eames comme le froid de l&rsquo;hiver.<\/p>\n<p>Bienfait<\/p>\n<ul>\n<li>Prot\u00e8ge la peau de la d\u00e9shydratation<\/li>\n<li>R\u00e9pare la peau fissur\u00e9e (ex. : doigts et cicatrisation)<\/li>\n<\/ul>\n<blockquote><p>Mon fils adolescent l&rsquo;appelait le don de Dieu. Mes amies c\u00e9ramistes pleurent quand elles n&rsquo;en ont plus. Mes amis l&rsquo;utilisent m\u00eame sur le visage lorsque nous sortons dans le froid de l&rsquo;hiver.<\/p><\/blockquote>\n<p>NATUREL \u2013 FAIT \u00c0 LA MAIN<\/p>\n<p>Utilisez-le sur la peau chaude apr\u00e8s votre douche avec notre savon exfoliant au c\u00e8dre.<\/p>\n<p>Produit approuv\u00e9 par Sant\u00e9 Canada<\/p>\n","protected":false},"excerpt":{"rendered":"<p>Une solution pour toutes les peaux crevass\u00e9es !<\/p>\n","protected":false},"featured_media":14577,"comment_status":"open","ping_status":"closed","template":"","meta":{"_et_pb_use_builder":"","_et_pb_old_content":"","_et_gb_content_width":"","_monsterinsights_skip_tracking":false,"_monsterinsights_sitenote_active":false,"_monsterinsights_sitenote_note":"","_monsterinsights_sitenote_category":0},"product_brand":[],"product_cat":[84],"product_tag":[],"class_list":{"0":"post-2396","1":"product","2":"type-product","3":"status-publish","4":"has-post-thumbnail","6":"product_cat-soins-de-la-peau-naturels","8":"first","9":"instock","10":"taxable","11":"shipping-taxable","12":"purchasable","13":"product-type-variable"},"yoast_head":"<!-- This site is optimized with the Yoast SEO plugin v27.5 - https:\/\/yoast.com\/product\/yoast-seo-wordpress\/ -->\n<title>Lotion hydratante en barre - Awakening Touch<\/title>\n<meta name=\"robots\" content=\"index, follow, max-snippet:-1, max-image-preview:large, max-video-preview:-1\" \/>\n<link rel=\"canonical\" href=\"https:\/\/awakeningtouch.ca\/fr\/produit\/lotion-hydratante-en-barre\/\" \/>\n<meta property=\"og:locale\" content=\"fr_FR\" \/>\n<meta property=\"og:type\" content=\"article\" \/>\n<meta property=\"og:title\" content=\"Lotion hydratante en barre - Awakening Touch\" \/>\n<meta property=\"og:description\" content=\"Une solution pour toutes les peaux crevass\u00e9es !\" \/>\n<meta property=\"og:url\" content=\"https:\/\/awakeningtouch.ca\/fr\/produit\/lotion-hydratante-en-barre\/\" \/>\n<meta property=\"og:site_name\" content=\"Awakening Touch\" \/>\n<meta property=\"article:modified_time\" content=\"2025-12-02T11:25:39+00:00\" \/>\n<meta property=\"og:image\" content=\"https:\/\/awakeningtouch.ca\/wp-content\/uploads\/2022\/03\/hydrating-lotion-bar-body-barre3.jpg\" \/>\n\t<meta property=\"og:image:width\" content=\"1044\" \/>\n\t<meta property=\"og:image:height\" content=\"1000\" \/>\n\t<meta property=\"og:image:type\" content=\"image\/jpeg\" \/>\n<meta name=\"twitter:card\" content=\"summary_large_image\" \/>\n<meta name=\"twitter:label1\" content=\"Dur\u00e9e de lecture estim\u00e9e\" \/>\n\t<meta name=\"twitter:data1\" content=\"1 minute\" \/>\n<script type=\"application\/ld+json\" class=\"yoast-schema-graph\">{\"@context\":\"https:\\\/\\\/schema.org\",\"@graph\":[{\"@type\":\"WebPage\",\"@id\":\"https:\\\/\\\/awakeningtouch.ca\\\/fr\\\/produit\\\/lotion-hydratante-en-barre\\\/\",\"url\":\"https:\\\/\\\/awakeningtouch.ca\\\/fr\\\/produit\\\/lotion-hydratante-en-barre\\\/\",\"name\":\"Lotion hydratante en barre - Awakening Touch\",\"isPartOf\":{\"@id\":\"https:\\\/\\\/awakeningtouch.ca\\\/fr\\\/#website\"},\"primaryImageOfPage\":{\"@id\":\"https:\\\/\\\/awakeningtouch.ca\\\/fr\\\/produit\\\/lotion-hydratante-en-barre\\\/#primaryimage\"},\"image\":{\"@id\":\"https:\\\/\\\/awakeningtouch.ca\\\/fr\\\/produit\\\/lotion-hydratante-en-barre\\\/#primaryimage\"},\"thumbnailUrl\":\"https:\\\/\\\/awakeningtouch.ca\\\/wp-content\\\/uploads\\\/2022\\\/03\\\/hydrating-body-lotion-awakening-touch.jpg\",\"datePublished\":\"2022-03-11T15:45:57+00:00\",\"dateModified\":\"2025-12-02T11:25:39+00:00\",\"breadcrumb\":{\"@id\":\"https:\\\/\\\/awakeningtouch.ca\\\/fr\\\/produit\\\/lotion-hydratante-en-barre\\\/#breadcrumb\"},\"inLanguage\":\"fr-FR\",\"potentialAction\":[{\"@type\":\"ReadAction\",\"target\":[\"https:\\\/\\\/awakeningtouch.ca\\\/fr\\\/produit\\\/lotion-hydratante-en-barre\\\/\"]}]},{\"@type\":\"ImageObject\",\"inLanguage\":\"fr-FR\",\"@id\":\"https:\\\/\\\/awakeningtouch.ca\\\/fr\\\/produit\\\/lotion-hydratante-en-barre\\\/#primaryimage\",\"url\":\"https:\\\/\\\/awakeningtouch.ca\\\/wp-content\\\/uploads\\\/2022\\\/03\\\/hydrating-body-lotion-awakening-touch.jpg\",\"contentUrl\":\"https:\\\/\\\/awakeningtouch.ca\\\/wp-content\\\/uploads\\\/2022\\\/03\\\/hydrating-body-lotion-awakening-touch.jpg\",\"width\":2000,\"height\":2000},{\"@type\":\"BreadcrumbList\",\"@id\":\"https:\\\/\\\/awakeningtouch.ca\\\/fr\\\/produit\\\/lotion-hydratante-en-barre\\\/#breadcrumb\",\"itemListElement\":[{\"@type\":\"ListItem\",\"position\":1,\"name\":\"Accueil\",\"item\":\"https:\\\/\\\/awakeningtouch.ca\\\/fr\\\/\"},{\"@type\":\"ListItem\",\"position\":2,\"name\":\"Boutique\",\"item\":\"https:\\\/\\\/awakeningtouch.ca\\\/fr\\\/boutique\\\/\"},{\"@type\":\"ListItem\",\"position\":3,\"name\":\"Lotion hydratante en barre\"}]},{\"@type\":\"WebSite\",\"@id\":\"https:\\\/\\\/awakeningtouch.ca\\\/fr\\\/#website\",\"url\":\"https:\\\/\\\/awakeningtouch.ca\\\/fr\\\/\",\"name\":\"Awakening Touch\",\"description\":\"\",\"potentialAction\":[{\"@type\":\"SearchAction\",\"target\":{\"@type\":\"EntryPoint\",\"urlTemplate\":\"https:\\\/\\\/awakeningtouch.ca\\\/fr\\\/?s={search_term_string}\"},\"query-input\":{\"@type\":\"PropertyValueSpecification\",\"valueRequired\":true,\"valueName\":\"search_term_string\"}}],\"inLanguage\":\"fr-FR\"}]}<\/script>\n<!-- \/ Yoast SEO plugin. -->","yoast_head_json":{"title":"Lotion hydratante en barre - Awakening Touch","robots":{"index":"index","follow":"follow","max-snippet":"max-snippet:-1","max-image-preview":"max-image-preview:large","max-video-preview":"max-video-preview:-1"},"canonical":"https:\/\/awakeningtouch.ca\/fr\/produit\/lotion-hydratante-en-barre\/","og_locale":"fr_FR","og_type":"article","og_title":"Lotion hydratante en barre - Awakening Touch","og_description":"Une solution pour toutes les peaux crevass\u00e9es !","og_url":"https:\/\/awakeningtouch.ca\/fr\/produit\/lotion-hydratante-en-barre\/","og_site_name":"Awakening Touch","article_modified_time":"2025-12-02T11:25:39+00:00","og_image":[{"width":1044,"height":1000,"url":"https:\/\/awakeningtouch.ca\/wp-content\/uploads\/2022\/03\/hydrating-lotion-bar-body-barre3.jpg","type":"image\/jpeg"}],"twitter_card":"summary_large_image","twitter_misc":{"Dur\u00e9e de lecture estim\u00e9e":"1 minute"},"schema":{"@context":"https:\/\/schema.org","@graph":[{"@type":"WebPage","@id":"https:\/\/awakeningtouch.ca\/fr\/produit\/lotion-hydratante-en-barre\/","url":"https:\/\/awakeningtouch.ca\/fr\/produit\/lotion-hydratante-en-barre\/","name":"Lotion hydratante en barre - Awakening Touch","isPartOf":{"@id":"https:\/\/awakeningtouch.ca\/fr\/#website"},"primaryImageOfPage":{"@id":"https:\/\/awakeningtouch.ca\/fr\/produit\/lotion-hydratante-en-barre\/#primaryimage"},"image":{"@id":"https:\/\/awakeningtouch.ca\/fr\/produit\/lotion-hydratante-en-barre\/#primaryimage"},"thumbnailUrl":"https:\/\/awakeningtouch.ca\/wp-content\/uploads\/2022\/03\/hydrating-body-lotion-awakening-touch.jpg","datePublished":"2022-03-11T15:45:57+00:00","dateModified":"2025-12-02T11:25:39+00:00","breadcrumb":{"@id":"https:\/\/awakeningtouch.ca\/fr\/produit\/lotion-hydratante-en-barre\/#breadcrumb"},"inLanguage":"fr-FR","potentialAction":[{"@type":"ReadAction","target":["https:\/\/awakeningtouch.ca\/fr\/produit\/lotion-hydratante-en-barre\/"]}]},{"@type":"ImageObject","inLanguage":"fr-FR","@id":"https:\/\/awakeningtouch.ca\/fr\/produit\/lotion-hydratante-en-barre\/#primaryimage","url":"https:\/\/awakeningtouch.ca\/wp-content\/uploads\/2022\/03\/hydrating-body-lotion-awakening-touch.jpg","contentUrl":"https:\/\/awakeningtouch.ca\/wp-content\/uploads\/2022\/03\/hydrating-body-lotion-awakening-touch.jpg","width":2000,"height":2000},{"@type":"BreadcrumbList","@id":"https:\/\/awakeningtouch.ca\/fr\/produit\/lotion-hydratante-en-barre\/#breadcrumb","itemListElement":[{"@type":"ListItem","position":1,"name":"Accueil","item":"https:\/\/awakeningtouch.ca\/fr\/"},{"@type":"ListItem","position":2,"name":"Boutique","item":"https:\/\/awakeningtouch.ca\/fr\/boutique\/"},{"@type":"ListItem","position":3,"name":"Lotion hydratante en barre"}]},{"@type":"WebSite","@id":"https:\/\/awakeningtouch.ca\/fr\/#website","url":"https:\/\/awakeningtouch.ca\/fr\/","name":"Awakening Touch","description":"","potentialAction":[{"@type":"SearchAction","target":{"@type":"EntryPoint","urlTemplate":"https:\/\/awakeningtouch.ca\/fr\/?s={search_term_string}"},"query-input":{"@type":"PropertyValueSpecification","valueRequired":true,"valueName":"search_term_string"}}],"inLanguage":"fr-FR"}]}},"_links":{"self":[{"href":"https:\/\/awakeningtouch.ca\/fr\/wp-json\/wp\/v2\/product\/2396","targetHints":{"allow":["GET"]}}],"collection":[{"href":"https:\/\/awakeningtouch.ca\/fr\/wp-json\/wp\/v2\/product"}],"about":[{"href":"https:\/\/awakeningtouch.ca\/fr\/wp-json\/wp\/v2\/types\/product"}],"replies":[{"embeddable":true,"href":"https:\/\/awakeningtouch.ca\/fr\/wp-json\/wp\/v2\/comments?post=2396"}],"wp:featuredmedia":[{"embeddable":true,"href":"https:\/\/awakeningtouch.ca\/fr\/wp-json\/wp\/v2\/media\/14577"}],"wp:attachment":[{"href":"https:\/\/awakeningtouch.ca\/fr\/wp-json\/wp\/v2\/media?parent=2396"}],"wp:term":[{"taxonomy":"product_brand","embeddable":true,"href":"https:\/\/awakeningtouch.ca\/fr\/wp-json\/wp\/v2\/product_brand?post=2396"},{"taxonomy":"product_cat","embeddable":true,"href":"https:\/\/awakeningtouch.ca\/fr\/wp-json\/wp\/v2\/product_cat?post=2396"},{"taxonomy":"product_tag","embeddable":true,"href":"https:\/\/awakeningtouch.ca\/fr\/wp-json\/wp\/v2\/product_tag?post=2396"}],"curies":[{"name":"wp","href":"https:\/\/api.w.org\/{rel}","templated":true}]}}