{"id":2383,"date":"2022-03-11T10:30:56","date_gmt":"2022-03-11T15:30:56","guid":{"rendered":"https:\/\/awakeningtouch.ca\/product\/lotion-hydratante-pour-le-corps\/"},"modified":"2024-12-26T20:31:24","modified_gmt":"2024-12-27T01:31:24","slug":"lotion-hydratante-pour-le-corps","status":"publish","type":"product","link":"https:\/\/awakeningtouch.ca\/fr\/produit\/lotion-hydratante-pour-le-corps\/","title":{"rendered":"Lotion hydratante pour le corps"},"content":{"rendered":"<p>Cette lotion hydratante pour le corps a une texture riche et cr\u00e9meuse et est un autre favori de nos clients. Enrichie en huile de tournesol revitalisante pour la peau et en beurre de cacao nourrissant, cette lotion prot\u00e8ge l&rsquo;hydratation de la peau et est parfaite pour assurer une peau saine pour toute la famille.<\/p>\n<p>Choisissez parmi un bouquet frais d&rsquo;huiles essentielles de pamplemousse et de g\u00e9ranium ou un bouquet plus apaisant de v\u00e9tiver et de lavande.<\/p>\n<p>Bienfaits<\/p>\n<ul>\n<li>Prot\u00e8ge la peau de la d\u00e9shydratation<\/li>\n<li>Nourrit votre peau et la laisse douce au toucher<\/li>\n<li>Choisissez votre m\u00e9lange d&rsquo;huiles essentielles pour leur valeur th\u00e9rapeutique<\/li>\n<\/ul>\n<blockquote><p>J&rsquo;ai fait deux m\u00e9langes de mes huiles essentielles pr\u00e9f\u00e9r\u00e9es. L&rsquo;un est \u00e9nergisant et frais, l&rsquo;autre apaisant et nourrissant.<\/p>\n<p>De la v\u00e9ritable aromath\u00e9rapie ! J&rsquo;ai les deux sur l&rsquo;\u00e9tag\u00e8re de ma salle de bains et je choisis chaque matin celui qui va m&rsquo;accompagner.<\/p><\/blockquote>\n<p>NATUREL \u2013 FAIT \u00c0 LA MAIN<\/p>\n<p>Cette lotion corporelle hydratante est \u00e9galement une lotion pour les mains. Elle hydrate en profondeur et p\u00e9n\u00e8tre rapidement sans laisser de traces sur les mains.<\/p>\n<p>&nbsp;<\/p>\n<p>Produit approuv\u00e9 par Sant\u00e9 Canada<\/p>\n","protected":false},"excerpt":{"rendered":"<p>Une peau en sant\u00e9 pour toute la famille !<\/p>\n","protected":false},"featured_media":2378,"comment_status":"open","ping_status":"closed","template":"","meta":{"_et_pb_use_builder":"","_et_pb_old_content":"","_et_gb_content_width":"","_monsterinsights_skip_tracking":false,"_monsterinsights_sitenote_active":false,"_monsterinsights_sitenote_note":"","_monsterinsights_sitenote_category":0},"product_brand":[],"product_cat":[84],"product_tag":[],"class_list":{"0":"post-2383","1":"product","2":"type-product","3":"status-publish","4":"has-post-thumbnail","6":"product_cat-soins-de-la-peau-naturels","8":"first","9":"instock","10":"taxable","11":"shipping-taxable","12":"purchasable","13":"product-type-variable"},"yoast_head":"<!-- This site is optimized with the Yoast SEO plugin v27.5 - https:\/\/yoast.com\/product\/yoast-seo-wordpress\/ -->\n<title>Lotion hydratante pour le corps - Awakening Touch<\/title>\n<meta name=\"robots\" content=\"index, follow, max-snippet:-1, max-image-preview:large, max-video-preview:-1\" \/>\n<link rel=\"canonical\" href=\"https:\/\/awakeningtouch.ca\/fr\/produit\/lotion-hydratante-pour-le-corps\/\" \/>\n<meta property=\"og:locale\" content=\"fr_FR\" \/>\n<meta property=\"og:type\" content=\"article\" \/>\n<meta property=\"og:title\" content=\"Lotion hydratante pour le corps - Awakening Touch\" \/>\n<meta property=\"og:description\" content=\"Une peau en sant\u00e9 pour toute la famille !\" \/>\n<meta property=\"og:url\" content=\"https:\/\/awakeningtouch.ca\/fr\/produit\/lotion-hydratante-pour-le-corps\/\" \/>\n<meta property=\"og:site_name\" content=\"Awakening Touch\" \/>\n<meta property=\"article:modified_time\" content=\"2024-12-27T01:31:24+00:00\" \/>\n<meta property=\"og:image\" content=\"https:\/\/awakeningtouch.ca\/wp-content\/uploads\/2022\/03\/body-lotion-hydrating-hydratante-corps.jpg\" \/>\n\t<meta property=\"og:image:width\" content=\"1000\" \/>\n\t<meta property=\"og:image:height\" content=\"1402\" \/>\n\t<meta property=\"og:image:type\" content=\"image\/jpeg\" \/>\n<meta name=\"twitter:card\" content=\"summary_large_image\" \/>\n<meta name=\"twitter:label1\" content=\"Dur\u00e9e de lecture estim\u00e9e\" \/>\n\t<meta name=\"twitter:data1\" content=\"1 minute\" \/>\n<script type=\"application\/ld+json\" class=\"yoast-schema-graph\">{\"@context\":\"https:\\\/\\\/schema.org\",\"@graph\":[{\"@type\":\"WebPage\",\"@id\":\"https:\\\/\\\/awakeningtouch.ca\\\/fr\\\/produit\\\/lotion-hydratante-pour-le-corps\\\/\",\"url\":\"https:\\\/\\\/awakeningtouch.ca\\\/fr\\\/produit\\\/lotion-hydratante-pour-le-corps\\\/\",\"name\":\"Lotion hydratante pour le corps - Awakening Touch\",\"isPartOf\":{\"@id\":\"https:\\\/\\\/awakeningtouch.ca\\\/fr\\\/#website\"},\"primaryImageOfPage\":{\"@id\":\"https:\\\/\\\/awakeningtouch.ca\\\/fr\\\/produit\\\/lotion-hydratante-pour-le-corps\\\/#primaryimage\"},\"image\":{\"@id\":\"https:\\\/\\\/awakeningtouch.ca\\\/fr\\\/produit\\\/lotion-hydratante-pour-le-corps\\\/#primaryimage\"},\"thumbnailUrl\":\"https:\\\/\\\/awakeningtouch.ca\\\/wp-content\\\/uploads\\\/2022\\\/03\\\/body-lotion-hydrating-hydratante-corps.jpg\",\"datePublished\":\"2022-03-11T15:30:56+00:00\",\"dateModified\":\"2024-12-27T01:31:24+00:00\",\"breadcrumb\":{\"@id\":\"https:\\\/\\\/awakeningtouch.ca\\\/fr\\\/produit\\\/lotion-hydratante-pour-le-corps\\\/#breadcrumb\"},\"inLanguage\":\"fr-FR\",\"potentialAction\":[{\"@type\":\"ReadAction\",\"target\":[\"https:\\\/\\\/awakeningtouch.ca\\\/fr\\\/produit\\\/lotion-hydratante-pour-le-corps\\\/\"]}]},{\"@type\":\"ImageObject\",\"inLanguage\":\"fr-FR\",\"@id\":\"https:\\\/\\\/awakeningtouch.ca\\\/fr\\\/produit\\\/lotion-hydratante-pour-le-corps\\\/#primaryimage\",\"url\":\"https:\\\/\\\/awakeningtouch.ca\\\/wp-content\\\/uploads\\\/2022\\\/03\\\/body-lotion-hydrating-hydratante-corps.jpg\",\"contentUrl\":\"https:\\\/\\\/awakeningtouch.ca\\\/wp-content\\\/uploads\\\/2022\\\/03\\\/body-lotion-hydrating-hydratante-corps.jpg\",\"width\":1000,\"height\":1402},{\"@type\":\"BreadcrumbList\",\"@id\":\"https:\\\/\\\/awakeningtouch.ca\\\/fr\\\/produit\\\/lotion-hydratante-pour-le-corps\\\/#breadcrumb\",\"itemListElement\":[{\"@type\":\"ListItem\",\"position\":1,\"name\":\"Accueil\",\"item\":\"https:\\\/\\\/awakeningtouch.ca\\\/fr\\\/\"},{\"@type\":\"ListItem\",\"position\":2,\"name\":\"Boutique\",\"item\":\"https:\\\/\\\/awakeningtouch.ca\\\/fr\\\/boutique\\\/\"},{\"@type\":\"ListItem\",\"position\":3,\"name\":\"Lotion hydratante pour le corps\"}]},{\"@type\":\"WebSite\",\"@id\":\"https:\\\/\\\/awakeningtouch.ca\\\/fr\\\/#website\",\"url\":\"https:\\\/\\\/awakeningtouch.ca\\\/fr\\\/\",\"name\":\"Awakening Touch\",\"description\":\"\",\"potentialAction\":[{\"@type\":\"SearchAction\",\"target\":{\"@type\":\"EntryPoint\",\"urlTemplate\":\"https:\\\/\\\/awakeningtouch.ca\\\/fr\\\/?s={search_term_string}\"},\"query-input\":{\"@type\":\"PropertyValueSpecification\",\"valueRequired\":true,\"valueName\":\"search_term_string\"}}],\"inLanguage\":\"fr-FR\"}]}<\/script>\n<!-- \/ Yoast SEO plugin. -->","yoast_head_json":{"title":"Lotion hydratante pour le corps - Awakening Touch","robots":{"index":"index","follow":"follow","max-snippet":"max-snippet:-1","max-image-preview":"max-image-preview:large","max-video-preview":"max-video-preview:-1"},"canonical":"https:\/\/awakeningtouch.ca\/fr\/produit\/lotion-hydratante-pour-le-corps\/","og_locale":"fr_FR","og_type":"article","og_title":"Lotion hydratante pour le corps - Awakening Touch","og_description":"Une peau en sant\u00e9 pour toute la famille !","og_url":"https:\/\/awakeningtouch.ca\/fr\/produit\/lotion-hydratante-pour-le-corps\/","og_site_name":"Awakening Touch","article_modified_time":"2024-12-27T01:31:24+00:00","og_image":[{"width":1000,"height":1402,"url":"https:\/\/awakeningtouch.ca\/wp-content\/uploads\/2022\/03\/body-lotion-hydrating-hydratante-corps.jpg","type":"image\/jpeg"}],"twitter_card":"summary_large_image","twitter_misc":{"Dur\u00e9e de lecture estim\u00e9e":"1 minute"},"schema":{"@context":"https:\/\/schema.org","@graph":[{"@type":"WebPage","@id":"https:\/\/awakeningtouch.ca\/fr\/produit\/lotion-hydratante-pour-le-corps\/","url":"https:\/\/awakeningtouch.ca\/fr\/produit\/lotion-hydratante-pour-le-corps\/","name":"Lotion hydratante pour le corps - Awakening Touch","isPartOf":{"@id":"https:\/\/awakeningtouch.ca\/fr\/#website"},"primaryImageOfPage":{"@id":"https:\/\/awakeningtouch.ca\/fr\/produit\/lotion-hydratante-pour-le-corps\/#primaryimage"},"image":{"@id":"https:\/\/awakeningtouch.ca\/fr\/produit\/lotion-hydratante-pour-le-corps\/#primaryimage"},"thumbnailUrl":"https:\/\/awakeningtouch.ca\/wp-content\/uploads\/2022\/03\/body-lotion-hydrating-hydratante-corps.jpg","datePublished":"2022-03-11T15:30:56+00:00","dateModified":"2024-12-27T01:31:24+00:00","breadcrumb":{"@id":"https:\/\/awakeningtouch.ca\/fr\/produit\/lotion-hydratante-pour-le-corps\/#breadcrumb"},"inLanguage":"fr-FR","potentialAction":[{"@type":"ReadAction","target":["https:\/\/awakeningtouch.ca\/fr\/produit\/lotion-hydratante-pour-le-corps\/"]}]},{"@type":"ImageObject","inLanguage":"fr-FR","@id":"https:\/\/awakeningtouch.ca\/fr\/produit\/lotion-hydratante-pour-le-corps\/#primaryimage","url":"https:\/\/awakeningtouch.ca\/wp-content\/uploads\/2022\/03\/body-lotion-hydrating-hydratante-corps.jpg","contentUrl":"https:\/\/awakeningtouch.ca\/wp-content\/uploads\/2022\/03\/body-lotion-hydrating-hydratante-corps.jpg","width":1000,"height":1402},{"@type":"BreadcrumbList","@id":"https:\/\/awakeningtouch.ca\/fr\/produit\/lotion-hydratante-pour-le-corps\/#breadcrumb","itemListElement":[{"@type":"ListItem","position":1,"name":"Accueil","item":"https:\/\/awakeningtouch.ca\/fr\/"},{"@type":"ListItem","position":2,"name":"Boutique","item":"https:\/\/awakeningtouch.ca\/fr\/boutique\/"},{"@type":"ListItem","position":3,"name":"Lotion hydratante pour le corps"}]},{"@type":"WebSite","@id":"https:\/\/awakeningtouch.ca\/fr\/#website","url":"https:\/\/awakeningtouch.ca\/fr\/","name":"Awakening Touch","description":"","potentialAction":[{"@type":"SearchAction","target":{"@type":"EntryPoint","urlTemplate":"https:\/\/awakeningtouch.ca\/fr\/?s={search_term_string}"},"query-input":{"@type":"PropertyValueSpecification","valueRequired":true,"valueName":"search_term_string"}}],"inLanguage":"fr-FR"}]}},"_links":{"self":[{"href":"https:\/\/awakeningtouch.ca\/fr\/wp-json\/wp\/v2\/product\/2383","targetHints":{"allow":["GET"]}}],"collection":[{"href":"https:\/\/awakeningtouch.ca\/fr\/wp-json\/wp\/v2\/product"}],"about":[{"href":"https:\/\/awakeningtouch.ca\/fr\/wp-json\/wp\/v2\/types\/product"}],"replies":[{"embeddable":true,"href":"https:\/\/awakeningtouch.ca\/fr\/wp-json\/wp\/v2\/comments?post=2383"}],"wp:featuredmedia":[{"embeddable":true,"href":"https:\/\/awakeningtouch.ca\/fr\/wp-json\/wp\/v2\/media\/2378"}],"wp:attachment":[{"href":"https:\/\/awakeningtouch.ca\/fr\/wp-json\/wp\/v2\/media?parent=2383"}],"wp:term":[{"taxonomy":"product_brand","embeddable":true,"href":"https:\/\/awakeningtouch.ca\/fr\/wp-json\/wp\/v2\/product_brand?post=2383"},{"taxonomy":"product_cat","embeddable":true,"href":"https:\/\/awakeningtouch.ca\/fr\/wp-json\/wp\/v2\/product_cat?post=2383"},{"taxonomy":"product_tag","embeddable":true,"href":"https:\/\/awakeningtouch.ca\/fr\/wp-json\/wp\/v2\/product_tag?post=2383"}],"curies":[{"name":"wp","href":"https:\/\/api.w.org\/{rel}","templated":true}]}}