{"id":2084,"date":"2022-02-23T11:35:10","date_gmt":"2022-02-23T16:35:10","guid":{"rendered":"https:\/\/awakeningtouch.ca\/?post_type=product&#038;p=2084"},"modified":"2024-12-26T20:31:23","modified_gmt":"2024-12-27T01:31:23","slug":"creme-nettoyante","status":"publish","type":"product","link":"https:\/\/awakeningtouch.ca\/fr\/produit\/creme-nettoyante\/","title":{"rendered":"Cr\u00e8me nettoyante"},"content":{"rendered":"<p>Cette cr\u00e8me nettoyante tout-en-un est id\u00e9ale pour le d\u00e9maquillage. Elle permet aussi de nettoyer la peau en profondeur tout en prot\u00e9geant son hydratation.\u00a0Cette cr\u00e8me nettoyante peut \u00e9galement \u00eatre utilis\u00e9e comme un masque, en la laissant simplement agir un peu plus longtemps. Appliquez-la sur le visage, massez doucement et rincez.\u00a0Elle convient \u00e0 tous les types de peau. Les huiles essentielles de bergamote et de citron apportent un parfum stimulant et revigorant. Vous aimerez sa texture riche et velout\u00e9e.<\/p>\n<p><strong>B<\/strong><b><span lang=\"EN-CA\">ienfaits<\/span><\/b><\/p>\n<ul>\n<li>Nettoie en profondeur et en douceur<\/li>\n<li>Prot\u00e8ge l&rsquo;hydratation de la peau<\/li>\n<li>\n<div><span lang=\"EN-CA\">Enl\u00e8ve le maquillage<\/span><\/div>\n<\/li>\n<\/ul>\n<div><b>Ingr\u00e9dients principaux\u00a0<\/b><b>: <\/b>huiles essentielles de bergamote et de citron, huile de ricin.<\/div>\n<p><strong>NATUREL \u2013 FAIT \u00c0 LA MAIN<\/strong><\/p>\n<p><strong>\u00c0 utiliser ensuite avec notre <a href=\"https:\/\/awakeningtouch.ca\/fr\/produit\/exfoliant-pour-le-visage\/\">exfoliant<\/a> et nos cr\u00e8mes hydratantes pour le visage.<\/strong><\/p>\n<p>&nbsp;<\/p>\n<p>Produit approuv\u00e9 par Sant\u00e9 Canada<\/p>\n","protected":false},"excerpt":{"rendered":"<p>Un d\u00e9maquillage, un nettoyage et un masque tout-en-un<\/p>\n","protected":false},"featured_media":2081,"comment_status":"open","ping_status":"closed","template":"","meta":{"_et_pb_use_builder":"","_et_pb_old_content":"","_et_gb_content_width":"","_monsterinsights_skip_tracking":false,"_monsterinsights_sitenote_active":false,"_monsterinsights_sitenote_note":"","_monsterinsights_sitenote_category":0},"product_brand":[],"product_cat":[84],"product_tag":[],"class_list":{"0":"post-2084","1":"product","2":"type-product","3":"status-publish","4":"has-post-thumbnail","6":"product_cat-soins-de-la-peau-naturels","8":"first","9":"instock","10":"taxable","11":"shipping-taxable","12":"purchasable","13":"product-type-simple"},"yoast_head":"<!-- This site is optimized with the Yoast SEO plugin v27.5 - https:\/\/yoast.com\/product\/yoast-seo-wordpress\/ -->\n<title>Cr\u00e8me nettoyante - Awakening Touch<\/title>\n<meta name=\"robots\" content=\"index, follow, max-snippet:-1, max-image-preview:large, max-video-preview:-1\" \/>\n<link rel=\"canonical\" href=\"https:\/\/awakeningtouch.ca\/fr\/produit\/creme-nettoyante\/\" \/>\n<meta property=\"og:locale\" content=\"fr_FR\" \/>\n<meta property=\"og:type\" content=\"article\" \/>\n<meta property=\"og:title\" content=\"Cr\u00e8me nettoyante - Awakening Touch\" \/>\n<meta property=\"og:description\" content=\"Un d\u00e9maquillage, un nettoyage et un masque tout-en-un\" \/>\n<meta property=\"og:url\" content=\"https:\/\/awakeningtouch.ca\/fr\/produit\/creme-nettoyante\/\" \/>\n<meta property=\"og:site_name\" content=\"Awakening Touch\" \/>\n<meta property=\"article:modified_time\" content=\"2024-12-27T01:31:23+00:00\" \/>\n<meta property=\"og:image\" content=\"https:\/\/awakeningtouch.ca\/wp-content\/uploads\/2022\/02\/natural-cleansing-cream-creme-nettoyante-naturelle-1.jpg\" \/>\n\t<meta property=\"og:image:width\" content=\"1000\" \/>\n\t<meta property=\"og:image:height\" content=\"1113\" \/>\n\t<meta property=\"og:image:type\" content=\"image\/jpeg\" \/>\n<meta name=\"twitter:card\" content=\"summary_large_image\" \/>\n<meta name=\"twitter:label1\" content=\"Dur\u00e9e de lecture estim\u00e9e\" \/>\n\t<meta name=\"twitter:data1\" content=\"1 minute\" \/>\n<script type=\"application\/ld+json\" class=\"yoast-schema-graph\">{\"@context\":\"https:\\\/\\\/schema.org\",\"@graph\":[{\"@type\":\"WebPage\",\"@id\":\"https:\\\/\\\/awakeningtouch.ca\\\/fr\\\/produit\\\/creme-nettoyante\\\/\",\"url\":\"https:\\\/\\\/awakeningtouch.ca\\\/fr\\\/produit\\\/creme-nettoyante\\\/\",\"name\":\"Cr\u00e8me nettoyante - Awakening Touch\",\"isPartOf\":{\"@id\":\"https:\\\/\\\/awakeningtouch.ca\\\/fr\\\/#website\"},\"primaryImageOfPage\":{\"@id\":\"https:\\\/\\\/awakeningtouch.ca\\\/fr\\\/produit\\\/creme-nettoyante\\\/#primaryimage\"},\"image\":{\"@id\":\"https:\\\/\\\/awakeningtouch.ca\\\/fr\\\/produit\\\/creme-nettoyante\\\/#primaryimage\"},\"thumbnailUrl\":\"https:\\\/\\\/awakeningtouch.ca\\\/wp-content\\\/uploads\\\/2022\\\/02\\\/natural-cleansing-cream-creme-nettoyante-naturelle-1.jpg\",\"datePublished\":\"2022-02-23T16:35:10+00:00\",\"dateModified\":\"2024-12-27T01:31:23+00:00\",\"breadcrumb\":{\"@id\":\"https:\\\/\\\/awakeningtouch.ca\\\/fr\\\/produit\\\/creme-nettoyante\\\/#breadcrumb\"},\"inLanguage\":\"fr-FR\",\"potentialAction\":[{\"@type\":\"ReadAction\",\"target\":[\"https:\\\/\\\/awakeningtouch.ca\\\/fr\\\/produit\\\/creme-nettoyante\\\/\"]}]},{\"@type\":\"ImageObject\",\"inLanguage\":\"fr-FR\",\"@id\":\"https:\\\/\\\/awakeningtouch.ca\\\/fr\\\/produit\\\/creme-nettoyante\\\/#primaryimage\",\"url\":\"https:\\\/\\\/awakeningtouch.ca\\\/wp-content\\\/uploads\\\/2022\\\/02\\\/natural-cleansing-cream-creme-nettoyante-naturelle-1.jpg\",\"contentUrl\":\"https:\\\/\\\/awakeningtouch.ca\\\/wp-content\\\/uploads\\\/2022\\\/02\\\/natural-cleansing-cream-creme-nettoyante-naturelle-1.jpg\",\"width\":1000,\"height\":1113},{\"@type\":\"BreadcrumbList\",\"@id\":\"https:\\\/\\\/awakeningtouch.ca\\\/fr\\\/produit\\\/creme-nettoyante\\\/#breadcrumb\",\"itemListElement\":[{\"@type\":\"ListItem\",\"position\":1,\"name\":\"Accueil\",\"item\":\"https:\\\/\\\/awakeningtouch.ca\\\/fr\\\/\"},{\"@type\":\"ListItem\",\"position\":2,\"name\":\"Boutique\",\"item\":\"https:\\\/\\\/awakeningtouch.ca\\\/fr\\\/boutique\\\/\"},{\"@type\":\"ListItem\",\"position\":3,\"name\":\"Cr\u00e8me nettoyante\"}]},{\"@type\":\"WebSite\",\"@id\":\"https:\\\/\\\/awakeningtouch.ca\\\/fr\\\/#website\",\"url\":\"https:\\\/\\\/awakeningtouch.ca\\\/fr\\\/\",\"name\":\"Awakening Touch\",\"description\":\"\",\"potentialAction\":[{\"@type\":\"SearchAction\",\"target\":{\"@type\":\"EntryPoint\",\"urlTemplate\":\"https:\\\/\\\/awakeningtouch.ca\\\/fr\\\/?s={search_term_string}\"},\"query-input\":{\"@type\":\"PropertyValueSpecification\",\"valueRequired\":true,\"valueName\":\"search_term_string\"}}],\"inLanguage\":\"fr-FR\"}]}<\/script>\n<!-- \/ Yoast SEO plugin. -->","yoast_head_json":{"title":"Cr\u00e8me nettoyante - Awakening Touch","robots":{"index":"index","follow":"follow","max-snippet":"max-snippet:-1","max-image-preview":"max-image-preview:large","max-video-preview":"max-video-preview:-1"},"canonical":"https:\/\/awakeningtouch.ca\/fr\/produit\/creme-nettoyante\/","og_locale":"fr_FR","og_type":"article","og_title":"Cr\u00e8me nettoyante - Awakening Touch","og_description":"Un d\u00e9maquillage, un nettoyage et un masque tout-en-un","og_url":"https:\/\/awakeningtouch.ca\/fr\/produit\/creme-nettoyante\/","og_site_name":"Awakening Touch","article_modified_time":"2024-12-27T01:31:23+00:00","og_image":[{"width":1000,"height":1113,"url":"https:\/\/awakeningtouch.ca\/wp-content\/uploads\/2022\/02\/natural-cleansing-cream-creme-nettoyante-naturelle-1.jpg","type":"image\/jpeg"}],"twitter_card":"summary_large_image","twitter_misc":{"Dur\u00e9e de lecture estim\u00e9e":"1 minute"},"schema":{"@context":"https:\/\/schema.org","@graph":[{"@type":"WebPage","@id":"https:\/\/awakeningtouch.ca\/fr\/produit\/creme-nettoyante\/","url":"https:\/\/awakeningtouch.ca\/fr\/produit\/creme-nettoyante\/","name":"Cr\u00e8me nettoyante - Awakening Touch","isPartOf":{"@id":"https:\/\/awakeningtouch.ca\/fr\/#website"},"primaryImageOfPage":{"@id":"https:\/\/awakeningtouch.ca\/fr\/produit\/creme-nettoyante\/#primaryimage"},"image":{"@id":"https:\/\/awakeningtouch.ca\/fr\/produit\/creme-nettoyante\/#primaryimage"},"thumbnailUrl":"https:\/\/awakeningtouch.ca\/wp-content\/uploads\/2022\/02\/natural-cleansing-cream-creme-nettoyante-naturelle-1.jpg","datePublished":"2022-02-23T16:35:10+00:00","dateModified":"2024-12-27T01:31:23+00:00","breadcrumb":{"@id":"https:\/\/awakeningtouch.ca\/fr\/produit\/creme-nettoyante\/#breadcrumb"},"inLanguage":"fr-FR","potentialAction":[{"@type":"ReadAction","target":["https:\/\/awakeningtouch.ca\/fr\/produit\/creme-nettoyante\/"]}]},{"@type":"ImageObject","inLanguage":"fr-FR","@id":"https:\/\/awakeningtouch.ca\/fr\/produit\/creme-nettoyante\/#primaryimage","url":"https:\/\/awakeningtouch.ca\/wp-content\/uploads\/2022\/02\/natural-cleansing-cream-creme-nettoyante-naturelle-1.jpg","contentUrl":"https:\/\/awakeningtouch.ca\/wp-content\/uploads\/2022\/02\/natural-cleansing-cream-creme-nettoyante-naturelle-1.jpg","width":1000,"height":1113},{"@type":"BreadcrumbList","@id":"https:\/\/awakeningtouch.ca\/fr\/produit\/creme-nettoyante\/#breadcrumb","itemListElement":[{"@type":"ListItem","position":1,"name":"Accueil","item":"https:\/\/awakeningtouch.ca\/fr\/"},{"@type":"ListItem","position":2,"name":"Boutique","item":"https:\/\/awakeningtouch.ca\/fr\/boutique\/"},{"@type":"ListItem","position":3,"name":"Cr\u00e8me nettoyante"}]},{"@type":"WebSite","@id":"https:\/\/awakeningtouch.ca\/fr\/#website","url":"https:\/\/awakeningtouch.ca\/fr\/","name":"Awakening Touch","description":"","potentialAction":[{"@type":"SearchAction","target":{"@type":"EntryPoint","urlTemplate":"https:\/\/awakeningtouch.ca\/fr\/?s={search_term_string}"},"query-input":{"@type":"PropertyValueSpecification","valueRequired":true,"valueName":"search_term_string"}}],"inLanguage":"fr-FR"}]}},"_links":{"self":[{"href":"https:\/\/awakeningtouch.ca\/fr\/wp-json\/wp\/v2\/product\/2084","targetHints":{"allow":["GET"]}}],"collection":[{"href":"https:\/\/awakeningtouch.ca\/fr\/wp-json\/wp\/v2\/product"}],"about":[{"href":"https:\/\/awakeningtouch.ca\/fr\/wp-json\/wp\/v2\/types\/product"}],"replies":[{"embeddable":true,"href":"https:\/\/awakeningtouch.ca\/fr\/wp-json\/wp\/v2\/comments?post=2084"}],"wp:featuredmedia":[{"embeddable":true,"href":"https:\/\/awakeningtouch.ca\/fr\/wp-json\/wp\/v2\/media\/2081"}],"wp:attachment":[{"href":"https:\/\/awakeningtouch.ca\/fr\/wp-json\/wp\/v2\/media?parent=2084"}],"wp:term":[{"taxonomy":"product_brand","embeddable":true,"href":"https:\/\/awakeningtouch.ca\/fr\/wp-json\/wp\/v2\/product_brand?post=2084"},{"taxonomy":"product_cat","embeddable":true,"href":"https:\/\/awakeningtouch.ca\/fr\/wp-json\/wp\/v2\/product_cat?post=2084"},{"taxonomy":"product_tag","embeddable":true,"href":"https:\/\/awakeningtouch.ca\/fr\/wp-json\/wp\/v2\/product_tag?post=2084"}],"curies":[{"name":"wp","href":"https:\/\/api.w.org\/{rel}","templated":true}]}}