{"id":1945,"date":"2022-01-26T18:33:52","date_gmt":"2022-01-26T23:33:52","guid":{"rendered":"https:\/\/awakeningtouch.ca\/product\/exfoliant-pour-le-visage\/"},"modified":"2024-12-26T20:31:24","modified_gmt":"2024-12-27T01:31:24","slug":"exfoliant-pour-le-visage","status":"publish","type":"product","link":"https:\/\/awakeningtouch.ca\/fr\/produit\/exfoliant-pour-le-visage\/","title":{"rendered":"Exfoliant pour le visage"},"content":{"rendered":"<p>L&rsquo;exfoliant pour le visage est fait \u00e0 base d&rsquo;ingr\u00e9dients naturels et bienfaisants pour la peau. Il suffit d&rsquo;en prendre une petite quantit\u00e9 dans vos doigts, d&rsquo;ajouter un peu d&rsquo;eau dans votre main et de m\u00e9langer jusqu&rsquo;\u00e0 obtenir la consistance souhait\u00e9e. Puis appliquez sur le visage, massez et rincez abondamment \u00e0 l&rsquo;eau, sous la douche ou\u00a0avec un linge de mousseline.<\/p>\n<p><strong>B<\/strong><b><span lang=\"EN-CA\">ienfaits<\/span><\/b><\/p>\n<ul>\n<li>\u00c9limine toute trace de s\u00e9cheresse sur le visage<\/li>\n<li>Prot\u00e8ge l&rsquo;hydratation naturelle de la peau<\/li>\n<li>Nettoie et hydrate\u00a0la peau en profondeur<\/li>\n<\/ul>\n<blockquote><p><span lang=\"EN-CA\">\u00ab\u00a0Un excellent produit pour la peau des adolescents. Mes gar\u00e7ons l&rsquo;ont ador\u00e9. Il est facile \u00e0 utiliser sous la douche. Mon mari l&rsquo;utilise sur ses mains apr\u00e8s une journ\u00e9e de travail. Et les hommes l&rsquo;adorent g\u00e9n\u00e9ralement car, selon le type de peau, il hydrate suffisamment bien la peau pour qu&rsquo;aucun autre produit ne soit n\u00e9cessaire pour les soins de jour. \u00bb\u00a0<\/span>Gita<\/p><\/blockquote>\n<p><b>NATUREL &#8211; FAIT \u00c0 LA MAIN<\/b><\/p>\n<p><b>\u00c0 utiliser ensuite avec notre hydratant pour le visage.<\/b><\/p>\n<p>&nbsp;<\/p>\n<p><span lang=\"EN-CA\">Produit approuv\u00e9 par Sant\u00e9 Canada<\/span><\/p>\n","protected":false},"excerpt":{"rendered":"<p><span lang=\"EN-CA\">Nettoyez en profondeur, hydratez et prot\u00e9gez la peau de votre visage<\/span><\/p>\n","protected":false},"featured_media":1113,"comment_status":"open","ping_status":"closed","template":"","meta":{"_et_pb_use_builder":"","_et_pb_old_content":"","_et_gb_content_width":"","_monsterinsights_skip_tracking":false,"_monsterinsights_sitenote_active":false,"_monsterinsights_sitenote_note":"","_monsterinsights_sitenote_category":0},"product_brand":[],"product_cat":[84],"product_tag":[],"class_list":{"0":"post-1945","1":"product","2":"type-product","3":"status-publish","4":"has-post-thumbnail","6":"product_cat-soins-de-la-peau-naturels","8":"first","9":"instock","10":"taxable","11":"shipping-taxable","12":"purchasable","13":"product-type-variable"},"yoast_head":"<!-- This site is optimized with the Yoast SEO plugin v27.4 - https:\/\/yoast.com\/product\/yoast-seo-wordpress\/ -->\n<title>Exfoliant pour le visage - Awakening Touch<\/title>\n<meta name=\"robots\" content=\"index, follow, max-snippet:-1, max-image-preview:large, max-video-preview:-1\" \/>\n<link rel=\"canonical\" href=\"https:\/\/awakeningtouch.ca\/fr\/produit\/exfoliant-pour-le-visage\/\" \/>\n<meta property=\"og:locale\" content=\"fr_FR\" \/>\n<meta property=\"og:type\" content=\"article\" \/>\n<meta property=\"og:title\" content=\"Exfoliant pour le visage - Awakening Touch\" \/>\n<meta property=\"og:description\" content=\"Nettoyez en profondeur, hydratez et prot\u00e9gez la peau de votre visage\" \/>\n<meta property=\"og:url\" content=\"https:\/\/awakeningtouch.ca\/fr\/produit\/exfoliant-pour-le-visage\/\" \/>\n<meta property=\"og:site_name\" content=\"Awakening Touch\" \/>\n<meta property=\"article:modified_time\" content=\"2024-12-27T01:31:24+00:00\" \/>\n<meta property=\"og:image\" content=\"https:\/\/awakeningtouch.ca\/wp-content\/uploads\/2022\/01\/exfoliant-visage-face-exfoliant-2.jpg\" \/>\n\t<meta property=\"og:image:width\" content=\"1000\" \/>\n\t<meta property=\"og:image:height\" content=\"1000\" \/>\n\t<meta property=\"og:image:type\" content=\"image\/jpeg\" \/>\n<meta name=\"twitter:card\" content=\"summary_large_image\" \/>\n<meta name=\"twitter:label1\" content=\"Dur\u00e9e de lecture estim\u00e9e\" \/>\n\t<meta name=\"twitter:data1\" content=\"1 minute\" \/>\n<script type=\"application\/ld+json\" class=\"yoast-schema-graph\">{\"@context\":\"https:\\\/\\\/schema.org\",\"@graph\":[{\"@type\":\"WebPage\",\"@id\":\"https:\\\/\\\/awakeningtouch.ca\\\/fr\\\/produit\\\/exfoliant-pour-le-visage\\\/\",\"url\":\"https:\\\/\\\/awakeningtouch.ca\\\/fr\\\/produit\\\/exfoliant-pour-le-visage\\\/\",\"name\":\"Exfoliant pour le visage - Awakening Touch\",\"isPartOf\":{\"@id\":\"https:\\\/\\\/awakeningtouch.ca\\\/fr\\\/#website\"},\"primaryImageOfPage\":{\"@id\":\"https:\\\/\\\/awakeningtouch.ca\\\/fr\\\/produit\\\/exfoliant-pour-le-visage\\\/#primaryimage\"},\"image\":{\"@id\":\"https:\\\/\\\/awakeningtouch.ca\\\/fr\\\/produit\\\/exfoliant-pour-le-visage\\\/#primaryimage\"},\"thumbnailUrl\":\"https:\\\/\\\/awakeningtouch.ca\\\/wp-content\\\/uploads\\\/2022\\\/01\\\/exfoliant-visage-face-exfoliant-2.jpg\",\"datePublished\":\"2022-01-26T23:33:52+00:00\",\"dateModified\":\"2024-12-27T01:31:24+00:00\",\"breadcrumb\":{\"@id\":\"https:\\\/\\\/awakeningtouch.ca\\\/fr\\\/produit\\\/exfoliant-pour-le-visage\\\/#breadcrumb\"},\"inLanguage\":\"fr-FR\",\"potentialAction\":[{\"@type\":\"ReadAction\",\"target\":[\"https:\\\/\\\/awakeningtouch.ca\\\/fr\\\/produit\\\/exfoliant-pour-le-visage\\\/\"]}]},{\"@type\":\"ImageObject\",\"inLanguage\":\"fr-FR\",\"@id\":\"https:\\\/\\\/awakeningtouch.ca\\\/fr\\\/produit\\\/exfoliant-pour-le-visage\\\/#primaryimage\",\"url\":\"https:\\\/\\\/awakeningtouch.ca\\\/wp-content\\\/uploads\\\/2022\\\/01\\\/exfoliant-visage-face-exfoliant-2.jpg\",\"contentUrl\":\"https:\\\/\\\/awakeningtouch.ca\\\/wp-content\\\/uploads\\\/2022\\\/01\\\/exfoliant-visage-face-exfoliant-2.jpg\",\"width\":1000,\"height\":1000},{\"@type\":\"BreadcrumbList\",\"@id\":\"https:\\\/\\\/awakeningtouch.ca\\\/fr\\\/produit\\\/exfoliant-pour-le-visage\\\/#breadcrumb\",\"itemListElement\":[{\"@type\":\"ListItem\",\"position\":1,\"name\":\"Accueil\",\"item\":\"https:\\\/\\\/awakeningtouch.ca\\\/fr\\\/\"},{\"@type\":\"ListItem\",\"position\":2,\"name\":\"Boutique\",\"item\":\"https:\\\/\\\/awakeningtouch.ca\\\/fr\\\/boutique\\\/\"},{\"@type\":\"ListItem\",\"position\":3,\"name\":\"Exfoliant pour le visage\"}]},{\"@type\":\"WebSite\",\"@id\":\"https:\\\/\\\/awakeningtouch.ca\\\/fr\\\/#website\",\"url\":\"https:\\\/\\\/awakeningtouch.ca\\\/fr\\\/\",\"name\":\"Awakening Touch\",\"description\":\"\",\"potentialAction\":[{\"@type\":\"SearchAction\",\"target\":{\"@type\":\"EntryPoint\",\"urlTemplate\":\"https:\\\/\\\/awakeningtouch.ca\\\/fr\\\/?s={search_term_string}\"},\"query-input\":{\"@type\":\"PropertyValueSpecification\",\"valueRequired\":true,\"valueName\":\"search_term_string\"}}],\"inLanguage\":\"fr-FR\"}]}<\/script>\n<!-- \/ Yoast SEO plugin. -->","yoast_head_json":{"title":"Exfoliant pour le visage - Awakening Touch","robots":{"index":"index","follow":"follow","max-snippet":"max-snippet:-1","max-image-preview":"max-image-preview:large","max-video-preview":"max-video-preview:-1"},"canonical":"https:\/\/awakeningtouch.ca\/fr\/produit\/exfoliant-pour-le-visage\/","og_locale":"fr_FR","og_type":"article","og_title":"Exfoliant pour le visage - Awakening Touch","og_description":"Nettoyez en profondeur, hydratez et prot\u00e9gez la peau de votre visage","og_url":"https:\/\/awakeningtouch.ca\/fr\/produit\/exfoliant-pour-le-visage\/","og_site_name":"Awakening Touch","article_modified_time":"2024-12-27T01:31:24+00:00","og_image":[{"width":1000,"height":1000,"url":"https:\/\/awakeningtouch.ca\/wp-content\/uploads\/2022\/01\/exfoliant-visage-face-exfoliant-2.jpg","type":"image\/jpeg"}],"twitter_card":"summary_large_image","twitter_misc":{"Dur\u00e9e de lecture estim\u00e9e":"1 minute"},"schema":{"@context":"https:\/\/schema.org","@graph":[{"@type":"WebPage","@id":"https:\/\/awakeningtouch.ca\/fr\/produit\/exfoliant-pour-le-visage\/","url":"https:\/\/awakeningtouch.ca\/fr\/produit\/exfoliant-pour-le-visage\/","name":"Exfoliant pour le visage - Awakening Touch","isPartOf":{"@id":"https:\/\/awakeningtouch.ca\/fr\/#website"},"primaryImageOfPage":{"@id":"https:\/\/awakeningtouch.ca\/fr\/produit\/exfoliant-pour-le-visage\/#primaryimage"},"image":{"@id":"https:\/\/awakeningtouch.ca\/fr\/produit\/exfoliant-pour-le-visage\/#primaryimage"},"thumbnailUrl":"https:\/\/awakeningtouch.ca\/wp-content\/uploads\/2022\/01\/exfoliant-visage-face-exfoliant-2.jpg","datePublished":"2022-01-26T23:33:52+00:00","dateModified":"2024-12-27T01:31:24+00:00","breadcrumb":{"@id":"https:\/\/awakeningtouch.ca\/fr\/produit\/exfoliant-pour-le-visage\/#breadcrumb"},"inLanguage":"fr-FR","potentialAction":[{"@type":"ReadAction","target":["https:\/\/awakeningtouch.ca\/fr\/produit\/exfoliant-pour-le-visage\/"]}]},{"@type":"ImageObject","inLanguage":"fr-FR","@id":"https:\/\/awakeningtouch.ca\/fr\/produit\/exfoliant-pour-le-visage\/#primaryimage","url":"https:\/\/awakeningtouch.ca\/wp-content\/uploads\/2022\/01\/exfoliant-visage-face-exfoliant-2.jpg","contentUrl":"https:\/\/awakeningtouch.ca\/wp-content\/uploads\/2022\/01\/exfoliant-visage-face-exfoliant-2.jpg","width":1000,"height":1000},{"@type":"BreadcrumbList","@id":"https:\/\/awakeningtouch.ca\/fr\/produit\/exfoliant-pour-le-visage\/#breadcrumb","itemListElement":[{"@type":"ListItem","position":1,"name":"Accueil","item":"https:\/\/awakeningtouch.ca\/fr\/"},{"@type":"ListItem","position":2,"name":"Boutique","item":"https:\/\/awakeningtouch.ca\/fr\/boutique\/"},{"@type":"ListItem","position":3,"name":"Exfoliant pour le visage"}]},{"@type":"WebSite","@id":"https:\/\/awakeningtouch.ca\/fr\/#website","url":"https:\/\/awakeningtouch.ca\/fr\/","name":"Awakening Touch","description":"","potentialAction":[{"@type":"SearchAction","target":{"@type":"EntryPoint","urlTemplate":"https:\/\/awakeningtouch.ca\/fr\/?s={search_term_string}"},"query-input":{"@type":"PropertyValueSpecification","valueRequired":true,"valueName":"search_term_string"}}],"inLanguage":"fr-FR"}]}},"_links":{"self":[{"href":"https:\/\/awakeningtouch.ca\/fr\/wp-json\/wp\/v2\/product\/1945","targetHints":{"allow":["GET"]}}],"collection":[{"href":"https:\/\/awakeningtouch.ca\/fr\/wp-json\/wp\/v2\/product"}],"about":[{"href":"https:\/\/awakeningtouch.ca\/fr\/wp-json\/wp\/v2\/types\/product"}],"replies":[{"embeddable":true,"href":"https:\/\/awakeningtouch.ca\/fr\/wp-json\/wp\/v2\/comments?post=1945"}],"wp:featuredmedia":[{"embeddable":true,"href":"https:\/\/awakeningtouch.ca\/fr\/wp-json\/wp\/v2\/media\/1113"}],"wp:attachment":[{"href":"https:\/\/awakeningtouch.ca\/fr\/wp-json\/wp\/v2\/media?parent=1945"}],"wp:term":[{"taxonomy":"product_brand","embeddable":true,"href":"https:\/\/awakeningtouch.ca\/fr\/wp-json\/wp\/v2\/product_brand?post=1945"},{"taxonomy":"product_cat","embeddable":true,"href":"https:\/\/awakeningtouch.ca\/fr\/wp-json\/wp\/v2\/product_cat?post=1945"},{"taxonomy":"product_tag","embeddable":true,"href":"https:\/\/awakeningtouch.ca\/fr\/wp-json\/wp\/v2\/product_tag?post=1945"}],"curies":[{"name":"wp","href":"https:\/\/api.w.org\/{rel}","templated":true}]}}