{"id":14340,"date":"2025-11-24T10:26:21","date_gmt":"2025-11-24T15:26:21","guid":{"rendered":"https:\/\/awakeningtouch.ca\/?post_type=product&#038;p=14340"},"modified":"2025-11-24T11:32:50","modified_gmt":"2025-11-24T16:32:50","slug":"autel-de-la-matrice-feminine-sacree-1","status":"publish","type":"product","link":"https:\/\/awakeningtouch.ca\/fr\/produit\/autel-de-la-matrice-feminine-sacree-1\/","title":{"rendered":"Autel de la matrice f\u00e9minine sacr\u00e9e"},"content":{"rendered":"<p>Un autel sacr\u00e9 unique en son genre, fabriqu\u00e9 \u00e0 la main en argile et poli selon une technique ancestrale de cuisson primitive. Cet espace ut\u00e9rin en c\u00e9ramique incarne les quatre \u00e9l\u00e9ments : il a la forme d&rsquo;une goutte d&rsquo;eau, est fa\u00e7onn\u00e9 \u00e0 partir de la terre, transform\u00e9 par le feu et ouvert pour accueillir le souffle de l&rsquo;esprit. Des sculptures de plumes enveloppent la pi\u00e8ce, symbolisant la communication entre les royaumes, invitant \u00e0 la guidance, \u00e0 l&rsquo;intuition et aux messages de l&rsquo;invisible. Cr\u00e9\u00e9 comme un autel personnel d\u00e9di\u00e9 \u00e0 la d\u00e9esse, il devient un r\u00e9ceptacle de r\u00e9ceptivit\u00e9, de cr\u00e9ation et de pr\u00e9sence sacr\u00e9e.<\/p>\n<p>La cuisson primitive permet aux \u00e9l\u00e9ments bruts de se rencontrer directement : la terre, la flamme, la fum\u00e9e et l&rsquo;air tissent leurs marques dans l&rsquo;argile. Chaque pi\u00e8ce \u00e9merge, b\u00e9nie de mani\u00e8re unique par la danse de la nature, portant sa propre texture, ses propres marques et son empreinte \u00e9nerg\u00e9tique. La forme ut\u00e9rine symbolise les d\u00e9buts, la sagesse f\u00e9minine et l&rsquo;espace fertile o\u00f9 l&rsquo;intention prend forme. Les plumes sculpt\u00e9es \u00e9voquent la communication, l&rsquo;\u00e9coute spirituelle et le doux murmure des conseils qui circulent entre les mondes.<\/p>\n<p>Utilisez cet autel pour y placer une fleur, une bougie, votre intention quotidienne ou une carte de tarot.<br \/>\nVous recevrez \u00e0 la fois le globe de l&rsquo;autel et l&rsquo;anneau sur lequel il repose,<br \/>\nune pi\u00e8ce sacr\u00e9e compl\u00e8te pr\u00eate \u00e0 ancrer vos rituels, vos pri\u00e8res et votre d\u00e9votion personnelle \u00e0 la d\u00e9esse.<\/p>\n<blockquote><p><span lang=\"EN-CA\">\u00ab\u00a0Les objets rituels supportent l\u2019espace de c\u00e9r\u00e9monie, au quotidien ou pour des passages sp\u00e9cifiques comme les solstices et \u00e9quinoxes. Tous sont fabriqu\u00e9s \u00e0 la main, avec des mat\u00e9riaux provenant de fournisseurs locaux et internationaux qui partagent nos valeurs. Une communication est \u00e9tablie avec chaque objet dans le processus de cr\u00e9ation, ce qui lui conf\u00e8re un caract\u00e8re sacr\u00e9 en plus d\u2019en faire son unicit\u00e9.\u00a0\u00bb\u00a0<\/span>Gita<\/p><\/blockquote>\n<p><strong>FAIT \u00c0 LA MAIN<\/strong><\/p>\n<p><strong>Compl\u00e9tez votre commande\u00a0<\/strong><b>avec une statue d\u00e9esse, des masque arch\u00e9types, un porte-encens, un porte-chandelles ou encore un sac m\u00e9decine.<\/b><\/p>\n","protected":false},"excerpt":{"rendered":"<p>Apportez le f\u00e9minin sacr\u00e9 \u00e0 vos rituels<\/p>\n","protected":false},"featured_media":14346,"comment_status":"open","ping_status":"closed","template":"","meta":{"_et_pb_use_builder":"","_et_pb_old_content":"","_et_gb_content_width":"","_monsterinsights_skip_tracking":false,"_monsterinsights_sitenote_active":false,"_monsterinsights_sitenote_note":"","_monsterinsights_sitenote_category":0},"product_brand":[],"product_cat":[2451,87],"product_tag":[2699,2701,2690,2700,2698],"class_list":{"0":"post-14340","1":"product","2":"type-product","3":"status-publish","4":"has-post-thumbnail","6":"product_cat-espace-autel","7":"product_cat-objets-rituels","8":"product_tag-autel-fr","9":"product_tag-deesse-fr","10":"product_tag-elements-fr","11":"product_tag-espace-sacre-fr","12":"product_tag-feminin-sacre-fr","14":"first","15":"outofstock","16":"sold-individually","17":"taxable","18":"shipping-taxable","19":"purchasable","20":"product-type-simple"},"yoast_head":"<!-- This site is optimized with the Yoast SEO plugin v27.4 - https:\/\/yoast.com\/product\/yoast-seo-wordpress\/ -->\n<title>Autel de la matrice f\u00e9minine sacr\u00e9e - Awakening Touch<\/title>\n<meta name=\"description\" content=\"Un autel sacr\u00e9 unique en son genre, fabriqu\u00e9 \u00e0 la main en argile et poli selon une technique ancestrale de cuisson primitive. Cet espace ut\u00e9rin en c\u00e9ramique incarne les quatre \u00e9l\u00e9ments : il a la forme d&#039;une goutte d&#039;eau, est fa\u00e7onn\u00e9 \u00e0 partir de la terre, transform\u00e9 par le feu et ouvert pour accueillir le souffle de l&#039;esprit. Des sculptures de plumes enveloppent la pi\u00e8ce, symbolisant la communication entre les royaumes, invitant \u00e0 la guidance, \u00e0 l&#039;intuition et aux messages de l&#039;invisible. Cr\u00e9\u00e9 comme un autel personnel d\u00e9di\u00e9 \u00e0 la d\u00e9esse, il devient un r\u00e9ceptacle de r\u00e9ceptivit\u00e9, de cr\u00e9ation et de pr\u00e9sence sacr\u00e9e.\" \/>\n<meta name=\"robots\" content=\"index, follow, max-snippet:-1, max-image-preview:large, max-video-preview:-1\" \/>\n<link rel=\"canonical\" href=\"https:\/\/awakeningtouch.ca\/fr\/produit\/autel-de-la-matrice-feminine-sacree-1\/\" \/>\n<meta property=\"og:locale\" content=\"fr_FR\" \/>\n<meta property=\"og:type\" content=\"article\" \/>\n<meta property=\"og:title\" content=\"Autel de la matrice f\u00e9minine sacr\u00e9e Autel de la matrice f\u00e9minine sacr\u00e9e Awakening touch\" \/>\n<meta property=\"og:description\" content=\"Un autel sacr\u00e9 unique en son genre, fabriqu\u00e9 \u00e0 la main en argile et poli selon une technique ancestrale de cuisson primitive. Cet espace ut\u00e9rin en c\u00e9ramique incarne les quatre \u00e9l\u00e9ments : il a la forme d&#039;une goutte d&#039;eau, est fa\u00e7onn\u00e9 \u00e0 partir de la terre, transform\u00e9 par le feu et ouvert pour accueillir le souffle de l&#039;esprit. Des sculptures de plumes enveloppent la pi\u00e8ce, symbolisant la communication entre les royaumes, invitant \u00e0 la guidance, \u00e0 l&#039;intuition et aux messages de l&#039;invisible. Cr\u00e9\u00e9 comme un autel personnel d\u00e9di\u00e9 \u00e0 la d\u00e9esse, il devient un r\u00e9ceptacle de r\u00e9ceptivit\u00e9, de cr\u00e9ation et de pr\u00e9sence sacr\u00e9e.\" \/>\n<meta property=\"og:url\" content=\"https:\/\/awakeningtouch.ca\/fr\/produit\/autel-de-la-matrice-feminine-sacree-1\/\" \/>\n<meta property=\"og:site_name\" content=\"Awakening Touch\" \/>\n<meta property=\"article:modified_time\" content=\"2025-11-24T16:32:50+00:00\" \/>\n<meta property=\"og:image\" content=\"https:\/\/awakeningtouch.ca\/wp-content\/uploads\/2025\/11\/sacred-feminine-womb-altar-feather-awakening-touch-1.3-scaled.jpg\" \/>\n\t<meta property=\"og:image:width\" content=\"2560\" \/>\n\t<meta property=\"og:image:height\" content=\"2560\" \/>\n\t<meta property=\"og:image:type\" content=\"image\/jpeg\" \/>\n<meta name=\"twitter:card\" content=\"summary_large_image\" \/>\n<meta name=\"twitter:label1\" content=\"Dur\u00e9e de lecture estim\u00e9e\" \/>\n\t<meta name=\"twitter:data1\" content=\"2 minutes\" \/>\n<script type=\"application\/ld+json\" class=\"yoast-schema-graph\">{\"@context\":\"https:\\\/\\\/schema.org\",\"@graph\":[{\"@type\":\"WebPage\",\"@id\":\"https:\\\/\\\/awakeningtouch.ca\\\/fr\\\/produit\\\/autel-de-la-matrice-feminine-sacree-1\\\/\",\"url\":\"https:\\\/\\\/awakeningtouch.ca\\\/fr\\\/produit\\\/autel-de-la-matrice-feminine-sacree-1\\\/\",\"name\":\"Autel de la matrice f\u00e9minine sacr\u00e9e - Awakening Touch\",\"isPartOf\":{\"@id\":\"https:\\\/\\\/awakeningtouch.ca\\\/fr\\\/#website\"},\"primaryImageOfPage\":{\"@id\":\"https:\\\/\\\/awakeningtouch.ca\\\/fr\\\/produit\\\/autel-de-la-matrice-feminine-sacree-1\\\/#primaryimage\"},\"image\":{\"@id\":\"https:\\\/\\\/awakeningtouch.ca\\\/fr\\\/produit\\\/autel-de-la-matrice-feminine-sacree-1\\\/#primaryimage\"},\"thumbnailUrl\":\"https:\\\/\\\/awakeningtouch.ca\\\/wp-content\\\/uploads\\\/2025\\\/11\\\/sacred-feminine-womb-altar-feather-awakening-touch-1.3-scaled.jpg\",\"datePublished\":\"2025-11-24T15:26:21+00:00\",\"dateModified\":\"2025-11-24T16:32:50+00:00\",\"description\":\"Un autel sacr\u00e9 unique en son genre, fabriqu\u00e9 \u00e0 la main en argile et poli selon une technique ancestrale de cuisson primitive. Cet espace ut\u00e9rin en c\u00e9ramique incarne les quatre \u00e9l\u00e9ments : il a la forme d'une goutte d'eau, est fa\u00e7onn\u00e9 \u00e0 partir de la terre, transform\u00e9 par le feu et ouvert pour accueillir le souffle de l'esprit. Des sculptures de plumes enveloppent la pi\u00e8ce, symbolisant la communication entre les royaumes, invitant \u00e0 la guidance, \u00e0 l'intuition et aux messages de l'invisible. Cr\u00e9\u00e9 comme un autel personnel d\u00e9di\u00e9 \u00e0 la d\u00e9esse, il devient un r\u00e9ceptacle de r\u00e9ceptivit\u00e9, de cr\u00e9ation et de pr\u00e9sence sacr\u00e9e.\",\"breadcrumb\":{\"@id\":\"https:\\\/\\\/awakeningtouch.ca\\\/fr\\\/produit\\\/autel-de-la-matrice-feminine-sacree-1\\\/#breadcrumb\"},\"inLanguage\":\"fr-FR\",\"potentialAction\":[{\"@type\":\"ReadAction\",\"target\":[\"https:\\\/\\\/awakeningtouch.ca\\\/fr\\\/produit\\\/autel-de-la-matrice-feminine-sacree-1\\\/\"]}]},{\"@type\":\"ImageObject\",\"inLanguage\":\"fr-FR\",\"@id\":\"https:\\\/\\\/awakeningtouch.ca\\\/fr\\\/produit\\\/autel-de-la-matrice-feminine-sacree-1\\\/#primaryimage\",\"url\":\"https:\\\/\\\/awakeningtouch.ca\\\/wp-content\\\/uploads\\\/2025\\\/11\\\/sacred-feminine-womb-altar-feather-awakening-touch-1.3-scaled.jpg\",\"contentUrl\":\"https:\\\/\\\/awakeningtouch.ca\\\/wp-content\\\/uploads\\\/2025\\\/11\\\/sacred-feminine-womb-altar-feather-awakening-touch-1.3-scaled.jpg\",\"width\":2560,\"height\":2560},{\"@type\":\"BreadcrumbList\",\"@id\":\"https:\\\/\\\/awakeningtouch.ca\\\/fr\\\/produit\\\/autel-de-la-matrice-feminine-sacree-1\\\/#breadcrumb\",\"itemListElement\":[{\"@type\":\"ListItem\",\"position\":1,\"name\":\"Accueil\",\"item\":\"https:\\\/\\\/awakeningtouch.ca\\\/fr\\\/\"},{\"@type\":\"ListItem\",\"position\":2,\"name\":\"Boutique\",\"item\":\"https:\\\/\\\/awakeningtouch.ca\\\/fr\\\/boutique\\\/\"},{\"@type\":\"ListItem\",\"position\":3,\"name\":\"Autel de la matrice f\u00e9minine sacr\u00e9e\"}]},{\"@type\":\"WebSite\",\"@id\":\"https:\\\/\\\/awakeningtouch.ca\\\/fr\\\/#website\",\"url\":\"https:\\\/\\\/awakeningtouch.ca\\\/fr\\\/\",\"name\":\"Awakening Touch\",\"description\":\"\",\"potentialAction\":[{\"@type\":\"SearchAction\",\"target\":{\"@type\":\"EntryPoint\",\"urlTemplate\":\"https:\\\/\\\/awakeningtouch.ca\\\/fr\\\/?s={search_term_string}\"},\"query-input\":{\"@type\":\"PropertyValueSpecification\",\"valueRequired\":true,\"valueName\":\"search_term_string\"}}],\"inLanguage\":\"fr-FR\"}]}<\/script>\n<!-- \/ Yoast SEO plugin. -->","yoast_head_json":{"title":"Autel de la matrice f\u00e9minine sacr\u00e9e - Awakening Touch","description":"Un autel sacr\u00e9 unique en son genre, fabriqu\u00e9 \u00e0 la main en argile et poli selon une technique ancestrale de cuisson primitive. Cet espace ut\u00e9rin en c\u00e9ramique incarne les quatre \u00e9l\u00e9ments : il a la forme d'une goutte d'eau, est fa\u00e7onn\u00e9 \u00e0 partir de la terre, transform\u00e9 par le feu et ouvert pour accueillir le souffle de l'esprit. Des sculptures de plumes enveloppent la pi\u00e8ce, symbolisant la communication entre les royaumes, invitant \u00e0 la guidance, \u00e0 l'intuition et aux messages de l'invisible. Cr\u00e9\u00e9 comme un autel personnel d\u00e9di\u00e9 \u00e0 la d\u00e9esse, il devient un r\u00e9ceptacle de r\u00e9ceptivit\u00e9, de cr\u00e9ation et de pr\u00e9sence sacr\u00e9e.","robots":{"index":"index","follow":"follow","max-snippet":"max-snippet:-1","max-image-preview":"max-image-preview:large","max-video-preview":"max-video-preview:-1"},"canonical":"https:\/\/awakeningtouch.ca\/fr\/produit\/autel-de-la-matrice-feminine-sacree-1\/","og_locale":"fr_FR","og_type":"article","og_title":"Autel de la matrice f\u00e9minine sacr\u00e9e Autel de la matrice f\u00e9minine sacr\u00e9e Awakening touch","og_description":"Un autel sacr\u00e9 unique en son genre, fabriqu\u00e9 \u00e0 la main en argile et poli selon une technique ancestrale de cuisson primitive. Cet espace ut\u00e9rin en c\u00e9ramique incarne les quatre \u00e9l\u00e9ments : il a la forme d'une goutte d'eau, est fa\u00e7onn\u00e9 \u00e0 partir de la terre, transform\u00e9 par le feu et ouvert pour accueillir le souffle de l'esprit. Des sculptures de plumes enveloppent la pi\u00e8ce, symbolisant la communication entre les royaumes, invitant \u00e0 la guidance, \u00e0 l'intuition et aux messages de l'invisible. Cr\u00e9\u00e9 comme un autel personnel d\u00e9di\u00e9 \u00e0 la d\u00e9esse, il devient un r\u00e9ceptacle de r\u00e9ceptivit\u00e9, de cr\u00e9ation et de pr\u00e9sence sacr\u00e9e.","og_url":"https:\/\/awakeningtouch.ca\/fr\/produit\/autel-de-la-matrice-feminine-sacree-1\/","og_site_name":"Awakening Touch","article_modified_time":"2025-11-24T16:32:50+00:00","og_image":[{"width":2560,"height":2560,"url":"https:\/\/awakeningtouch.ca\/wp-content\/uploads\/2025\/11\/sacred-feminine-womb-altar-feather-awakening-touch-1.3-scaled.jpg","type":"image\/jpeg"}],"twitter_card":"summary_large_image","twitter_misc":{"Dur\u00e9e de lecture estim\u00e9e":"2 minutes"},"schema":{"@context":"https:\/\/schema.org","@graph":[{"@type":"WebPage","@id":"https:\/\/awakeningtouch.ca\/fr\/produit\/autel-de-la-matrice-feminine-sacree-1\/","url":"https:\/\/awakeningtouch.ca\/fr\/produit\/autel-de-la-matrice-feminine-sacree-1\/","name":"Autel de la matrice f\u00e9minine sacr\u00e9e - Awakening Touch","isPartOf":{"@id":"https:\/\/awakeningtouch.ca\/fr\/#website"},"primaryImageOfPage":{"@id":"https:\/\/awakeningtouch.ca\/fr\/produit\/autel-de-la-matrice-feminine-sacree-1\/#primaryimage"},"image":{"@id":"https:\/\/awakeningtouch.ca\/fr\/produit\/autel-de-la-matrice-feminine-sacree-1\/#primaryimage"},"thumbnailUrl":"https:\/\/awakeningtouch.ca\/wp-content\/uploads\/2025\/11\/sacred-feminine-womb-altar-feather-awakening-touch-1.3-scaled.jpg","datePublished":"2025-11-24T15:26:21+00:00","dateModified":"2025-11-24T16:32:50+00:00","description":"Un autel sacr\u00e9 unique en son genre, fabriqu\u00e9 \u00e0 la main en argile et poli selon une technique ancestrale de cuisson primitive. Cet espace ut\u00e9rin en c\u00e9ramique incarne les quatre \u00e9l\u00e9ments : il a la forme d'une goutte d'eau, est fa\u00e7onn\u00e9 \u00e0 partir de la terre, transform\u00e9 par le feu et ouvert pour accueillir le souffle de l'esprit. Des sculptures de plumes enveloppent la pi\u00e8ce, symbolisant la communication entre les royaumes, invitant \u00e0 la guidance, \u00e0 l'intuition et aux messages de l'invisible. Cr\u00e9\u00e9 comme un autel personnel d\u00e9di\u00e9 \u00e0 la d\u00e9esse, il devient un r\u00e9ceptacle de r\u00e9ceptivit\u00e9, de cr\u00e9ation et de pr\u00e9sence sacr\u00e9e.","breadcrumb":{"@id":"https:\/\/awakeningtouch.ca\/fr\/produit\/autel-de-la-matrice-feminine-sacree-1\/#breadcrumb"},"inLanguage":"fr-FR","potentialAction":[{"@type":"ReadAction","target":["https:\/\/awakeningtouch.ca\/fr\/produit\/autel-de-la-matrice-feminine-sacree-1\/"]}]},{"@type":"ImageObject","inLanguage":"fr-FR","@id":"https:\/\/awakeningtouch.ca\/fr\/produit\/autel-de-la-matrice-feminine-sacree-1\/#primaryimage","url":"https:\/\/awakeningtouch.ca\/wp-content\/uploads\/2025\/11\/sacred-feminine-womb-altar-feather-awakening-touch-1.3-scaled.jpg","contentUrl":"https:\/\/awakeningtouch.ca\/wp-content\/uploads\/2025\/11\/sacred-feminine-womb-altar-feather-awakening-touch-1.3-scaled.jpg","width":2560,"height":2560},{"@type":"BreadcrumbList","@id":"https:\/\/awakeningtouch.ca\/fr\/produit\/autel-de-la-matrice-feminine-sacree-1\/#breadcrumb","itemListElement":[{"@type":"ListItem","position":1,"name":"Accueil","item":"https:\/\/awakeningtouch.ca\/fr\/"},{"@type":"ListItem","position":2,"name":"Boutique","item":"https:\/\/awakeningtouch.ca\/fr\/boutique\/"},{"@type":"ListItem","position":3,"name":"Autel de la matrice f\u00e9minine sacr\u00e9e"}]},{"@type":"WebSite","@id":"https:\/\/awakeningtouch.ca\/fr\/#website","url":"https:\/\/awakeningtouch.ca\/fr\/","name":"Awakening Touch","description":"","potentialAction":[{"@type":"SearchAction","target":{"@type":"EntryPoint","urlTemplate":"https:\/\/awakeningtouch.ca\/fr\/?s={search_term_string}"},"query-input":{"@type":"PropertyValueSpecification","valueRequired":true,"valueName":"search_term_string"}}],"inLanguage":"fr-FR"}]}},"_links":{"self":[{"href":"https:\/\/awakeningtouch.ca\/fr\/wp-json\/wp\/v2\/product\/14340","targetHints":{"allow":["GET"]}}],"collection":[{"href":"https:\/\/awakeningtouch.ca\/fr\/wp-json\/wp\/v2\/product"}],"about":[{"href":"https:\/\/awakeningtouch.ca\/fr\/wp-json\/wp\/v2\/types\/product"}],"replies":[{"embeddable":true,"href":"https:\/\/awakeningtouch.ca\/fr\/wp-json\/wp\/v2\/comments?post=14340"}],"wp:featuredmedia":[{"embeddable":true,"href":"https:\/\/awakeningtouch.ca\/fr\/wp-json\/wp\/v2\/media\/14346"}],"wp:attachment":[{"href":"https:\/\/awakeningtouch.ca\/fr\/wp-json\/wp\/v2\/media?parent=14340"}],"wp:term":[{"taxonomy":"product_brand","embeddable":true,"href":"https:\/\/awakeningtouch.ca\/fr\/wp-json\/wp\/v2\/product_brand?post=14340"},{"taxonomy":"product_cat","embeddable":true,"href":"https:\/\/awakeningtouch.ca\/fr\/wp-json\/wp\/v2\/product_cat?post=14340"},{"taxonomy":"product_tag","embeddable":true,"href":"https:\/\/awakeningtouch.ca\/fr\/wp-json\/wp\/v2\/product_tag?post=14340"}],"curies":[{"name":"wp","href":"https:\/\/api.w.org\/{rel}","templated":true}]}}