{"id":14279,"date":"2025-11-24T09:04:27","date_gmt":"2025-11-24T14:04:27","guid":{"rendered":"https:\/\/awakeningtouch.ca\/?post_type=product&#038;p=14279"},"modified":"2025-11-24T09:22:30","modified_gmt":"2025-11-24T14:22:30","slug":"gobelet-en-ceramique-fait-main-danseuse-de-la-lune","status":"publish","type":"product","link":"https:\/\/awakeningtouch.ca\/fr\/produit\/gobelet-en-ceramique-fait-main-danseuse-de-la-lune\/","title":{"rendered":"Gobelet en c\u00e9ramique fait main  &#8211; Danseuse de la lune"},"content":{"rendered":"<p>Un gobelet en c\u00e9ramique fait main arborant le symbole de la Danseuse de la lune, expression de la f\u00e9minit\u00e9 sacr\u00e9e en mouvement, de la fluidit\u00e9 et de la gr\u00e2ce lumineuse. Cr\u00e9\u00e9 pour transformer vos moments de d\u00e9tente en rituel, il invite \u00e0 la pr\u00e9sence, \u00e0 l&rsquo;intuition et \u00e0 un retour en douceur \u00e0 votre rythme int\u00e9rieur \u00e0 chaque gorg\u00e9e.<\/p>\n<p>La Danseuse de la Lune incarne la sagesse cyclique du f\u00e9minin : le flux et le reflux des \u00e9motions, la cr\u00e9ation, le repos et le renouveau. Elle \u00e9volue au gr\u00e9 des phases lunaires, nous rappelant d&rsquo;honorer nos propres mar\u00e9es et de faire confiance \u00e0 la puissance tranquille qui r\u00e9side en nous. Ce gobelet devient un r\u00e9ceptacle de l&rsquo;incarnation, de la magie f\u00e9minine et de la connexion spirituelle tiss\u00e9e dans la vie quotidienne.<\/p>\n<blockquote><p><span lang=\"EN-CA\">\u00ab\u00a0Les objets rituels supportent l\u2019espace de c\u00e9r\u00e9monie, au quotidien ou pour des passages sp\u00e9cifiques comme les solstices et \u00e9quinoxes. Tous sont fabriqu\u00e9s \u00e0 la main, avec des mat\u00e9riaux provenant de fournisseurs locaux et internationaux qui partagent nos valeurs. Une communication est \u00e9tablie avec chaque objet dans le processus de cr\u00e9ation, ce qui lui conf\u00e8re un caract\u00e8re sacr\u00e9 en plus d\u2019en faire son unicit\u00e9.\u00a0\u00bb\u00a0<\/span>Gita<\/p><\/blockquote>\n<p><strong>FAIT \u00c0 LA MAIN<\/strong><\/p>\n<p><strong>Compl\u00e9tez votre commande\u00a0<\/strong><b>avec une statue d\u00e9esse, des masque arch\u00e9types, un porte-encens, un porte-chandelles ou encore un sac m\u00e9decine.<\/b><\/p>\n","protected":false},"excerpt":{"rendered":"<p>Pour votre rituel de boisson chaude avec un peu de magie<\/p>\n","protected":false},"featured_media":14284,"comment_status":"open","ping_status":"closed","template":"","meta":{"_et_pb_use_builder":"","_et_pb_old_content":"","_et_gb_content_width":"","_monsterinsights_skip_tracking":false,"_monsterinsights_sitenote_active":false,"_monsterinsights_sitenote_note":"","_monsterinsights_sitenote_category":0},"product_brand":[],"product_cat":[87,3364],"product_tag":[],"class_list":{"0":"post-14279","1":"product","2":"type-product","3":"status-publish","4":"has-post-thumbnail","6":"product_cat-objets-rituels","7":"product_cat-tasses-et-gobelets","9":"first","10":"instock","11":"taxable","12":"shipping-taxable","13":"purchasable","14":"product-type-variable"},"yoast_head":"<!-- This site is optimized with the Yoast SEO plugin v27.4 - https:\/\/yoast.com\/product\/yoast-seo-wordpress\/ -->\n<title>Gobelet en c\u00e9ramique - Danseuse de la lune - Awakening Touch<\/title>\n<meta name=\"description\" content=\"Un gobelet en c\u00e9ramique fait main arborant le symbole de la Danseuse de la lune, expression de la f\u00e9minit\u00e9 sacr\u00e9e en mouvement, de la fluidit\u00e9 et de la gr\u00e2ce lumineuse. Cr\u00e9\u00e9 pour transformer vos moments de d\u00e9tente en rituel, il invite \u00e0 la pr\u00e9sence, \u00e0 l&#039;intuition et \u00e0 un retour en douceur \u00e0 votre rythme int\u00e9rieur \u00e0 chaque gorg\u00e9e.\" \/>\n<meta name=\"robots\" content=\"index, follow, max-snippet:-1, max-image-preview:large, max-video-preview:-1\" \/>\n<link rel=\"canonical\" href=\"https:\/\/awakeningtouch.ca\/fr\/produit\/gobelet-en-ceramique-fait-main-danseuse-de-la-lune\/\" \/>\n<meta property=\"og:locale\" content=\"fr_FR\" \/>\n<meta property=\"og:type\" content=\"article\" \/>\n<meta property=\"og:title\" content=\"Gobelet en c\u00e9ramique - Danseuse de la lune\" \/>\n<meta property=\"og:description\" content=\"Un gobelet en c\u00e9ramique fait main arborant le symbole de la Danseuse de la lune, expression de la f\u00e9minit\u00e9 sacr\u00e9e en mouvement, de la fluidit\u00e9 et de la gr\u00e2ce lumineuse. Cr\u00e9\u00e9 pour transformer vos moments de d\u00e9tente en rituel, il invite \u00e0 la pr\u00e9sence, \u00e0 l&#039;intuition et \u00e0 un retour en douceur \u00e0 votre rythme int\u00e9rieur \u00e0 chaque gorg\u00e9e.\" \/>\n<meta property=\"og:url\" content=\"https:\/\/awakeningtouch.ca\/fr\/produit\/gobelet-en-ceramique-fait-main-danseuse-de-la-lune\/\" \/>\n<meta property=\"og:site_name\" content=\"Awakening Touch\" \/>\n<meta property=\"article:modified_time\" content=\"2025-11-24T14:22:30+00:00\" \/>\n<meta property=\"og:image\" content=\"https:\/\/awakeningtouch.ca\/wp-content\/uploads\/2025\/11\/sacred-feminine-moon-dancer-ceramic-tumbler-awakening-touch-1.jpg\" \/>\n\t<meta property=\"og:image:width\" content=\"2000\" \/>\n\t<meta property=\"og:image:height\" content=\"2000\" \/>\n\t<meta property=\"og:image:type\" content=\"image\/jpeg\" \/>\n<meta name=\"twitter:card\" content=\"summary_large_image\" \/>\n<meta name=\"twitter:label1\" content=\"Dur\u00e9e de lecture estim\u00e9e\" \/>\n\t<meta name=\"twitter:data1\" content=\"1 minute\" \/>\n<script type=\"application\/ld+json\" class=\"yoast-schema-graph\">{\"@context\":\"https:\\\/\\\/schema.org\",\"@graph\":[{\"@type\":\"WebPage\",\"@id\":\"https:\\\/\\\/awakeningtouch.ca\\\/fr\\\/produit\\\/gobelet-en-ceramique-fait-main-danseuse-de-la-lune\\\/\",\"url\":\"https:\\\/\\\/awakeningtouch.ca\\\/fr\\\/produit\\\/gobelet-en-ceramique-fait-main-danseuse-de-la-lune\\\/\",\"name\":\"Gobelet en c\u00e9ramique - Danseuse de la lune - Awakening Touch\",\"isPartOf\":{\"@id\":\"https:\\\/\\\/awakeningtouch.ca\\\/fr\\\/#website\"},\"primaryImageOfPage\":{\"@id\":\"https:\\\/\\\/awakeningtouch.ca\\\/fr\\\/produit\\\/gobelet-en-ceramique-fait-main-danseuse-de-la-lune\\\/#primaryimage\"},\"image\":{\"@id\":\"https:\\\/\\\/awakeningtouch.ca\\\/fr\\\/produit\\\/gobelet-en-ceramique-fait-main-danseuse-de-la-lune\\\/#primaryimage\"},\"thumbnailUrl\":\"https:\\\/\\\/awakeningtouch.ca\\\/wp-content\\\/uploads\\\/2025\\\/11\\\/sacred-feminine-moon-dancer-ceramic-tumbler-awakening-touch-1.jpg\",\"datePublished\":\"2025-11-24T14:04:27+00:00\",\"dateModified\":\"2025-11-24T14:22:30+00:00\",\"description\":\"Un gobelet en c\u00e9ramique fait main arborant le symbole de la Danseuse de la lune, expression de la f\u00e9minit\u00e9 sacr\u00e9e en mouvement, de la fluidit\u00e9 et de la gr\u00e2ce lumineuse. Cr\u00e9\u00e9 pour transformer vos moments de d\u00e9tente en rituel, il invite \u00e0 la pr\u00e9sence, \u00e0 l'intuition et \u00e0 un retour en douceur \u00e0 votre rythme int\u00e9rieur \u00e0 chaque gorg\u00e9e.\",\"breadcrumb\":{\"@id\":\"https:\\\/\\\/awakeningtouch.ca\\\/fr\\\/produit\\\/gobelet-en-ceramique-fait-main-danseuse-de-la-lune\\\/#breadcrumb\"},\"inLanguage\":\"fr-FR\",\"potentialAction\":[{\"@type\":\"ReadAction\",\"target\":[\"https:\\\/\\\/awakeningtouch.ca\\\/fr\\\/produit\\\/gobelet-en-ceramique-fait-main-danseuse-de-la-lune\\\/\"]}]},{\"@type\":\"ImageObject\",\"inLanguage\":\"fr-FR\",\"@id\":\"https:\\\/\\\/awakeningtouch.ca\\\/fr\\\/produit\\\/gobelet-en-ceramique-fait-main-danseuse-de-la-lune\\\/#primaryimage\",\"url\":\"https:\\\/\\\/awakeningtouch.ca\\\/wp-content\\\/uploads\\\/2025\\\/11\\\/sacred-feminine-moon-dancer-ceramic-tumbler-awakening-touch-1.jpg\",\"contentUrl\":\"https:\\\/\\\/awakeningtouch.ca\\\/wp-content\\\/uploads\\\/2025\\\/11\\\/sacred-feminine-moon-dancer-ceramic-tumbler-awakening-touch-1.jpg\",\"width\":2000,\"height\":2000},{\"@type\":\"BreadcrumbList\",\"@id\":\"https:\\\/\\\/awakeningtouch.ca\\\/fr\\\/produit\\\/gobelet-en-ceramique-fait-main-danseuse-de-la-lune\\\/#breadcrumb\",\"itemListElement\":[{\"@type\":\"ListItem\",\"position\":1,\"name\":\"Accueil\",\"item\":\"https:\\\/\\\/awakeningtouch.ca\\\/fr\\\/\"},{\"@type\":\"ListItem\",\"position\":2,\"name\":\"Boutique\",\"item\":\"https:\\\/\\\/awakeningtouch.ca\\\/fr\\\/boutique\\\/\"},{\"@type\":\"ListItem\",\"position\":3,\"name\":\"Gobelet en c\u00e9ramique fait main &#8211; Danseuse de la lune\"}]},{\"@type\":\"WebSite\",\"@id\":\"https:\\\/\\\/awakeningtouch.ca\\\/fr\\\/#website\",\"url\":\"https:\\\/\\\/awakeningtouch.ca\\\/fr\\\/\",\"name\":\"Awakening Touch\",\"description\":\"\",\"potentialAction\":[{\"@type\":\"SearchAction\",\"target\":{\"@type\":\"EntryPoint\",\"urlTemplate\":\"https:\\\/\\\/awakeningtouch.ca\\\/fr\\\/?s={search_term_string}\"},\"query-input\":{\"@type\":\"PropertyValueSpecification\",\"valueRequired\":true,\"valueName\":\"search_term_string\"}}],\"inLanguage\":\"fr-FR\"}]}<\/script>\n<!-- \/ Yoast SEO plugin. -->","yoast_head_json":{"title":"Gobelet en c\u00e9ramique - Danseuse de la lune - Awakening Touch","description":"Un gobelet en c\u00e9ramique fait main arborant le symbole de la Danseuse de la lune, expression de la f\u00e9minit\u00e9 sacr\u00e9e en mouvement, de la fluidit\u00e9 et de la gr\u00e2ce lumineuse. Cr\u00e9\u00e9 pour transformer vos moments de d\u00e9tente en rituel, il invite \u00e0 la pr\u00e9sence, \u00e0 l'intuition et \u00e0 un retour en douceur \u00e0 votre rythme int\u00e9rieur \u00e0 chaque gorg\u00e9e.","robots":{"index":"index","follow":"follow","max-snippet":"max-snippet:-1","max-image-preview":"max-image-preview:large","max-video-preview":"max-video-preview:-1"},"canonical":"https:\/\/awakeningtouch.ca\/fr\/produit\/gobelet-en-ceramique-fait-main-danseuse-de-la-lune\/","og_locale":"fr_FR","og_type":"article","og_title":"Gobelet en c\u00e9ramique - Danseuse de la lune","og_description":"Un gobelet en c\u00e9ramique fait main arborant le symbole de la Danseuse de la lune, expression de la f\u00e9minit\u00e9 sacr\u00e9e en mouvement, de la fluidit\u00e9 et de la gr\u00e2ce lumineuse. Cr\u00e9\u00e9 pour transformer vos moments de d\u00e9tente en rituel, il invite \u00e0 la pr\u00e9sence, \u00e0 l'intuition et \u00e0 un retour en douceur \u00e0 votre rythme int\u00e9rieur \u00e0 chaque gorg\u00e9e.","og_url":"https:\/\/awakeningtouch.ca\/fr\/produit\/gobelet-en-ceramique-fait-main-danseuse-de-la-lune\/","og_site_name":"Awakening Touch","article_modified_time":"2025-11-24T14:22:30+00:00","og_image":[{"width":2000,"height":2000,"url":"https:\/\/awakeningtouch.ca\/wp-content\/uploads\/2025\/11\/sacred-feminine-moon-dancer-ceramic-tumbler-awakening-touch-1.jpg","type":"image\/jpeg"}],"twitter_card":"summary_large_image","twitter_misc":{"Dur\u00e9e de lecture estim\u00e9e":"1 minute"},"schema":{"@context":"https:\/\/schema.org","@graph":[{"@type":"WebPage","@id":"https:\/\/awakeningtouch.ca\/fr\/produit\/gobelet-en-ceramique-fait-main-danseuse-de-la-lune\/","url":"https:\/\/awakeningtouch.ca\/fr\/produit\/gobelet-en-ceramique-fait-main-danseuse-de-la-lune\/","name":"Gobelet en c\u00e9ramique - Danseuse de la lune - Awakening Touch","isPartOf":{"@id":"https:\/\/awakeningtouch.ca\/fr\/#website"},"primaryImageOfPage":{"@id":"https:\/\/awakeningtouch.ca\/fr\/produit\/gobelet-en-ceramique-fait-main-danseuse-de-la-lune\/#primaryimage"},"image":{"@id":"https:\/\/awakeningtouch.ca\/fr\/produit\/gobelet-en-ceramique-fait-main-danseuse-de-la-lune\/#primaryimage"},"thumbnailUrl":"https:\/\/awakeningtouch.ca\/wp-content\/uploads\/2025\/11\/sacred-feminine-moon-dancer-ceramic-tumbler-awakening-touch-1.jpg","datePublished":"2025-11-24T14:04:27+00:00","dateModified":"2025-11-24T14:22:30+00:00","description":"Un gobelet en c\u00e9ramique fait main arborant le symbole de la Danseuse de la lune, expression de la f\u00e9minit\u00e9 sacr\u00e9e en mouvement, de la fluidit\u00e9 et de la gr\u00e2ce lumineuse. Cr\u00e9\u00e9 pour transformer vos moments de d\u00e9tente en rituel, il invite \u00e0 la pr\u00e9sence, \u00e0 l'intuition et \u00e0 un retour en douceur \u00e0 votre rythme int\u00e9rieur \u00e0 chaque gorg\u00e9e.","breadcrumb":{"@id":"https:\/\/awakeningtouch.ca\/fr\/produit\/gobelet-en-ceramique-fait-main-danseuse-de-la-lune\/#breadcrumb"},"inLanguage":"fr-FR","potentialAction":[{"@type":"ReadAction","target":["https:\/\/awakeningtouch.ca\/fr\/produit\/gobelet-en-ceramique-fait-main-danseuse-de-la-lune\/"]}]},{"@type":"ImageObject","inLanguage":"fr-FR","@id":"https:\/\/awakeningtouch.ca\/fr\/produit\/gobelet-en-ceramique-fait-main-danseuse-de-la-lune\/#primaryimage","url":"https:\/\/awakeningtouch.ca\/wp-content\/uploads\/2025\/11\/sacred-feminine-moon-dancer-ceramic-tumbler-awakening-touch-1.jpg","contentUrl":"https:\/\/awakeningtouch.ca\/wp-content\/uploads\/2025\/11\/sacred-feminine-moon-dancer-ceramic-tumbler-awakening-touch-1.jpg","width":2000,"height":2000},{"@type":"BreadcrumbList","@id":"https:\/\/awakeningtouch.ca\/fr\/produit\/gobelet-en-ceramique-fait-main-danseuse-de-la-lune\/#breadcrumb","itemListElement":[{"@type":"ListItem","position":1,"name":"Accueil","item":"https:\/\/awakeningtouch.ca\/fr\/"},{"@type":"ListItem","position":2,"name":"Boutique","item":"https:\/\/awakeningtouch.ca\/fr\/boutique\/"},{"@type":"ListItem","position":3,"name":"Gobelet en c\u00e9ramique fait main &#8211; Danseuse de la lune"}]},{"@type":"WebSite","@id":"https:\/\/awakeningtouch.ca\/fr\/#website","url":"https:\/\/awakeningtouch.ca\/fr\/","name":"Awakening Touch","description":"","potentialAction":[{"@type":"SearchAction","target":{"@type":"EntryPoint","urlTemplate":"https:\/\/awakeningtouch.ca\/fr\/?s={search_term_string}"},"query-input":{"@type":"PropertyValueSpecification","valueRequired":true,"valueName":"search_term_string"}}],"inLanguage":"fr-FR"}]}},"_links":{"self":[{"href":"https:\/\/awakeningtouch.ca\/fr\/wp-json\/wp\/v2\/product\/14279","targetHints":{"allow":["GET"]}}],"collection":[{"href":"https:\/\/awakeningtouch.ca\/fr\/wp-json\/wp\/v2\/product"}],"about":[{"href":"https:\/\/awakeningtouch.ca\/fr\/wp-json\/wp\/v2\/types\/product"}],"replies":[{"embeddable":true,"href":"https:\/\/awakeningtouch.ca\/fr\/wp-json\/wp\/v2\/comments?post=14279"}],"wp:featuredmedia":[{"embeddable":true,"href":"https:\/\/awakeningtouch.ca\/fr\/wp-json\/wp\/v2\/media\/14284"}],"wp:attachment":[{"href":"https:\/\/awakeningtouch.ca\/fr\/wp-json\/wp\/v2\/media?parent=14279"}],"wp:term":[{"taxonomy":"product_brand","embeddable":true,"href":"https:\/\/awakeningtouch.ca\/fr\/wp-json\/wp\/v2\/product_brand?post=14279"},{"taxonomy":"product_cat","embeddable":true,"href":"https:\/\/awakeningtouch.ca\/fr\/wp-json\/wp\/v2\/product_cat?post=14279"},{"taxonomy":"product_tag","embeddable":true,"href":"https:\/\/awakeningtouch.ca\/fr\/wp-json\/wp\/v2\/product_tag?post=14279"}],"curies":[{"name":"wp","href":"https:\/\/api.w.org\/{rel}","templated":true}]}}