{"id":14246,"date":"2025-11-22T16:34:15","date_gmt":"2025-11-22T21:34:15","guid":{"rendered":"https:\/\/awakeningtouch.ca\/?post_type=product&#038;p=14246"},"modified":"2025-11-22T16:46:01","modified_gmt":"2025-11-22T21:46:01","slug":"tasse-en-ceramique-artisanale-esprit-corbeau","status":"publish","type":"product","link":"https:\/\/awakeningtouch.ca\/fr\/produit\/tasse-en-ceramique-artisanale-esprit-corbeau\/","title":{"rendered":"Tasse en c\u00e9ramique artisanale &#8211; esprit corbeau"},"content":{"rendered":"<p>Une tasse \u00e0 caf\u00e9 en c\u00e9ramique faite \u00e0 la main et sculpt\u00e9e du symbole sacr\u00e9 du corbeau, cr\u00e9\u00e9e pour transformer votre rituel matinal en un moment d&rsquo;intuition, d&rsquo;ancrage et de magie tranquille. \u00c0 chaque gorg\u00e9e, la pr\u00e9sence du corbeau invite \u00e0 la r\u00e9flexion, \u00e0 la conscience et \u00e0 une connexion plus profonde avec votre voix int\u00e9rieure.<\/p>\n<p>Le corbeau est le messager entre les mondes, le gardien du myst\u00e8re et le guide \u00e0 travers la transformation. Il nous apprend \u00e0 faire confiance \u00e0 notre intuition, \u00e0 \u00e9couter l&rsquo;invisible et \u00e0 embrasser la sagesse qui se trouve dans les zones d&rsquo;ombre de la vie. Cette tasse sculpt\u00e9e devient plus qu&rsquo;un simple r\u00e9cipient : elle devient un compagnon quotidien pour la clart\u00e9, la perspicacit\u00e9 et l&rsquo;enchantement subtil qui se tisse dans les moments du quotidien.<\/p>\n<blockquote><p><span lang=\"EN-CA\">\u00ab\u00a0Les objets rituels supportent l\u2019espace de c\u00e9r\u00e9monie, au quotidien ou pour des passages sp\u00e9cifiques comme les solstices et \u00e9quinoxes. Tous sont fabriqu\u00e9s \u00e0 la main, avec des mat\u00e9riaux provenant de fournisseurs locaux et internationaux qui partagent nos valeurs. Une communication est \u00e9tablie avec chaque objet dans le processus de cr\u00e9ation, ce qui lui conf\u00e8re un caract\u00e8re sacr\u00e9 en plus d\u2019en faire son unicit\u00e9.\u00a0\u00bb\u00a0<\/span>Gita<\/p><\/blockquote>\n<p><strong>FAIT \u00c0 LA MAIN<\/strong><\/p>\n<p><strong>Compl\u00e9tez votre commande\u00a0<\/strong><b>avec une statue d\u00e9esse, des masque arch\u00e9types, un porte-encens, un porte-chandelles ou encore un sac m\u00e9decine.<\/b><\/p>\n","protected":false},"excerpt":{"rendered":"<p>Pour votre rituel de boisson chaude avec un peu de magie<\/p>\n","protected":false},"featured_media":14253,"comment_status":"open","ping_status":"closed","template":"","meta":{"_et_pb_use_builder":"","_et_pb_old_content":"","_et_gb_content_width":"","_monsterinsights_skip_tracking":false,"_monsterinsights_sitenote_active":false,"_monsterinsights_sitenote_note":"","_monsterinsights_sitenote_category":0},"product_brand":[],"product_cat":[87,3364],"product_tag":[],"class_list":{"0":"post-14246","1":"product","2":"type-product","3":"status-publish","4":"has-post-thumbnail","6":"product_cat-objets-rituels","7":"product_cat-tasses-et-gobelets","9":"first","10":"instock","11":"taxable","12":"shipping-taxable","13":"purchasable","14":"product-type-variable"},"yoast_head":"<!-- This site is optimized with the Yoast SEO plugin v27.4 - https:\/\/yoast.com\/product\/yoast-seo-wordpress\/ -->\n<title>Tasse en c\u00e9ramique artisanale - esprit aigle<\/title>\n<meta name=\"description\" content=\"Une tasse \u00e0 caf\u00e9 en c\u00e9ramique faite \u00e0 la main et sculpt\u00e9e du symbole sacr\u00e9 du corbeau, cr\u00e9\u00e9e pour transformer votre rituel matinal en un moment d&#039;intuition, d&#039;ancrage et de magie tranquille. \u00c0 chaque gorg\u00e9e, la pr\u00e9sence du corbeau invite \u00e0 la r\u00e9flexion, \u00e0 la conscience et \u00e0 une connexion plus profonde avec votre voix int\u00e9rieure.\" \/>\n<meta name=\"robots\" content=\"index, follow, max-snippet:-1, max-image-preview:large, max-video-preview:-1\" \/>\n<link rel=\"canonical\" href=\"https:\/\/awakeningtouch.ca\/fr\/produit\/tasse-en-ceramique-artisanale-esprit-corbeau\/\" \/>\n<meta property=\"og:locale\" content=\"fr_FR\" \/>\n<meta property=\"og:type\" content=\"article\" \/>\n<meta property=\"og:title\" content=\"Tasse en c\u00e9ramique artisanale - corbeau\" \/>\n<meta property=\"og:description\" content=\"Tasse en c\u00e9ramique artisanale - esprit corbeau\" \/>\n<meta property=\"og:url\" content=\"https:\/\/awakeningtouch.ca\/fr\/produit\/tasse-en-ceramique-artisanale-esprit-corbeau\/\" \/>\n<meta property=\"og:site_name\" content=\"Awakening Touch\" \/>\n<meta property=\"article:modified_time\" content=\"2025-11-22T21:46:01+00:00\" \/>\n<meta property=\"og:image\" content=\"https:\/\/awakeningtouch.ca\/wp-content\/uploads\/2025\/11\/raven-coffee-mug-awakening-touch-1.jpg\" \/>\n\t<meta property=\"og:image:width\" content=\"2000\" \/>\n\t<meta property=\"og:image:height\" content=\"2000\" \/>\n\t<meta property=\"og:image:type\" content=\"image\/jpeg\" \/>\n<meta name=\"twitter:card\" content=\"summary_large_image\" \/>\n<meta name=\"twitter:label1\" content=\"Dur\u00e9e de lecture estim\u00e9e\" \/>\n\t<meta name=\"twitter:data1\" content=\"1 minute\" \/>\n<script type=\"application\/ld+json\" class=\"yoast-schema-graph\">{\"@context\":\"https:\\\/\\\/schema.org\",\"@graph\":[{\"@type\":\"WebPage\",\"@id\":\"https:\\\/\\\/awakeningtouch.ca\\\/fr\\\/produit\\\/tasse-en-ceramique-artisanale-esprit-corbeau\\\/\",\"url\":\"https:\\\/\\\/awakeningtouch.ca\\\/fr\\\/produit\\\/tasse-en-ceramique-artisanale-esprit-corbeau\\\/\",\"name\":\"Tasse en c\u00e9ramique artisanale - esprit aigle\",\"isPartOf\":{\"@id\":\"https:\\\/\\\/awakeningtouch.ca\\\/fr\\\/#website\"},\"primaryImageOfPage\":{\"@id\":\"https:\\\/\\\/awakeningtouch.ca\\\/fr\\\/produit\\\/tasse-en-ceramique-artisanale-esprit-corbeau\\\/#primaryimage\"},\"image\":{\"@id\":\"https:\\\/\\\/awakeningtouch.ca\\\/fr\\\/produit\\\/tasse-en-ceramique-artisanale-esprit-corbeau\\\/#primaryimage\"},\"thumbnailUrl\":\"https:\\\/\\\/awakeningtouch.ca\\\/wp-content\\\/uploads\\\/2025\\\/11\\\/raven-coffee-mug-awakening-touch-1.jpg\",\"datePublished\":\"2025-11-22T21:34:15+00:00\",\"dateModified\":\"2025-11-22T21:46:01+00:00\",\"description\":\"Une tasse \u00e0 caf\u00e9 en c\u00e9ramique faite \u00e0 la main et sculpt\u00e9e du symbole sacr\u00e9 du corbeau, cr\u00e9\u00e9e pour transformer votre rituel matinal en un moment d'intuition, d'ancrage et de magie tranquille. \u00c0 chaque gorg\u00e9e, la pr\u00e9sence du corbeau invite \u00e0 la r\u00e9flexion, \u00e0 la conscience et \u00e0 une connexion plus profonde avec votre voix int\u00e9rieure.\",\"breadcrumb\":{\"@id\":\"https:\\\/\\\/awakeningtouch.ca\\\/fr\\\/produit\\\/tasse-en-ceramique-artisanale-esprit-corbeau\\\/#breadcrumb\"},\"inLanguage\":\"fr-FR\",\"potentialAction\":[{\"@type\":\"ReadAction\",\"target\":[\"https:\\\/\\\/awakeningtouch.ca\\\/fr\\\/produit\\\/tasse-en-ceramique-artisanale-esprit-corbeau\\\/\"]}]},{\"@type\":\"ImageObject\",\"inLanguage\":\"fr-FR\",\"@id\":\"https:\\\/\\\/awakeningtouch.ca\\\/fr\\\/produit\\\/tasse-en-ceramique-artisanale-esprit-corbeau\\\/#primaryimage\",\"url\":\"https:\\\/\\\/awakeningtouch.ca\\\/wp-content\\\/uploads\\\/2025\\\/11\\\/raven-coffee-mug-awakening-touch-1.jpg\",\"contentUrl\":\"https:\\\/\\\/awakeningtouch.ca\\\/wp-content\\\/uploads\\\/2025\\\/11\\\/raven-coffee-mug-awakening-touch-1.jpg\",\"width\":2000,\"height\":2000},{\"@type\":\"BreadcrumbList\",\"@id\":\"https:\\\/\\\/awakeningtouch.ca\\\/fr\\\/produit\\\/tasse-en-ceramique-artisanale-esprit-corbeau\\\/#breadcrumb\",\"itemListElement\":[{\"@type\":\"ListItem\",\"position\":1,\"name\":\"Accueil\",\"item\":\"https:\\\/\\\/awakeningtouch.ca\\\/fr\\\/\"},{\"@type\":\"ListItem\",\"position\":2,\"name\":\"Boutique\",\"item\":\"https:\\\/\\\/awakeningtouch.ca\\\/fr\\\/boutique\\\/\"},{\"@type\":\"ListItem\",\"position\":3,\"name\":\"Tasse en c\u00e9ramique artisanale &#8211; esprit corbeau\"}]},{\"@type\":\"WebSite\",\"@id\":\"https:\\\/\\\/awakeningtouch.ca\\\/fr\\\/#website\",\"url\":\"https:\\\/\\\/awakeningtouch.ca\\\/fr\\\/\",\"name\":\"Awakening Touch\",\"description\":\"\",\"potentialAction\":[{\"@type\":\"SearchAction\",\"target\":{\"@type\":\"EntryPoint\",\"urlTemplate\":\"https:\\\/\\\/awakeningtouch.ca\\\/fr\\\/?s={search_term_string}\"},\"query-input\":{\"@type\":\"PropertyValueSpecification\",\"valueRequired\":true,\"valueName\":\"search_term_string\"}}],\"inLanguage\":\"fr-FR\"}]}<\/script>\n<!-- \/ Yoast SEO plugin. -->","yoast_head_json":{"title":"Tasse en c\u00e9ramique artisanale - esprit aigle","description":"Une tasse \u00e0 caf\u00e9 en c\u00e9ramique faite \u00e0 la main et sculpt\u00e9e du symbole sacr\u00e9 du corbeau, cr\u00e9\u00e9e pour transformer votre rituel matinal en un moment d'intuition, d'ancrage et de magie tranquille. \u00c0 chaque gorg\u00e9e, la pr\u00e9sence du corbeau invite \u00e0 la r\u00e9flexion, \u00e0 la conscience et \u00e0 une connexion plus profonde avec votre voix int\u00e9rieure.","robots":{"index":"index","follow":"follow","max-snippet":"max-snippet:-1","max-image-preview":"max-image-preview:large","max-video-preview":"max-video-preview:-1"},"canonical":"https:\/\/awakeningtouch.ca\/fr\/produit\/tasse-en-ceramique-artisanale-esprit-corbeau\/","og_locale":"fr_FR","og_type":"article","og_title":"Tasse en c\u00e9ramique artisanale - corbeau","og_description":"Tasse en c\u00e9ramique artisanale - esprit corbeau","og_url":"https:\/\/awakeningtouch.ca\/fr\/produit\/tasse-en-ceramique-artisanale-esprit-corbeau\/","og_site_name":"Awakening Touch","article_modified_time":"2025-11-22T21:46:01+00:00","og_image":[{"width":2000,"height":2000,"url":"https:\/\/awakeningtouch.ca\/wp-content\/uploads\/2025\/11\/raven-coffee-mug-awakening-touch-1.jpg","type":"image\/jpeg"}],"twitter_card":"summary_large_image","twitter_misc":{"Dur\u00e9e de lecture estim\u00e9e":"1 minute"},"schema":{"@context":"https:\/\/schema.org","@graph":[{"@type":"WebPage","@id":"https:\/\/awakeningtouch.ca\/fr\/produit\/tasse-en-ceramique-artisanale-esprit-corbeau\/","url":"https:\/\/awakeningtouch.ca\/fr\/produit\/tasse-en-ceramique-artisanale-esprit-corbeau\/","name":"Tasse en c\u00e9ramique artisanale - esprit aigle","isPartOf":{"@id":"https:\/\/awakeningtouch.ca\/fr\/#website"},"primaryImageOfPage":{"@id":"https:\/\/awakeningtouch.ca\/fr\/produit\/tasse-en-ceramique-artisanale-esprit-corbeau\/#primaryimage"},"image":{"@id":"https:\/\/awakeningtouch.ca\/fr\/produit\/tasse-en-ceramique-artisanale-esprit-corbeau\/#primaryimage"},"thumbnailUrl":"https:\/\/awakeningtouch.ca\/wp-content\/uploads\/2025\/11\/raven-coffee-mug-awakening-touch-1.jpg","datePublished":"2025-11-22T21:34:15+00:00","dateModified":"2025-11-22T21:46:01+00:00","description":"Une tasse \u00e0 caf\u00e9 en c\u00e9ramique faite \u00e0 la main et sculpt\u00e9e du symbole sacr\u00e9 du corbeau, cr\u00e9\u00e9e pour transformer votre rituel matinal en un moment d'intuition, d'ancrage et de magie tranquille. \u00c0 chaque gorg\u00e9e, la pr\u00e9sence du corbeau invite \u00e0 la r\u00e9flexion, \u00e0 la conscience et \u00e0 une connexion plus profonde avec votre voix int\u00e9rieure.","breadcrumb":{"@id":"https:\/\/awakeningtouch.ca\/fr\/produit\/tasse-en-ceramique-artisanale-esprit-corbeau\/#breadcrumb"},"inLanguage":"fr-FR","potentialAction":[{"@type":"ReadAction","target":["https:\/\/awakeningtouch.ca\/fr\/produit\/tasse-en-ceramique-artisanale-esprit-corbeau\/"]}]},{"@type":"ImageObject","inLanguage":"fr-FR","@id":"https:\/\/awakeningtouch.ca\/fr\/produit\/tasse-en-ceramique-artisanale-esprit-corbeau\/#primaryimage","url":"https:\/\/awakeningtouch.ca\/wp-content\/uploads\/2025\/11\/raven-coffee-mug-awakening-touch-1.jpg","contentUrl":"https:\/\/awakeningtouch.ca\/wp-content\/uploads\/2025\/11\/raven-coffee-mug-awakening-touch-1.jpg","width":2000,"height":2000},{"@type":"BreadcrumbList","@id":"https:\/\/awakeningtouch.ca\/fr\/produit\/tasse-en-ceramique-artisanale-esprit-corbeau\/#breadcrumb","itemListElement":[{"@type":"ListItem","position":1,"name":"Accueil","item":"https:\/\/awakeningtouch.ca\/fr\/"},{"@type":"ListItem","position":2,"name":"Boutique","item":"https:\/\/awakeningtouch.ca\/fr\/boutique\/"},{"@type":"ListItem","position":3,"name":"Tasse en c\u00e9ramique artisanale &#8211; esprit corbeau"}]},{"@type":"WebSite","@id":"https:\/\/awakeningtouch.ca\/fr\/#website","url":"https:\/\/awakeningtouch.ca\/fr\/","name":"Awakening Touch","description":"","potentialAction":[{"@type":"SearchAction","target":{"@type":"EntryPoint","urlTemplate":"https:\/\/awakeningtouch.ca\/fr\/?s={search_term_string}"},"query-input":{"@type":"PropertyValueSpecification","valueRequired":true,"valueName":"search_term_string"}}],"inLanguage":"fr-FR"}]}},"_links":{"self":[{"href":"https:\/\/awakeningtouch.ca\/fr\/wp-json\/wp\/v2\/product\/14246","targetHints":{"allow":["GET"]}}],"collection":[{"href":"https:\/\/awakeningtouch.ca\/fr\/wp-json\/wp\/v2\/product"}],"about":[{"href":"https:\/\/awakeningtouch.ca\/fr\/wp-json\/wp\/v2\/types\/product"}],"replies":[{"embeddable":true,"href":"https:\/\/awakeningtouch.ca\/fr\/wp-json\/wp\/v2\/comments?post=14246"}],"wp:featuredmedia":[{"embeddable":true,"href":"https:\/\/awakeningtouch.ca\/fr\/wp-json\/wp\/v2\/media\/14253"}],"wp:attachment":[{"href":"https:\/\/awakeningtouch.ca\/fr\/wp-json\/wp\/v2\/media?parent=14246"}],"wp:term":[{"taxonomy":"product_brand","embeddable":true,"href":"https:\/\/awakeningtouch.ca\/fr\/wp-json\/wp\/v2\/product_brand?post=14246"},{"taxonomy":"product_cat","embeddable":true,"href":"https:\/\/awakeningtouch.ca\/fr\/wp-json\/wp\/v2\/product_cat?post=14246"},{"taxonomy":"product_tag","embeddable":true,"href":"https:\/\/awakeningtouch.ca\/fr\/wp-json\/wp\/v2\/product_tag?post=14246"}],"curies":[{"name":"wp","href":"https:\/\/api.w.org\/{rel}","templated":true}]}}