{"id":14204,"date":"2025-11-22T14:51:15","date_gmt":"2025-11-22T19:51:15","guid":{"rendered":"https:\/\/awakeningtouch.ca\/?post_type=product&#038;p=14204"},"modified":"2025-11-22T15:00:13","modified_gmt":"2025-11-22T20:00:13","slug":"tuile-dautel-crone-copy","status":"publish","type":"product","link":"https:\/\/awakeningtouch.ca\/fr\/produit\/tuile-dautel-crone-copy\/","title":{"rendered":"Tuile d&rsquo;autel &#8211; Femme sage"},"content":{"rendered":"<p>Une tuile d&rsquo;autel en c\u00e9ramique fabriqu\u00e9e \u00e0 la main, portant la pr\u00e9sence de la Femme sage, guid\u00e9e par l&rsquo;esprit vigilant du hibou et la signification sacr\u00e9e de sa plume. Cr\u00e9\u00e9e pour votre autel ou votre espace rituel, elle apporte intuition, protection et la sagesse calme et \u00e9clair\u00e9e qui illumine l&rsquo;invisible.<\/p>\n<p>Le hibou est le voyant dans l&rsquo;obscurit\u00e9, le gardien de la v\u00e9rit\u00e9, de l&rsquo;intuition et de la clairvoyance au-del\u00e0 de l&rsquo;illusion. Sa plume symbolise les conseils des royaumes subtils, le doux contact de la communication spirituelle et la capacit\u00e9 \u00e0 naviguer dans l&rsquo;ombre avec confiance. La femme sage incarne cette m\u00e9decine : l&rsquo;\u00e9coute profonde, la connaissance int\u00e9rieure et le courage de faire confiance \u00e0 son chemin. Cette tuile d&rsquo;autel devient un portail vers la clart\u00e9, la perspicacit\u00e9 spirituelle et la force tranquille de la sagesse f\u00e9minine.<\/p>\n<p><span lang=\"EN-CA\">Cette tuile d&rsquo;autel vous permettra d&rsquo;apporter la pr\u00e9sence de son \u00e9nergie dans vos rituels et votre espace sacr\u00e9, de garder l&rsquo;entr\u00e9e de votre maison ou de d\u00e9corer vos espaces ext\u00e9rieurs.<\/span><\/p>\n<blockquote>\n<div><span lang=\"EN-CA\">\u00ab\u00a0Les objets rituels supportent l\u2019espace de c\u00e9r\u00e9monie, au quotidien ou pour des passages sp\u00e9cifiques comme les solstices et \u00e9quinoxes. Tous sont fabriqu\u00e9s \u00e0 la main, avec des mat\u00e9riaux provenant de fournisseurs locaux et internationaux qui partagent nos valeurs. Une communication est \u00e9tablie avec chaque objet dans le processus de cr\u00e9ation, ce qui lui conf\u00e8re un caract\u00e8re sacr\u00e9 en plus d\u2019en faire son unicit\u00e9.\u00a0\u00bb\u00a0<\/span>Gita<\/div>\n<\/blockquote>\n<p><strong>FAIT \u00c0 LA MAIN<\/strong> <strong>Compl\u00e9tez votre commande\u00a0<\/strong><b>avec une statue d\u00e9esse, une assiette \u00e0 offrande, un porte-encens, un porte-chandelles ou encore un sac m\u00e9decine.<\/b><\/p>\n","protected":false},"excerpt":{"rendered":"<p>Une d\u00e9esse pour votre espace sacr\u00e9<\/p>\n","protected":false},"featured_media":14206,"comment_status":"open","ping_status":"closed","template":"","meta":{"_et_pb_use_builder":"","_et_pb_old_content":"","_et_gb_content_width":"","_monsterinsights_skip_tracking":false,"_monsterinsights_sitenote_active":false,"_monsterinsights_sitenote_note":"","_monsterinsights_sitenote_category":0},"product_brand":[],"product_cat":[88,87],"product_tag":[],"class_list":{"0":"post-14204","1":"product","2":"type-product","3":"status-publish","4":"has-post-thumbnail","6":"product_cat-masques-archetypes","7":"product_cat-objets-rituels","9":"first","10":"instock","11":"taxable","12":"shipping-taxable","13":"purchasable","14":"product-type-simple"},"yoast_head":"<!-- This site is optimized with the Yoast SEO plugin v27.4 - https:\/\/yoast.com\/product\/yoast-seo-wordpress\/ -->\n<title>Tuile d&#039;autel - Femme sage<\/title>\n<meta name=\"description\" content=\"Une tuile d&#039;autel en c\u00e9ramique fabriqu\u00e9e \u00e0 la main qui incarne la pr\u00e9sence de la Femme sage, guid\u00e9e par l&#039;esprit vigilant du hibou et la signification sacr\u00e9e de sa plume. Cr\u00e9\u00e9e pour votre autel ou votre espace rituel, elle apporte intuition, protection et la sagesse calme et \u00e9clair\u00e9e qui illumine l&#039;invisible.\" \/>\n<meta name=\"robots\" content=\"index, follow, max-snippet:-1, max-image-preview:large, max-video-preview:-1\" \/>\n<link rel=\"canonical\" href=\"https:\/\/awakeningtouch.ca\/fr\/produit\/tuile-dautel-crone-copy\/\" \/>\n<meta property=\"og:locale\" content=\"fr_FR\" \/>\n<meta property=\"og:type\" content=\"article\" \/>\n<meta property=\"og:title\" content=\"Tuile d&#039;autel - Femme sage\" \/>\n<meta property=\"og:description\" content=\"Une tuile d&#039;autel en c\u00e9ramique fabriqu\u00e9e \u00e0 la main qui incarne la pr\u00e9sence de la Femme sage, guid\u00e9e par l&#039;esprit vigilant du hibou et la signification sacr\u00e9e de sa plume. Cr\u00e9\u00e9e pour votre autel ou votre espace rituel, elle apporte intuition, protection et la sagesse calme et \u00e9clair\u00e9e qui illumine l&#039;invisible.\" \/>\n<meta property=\"og:url\" content=\"https:\/\/awakeningtouch.ca\/fr\/produit\/tuile-dautel-crone-copy\/\" \/>\n<meta property=\"og:site_name\" content=\"Awakening Touch\" \/>\n<meta property=\"article:modified_time\" content=\"2025-11-22T20:00:13+00:00\" \/>\n<meta property=\"og:image\" content=\"https:\/\/awakeningtouch.ca\/wp-content\/uploads\/2025\/11\/Morrigan-raven-spirit-mask-ceramic-awakening-touch-ritual-6.jpg\" \/>\n\t<meta property=\"og:image:width\" content=\"2000\" \/>\n\t<meta property=\"og:image:height\" content=\"2000\" \/>\n\t<meta property=\"og:image:type\" content=\"image\/jpeg\" \/>\n<meta name=\"twitter:card\" content=\"summary_large_image\" \/>\n<meta name=\"twitter:label1\" content=\"Dur\u00e9e de lecture estim\u00e9e\" \/>\n\t<meta name=\"twitter:data1\" content=\"1 minute\" \/>\n<script type=\"application\/ld+json\" class=\"yoast-schema-graph\">{\"@context\":\"https:\\\/\\\/schema.org\",\"@graph\":[{\"@type\":\"WebPage\",\"@id\":\"https:\\\/\\\/awakeningtouch.ca\\\/fr\\\/produit\\\/tuile-dautel-crone-copy\\\/\",\"url\":\"https:\\\/\\\/awakeningtouch.ca\\\/fr\\\/produit\\\/tuile-dautel-crone-copy\\\/\",\"name\":\"Tuile d'autel - Femme sage\",\"isPartOf\":{\"@id\":\"https:\\\/\\\/awakeningtouch.ca\\\/fr\\\/#website\"},\"primaryImageOfPage\":{\"@id\":\"https:\\\/\\\/awakeningtouch.ca\\\/fr\\\/produit\\\/tuile-dautel-crone-copy\\\/#primaryimage\"},\"image\":{\"@id\":\"https:\\\/\\\/awakeningtouch.ca\\\/fr\\\/produit\\\/tuile-dautel-crone-copy\\\/#primaryimage\"},\"thumbnailUrl\":\"https:\\\/\\\/awakeningtouch.ca\\\/wp-content\\\/uploads\\\/2025\\\/11\\\/Wise-woman-spirit-altar-mask-ceramic-awakening-touch-ritual-1.jpg\",\"datePublished\":\"2025-11-22T19:51:15+00:00\",\"dateModified\":\"2025-11-22T20:00:13+00:00\",\"description\":\"Une tuile d'autel en c\u00e9ramique fabriqu\u00e9e \u00e0 la main qui incarne la pr\u00e9sence de la Femme sage, guid\u00e9e par l'esprit vigilant du hibou et la signification sacr\u00e9e de sa plume. Cr\u00e9\u00e9e pour votre autel ou votre espace rituel, elle apporte intuition, protection et la sagesse calme et \u00e9clair\u00e9e qui illumine l'invisible.\",\"breadcrumb\":{\"@id\":\"https:\\\/\\\/awakeningtouch.ca\\\/fr\\\/produit\\\/tuile-dautel-crone-copy\\\/#breadcrumb\"},\"inLanguage\":\"fr-FR\",\"potentialAction\":[{\"@type\":\"ReadAction\",\"target\":[\"https:\\\/\\\/awakeningtouch.ca\\\/fr\\\/produit\\\/tuile-dautel-crone-copy\\\/\"]}]},{\"@type\":\"ImageObject\",\"inLanguage\":\"fr-FR\",\"@id\":\"https:\\\/\\\/awakeningtouch.ca\\\/fr\\\/produit\\\/tuile-dautel-crone-copy\\\/#primaryimage\",\"url\":\"https:\\\/\\\/awakeningtouch.ca\\\/wp-content\\\/uploads\\\/2025\\\/11\\\/Wise-woman-spirit-altar-mask-ceramic-awakening-touch-ritual-1.jpg\",\"contentUrl\":\"https:\\\/\\\/awakeningtouch.ca\\\/wp-content\\\/uploads\\\/2025\\\/11\\\/Wise-woman-spirit-altar-mask-ceramic-awakening-touch-ritual-1.jpg\",\"width\":2000,\"height\":2000},{\"@type\":\"BreadcrumbList\",\"@id\":\"https:\\\/\\\/awakeningtouch.ca\\\/fr\\\/produit\\\/tuile-dautel-crone-copy\\\/#breadcrumb\",\"itemListElement\":[{\"@type\":\"ListItem\",\"position\":1,\"name\":\"Accueil\",\"item\":\"https:\\\/\\\/awakeningtouch.ca\\\/fr\\\/\"},{\"@type\":\"ListItem\",\"position\":2,\"name\":\"Boutique\",\"item\":\"https:\\\/\\\/awakeningtouch.ca\\\/fr\\\/boutique\\\/\"},{\"@type\":\"ListItem\",\"position\":3,\"name\":\"Tuile d&rsquo;autel &#8211; Femme sage\"}]},{\"@type\":\"WebSite\",\"@id\":\"https:\\\/\\\/awakeningtouch.ca\\\/fr\\\/#website\",\"url\":\"https:\\\/\\\/awakeningtouch.ca\\\/fr\\\/\",\"name\":\"Awakening Touch\",\"description\":\"\",\"potentialAction\":[{\"@type\":\"SearchAction\",\"target\":{\"@type\":\"EntryPoint\",\"urlTemplate\":\"https:\\\/\\\/awakeningtouch.ca\\\/fr\\\/?s={search_term_string}\"},\"query-input\":{\"@type\":\"PropertyValueSpecification\",\"valueRequired\":true,\"valueName\":\"search_term_string\"}}],\"inLanguage\":\"fr-FR\"}]}<\/script>\n<!-- \/ Yoast SEO plugin. -->","yoast_head_json":{"title":"Tuile d'autel - Femme sage","description":"Une tuile d'autel en c\u00e9ramique fabriqu\u00e9e \u00e0 la main qui incarne la pr\u00e9sence de la Femme sage, guid\u00e9e par l'esprit vigilant du hibou et la signification sacr\u00e9e de sa plume. Cr\u00e9\u00e9e pour votre autel ou votre espace rituel, elle apporte intuition, protection et la sagesse calme et \u00e9clair\u00e9e qui illumine l'invisible.","robots":{"index":"index","follow":"follow","max-snippet":"max-snippet:-1","max-image-preview":"max-image-preview:large","max-video-preview":"max-video-preview:-1"},"canonical":"https:\/\/awakeningtouch.ca\/fr\/produit\/tuile-dautel-crone-copy\/","og_locale":"fr_FR","og_type":"article","og_title":"Tuile d'autel - Femme sage","og_description":"Une tuile d'autel en c\u00e9ramique fabriqu\u00e9e \u00e0 la main qui incarne la pr\u00e9sence de la Femme sage, guid\u00e9e par l'esprit vigilant du hibou et la signification sacr\u00e9e de sa plume. Cr\u00e9\u00e9e pour votre autel ou votre espace rituel, elle apporte intuition, protection et la sagesse calme et \u00e9clair\u00e9e qui illumine l'invisible.","og_url":"https:\/\/awakeningtouch.ca\/fr\/produit\/tuile-dautel-crone-copy\/","og_site_name":"Awakening Touch","article_modified_time":"2025-11-22T20:00:13+00:00","og_image":[{"width":2000,"height":2000,"url":"https:\/\/awakeningtouch.ca\/wp-content\/uploads\/2025\/11\/Morrigan-raven-spirit-mask-ceramic-awakening-touch-ritual-6.jpg","type":"image\/jpeg"}],"twitter_card":"summary_large_image","twitter_misc":{"Dur\u00e9e de lecture estim\u00e9e":"1 minute"},"schema":{"@context":"https:\/\/schema.org","@graph":[{"@type":"WebPage","@id":"https:\/\/awakeningtouch.ca\/fr\/produit\/tuile-dautel-crone-copy\/","url":"https:\/\/awakeningtouch.ca\/fr\/produit\/tuile-dautel-crone-copy\/","name":"Tuile d'autel - Femme sage","isPartOf":{"@id":"https:\/\/awakeningtouch.ca\/fr\/#website"},"primaryImageOfPage":{"@id":"https:\/\/awakeningtouch.ca\/fr\/produit\/tuile-dautel-crone-copy\/#primaryimage"},"image":{"@id":"https:\/\/awakeningtouch.ca\/fr\/produit\/tuile-dautel-crone-copy\/#primaryimage"},"thumbnailUrl":"https:\/\/awakeningtouch.ca\/wp-content\/uploads\/2025\/11\/Wise-woman-spirit-altar-mask-ceramic-awakening-touch-ritual-1.jpg","datePublished":"2025-11-22T19:51:15+00:00","dateModified":"2025-11-22T20:00:13+00:00","description":"Une tuile d'autel en c\u00e9ramique fabriqu\u00e9e \u00e0 la main qui incarne la pr\u00e9sence de la Femme sage, guid\u00e9e par l'esprit vigilant du hibou et la signification sacr\u00e9e de sa plume. Cr\u00e9\u00e9e pour votre autel ou votre espace rituel, elle apporte intuition, protection et la sagesse calme et \u00e9clair\u00e9e qui illumine l'invisible.","breadcrumb":{"@id":"https:\/\/awakeningtouch.ca\/fr\/produit\/tuile-dautel-crone-copy\/#breadcrumb"},"inLanguage":"fr-FR","potentialAction":[{"@type":"ReadAction","target":["https:\/\/awakeningtouch.ca\/fr\/produit\/tuile-dautel-crone-copy\/"]}]},{"@type":"ImageObject","inLanguage":"fr-FR","@id":"https:\/\/awakeningtouch.ca\/fr\/produit\/tuile-dautel-crone-copy\/#primaryimage","url":"https:\/\/awakeningtouch.ca\/wp-content\/uploads\/2025\/11\/Wise-woman-spirit-altar-mask-ceramic-awakening-touch-ritual-1.jpg","contentUrl":"https:\/\/awakeningtouch.ca\/wp-content\/uploads\/2025\/11\/Wise-woman-spirit-altar-mask-ceramic-awakening-touch-ritual-1.jpg","width":2000,"height":2000},{"@type":"BreadcrumbList","@id":"https:\/\/awakeningtouch.ca\/fr\/produit\/tuile-dautel-crone-copy\/#breadcrumb","itemListElement":[{"@type":"ListItem","position":1,"name":"Accueil","item":"https:\/\/awakeningtouch.ca\/fr\/"},{"@type":"ListItem","position":2,"name":"Boutique","item":"https:\/\/awakeningtouch.ca\/fr\/boutique\/"},{"@type":"ListItem","position":3,"name":"Tuile d&rsquo;autel &#8211; Femme sage"}]},{"@type":"WebSite","@id":"https:\/\/awakeningtouch.ca\/fr\/#website","url":"https:\/\/awakeningtouch.ca\/fr\/","name":"Awakening Touch","description":"","potentialAction":[{"@type":"SearchAction","target":{"@type":"EntryPoint","urlTemplate":"https:\/\/awakeningtouch.ca\/fr\/?s={search_term_string}"},"query-input":{"@type":"PropertyValueSpecification","valueRequired":true,"valueName":"search_term_string"}}],"inLanguage":"fr-FR"}]}},"_links":{"self":[{"href":"https:\/\/awakeningtouch.ca\/fr\/wp-json\/wp\/v2\/product\/14204","targetHints":{"allow":["GET"]}}],"collection":[{"href":"https:\/\/awakeningtouch.ca\/fr\/wp-json\/wp\/v2\/product"}],"about":[{"href":"https:\/\/awakeningtouch.ca\/fr\/wp-json\/wp\/v2\/types\/product"}],"replies":[{"embeddable":true,"href":"https:\/\/awakeningtouch.ca\/fr\/wp-json\/wp\/v2\/comments?post=14204"}],"wp:featuredmedia":[{"embeddable":true,"href":"https:\/\/awakeningtouch.ca\/fr\/wp-json\/wp\/v2\/media\/14206"}],"wp:attachment":[{"href":"https:\/\/awakeningtouch.ca\/fr\/wp-json\/wp\/v2\/media?parent=14204"}],"wp:term":[{"taxonomy":"product_brand","embeddable":true,"href":"https:\/\/awakeningtouch.ca\/fr\/wp-json\/wp\/v2\/product_brand?post=14204"},{"taxonomy":"product_cat","embeddable":true,"href":"https:\/\/awakeningtouch.ca\/fr\/wp-json\/wp\/v2\/product_cat?post=14204"},{"taxonomy":"product_tag","embeddable":true,"href":"https:\/\/awakeningtouch.ca\/fr\/wp-json\/wp\/v2\/product_tag?post=14204"}],"curies":[{"name":"wp","href":"https:\/\/api.w.org\/{rel}","templated":true}]}}