{"id":14200,"date":"2025-11-22T14:36:26","date_gmt":"2025-11-22T19:36:26","guid":{"rendered":"https:\/\/awakeningtouch.ca\/?post_type=product&#038;p=14200"},"modified":"2025-11-22T14:49:10","modified_gmt":"2025-11-22T19:49:10","slug":"masque-archetype-deesse-serpent-copy","status":"publish","type":"product","link":"https:\/\/awakeningtouch.ca\/fr\/produit\/masque-archetype-deesse-serpent-copy\/","title":{"rendered":"Tuile d&rsquo;autel &#8211; Crone"},"content":{"rendered":"<p>Une tuile d&rsquo;autel en c\u00e9ramique fabriqu\u00e9e \u00e0 la main, porteuse de l&rsquo;\u00e9nergie profonde et intemporelle de l&rsquo;esprit Crone, la femme m\u00e9dium qui \u00e9volue entre les mondes. Cr\u00e9\u00e9e pour ancrer votre espace sacr\u00e9, elle offre la sagesse, les conseils et la pr\u00e9sence constante de celle qui conna\u00eet les seuils de la vie, de la mort et de la transformation.<\/p>\n<p>La Vieille Femme est la gardienne de l&rsquo;intuition, de la m\u00e9moire ancestrale et du don de voir au-del\u00e0 du visible. En tant que Femme M\u00e9dium, elle se tient \u00e0 la fronti\u00e8re entre les mondes, traduisant le myst\u00e8re en perspicacit\u00e9 et l&rsquo;ombre en compr\u00e9hension. Cette tuile d&rsquo;autel devient un portail d&rsquo;ancrage pour la r\u00e9flexion, le discernement et la profonde clart\u00e9 qui \u00e9mane de l&rsquo;\u00e2me f\u00e9minine exp\u00e9riment\u00e9e.<\/p>\n<p><span lang=\"EN-CA\">Cette tuile d&rsquo;autel vous permettra d&rsquo;apporter la pr\u00e9sence de son \u00e9nergie dans vos rituels et votre espace sacr\u00e9, de garder l&rsquo;entr\u00e9e de votre maison ou de d\u00e9corer vos espaces ext\u00e9rieurs.<\/span><\/p>\n<blockquote>\n<div><span lang=\"EN-CA\">\u00ab\u00a0Les objets rituels supportent l\u2019espace de c\u00e9r\u00e9monie, au quotidien ou pour des passages sp\u00e9cifiques comme les solstices et \u00e9quinoxes. Tous sont fabriqu\u00e9s \u00e0 la main, avec des mat\u00e9riaux provenant de fournisseurs locaux et internationaux qui partagent nos valeurs. Une communication est \u00e9tablie avec chaque objet dans le processus de cr\u00e9ation, ce qui lui conf\u00e8re un caract\u00e8re sacr\u00e9 en plus d\u2019en faire son unicit\u00e9.\u00a0\u00bb\u00a0<\/span>Gita<\/div>\n<\/blockquote>\n<p><strong>FAIT \u00c0 LA MAIN<\/strong> <strong>Compl\u00e9tez votre commande\u00a0<\/strong><b>avec une statue d\u00e9esse, une assiette \u00e0 offrande, un porte-encens, un porte-chandelles ou encore un sac m\u00e9decine.<\/b><\/p>\n","protected":false},"excerpt":{"rendered":"<p>Une d\u00e9esse pour votre espace sacr\u00e9<\/p>\n","protected":false},"featured_media":14202,"comment_status":"open","ping_status":"closed","template":"","meta":{"_et_pb_use_builder":"","_et_pb_old_content":"","_et_gb_content_width":"","_monsterinsights_skip_tracking":false,"_monsterinsights_sitenote_active":false,"_monsterinsights_sitenote_note":"","_monsterinsights_sitenote_category":0},"product_brand":[],"product_cat":[88,87],"product_tag":[],"class_list":{"0":"post-14200","1":"product","2":"type-product","3":"status-publish","4":"has-post-thumbnail","6":"product_cat-masques-archetypes","7":"product_cat-objets-rituels","9":"first","10":"instock","11":"taxable","12":"shipping-taxable","13":"purchasable","14":"product-type-simple"},"yoast_head":"<!-- This site is optimized with the Yoast SEO plugin v27.4 - https:\/\/yoast.com\/product\/yoast-seo-wordpress\/ -->\n<title>D\u00e9esse corbeau Morrigan<\/title>\n<meta name=\"description\" content=\"Une tuile d&#039;autel en c\u00e9ramique fabriqu\u00e9e \u00e0 la main, porteuse de l&#039;\u00e9nergie profonde et intemporelle de l&#039;esprit Crone, la femme m\u00e9dium qui \u00e9volue entre les mondes. Cr\u00e9\u00e9e pour ancrer votre espace sacr\u00e9, elle offre la sagesse, les conseils et la pr\u00e9sence constante de celle qui conna\u00eet les seuils de la vie, de la mort et de la transformation.\" \/>\n<meta name=\"robots\" content=\"index, follow, max-snippet:-1, max-image-preview:large, max-video-preview:-1\" \/>\n<link rel=\"canonical\" href=\"https:\/\/awakeningtouch.ca\/fr\/produit\/masque-archetype-deesse-serpent-copy\/\" \/>\n<meta property=\"og:locale\" content=\"fr_FR\" \/>\n<meta property=\"og:type\" content=\"article\" \/>\n<meta property=\"og:title\" content=\"D\u00e9esse corbeau Morrigan\" \/>\n<meta property=\"og:description\" content=\"Masque spirituel en c\u00e9ramique fabriqu\u00e9 \u00e0 la main, porteur de l&#039;\u00e9nergie f\u00e9roce et souveraine de la d\u00e9esse Morrigan, gardienne de la transformation, de la proph\u00e9tie et des chemins obscurs du pouvoir. Cr\u00e9\u00e9 pour \u00eatre utilis\u00e9 sur un autel, il apporte protection, clart\u00e9 et la sagesse sauvage qui vous guide \u00e0 travers les seuils et la renaissance personnelle.\" \/>\n<meta property=\"og:url\" content=\"https:\/\/awakeningtouch.ca\/fr\/produit\/masque-archetype-deesse-serpent-copy\/\" \/>\n<meta property=\"og:site_name\" content=\"Awakening Touch\" \/>\n<meta property=\"article:modified_time\" content=\"2025-11-22T19:49:10+00:00\" \/>\n<meta property=\"og:image\" content=\"https:\/\/awakeningtouch.ca\/wp-content\/uploads\/2025\/11\/Morrigan-raven-spirit-mask-ceramic-awakening-touch-ritual-6.jpg\" \/>\n\t<meta property=\"og:image:width\" content=\"2000\" \/>\n\t<meta property=\"og:image:height\" content=\"2000\" \/>\n\t<meta property=\"og:image:type\" content=\"image\/jpeg\" \/>\n<meta name=\"twitter:card\" content=\"summary_large_image\" \/>\n<meta name=\"twitter:label1\" content=\"Dur\u00e9e de lecture estim\u00e9e\" \/>\n\t<meta name=\"twitter:data1\" content=\"1 minute\" \/>\n<script type=\"application\/ld+json\" class=\"yoast-schema-graph\">{\"@context\":\"https:\\\/\\\/schema.org\",\"@graph\":[{\"@type\":\"WebPage\",\"@id\":\"https:\\\/\\\/awakeningtouch.ca\\\/fr\\\/produit\\\/masque-archetype-deesse-serpent-copy\\\/\",\"url\":\"https:\\\/\\\/awakeningtouch.ca\\\/fr\\\/produit\\\/masque-archetype-deesse-serpent-copy\\\/\",\"name\":\"D\u00e9esse corbeau Morrigan\",\"isPartOf\":{\"@id\":\"https:\\\/\\\/awakeningtouch.ca\\\/fr\\\/#website\"},\"primaryImageOfPage\":{\"@id\":\"https:\\\/\\\/awakeningtouch.ca\\\/fr\\\/produit\\\/masque-archetype-deesse-serpent-copy\\\/#primaryimage\"},\"image\":{\"@id\":\"https:\\\/\\\/awakeningtouch.ca\\\/fr\\\/produit\\\/masque-archetype-deesse-serpent-copy\\\/#primaryimage\"},\"thumbnailUrl\":\"https:\\\/\\\/awakeningtouch.ca\\\/wp-content\\\/uploads\\\/2025\\\/11\\\/Crone-Cailleach-spirit-altar-mask-ceramic-awakening-touch-ritual-1.jpg\",\"datePublished\":\"2025-11-22T19:36:26+00:00\",\"dateModified\":\"2025-11-22T19:49:10+00:00\",\"description\":\"Une tuile d'autel en c\u00e9ramique fabriqu\u00e9e \u00e0 la main, porteuse de l'\u00e9nergie profonde et intemporelle de l'esprit Crone, la femme m\u00e9dium qui \u00e9volue entre les mondes. Cr\u00e9\u00e9e pour ancrer votre espace sacr\u00e9, elle offre la sagesse, les conseils et la pr\u00e9sence constante de celle qui conna\u00eet les seuils de la vie, de la mort et de la transformation.\",\"breadcrumb\":{\"@id\":\"https:\\\/\\\/awakeningtouch.ca\\\/fr\\\/produit\\\/masque-archetype-deesse-serpent-copy\\\/#breadcrumb\"},\"inLanguage\":\"fr-FR\",\"potentialAction\":[{\"@type\":\"ReadAction\",\"target\":[\"https:\\\/\\\/awakeningtouch.ca\\\/fr\\\/produit\\\/masque-archetype-deesse-serpent-copy\\\/\"]}]},{\"@type\":\"ImageObject\",\"inLanguage\":\"fr-FR\",\"@id\":\"https:\\\/\\\/awakeningtouch.ca\\\/fr\\\/produit\\\/masque-archetype-deesse-serpent-copy\\\/#primaryimage\",\"url\":\"https:\\\/\\\/awakeningtouch.ca\\\/wp-content\\\/uploads\\\/2025\\\/11\\\/Crone-Cailleach-spirit-altar-mask-ceramic-awakening-touch-ritual-1.jpg\",\"contentUrl\":\"https:\\\/\\\/awakeningtouch.ca\\\/wp-content\\\/uploads\\\/2025\\\/11\\\/Crone-Cailleach-spirit-altar-mask-ceramic-awakening-touch-ritual-1.jpg\",\"width\":2000,\"height\":2000},{\"@type\":\"BreadcrumbList\",\"@id\":\"https:\\\/\\\/awakeningtouch.ca\\\/fr\\\/produit\\\/masque-archetype-deesse-serpent-copy\\\/#breadcrumb\",\"itemListElement\":[{\"@type\":\"ListItem\",\"position\":1,\"name\":\"Accueil\",\"item\":\"https:\\\/\\\/awakeningtouch.ca\\\/fr\\\/\"},{\"@type\":\"ListItem\",\"position\":2,\"name\":\"Boutique\",\"item\":\"https:\\\/\\\/awakeningtouch.ca\\\/fr\\\/boutique\\\/\"},{\"@type\":\"ListItem\",\"position\":3,\"name\":\"Tuile d&rsquo;autel &#8211; Crone\"}]},{\"@type\":\"WebSite\",\"@id\":\"https:\\\/\\\/awakeningtouch.ca\\\/fr\\\/#website\",\"url\":\"https:\\\/\\\/awakeningtouch.ca\\\/fr\\\/\",\"name\":\"Awakening Touch\",\"description\":\"\",\"potentialAction\":[{\"@type\":\"SearchAction\",\"target\":{\"@type\":\"EntryPoint\",\"urlTemplate\":\"https:\\\/\\\/awakeningtouch.ca\\\/fr\\\/?s={search_term_string}\"},\"query-input\":{\"@type\":\"PropertyValueSpecification\",\"valueRequired\":true,\"valueName\":\"search_term_string\"}}],\"inLanguage\":\"fr-FR\"}]}<\/script>\n<!-- \/ Yoast SEO plugin. -->","yoast_head_json":{"title":"D\u00e9esse corbeau Morrigan","description":"Une tuile d'autel en c\u00e9ramique fabriqu\u00e9e \u00e0 la main, porteuse de l'\u00e9nergie profonde et intemporelle de l'esprit Crone, la femme m\u00e9dium qui \u00e9volue entre les mondes. Cr\u00e9\u00e9e pour ancrer votre espace sacr\u00e9, elle offre la sagesse, les conseils et la pr\u00e9sence constante de celle qui conna\u00eet les seuils de la vie, de la mort et de la transformation.","robots":{"index":"index","follow":"follow","max-snippet":"max-snippet:-1","max-image-preview":"max-image-preview:large","max-video-preview":"max-video-preview:-1"},"canonical":"https:\/\/awakeningtouch.ca\/fr\/produit\/masque-archetype-deesse-serpent-copy\/","og_locale":"fr_FR","og_type":"article","og_title":"D\u00e9esse corbeau Morrigan","og_description":"Masque spirituel en c\u00e9ramique fabriqu\u00e9 \u00e0 la main, porteur de l'\u00e9nergie f\u00e9roce et souveraine de la d\u00e9esse Morrigan, gardienne de la transformation, de la proph\u00e9tie et des chemins obscurs du pouvoir. Cr\u00e9\u00e9 pour \u00eatre utilis\u00e9 sur un autel, il apporte protection, clart\u00e9 et la sagesse sauvage qui vous guide \u00e0 travers les seuils et la renaissance personnelle.","og_url":"https:\/\/awakeningtouch.ca\/fr\/produit\/masque-archetype-deesse-serpent-copy\/","og_site_name":"Awakening Touch","article_modified_time":"2025-11-22T19:49:10+00:00","og_image":[{"width":2000,"height":2000,"url":"https:\/\/awakeningtouch.ca\/wp-content\/uploads\/2025\/11\/Morrigan-raven-spirit-mask-ceramic-awakening-touch-ritual-6.jpg","type":"image\/jpeg"}],"twitter_card":"summary_large_image","twitter_misc":{"Dur\u00e9e de lecture estim\u00e9e":"1 minute"},"schema":{"@context":"https:\/\/schema.org","@graph":[{"@type":"WebPage","@id":"https:\/\/awakeningtouch.ca\/fr\/produit\/masque-archetype-deesse-serpent-copy\/","url":"https:\/\/awakeningtouch.ca\/fr\/produit\/masque-archetype-deesse-serpent-copy\/","name":"D\u00e9esse corbeau Morrigan","isPartOf":{"@id":"https:\/\/awakeningtouch.ca\/fr\/#website"},"primaryImageOfPage":{"@id":"https:\/\/awakeningtouch.ca\/fr\/produit\/masque-archetype-deesse-serpent-copy\/#primaryimage"},"image":{"@id":"https:\/\/awakeningtouch.ca\/fr\/produit\/masque-archetype-deesse-serpent-copy\/#primaryimage"},"thumbnailUrl":"https:\/\/awakeningtouch.ca\/wp-content\/uploads\/2025\/11\/Crone-Cailleach-spirit-altar-mask-ceramic-awakening-touch-ritual-1.jpg","datePublished":"2025-11-22T19:36:26+00:00","dateModified":"2025-11-22T19:49:10+00:00","description":"Une tuile d'autel en c\u00e9ramique fabriqu\u00e9e \u00e0 la main, porteuse de l'\u00e9nergie profonde et intemporelle de l'esprit Crone, la femme m\u00e9dium qui \u00e9volue entre les mondes. Cr\u00e9\u00e9e pour ancrer votre espace sacr\u00e9, elle offre la sagesse, les conseils et la pr\u00e9sence constante de celle qui conna\u00eet les seuils de la vie, de la mort et de la transformation.","breadcrumb":{"@id":"https:\/\/awakeningtouch.ca\/fr\/produit\/masque-archetype-deesse-serpent-copy\/#breadcrumb"},"inLanguage":"fr-FR","potentialAction":[{"@type":"ReadAction","target":["https:\/\/awakeningtouch.ca\/fr\/produit\/masque-archetype-deesse-serpent-copy\/"]}]},{"@type":"ImageObject","inLanguage":"fr-FR","@id":"https:\/\/awakeningtouch.ca\/fr\/produit\/masque-archetype-deesse-serpent-copy\/#primaryimage","url":"https:\/\/awakeningtouch.ca\/wp-content\/uploads\/2025\/11\/Crone-Cailleach-spirit-altar-mask-ceramic-awakening-touch-ritual-1.jpg","contentUrl":"https:\/\/awakeningtouch.ca\/wp-content\/uploads\/2025\/11\/Crone-Cailleach-spirit-altar-mask-ceramic-awakening-touch-ritual-1.jpg","width":2000,"height":2000},{"@type":"BreadcrumbList","@id":"https:\/\/awakeningtouch.ca\/fr\/produit\/masque-archetype-deesse-serpent-copy\/#breadcrumb","itemListElement":[{"@type":"ListItem","position":1,"name":"Accueil","item":"https:\/\/awakeningtouch.ca\/fr\/"},{"@type":"ListItem","position":2,"name":"Boutique","item":"https:\/\/awakeningtouch.ca\/fr\/boutique\/"},{"@type":"ListItem","position":3,"name":"Tuile d&rsquo;autel &#8211; Crone"}]},{"@type":"WebSite","@id":"https:\/\/awakeningtouch.ca\/fr\/#website","url":"https:\/\/awakeningtouch.ca\/fr\/","name":"Awakening Touch","description":"","potentialAction":[{"@type":"SearchAction","target":{"@type":"EntryPoint","urlTemplate":"https:\/\/awakeningtouch.ca\/fr\/?s={search_term_string}"},"query-input":{"@type":"PropertyValueSpecification","valueRequired":true,"valueName":"search_term_string"}}],"inLanguage":"fr-FR"}]}},"_links":{"self":[{"href":"https:\/\/awakeningtouch.ca\/fr\/wp-json\/wp\/v2\/product\/14200","targetHints":{"allow":["GET"]}}],"collection":[{"href":"https:\/\/awakeningtouch.ca\/fr\/wp-json\/wp\/v2\/product"}],"about":[{"href":"https:\/\/awakeningtouch.ca\/fr\/wp-json\/wp\/v2\/types\/product"}],"replies":[{"embeddable":true,"href":"https:\/\/awakeningtouch.ca\/fr\/wp-json\/wp\/v2\/comments?post=14200"}],"wp:featuredmedia":[{"embeddable":true,"href":"https:\/\/awakeningtouch.ca\/fr\/wp-json\/wp\/v2\/media\/14202"}],"wp:attachment":[{"href":"https:\/\/awakeningtouch.ca\/fr\/wp-json\/wp\/v2\/media?parent=14200"}],"wp:term":[{"taxonomy":"product_brand","embeddable":true,"href":"https:\/\/awakeningtouch.ca\/fr\/wp-json\/wp\/v2\/product_brand?post=14200"},{"taxonomy":"product_cat","embeddable":true,"href":"https:\/\/awakeningtouch.ca\/fr\/wp-json\/wp\/v2\/product_cat?post=14200"},{"taxonomy":"product_tag","embeddable":true,"href":"https:\/\/awakeningtouch.ca\/fr\/wp-json\/wp\/v2\/product_tag?post=14200"}],"curies":[{"name":"wp","href":"https:\/\/api.w.org\/{rel}","templated":true}]}}