{"id":14185,"date":"2025-11-22T14:26:08","date_gmt":"2025-11-22T19:26:08","guid":{"rendered":"https:\/\/awakeningtouch.ca\/?post_type=product&#038;p=14185"},"modified":"2025-11-22T14:33:02","modified_gmt":"2025-11-22T19:33:02","slug":"masque-archetype-deesse-serpent","status":"publish","type":"product","link":"https:\/\/awakeningtouch.ca\/fr\/produit\/masque-archetype-deesse-serpent\/","title":{"rendered":"Masque arch\u00e9type &#8211; D\u00e9esse Serpent"},"content":{"rendered":"<p>Un masque spirituel en c\u00e9ramique fabriqu\u00e9 \u00e0 la main, porteur de l&rsquo;\u00e9nergie primitive et transformatrice de l&rsquo;esprit du serpent, cr\u00e9\u00e9 pour \u00eatre un puissant compagnon pour votre autel ou votre espace rituel. Elle incarne la vibration du renouveau, du renouveau et de la force vitale \u00e9veill\u00e9e, vous guidant \u00e0 travers les cycles de lib\u00e9ration et de renaissance.<\/p>\n<p>Le serpent est un ancien gardien de la transformation, de la gu\u00e9rison et de l&rsquo;\u00e9nergie kundalini. Il nous enseigne \u00e0 nous d\u00e9barrasser de ce qui ne nous sert plus, \u00e0 agir avec une sagesse instinctive et \u00e0 nous \u00e9lever avec une vitalit\u00e9 renouvel\u00e9e. Ce masque devient un portail vers la r\u00e9g\u00e9n\u00e9ration, l&rsquo;\u00e9veil int\u00e9rieur profond et le pouvoir sacr\u00e9 du devenir continu.<\/p>\n<p><span lang=\"EN-CA\">Ce masque vous permettra d&rsquo;apporter la pr\u00e9sence de son \u00e9nergie dans vos rituels et votre espace sacr\u00e9, de garder l&rsquo;entr\u00e9e de votre maison ou de d\u00e9corer vos espaces ext\u00e9rieurs.<\/span><\/p>\n<blockquote>\n<div><span lang=\"EN-CA\">\u00ab\u00a0Les objets rituels supportent l\u2019espace de c\u00e9r\u00e9monie, au quotidien ou pour des passages sp\u00e9cifiques comme les solstices et \u00e9quinoxes. Tous sont fabriqu\u00e9s \u00e0 la main, avec des mat\u00e9riaux provenant de fournisseurs locaux et internationaux qui partagent nos valeurs. Une communication est \u00e9tablie avec chaque objet dans le processus de cr\u00e9ation, ce qui lui conf\u00e8re un caract\u00e8re sacr\u00e9 en plus d\u2019en faire son unicit\u00e9.\u00a0\u00bb\u00a0<\/span>Gita<\/div>\n<\/blockquote>\n<p><strong>FAIT \u00c0 LA MAIN<\/strong> <strong>Compl\u00e9tez votre commande\u00a0<\/strong><b>avec une statue d\u00e9esse, une assiette \u00e0 offrande, un porte-encens, un porte-chandelles ou encore un sac m\u00e9decine.<\/b><\/p>\n","protected":false},"excerpt":{"rendered":"<p>Une d\u00e9esse pour votre espace sacr\u00e9<\/p>\n","protected":false},"featured_media":14192,"comment_status":"open","ping_status":"closed","template":"","meta":{"_et_pb_use_builder":"","_et_pb_old_content":"","_et_gb_content_width":"","_monsterinsights_skip_tracking":false,"_monsterinsights_sitenote_active":false,"_monsterinsights_sitenote_note":"","_monsterinsights_sitenote_category":0},"product_brand":[],"product_cat":[88,87],"product_tag":[],"class_list":{"0":"post-14185","1":"product","2":"type-product","3":"status-publish","4":"has-post-thumbnail","6":"product_cat-masques-archetypes","7":"product_cat-objets-rituels","9":"first","10":"instock","11":"taxable","12":"shipping-taxable","13":"purchasable","14":"product-type-simple"},"yoast_head":"<!-- This site is optimized with the Yoast SEO plugin v27.4 - https:\/\/yoast.com\/product\/yoast-seo-wordpress\/ -->\n<title>D\u00e9esse corbeau Morrigan<\/title>\n<meta name=\"description\" content=\"Masque spirituel en c\u00e9ramique fabriqu\u00e9 \u00e0 la main, porteur de l&#039;\u00e9nergie f\u00e9roce et souveraine de la d\u00e9esse Morrigan, gardienne de la transformation, de la proph\u00e9tie et des chemins obscurs du pouvoir. Cr\u00e9\u00e9 pour \u00eatre utilis\u00e9 sur un autel, il apporte protection, clart\u00e9 et la sagesse sauvage qui vous guide \u00e0 travers les seuils et la renaissance personnelle.\" \/>\n<meta name=\"robots\" content=\"index, follow, max-snippet:-1, max-image-preview:large, max-video-preview:-1\" \/>\n<link rel=\"canonical\" href=\"https:\/\/awakeningtouch.ca\/fr\/produit\/masque-archetype-deesse-serpent\/\" \/>\n<meta property=\"og:locale\" content=\"fr_FR\" \/>\n<meta property=\"og:type\" content=\"article\" \/>\n<meta property=\"og:title\" content=\"D\u00e9esse corbeau Morrigan\" \/>\n<meta property=\"og:description\" content=\"Masque spirituel en c\u00e9ramique fabriqu\u00e9 \u00e0 la main, porteur de l&#039;\u00e9nergie f\u00e9roce et souveraine de la d\u00e9esse Morrigan, gardienne de la transformation, de la proph\u00e9tie et des chemins obscurs du pouvoir. Cr\u00e9\u00e9 pour \u00eatre utilis\u00e9 sur un autel, il apporte protection, clart\u00e9 et la sagesse sauvage qui vous guide \u00e0 travers les seuils et la renaissance personnelle.\" \/>\n<meta property=\"og:url\" content=\"https:\/\/awakeningtouch.ca\/fr\/produit\/masque-archetype-deesse-serpent\/\" \/>\n<meta property=\"og:site_name\" content=\"Awakening Touch\" \/>\n<meta property=\"article:modified_time\" content=\"2025-11-22T19:33:02+00:00\" \/>\n<meta property=\"og:image\" content=\"https:\/\/awakeningtouch.ca\/wp-content\/uploads\/2025\/11\/Morrigan-raven-spirit-mask-ceramic-awakening-touch-ritual-6.jpg\" \/>\n\t<meta property=\"og:image:width\" content=\"2000\" \/>\n\t<meta property=\"og:image:height\" content=\"2000\" \/>\n\t<meta property=\"og:image:type\" content=\"image\/jpeg\" \/>\n<meta name=\"twitter:card\" content=\"summary_large_image\" \/>\n<meta name=\"twitter:label1\" content=\"Dur\u00e9e de lecture estim\u00e9e\" \/>\n\t<meta name=\"twitter:data1\" content=\"1 minute\" \/>\n<script type=\"application\/ld+json\" class=\"yoast-schema-graph\">{\"@context\":\"https:\\\/\\\/schema.org\",\"@graph\":[{\"@type\":\"WebPage\",\"@id\":\"https:\\\/\\\/awakeningtouch.ca\\\/fr\\\/produit\\\/masque-archetype-deesse-serpent\\\/\",\"url\":\"https:\\\/\\\/awakeningtouch.ca\\\/fr\\\/produit\\\/masque-archetype-deesse-serpent\\\/\",\"name\":\"D\u00e9esse corbeau Morrigan\",\"isPartOf\":{\"@id\":\"https:\\\/\\\/awakeningtouch.ca\\\/fr\\\/#website\"},\"primaryImageOfPage\":{\"@id\":\"https:\\\/\\\/awakeningtouch.ca\\\/fr\\\/produit\\\/masque-archetype-deesse-serpent\\\/#primaryimage\"},\"image\":{\"@id\":\"https:\\\/\\\/awakeningtouch.ca\\\/fr\\\/produit\\\/masque-archetype-deesse-serpent\\\/#primaryimage\"},\"thumbnailUrl\":\"https:\\\/\\\/awakeningtouch.ca\\\/wp-content\\\/uploads\\\/2025\\\/11\\\/Sepent-snake-spirit-mask-ceramic-awakening-touch-ritual-1.jpg\",\"datePublished\":\"2025-11-22T19:26:08+00:00\",\"dateModified\":\"2025-11-22T19:33:02+00:00\",\"description\":\"Masque spirituel en c\u00e9ramique fabriqu\u00e9 \u00e0 la main, porteur de l'\u00e9nergie f\u00e9roce et souveraine de la d\u00e9esse Morrigan, gardienne de la transformation, de la proph\u00e9tie et des chemins obscurs du pouvoir. Cr\u00e9\u00e9 pour \u00eatre utilis\u00e9 sur un autel, il apporte protection, clart\u00e9 et la sagesse sauvage qui vous guide \u00e0 travers les seuils et la renaissance personnelle.\",\"breadcrumb\":{\"@id\":\"https:\\\/\\\/awakeningtouch.ca\\\/fr\\\/produit\\\/masque-archetype-deesse-serpent\\\/#breadcrumb\"},\"inLanguage\":\"fr-FR\",\"potentialAction\":[{\"@type\":\"ReadAction\",\"target\":[\"https:\\\/\\\/awakeningtouch.ca\\\/fr\\\/produit\\\/masque-archetype-deesse-serpent\\\/\"]}]},{\"@type\":\"ImageObject\",\"inLanguage\":\"fr-FR\",\"@id\":\"https:\\\/\\\/awakeningtouch.ca\\\/fr\\\/produit\\\/masque-archetype-deesse-serpent\\\/#primaryimage\",\"url\":\"https:\\\/\\\/awakeningtouch.ca\\\/wp-content\\\/uploads\\\/2025\\\/11\\\/Sepent-snake-spirit-mask-ceramic-awakening-touch-ritual-1.jpg\",\"contentUrl\":\"https:\\\/\\\/awakeningtouch.ca\\\/wp-content\\\/uploads\\\/2025\\\/11\\\/Sepent-snake-spirit-mask-ceramic-awakening-touch-ritual-1.jpg\",\"width\":2000,\"height\":2000},{\"@type\":\"BreadcrumbList\",\"@id\":\"https:\\\/\\\/awakeningtouch.ca\\\/fr\\\/produit\\\/masque-archetype-deesse-serpent\\\/#breadcrumb\",\"itemListElement\":[{\"@type\":\"ListItem\",\"position\":1,\"name\":\"Accueil\",\"item\":\"https:\\\/\\\/awakeningtouch.ca\\\/fr\\\/\"},{\"@type\":\"ListItem\",\"position\":2,\"name\":\"Boutique\",\"item\":\"https:\\\/\\\/awakeningtouch.ca\\\/fr\\\/boutique\\\/\"},{\"@type\":\"ListItem\",\"position\":3,\"name\":\"Masque arch\u00e9type &#8211; D\u00e9esse Serpent\"}]},{\"@type\":\"WebSite\",\"@id\":\"https:\\\/\\\/awakeningtouch.ca\\\/fr\\\/#website\",\"url\":\"https:\\\/\\\/awakeningtouch.ca\\\/fr\\\/\",\"name\":\"Awakening Touch\",\"description\":\"\",\"potentialAction\":[{\"@type\":\"SearchAction\",\"target\":{\"@type\":\"EntryPoint\",\"urlTemplate\":\"https:\\\/\\\/awakeningtouch.ca\\\/fr\\\/?s={search_term_string}\"},\"query-input\":{\"@type\":\"PropertyValueSpecification\",\"valueRequired\":true,\"valueName\":\"search_term_string\"}}],\"inLanguage\":\"fr-FR\"}]}<\/script>\n<!-- \/ Yoast SEO plugin. -->","yoast_head_json":{"title":"D\u00e9esse corbeau Morrigan","description":"Masque spirituel en c\u00e9ramique fabriqu\u00e9 \u00e0 la main, porteur de l'\u00e9nergie f\u00e9roce et souveraine de la d\u00e9esse Morrigan, gardienne de la transformation, de la proph\u00e9tie et des chemins obscurs du pouvoir. Cr\u00e9\u00e9 pour \u00eatre utilis\u00e9 sur un autel, il apporte protection, clart\u00e9 et la sagesse sauvage qui vous guide \u00e0 travers les seuils et la renaissance personnelle.","robots":{"index":"index","follow":"follow","max-snippet":"max-snippet:-1","max-image-preview":"max-image-preview:large","max-video-preview":"max-video-preview:-1"},"canonical":"https:\/\/awakeningtouch.ca\/fr\/produit\/masque-archetype-deesse-serpent\/","og_locale":"fr_FR","og_type":"article","og_title":"D\u00e9esse corbeau Morrigan","og_description":"Masque spirituel en c\u00e9ramique fabriqu\u00e9 \u00e0 la main, porteur de l'\u00e9nergie f\u00e9roce et souveraine de la d\u00e9esse Morrigan, gardienne de la transformation, de la proph\u00e9tie et des chemins obscurs du pouvoir. Cr\u00e9\u00e9 pour \u00eatre utilis\u00e9 sur un autel, il apporte protection, clart\u00e9 et la sagesse sauvage qui vous guide \u00e0 travers les seuils et la renaissance personnelle.","og_url":"https:\/\/awakeningtouch.ca\/fr\/produit\/masque-archetype-deesse-serpent\/","og_site_name":"Awakening Touch","article_modified_time":"2025-11-22T19:33:02+00:00","og_image":[{"width":2000,"height":2000,"url":"https:\/\/awakeningtouch.ca\/wp-content\/uploads\/2025\/11\/Morrigan-raven-spirit-mask-ceramic-awakening-touch-ritual-6.jpg","type":"image\/jpeg"}],"twitter_card":"summary_large_image","twitter_misc":{"Dur\u00e9e de lecture estim\u00e9e":"1 minute"},"schema":{"@context":"https:\/\/schema.org","@graph":[{"@type":"WebPage","@id":"https:\/\/awakeningtouch.ca\/fr\/produit\/masque-archetype-deesse-serpent\/","url":"https:\/\/awakeningtouch.ca\/fr\/produit\/masque-archetype-deesse-serpent\/","name":"D\u00e9esse corbeau Morrigan","isPartOf":{"@id":"https:\/\/awakeningtouch.ca\/fr\/#website"},"primaryImageOfPage":{"@id":"https:\/\/awakeningtouch.ca\/fr\/produit\/masque-archetype-deesse-serpent\/#primaryimage"},"image":{"@id":"https:\/\/awakeningtouch.ca\/fr\/produit\/masque-archetype-deesse-serpent\/#primaryimage"},"thumbnailUrl":"https:\/\/awakeningtouch.ca\/wp-content\/uploads\/2025\/11\/Sepent-snake-spirit-mask-ceramic-awakening-touch-ritual-1.jpg","datePublished":"2025-11-22T19:26:08+00:00","dateModified":"2025-11-22T19:33:02+00:00","description":"Masque spirituel en c\u00e9ramique fabriqu\u00e9 \u00e0 la main, porteur de l'\u00e9nergie f\u00e9roce et souveraine de la d\u00e9esse Morrigan, gardienne de la transformation, de la proph\u00e9tie et des chemins obscurs du pouvoir. Cr\u00e9\u00e9 pour \u00eatre utilis\u00e9 sur un autel, il apporte protection, clart\u00e9 et la sagesse sauvage qui vous guide \u00e0 travers les seuils et la renaissance personnelle.","breadcrumb":{"@id":"https:\/\/awakeningtouch.ca\/fr\/produit\/masque-archetype-deesse-serpent\/#breadcrumb"},"inLanguage":"fr-FR","potentialAction":[{"@type":"ReadAction","target":["https:\/\/awakeningtouch.ca\/fr\/produit\/masque-archetype-deesse-serpent\/"]}]},{"@type":"ImageObject","inLanguage":"fr-FR","@id":"https:\/\/awakeningtouch.ca\/fr\/produit\/masque-archetype-deesse-serpent\/#primaryimage","url":"https:\/\/awakeningtouch.ca\/wp-content\/uploads\/2025\/11\/Sepent-snake-spirit-mask-ceramic-awakening-touch-ritual-1.jpg","contentUrl":"https:\/\/awakeningtouch.ca\/wp-content\/uploads\/2025\/11\/Sepent-snake-spirit-mask-ceramic-awakening-touch-ritual-1.jpg","width":2000,"height":2000},{"@type":"BreadcrumbList","@id":"https:\/\/awakeningtouch.ca\/fr\/produit\/masque-archetype-deesse-serpent\/#breadcrumb","itemListElement":[{"@type":"ListItem","position":1,"name":"Accueil","item":"https:\/\/awakeningtouch.ca\/fr\/"},{"@type":"ListItem","position":2,"name":"Boutique","item":"https:\/\/awakeningtouch.ca\/fr\/boutique\/"},{"@type":"ListItem","position":3,"name":"Masque arch\u00e9type &#8211; D\u00e9esse Serpent"}]},{"@type":"WebSite","@id":"https:\/\/awakeningtouch.ca\/fr\/#website","url":"https:\/\/awakeningtouch.ca\/fr\/","name":"Awakening Touch","description":"","potentialAction":[{"@type":"SearchAction","target":{"@type":"EntryPoint","urlTemplate":"https:\/\/awakeningtouch.ca\/fr\/?s={search_term_string}"},"query-input":{"@type":"PropertyValueSpecification","valueRequired":true,"valueName":"search_term_string"}}],"inLanguage":"fr-FR"}]}},"_links":{"self":[{"href":"https:\/\/awakeningtouch.ca\/fr\/wp-json\/wp\/v2\/product\/14185","targetHints":{"allow":["GET"]}}],"collection":[{"href":"https:\/\/awakeningtouch.ca\/fr\/wp-json\/wp\/v2\/product"}],"about":[{"href":"https:\/\/awakeningtouch.ca\/fr\/wp-json\/wp\/v2\/types\/product"}],"replies":[{"embeddable":true,"href":"https:\/\/awakeningtouch.ca\/fr\/wp-json\/wp\/v2\/comments?post=14185"}],"wp:featuredmedia":[{"embeddable":true,"href":"https:\/\/awakeningtouch.ca\/fr\/wp-json\/wp\/v2\/media\/14192"}],"wp:attachment":[{"href":"https:\/\/awakeningtouch.ca\/fr\/wp-json\/wp\/v2\/media?parent=14185"}],"wp:term":[{"taxonomy":"product_brand","embeddable":true,"href":"https:\/\/awakeningtouch.ca\/fr\/wp-json\/wp\/v2\/product_brand?post=14185"},{"taxonomy":"product_cat","embeddable":true,"href":"https:\/\/awakeningtouch.ca\/fr\/wp-json\/wp\/v2\/product_cat?post=14185"},{"taxonomy":"product_tag","embeddable":true,"href":"https:\/\/awakeningtouch.ca\/fr\/wp-json\/wp\/v2\/product_tag?post=14185"}],"curies":[{"name":"wp","href":"https:\/\/api.w.org\/{rel}","templated":true}]}}