{"id":14163,"date":"2025-11-21T17:41:52","date_gmt":"2025-11-21T22:41:52","guid":{"rendered":"https:\/\/awakeningtouch.ca\/?post_type=product&#038;p=14163"},"modified":"2025-11-22T14:21:57","modified_gmt":"2025-11-22T19:21:57","slug":"deesse-corbeau-morrigan-2","status":"publish","type":"product","link":"https:\/\/awakeningtouch.ca\/fr\/produit\/deesse-corbeau-morrigan-2\/","title":{"rendered":"D\u00e9esse corbeau Morrigan"},"content":{"rendered":"<p>Masque spirituel en c\u00e9ramique fabriqu\u00e9 \u00e0 la main, porteur de l&rsquo;\u00e9nergie f\u00e9roce et souveraine de la d\u00e9esse Morrigan, gardienne de la transformation, de la proph\u00e9tie et des chemins obscurs du pouvoir. Cr\u00e9\u00e9 pour \u00eatre utilis\u00e9 sur un autel, il apporte protection, clart\u00e9 et la sagesse sauvage qui vous guide \u00e0 travers les seuils et la renaissance personnelle.<\/p>\n<p>Morrigan incarne la force de v\u00e9rit\u00e9 de l&rsquo;\u00e2me : l&rsquo;appel au courage, l&rsquo;acceptation du changement et la souverainet\u00e9 in\u00e9branlable du moi. Elle est le corbeau qui voit au-del\u00e0 du voile, la m\u00e9tamorphe qui enseigne la r\u00e9silience et la guerri\u00e8re qui se tient \u00e0 vos c\u00f4t\u00e9s lorsque vous revendiquez votre chemin. Ce masque devient un portail vers une profonde intuition, l&rsquo;\u00e9panouissement et l&rsquo;alignement avec votre direction la plus authentique.<\/p>\n<p><span lang=\"EN-CA\">Ce masque vous permettra d&rsquo;apporter la pr\u00e9sence de son \u00e9nergie dans vos rituels et votre espace sacr\u00e9, de garder l&rsquo;entr\u00e9e de votre maison ou de d\u00e9corer vos espaces ext\u00e9rieurs.<\/span><\/p>\n<blockquote>\n<div><span lang=\"EN-CA\">\u00ab\u00a0Les objets rituels supportent l\u2019espace de c\u00e9r\u00e9monie, au quotidien ou pour des passages sp\u00e9cifiques comme les solstices et \u00e9quinoxes. Tous sont fabriqu\u00e9s \u00e0 la main, avec des mat\u00e9riaux provenant de fournisseurs locaux et internationaux qui partagent nos valeurs. Une communication est \u00e9tablie avec chaque objet dans le processus de cr\u00e9ation, ce qui lui conf\u00e8re un caract\u00e8re sacr\u00e9 en plus d\u2019en faire son unicit\u00e9.\u00a0\u00bb\u00a0<\/span>Gita<\/div>\n<\/blockquote>\n<p><strong>FAIT \u00c0 LA MAIN<\/strong><\/p>\n<p><strong>Compl\u00e9tez votre commande\u00a0<\/strong><b>avec une statue d\u00e9esse, une assiette \u00e0 offrande, un porte-encens, un porte-chandelles ou encore un sac m\u00e9decine.<\/b><\/p>\n","protected":false},"excerpt":{"rendered":"<p>D\u00e9esse de la croissance printani\u00e8re et de l&rsquo;\u00e9quinoxe<\/p>\n","protected":false},"featured_media":14183,"comment_status":"open","ping_status":"closed","template":"","meta":{"_et_pb_use_builder":"","_et_pb_old_content":"","_et_gb_content_width":"","_monsterinsights_skip_tracking":false,"_monsterinsights_sitenote_active":false,"_monsterinsights_sitenote_note":"","_monsterinsights_sitenote_category":0},"product_brand":[],"product_cat":[88,87],"product_tag":[],"class_list":{"0":"post-14163","1":"product","2":"type-product","3":"status-publish","4":"has-post-thumbnail","6":"product_cat-masques-archetypes","7":"product_cat-objets-rituels","9":"first","10":"instock","11":"taxable","12":"shipping-taxable","13":"purchasable","14":"product-type-variable"},"yoast_head":"<!-- This site is optimized with the Yoast SEO plugin v27.4 - https:\/\/yoast.com\/product\/yoast-seo-wordpress\/ -->\n<title>D\u00e9esse corbeau Morrigan<\/title>\n<meta name=\"description\" content=\"Masque spirituel en c\u00e9ramique fabriqu\u00e9 \u00e0 la main, porteur de l&#039;\u00e9nergie f\u00e9roce et souveraine de la d\u00e9esse Morrigan, gardienne de la transformation, de la proph\u00e9tie et des chemins obscurs du pouvoir. Cr\u00e9\u00e9 pour \u00eatre utilis\u00e9 sur un autel, il apporte protection, clart\u00e9 et la sagesse sauvage qui vous guide \u00e0 travers les seuils et la renaissance personnelle.\" \/>\n<meta name=\"robots\" content=\"index, follow, max-snippet:-1, max-image-preview:large, max-video-preview:-1\" \/>\n<link rel=\"canonical\" href=\"https:\/\/awakeningtouch.ca\/fr\/produit\/deesse-corbeau-morrigan-2\/\" \/>\n<meta property=\"og:locale\" content=\"fr_FR\" \/>\n<meta property=\"og:type\" content=\"article\" \/>\n<meta property=\"og:title\" content=\"D\u00e9esse corbeau Morrigan\" \/>\n<meta property=\"og:description\" content=\"Masque spirituel en c\u00e9ramique fabriqu\u00e9 \u00e0 la main, porteur de l&#039;\u00e9nergie f\u00e9roce et souveraine de la d\u00e9esse Morrigan, gardienne de la transformation, de la proph\u00e9tie et des chemins obscurs du pouvoir. Cr\u00e9\u00e9 pour \u00eatre utilis\u00e9 sur un autel, il apporte protection, clart\u00e9 et la sagesse sauvage qui vous guide \u00e0 travers les seuils et la renaissance personnelle.\" \/>\n<meta property=\"og:url\" content=\"https:\/\/awakeningtouch.ca\/fr\/produit\/deesse-corbeau-morrigan-2\/\" \/>\n<meta property=\"og:site_name\" content=\"Awakening Touch\" \/>\n<meta property=\"article:modified_time\" content=\"2025-11-22T19:21:57+00:00\" \/>\n<meta property=\"og:image\" content=\"https:\/\/awakeningtouch.ca\/wp-content\/uploads\/2025\/11\/Morrigan-raven-spirit-mask-ceramic-awakening-touch-ritual-6.jpg\" \/>\n\t<meta property=\"og:image:width\" content=\"2000\" \/>\n\t<meta property=\"og:image:height\" content=\"2000\" \/>\n\t<meta property=\"og:image:type\" content=\"image\/jpeg\" \/>\n<meta name=\"twitter:card\" content=\"summary_large_image\" \/>\n<meta name=\"twitter:label1\" content=\"Dur\u00e9e de lecture estim\u00e9e\" \/>\n\t<meta name=\"twitter:data1\" content=\"1 minute\" \/>\n<script type=\"application\/ld+json\" class=\"yoast-schema-graph\">{\"@context\":\"https:\\\/\\\/schema.org\",\"@graph\":[{\"@type\":\"WebPage\",\"@id\":\"https:\\\/\\\/awakeningtouch.ca\\\/fr\\\/produit\\\/deesse-corbeau-morrigan-2\\\/\",\"url\":\"https:\\\/\\\/awakeningtouch.ca\\\/fr\\\/produit\\\/deesse-corbeau-morrigan-2\\\/\",\"name\":\"D\u00e9esse corbeau Morrigan\",\"isPartOf\":{\"@id\":\"https:\\\/\\\/awakeningtouch.ca\\\/fr\\\/#website\"},\"primaryImageOfPage\":{\"@id\":\"https:\\\/\\\/awakeningtouch.ca\\\/fr\\\/produit\\\/deesse-corbeau-morrigan-2\\\/#primaryimage\"},\"image\":{\"@id\":\"https:\\\/\\\/awakeningtouch.ca\\\/fr\\\/produit\\\/deesse-corbeau-morrigan-2\\\/#primaryimage\"},\"thumbnailUrl\":\"https:\\\/\\\/awakeningtouch.ca\\\/wp-content\\\/uploads\\\/2025\\\/11\\\/Morrigan-raven-spirit-mask-ceramic-awakening-touch-ritual-6.jpg\",\"datePublished\":\"2025-11-21T22:41:52+00:00\",\"dateModified\":\"2025-11-22T19:21:57+00:00\",\"description\":\"Masque spirituel en c\u00e9ramique fabriqu\u00e9 \u00e0 la main, porteur de l'\u00e9nergie f\u00e9roce et souveraine de la d\u00e9esse Morrigan, gardienne de la transformation, de la proph\u00e9tie et des chemins obscurs du pouvoir. Cr\u00e9\u00e9 pour \u00eatre utilis\u00e9 sur un autel, il apporte protection, clart\u00e9 et la sagesse sauvage qui vous guide \u00e0 travers les seuils et la renaissance personnelle.\",\"breadcrumb\":{\"@id\":\"https:\\\/\\\/awakeningtouch.ca\\\/fr\\\/produit\\\/deesse-corbeau-morrigan-2\\\/#breadcrumb\"},\"inLanguage\":\"fr-FR\",\"potentialAction\":[{\"@type\":\"ReadAction\",\"target\":[\"https:\\\/\\\/awakeningtouch.ca\\\/fr\\\/produit\\\/deesse-corbeau-morrigan-2\\\/\"]}]},{\"@type\":\"ImageObject\",\"inLanguage\":\"fr-FR\",\"@id\":\"https:\\\/\\\/awakeningtouch.ca\\\/fr\\\/produit\\\/deesse-corbeau-morrigan-2\\\/#primaryimage\",\"url\":\"https:\\\/\\\/awakeningtouch.ca\\\/wp-content\\\/uploads\\\/2025\\\/11\\\/Morrigan-raven-spirit-mask-ceramic-awakening-touch-ritual-6.jpg\",\"contentUrl\":\"https:\\\/\\\/awakeningtouch.ca\\\/wp-content\\\/uploads\\\/2025\\\/11\\\/Morrigan-raven-spirit-mask-ceramic-awakening-touch-ritual-6.jpg\",\"width\":2000,\"height\":2000},{\"@type\":\"BreadcrumbList\",\"@id\":\"https:\\\/\\\/awakeningtouch.ca\\\/fr\\\/produit\\\/deesse-corbeau-morrigan-2\\\/#breadcrumb\",\"itemListElement\":[{\"@type\":\"ListItem\",\"position\":1,\"name\":\"Accueil\",\"item\":\"https:\\\/\\\/awakeningtouch.ca\\\/fr\\\/\"},{\"@type\":\"ListItem\",\"position\":2,\"name\":\"Boutique\",\"item\":\"https:\\\/\\\/awakeningtouch.ca\\\/fr\\\/boutique\\\/\"},{\"@type\":\"ListItem\",\"position\":3,\"name\":\"D\u00e9esse corbeau Morrigan\"}]},{\"@type\":\"WebSite\",\"@id\":\"https:\\\/\\\/awakeningtouch.ca\\\/fr\\\/#website\",\"url\":\"https:\\\/\\\/awakeningtouch.ca\\\/fr\\\/\",\"name\":\"Awakening Touch\",\"description\":\"\",\"potentialAction\":[{\"@type\":\"SearchAction\",\"target\":{\"@type\":\"EntryPoint\",\"urlTemplate\":\"https:\\\/\\\/awakeningtouch.ca\\\/fr\\\/?s={search_term_string}\"},\"query-input\":{\"@type\":\"PropertyValueSpecification\",\"valueRequired\":true,\"valueName\":\"search_term_string\"}}],\"inLanguage\":\"fr-FR\"}]}<\/script>\n<!-- \/ Yoast SEO plugin. -->","yoast_head_json":{"title":"D\u00e9esse corbeau Morrigan","description":"Masque spirituel en c\u00e9ramique fabriqu\u00e9 \u00e0 la main, porteur de l'\u00e9nergie f\u00e9roce et souveraine de la d\u00e9esse Morrigan, gardienne de la transformation, de la proph\u00e9tie et des chemins obscurs du pouvoir. Cr\u00e9\u00e9 pour \u00eatre utilis\u00e9 sur un autel, il apporte protection, clart\u00e9 et la sagesse sauvage qui vous guide \u00e0 travers les seuils et la renaissance personnelle.","robots":{"index":"index","follow":"follow","max-snippet":"max-snippet:-1","max-image-preview":"max-image-preview:large","max-video-preview":"max-video-preview:-1"},"canonical":"https:\/\/awakeningtouch.ca\/fr\/produit\/deesse-corbeau-morrigan-2\/","og_locale":"fr_FR","og_type":"article","og_title":"D\u00e9esse corbeau Morrigan","og_description":"Masque spirituel en c\u00e9ramique fabriqu\u00e9 \u00e0 la main, porteur de l'\u00e9nergie f\u00e9roce et souveraine de la d\u00e9esse Morrigan, gardienne de la transformation, de la proph\u00e9tie et des chemins obscurs du pouvoir. Cr\u00e9\u00e9 pour \u00eatre utilis\u00e9 sur un autel, il apporte protection, clart\u00e9 et la sagesse sauvage qui vous guide \u00e0 travers les seuils et la renaissance personnelle.","og_url":"https:\/\/awakeningtouch.ca\/fr\/produit\/deesse-corbeau-morrigan-2\/","og_site_name":"Awakening Touch","article_modified_time":"2025-11-22T19:21:57+00:00","og_image":[{"width":2000,"height":2000,"url":"https:\/\/awakeningtouch.ca\/wp-content\/uploads\/2025\/11\/Morrigan-raven-spirit-mask-ceramic-awakening-touch-ritual-6.jpg","type":"image\/jpeg"}],"twitter_card":"summary_large_image","twitter_misc":{"Dur\u00e9e de lecture estim\u00e9e":"1 minute"},"schema":{"@context":"https:\/\/schema.org","@graph":[{"@type":"WebPage","@id":"https:\/\/awakeningtouch.ca\/fr\/produit\/deesse-corbeau-morrigan-2\/","url":"https:\/\/awakeningtouch.ca\/fr\/produit\/deesse-corbeau-morrigan-2\/","name":"D\u00e9esse corbeau Morrigan","isPartOf":{"@id":"https:\/\/awakeningtouch.ca\/fr\/#website"},"primaryImageOfPage":{"@id":"https:\/\/awakeningtouch.ca\/fr\/produit\/deesse-corbeau-morrigan-2\/#primaryimage"},"image":{"@id":"https:\/\/awakeningtouch.ca\/fr\/produit\/deesse-corbeau-morrigan-2\/#primaryimage"},"thumbnailUrl":"https:\/\/awakeningtouch.ca\/wp-content\/uploads\/2025\/11\/Morrigan-raven-spirit-mask-ceramic-awakening-touch-ritual-6.jpg","datePublished":"2025-11-21T22:41:52+00:00","dateModified":"2025-11-22T19:21:57+00:00","description":"Masque spirituel en c\u00e9ramique fabriqu\u00e9 \u00e0 la main, porteur de l'\u00e9nergie f\u00e9roce et souveraine de la d\u00e9esse Morrigan, gardienne de la transformation, de la proph\u00e9tie et des chemins obscurs du pouvoir. Cr\u00e9\u00e9 pour \u00eatre utilis\u00e9 sur un autel, il apporte protection, clart\u00e9 et la sagesse sauvage qui vous guide \u00e0 travers les seuils et la renaissance personnelle.","breadcrumb":{"@id":"https:\/\/awakeningtouch.ca\/fr\/produit\/deesse-corbeau-morrigan-2\/#breadcrumb"},"inLanguage":"fr-FR","potentialAction":[{"@type":"ReadAction","target":["https:\/\/awakeningtouch.ca\/fr\/produit\/deesse-corbeau-morrigan-2\/"]}]},{"@type":"ImageObject","inLanguage":"fr-FR","@id":"https:\/\/awakeningtouch.ca\/fr\/produit\/deesse-corbeau-morrigan-2\/#primaryimage","url":"https:\/\/awakeningtouch.ca\/wp-content\/uploads\/2025\/11\/Morrigan-raven-spirit-mask-ceramic-awakening-touch-ritual-6.jpg","contentUrl":"https:\/\/awakeningtouch.ca\/wp-content\/uploads\/2025\/11\/Morrigan-raven-spirit-mask-ceramic-awakening-touch-ritual-6.jpg","width":2000,"height":2000},{"@type":"BreadcrumbList","@id":"https:\/\/awakeningtouch.ca\/fr\/produit\/deesse-corbeau-morrigan-2\/#breadcrumb","itemListElement":[{"@type":"ListItem","position":1,"name":"Accueil","item":"https:\/\/awakeningtouch.ca\/fr\/"},{"@type":"ListItem","position":2,"name":"Boutique","item":"https:\/\/awakeningtouch.ca\/fr\/boutique\/"},{"@type":"ListItem","position":3,"name":"D\u00e9esse corbeau Morrigan"}]},{"@type":"WebSite","@id":"https:\/\/awakeningtouch.ca\/fr\/#website","url":"https:\/\/awakeningtouch.ca\/fr\/","name":"Awakening Touch","description":"","potentialAction":[{"@type":"SearchAction","target":{"@type":"EntryPoint","urlTemplate":"https:\/\/awakeningtouch.ca\/fr\/?s={search_term_string}"},"query-input":{"@type":"PropertyValueSpecification","valueRequired":true,"valueName":"search_term_string"}}],"inLanguage":"fr-FR"}]}},"_links":{"self":[{"href":"https:\/\/awakeningtouch.ca\/fr\/wp-json\/wp\/v2\/product\/14163","targetHints":{"allow":["GET"]}}],"collection":[{"href":"https:\/\/awakeningtouch.ca\/fr\/wp-json\/wp\/v2\/product"}],"about":[{"href":"https:\/\/awakeningtouch.ca\/fr\/wp-json\/wp\/v2\/types\/product"}],"replies":[{"embeddable":true,"href":"https:\/\/awakeningtouch.ca\/fr\/wp-json\/wp\/v2\/comments?post=14163"}],"wp:featuredmedia":[{"embeddable":true,"href":"https:\/\/awakeningtouch.ca\/fr\/wp-json\/wp\/v2\/media\/14183"}],"wp:attachment":[{"href":"https:\/\/awakeningtouch.ca\/fr\/wp-json\/wp\/v2\/media?parent=14163"}],"wp:term":[{"taxonomy":"product_brand","embeddable":true,"href":"https:\/\/awakeningtouch.ca\/fr\/wp-json\/wp\/v2\/product_brand?post=14163"},{"taxonomy":"product_cat","embeddable":true,"href":"https:\/\/awakeningtouch.ca\/fr\/wp-json\/wp\/v2\/product_cat?post=14163"},{"taxonomy":"product_tag","embeddable":true,"href":"https:\/\/awakeningtouch.ca\/fr\/wp-json\/wp\/v2\/product_tag?post=14163"}],"curies":[{"name":"wp","href":"https:\/\/api.w.org\/{rel}","templated":true}]}}