{"id":14016,"date":"2025-11-21T11:44:31","date_gmt":"2025-11-21T16:44:31","guid":{"rendered":"https:\/\/awakeningtouch.ca\/?post_type=product&#038;p=14016"},"modified":"2025-11-21T11:52:33","modified_gmt":"2025-11-21T16:52:33","slug":"statue-de-la-deesse-corbeau-morrigan","status":"publish","type":"product","link":"https:\/\/awakeningtouch.ca\/fr\/produit\/statue-de-la-deesse-corbeau-morrigan\/","title":{"rendered":"Statue de la d\u00e9esse corbeau &#8211; Morrigan"},"content":{"rendered":"<p>Une statue en c\u00e9ramique fabriqu\u00e9e \u00e0 la main qui porte l&rsquo;\u00e9nergie de la d\u00e9esse corbeau Morrigan, cr\u00e9\u00e9e pour \u00eatre une puissante gardienne de votre autel ou de votre espace sacr\u00e9. Elle incarne la protection, l&rsquo;intuition et la magie transformatrice f\u00e9roce qui vous accompagne \u00e0 travers chaque rituel et chaque \u00e9tape de la vie.<\/p>\n<p>Morrigan incarne la souverainet\u00e9, la proph\u00e9tie et la sagesse sombre de la transformation. Elle vous invite au courage, \u00e0 la clart\u00e9 et \u00e0 la v\u00e9rit\u00e9 int\u00e9rieure, vous guidant pour que vous puissiez vous affirmer et suivre le chemin que votre esprit a toujours \u00e9t\u00e9 destin\u00e9 \u00e0 emprunter.<\/p>\n<p>Placez-la dans votre espace de m\u00e9ditation, pr\u00e8s des plantes, dans votre jardin ou sur une \u00e9tag\u00e8re avec une bougie. Une belle statue pour votre autel de yoni ou votre autel de naissance. Avant d&rsquo;\u00eatre envoy\u00e9e, la d\u00e9esse sera b\u00e9nie lors d&rsquo;une c\u00e9r\u00e9monie de b\u00e9n\u00e9diction par l&rsquo;artiste et portera une puissante \u00e9nergie des \u00e9l\u00e9ments et des esprits de la terre.<\/p>\n<blockquote><p><span lang=\"EN-CA\">\u00ab Pour moi, elle communique une pr\u00e9sence maternelle, enceinte de cr\u00e9ativit\u00e9, pr\u00eate \u00e0 donner naissance \u00e0 de nouvelles id\u00e9es dans ma vie. \u00bb Gita<\/span><\/p><\/blockquote>\n<p><strong>FAIT \u00c0 LA MAIN<\/strong><\/p>\n<p><strong>Compl\u00e9tez votre commande\u00a0<\/strong><b>avec des masque arch\u00e9types, un porte-encens, un porte-chandelles ou encore un sac m\u00e9decine.<\/b><\/p>\n","protected":false},"excerpt":{"rendered":"<p>Une d\u00e9esse pour votre espace sacr\u00e9<\/p>\n","protected":false},"featured_media":14018,"comment_status":"open","ping_status":"closed","template":"","meta":{"_et_pb_use_builder":"","_et_pb_old_content":"","_et_gb_content_width":"","_monsterinsights_skip_tracking":false,"_monsterinsights_sitenote_active":false,"_monsterinsights_sitenote_note":"","_monsterinsights_sitenote_category":0},"product_brand":[],"product_cat":[87,531],"product_tag":[],"class_list":{"0":"post-14016","1":"product","2":"type-product","3":"status-publish","4":"has-post-thumbnail","6":"product_cat-objets-rituels","7":"product_cat-statue-de-deesses","9":"first","10":"outofstock","11":"sold-individually","12":"taxable","13":"shipping-taxable","14":"purchasable","15":"product-type-simple"},"yoast_head":"<!-- This site is optimized with the Yoast SEO plugin v27.4 - https:\/\/yoast.com\/product\/yoast-seo-wordpress\/ -->\n<title>Statue de la d\u00e9esse au manteau de plumes AwakeningTouch<\/title>\n<meta name=\"description\" content=\"La d\u00e9esse au manteau de plumes porte la b\u00e9n\u00e9diction de la communication entre le monde et votre sagesse int\u00e9rieure.\" \/>\n<meta name=\"robots\" content=\"index, follow, max-snippet:-1, max-image-preview:large, max-video-preview:-1\" \/>\n<link rel=\"canonical\" href=\"https:\/\/awakeningtouch.ca\/fr\/produit\/statue-de-la-deesse-corbeau-morrigan\/\" \/>\n<meta property=\"og:locale\" content=\"fr_FR\" \/>\n<meta property=\"og:type\" content=\"article\" \/>\n<meta property=\"og:title\" content=\"Statue de la d\u00e9esse corbeau - Morrigan\" \/>\n<meta property=\"og:description\" content=\"Une statue en c\u00e9ramique fabriqu\u00e9e \u00e0 la main qui porte l&#039;\u00e9nergie de la d\u00e9esse corbeau Morrigan, cr\u00e9\u00e9e pour \u00eatre une puissante gardienne de votre autel ou de votre espace sacr\u00e9. Elle incarne la protection, l&#039;intuition et la magie transformatrice f\u00e9roce qui vous accompagne \u00e0 travers chaque rituel et chaque \u00e9tape de la vie.\" \/>\n<meta property=\"og:url\" content=\"https:\/\/awakeningtouch.ca\/fr\/produit\/statue-de-la-deesse-corbeau-morrigan\/\" \/>\n<meta property=\"og:site_name\" content=\"Awakening Touch\" \/>\n<meta property=\"article:modified_time\" content=\"2025-11-21T16:52:33+00:00\" \/>\n<meta property=\"og:image\" content=\"https:\/\/awakeningtouch.ca\/wp-content\/uploads\/2025\/11\/Raven-goddess-morrigan-awakening-touch-1-scaled.jpg\" \/>\n\t<meta property=\"og:image:width\" content=\"2560\" \/>\n\t<meta property=\"og:image:height\" content=\"2560\" \/>\n\t<meta property=\"og:image:type\" content=\"image\/jpeg\" \/>\n<meta name=\"twitter:card\" content=\"summary_large_image\" \/>\n<meta name=\"twitter:label1\" content=\"Dur\u00e9e de lecture estim\u00e9e\" \/>\n\t<meta name=\"twitter:data1\" content=\"1 minute\" \/>\n<script type=\"application\/ld+json\" class=\"yoast-schema-graph\">{\"@context\":\"https:\\\/\\\/schema.org\",\"@graph\":[{\"@type\":\"WebPage\",\"@id\":\"https:\\\/\\\/awakeningtouch.ca\\\/fr\\\/produit\\\/statue-de-la-deesse-corbeau-morrigan\\\/\",\"url\":\"https:\\\/\\\/awakeningtouch.ca\\\/fr\\\/produit\\\/statue-de-la-deesse-corbeau-morrigan\\\/\",\"name\":\"Statue de la d\u00e9esse au manteau de plumes AwakeningTouch\",\"isPartOf\":{\"@id\":\"https:\\\/\\\/awakeningtouch.ca\\\/fr\\\/#website\"},\"primaryImageOfPage\":{\"@id\":\"https:\\\/\\\/awakeningtouch.ca\\\/fr\\\/produit\\\/statue-de-la-deesse-corbeau-morrigan\\\/#primaryimage\"},\"image\":{\"@id\":\"https:\\\/\\\/awakeningtouch.ca\\\/fr\\\/produit\\\/statue-de-la-deesse-corbeau-morrigan\\\/#primaryimage\"},\"thumbnailUrl\":\"https:\\\/\\\/awakeningtouch.ca\\\/wp-content\\\/uploads\\\/2025\\\/11\\\/Raven-goddess-morrigan-awakening-touch-1-scaled.jpg\",\"datePublished\":\"2025-11-21T16:44:31+00:00\",\"dateModified\":\"2025-11-21T16:52:33+00:00\",\"description\":\"La d\u00e9esse au manteau de plumes porte la b\u00e9n\u00e9diction de la communication entre le monde et votre sagesse int\u00e9rieure.\",\"breadcrumb\":{\"@id\":\"https:\\\/\\\/awakeningtouch.ca\\\/fr\\\/produit\\\/statue-de-la-deesse-corbeau-morrigan\\\/#breadcrumb\"},\"inLanguage\":\"fr-FR\",\"potentialAction\":[{\"@type\":\"ReadAction\",\"target\":[\"https:\\\/\\\/awakeningtouch.ca\\\/fr\\\/produit\\\/statue-de-la-deesse-corbeau-morrigan\\\/\"]}]},{\"@type\":\"ImageObject\",\"inLanguage\":\"fr-FR\",\"@id\":\"https:\\\/\\\/awakeningtouch.ca\\\/fr\\\/produit\\\/statue-de-la-deesse-corbeau-morrigan\\\/#primaryimage\",\"url\":\"https:\\\/\\\/awakeningtouch.ca\\\/wp-content\\\/uploads\\\/2025\\\/11\\\/Raven-goddess-morrigan-awakening-touch-1-scaled.jpg\",\"contentUrl\":\"https:\\\/\\\/awakeningtouch.ca\\\/wp-content\\\/uploads\\\/2025\\\/11\\\/Raven-goddess-morrigan-awakening-touch-1-scaled.jpg\",\"width\":2560,\"height\":2560},{\"@type\":\"BreadcrumbList\",\"@id\":\"https:\\\/\\\/awakeningtouch.ca\\\/fr\\\/produit\\\/statue-de-la-deesse-corbeau-morrigan\\\/#breadcrumb\",\"itemListElement\":[{\"@type\":\"ListItem\",\"position\":1,\"name\":\"Accueil\",\"item\":\"https:\\\/\\\/awakeningtouch.ca\\\/fr\\\/\"},{\"@type\":\"ListItem\",\"position\":2,\"name\":\"Boutique\",\"item\":\"https:\\\/\\\/awakeningtouch.ca\\\/fr\\\/boutique\\\/\"},{\"@type\":\"ListItem\",\"position\":3,\"name\":\"Statue de la d\u00e9esse corbeau &#8211; Morrigan\"}]},{\"@type\":\"WebSite\",\"@id\":\"https:\\\/\\\/awakeningtouch.ca\\\/fr\\\/#website\",\"url\":\"https:\\\/\\\/awakeningtouch.ca\\\/fr\\\/\",\"name\":\"Awakening Touch\",\"description\":\"\",\"potentialAction\":[{\"@type\":\"SearchAction\",\"target\":{\"@type\":\"EntryPoint\",\"urlTemplate\":\"https:\\\/\\\/awakeningtouch.ca\\\/fr\\\/?s={search_term_string}\"},\"query-input\":{\"@type\":\"PropertyValueSpecification\",\"valueRequired\":true,\"valueName\":\"search_term_string\"}}],\"inLanguage\":\"fr-FR\"}]}<\/script>\n<!-- \/ Yoast SEO plugin. -->","yoast_head_json":{"title":"Statue de la d\u00e9esse au manteau de plumes AwakeningTouch","description":"La d\u00e9esse au manteau de plumes porte la b\u00e9n\u00e9diction de la communication entre le monde et votre sagesse int\u00e9rieure.","robots":{"index":"index","follow":"follow","max-snippet":"max-snippet:-1","max-image-preview":"max-image-preview:large","max-video-preview":"max-video-preview:-1"},"canonical":"https:\/\/awakeningtouch.ca\/fr\/produit\/statue-de-la-deesse-corbeau-morrigan\/","og_locale":"fr_FR","og_type":"article","og_title":"Statue de la d\u00e9esse corbeau - Morrigan","og_description":"Une statue en c\u00e9ramique fabriqu\u00e9e \u00e0 la main qui porte l'\u00e9nergie de la d\u00e9esse corbeau Morrigan, cr\u00e9\u00e9e pour \u00eatre une puissante gardienne de votre autel ou de votre espace sacr\u00e9. Elle incarne la protection, l'intuition et la magie transformatrice f\u00e9roce qui vous accompagne \u00e0 travers chaque rituel et chaque \u00e9tape de la vie.","og_url":"https:\/\/awakeningtouch.ca\/fr\/produit\/statue-de-la-deesse-corbeau-morrigan\/","og_site_name":"Awakening Touch","article_modified_time":"2025-11-21T16:52:33+00:00","og_image":[{"width":2560,"height":2560,"url":"https:\/\/awakeningtouch.ca\/wp-content\/uploads\/2025\/11\/Raven-goddess-morrigan-awakening-touch-1-scaled.jpg","type":"image\/jpeg"}],"twitter_card":"summary_large_image","twitter_misc":{"Dur\u00e9e de lecture estim\u00e9e":"1 minute"},"schema":{"@context":"https:\/\/schema.org","@graph":[{"@type":"WebPage","@id":"https:\/\/awakeningtouch.ca\/fr\/produit\/statue-de-la-deesse-corbeau-morrigan\/","url":"https:\/\/awakeningtouch.ca\/fr\/produit\/statue-de-la-deesse-corbeau-morrigan\/","name":"Statue de la d\u00e9esse au manteau de plumes AwakeningTouch","isPartOf":{"@id":"https:\/\/awakeningtouch.ca\/fr\/#website"},"primaryImageOfPage":{"@id":"https:\/\/awakeningtouch.ca\/fr\/produit\/statue-de-la-deesse-corbeau-morrigan\/#primaryimage"},"image":{"@id":"https:\/\/awakeningtouch.ca\/fr\/produit\/statue-de-la-deesse-corbeau-morrigan\/#primaryimage"},"thumbnailUrl":"https:\/\/awakeningtouch.ca\/wp-content\/uploads\/2025\/11\/Raven-goddess-morrigan-awakening-touch-1-scaled.jpg","datePublished":"2025-11-21T16:44:31+00:00","dateModified":"2025-11-21T16:52:33+00:00","description":"La d\u00e9esse au manteau de plumes porte la b\u00e9n\u00e9diction de la communication entre le monde et votre sagesse int\u00e9rieure.","breadcrumb":{"@id":"https:\/\/awakeningtouch.ca\/fr\/produit\/statue-de-la-deesse-corbeau-morrigan\/#breadcrumb"},"inLanguage":"fr-FR","potentialAction":[{"@type":"ReadAction","target":["https:\/\/awakeningtouch.ca\/fr\/produit\/statue-de-la-deesse-corbeau-morrigan\/"]}]},{"@type":"ImageObject","inLanguage":"fr-FR","@id":"https:\/\/awakeningtouch.ca\/fr\/produit\/statue-de-la-deesse-corbeau-morrigan\/#primaryimage","url":"https:\/\/awakeningtouch.ca\/wp-content\/uploads\/2025\/11\/Raven-goddess-morrigan-awakening-touch-1-scaled.jpg","contentUrl":"https:\/\/awakeningtouch.ca\/wp-content\/uploads\/2025\/11\/Raven-goddess-morrigan-awakening-touch-1-scaled.jpg","width":2560,"height":2560},{"@type":"BreadcrumbList","@id":"https:\/\/awakeningtouch.ca\/fr\/produit\/statue-de-la-deesse-corbeau-morrigan\/#breadcrumb","itemListElement":[{"@type":"ListItem","position":1,"name":"Accueil","item":"https:\/\/awakeningtouch.ca\/fr\/"},{"@type":"ListItem","position":2,"name":"Boutique","item":"https:\/\/awakeningtouch.ca\/fr\/boutique\/"},{"@type":"ListItem","position":3,"name":"Statue de la d\u00e9esse corbeau &#8211; Morrigan"}]},{"@type":"WebSite","@id":"https:\/\/awakeningtouch.ca\/fr\/#website","url":"https:\/\/awakeningtouch.ca\/fr\/","name":"Awakening Touch","description":"","potentialAction":[{"@type":"SearchAction","target":{"@type":"EntryPoint","urlTemplate":"https:\/\/awakeningtouch.ca\/fr\/?s={search_term_string}"},"query-input":{"@type":"PropertyValueSpecification","valueRequired":true,"valueName":"search_term_string"}}],"inLanguage":"fr-FR"}]}},"_links":{"self":[{"href":"https:\/\/awakeningtouch.ca\/fr\/wp-json\/wp\/v2\/product\/14016","targetHints":{"allow":["GET"]}}],"collection":[{"href":"https:\/\/awakeningtouch.ca\/fr\/wp-json\/wp\/v2\/product"}],"about":[{"href":"https:\/\/awakeningtouch.ca\/fr\/wp-json\/wp\/v2\/types\/product"}],"replies":[{"embeddable":true,"href":"https:\/\/awakeningtouch.ca\/fr\/wp-json\/wp\/v2\/comments?post=14016"}],"wp:featuredmedia":[{"embeddable":true,"href":"https:\/\/awakeningtouch.ca\/fr\/wp-json\/wp\/v2\/media\/14018"}],"wp:attachment":[{"href":"https:\/\/awakeningtouch.ca\/fr\/wp-json\/wp\/v2\/media?parent=14016"}],"wp:term":[{"taxonomy":"product_brand","embeddable":true,"href":"https:\/\/awakeningtouch.ca\/fr\/wp-json\/wp\/v2\/product_brand?post=14016"},{"taxonomy":"product_cat","embeddable":true,"href":"https:\/\/awakeningtouch.ca\/fr\/wp-json\/wp\/v2\/product_cat?post=14016"},{"taxonomy":"product_tag","embeddable":true,"href":"https:\/\/awakeningtouch.ca\/fr\/wp-json\/wp\/v2\/product_tag?post=14016"}],"curies":[{"name":"wp","href":"https:\/\/api.w.org\/{rel}","templated":true}]}}