{"id":13966,"date":"2025-11-21T10:23:07","date_gmt":"2025-11-21T15:23:07","guid":{"rendered":"https:\/\/awakeningtouch.ca\/?post_type=product&#038;p=13966"},"modified":"2025-11-21T10:36:04","modified_gmt":"2025-11-21T15:36:04","slug":"tasse-en-ceramique-sculptee-a-la-main-duo-2","status":"publish","type":"product","link":"https:\/\/awakeningtouch.ca\/fr\/produit\/tasse-en-ceramique-sculptee-a-la-main-duo-2\/","title":{"rendered":"Tasse en c\u00e9ramique sculpt\u00e9e \u00e0 la main &#8211; duo"},"content":{"rendered":"<p>Des tasses en c\u00e9ramique faites \u00e0 la main, orn\u00e9es de d\u00e9corations florales, cr\u00e9\u00e9es pour apporter une touche de magie naturelle dans votre maison ou votre autel. Chaque fleur porte en elle un murmure de beaut\u00e9, d&rsquo;harmonie et l&rsquo;\u00e9nergie douce et vivifiante des rituels de la nature.<\/p>\n<p>Les fleurs renferment l&rsquo;essence du renouveau, le potentiel de l&rsquo;\u00e9panouissement et la puissance tranquille du f\u00e9minin sacr\u00e9. Elles nous rappellent de nous ouvrir doucement, de grandir avec gr\u00e2ce et de laisser la beaut\u00e9 guider les petits moments significatifs de la vie quotidienne.<\/p>\n<blockquote><p><span lang=\"EN-CA\">\u00ab\u00a0Les objets rituels supportent l\u2019espace de c\u00e9r\u00e9monie, au quotidien ou pour des passages sp\u00e9cifiques comme les solstices et \u00e9quinoxes. Tous sont fabriqu\u00e9s \u00e0 la main, avec des mat\u00e9riaux provenant de fournisseurs locaux et internationaux qui partagent nos valeurs. Une communication est \u00e9tablie avec chaque objet dans le processus de cr\u00e9ation, ce qui lui conf\u00e8re un caract\u00e8re sacr\u00e9 en plus d\u2019en faire son unicit\u00e9.\u00a0\u00bb\u00a0<\/span>Gita<\/p><\/blockquote>\n<p><strong>FAIT \u00c0 LA MAIN<\/strong><\/p>\n<p><strong>Compl\u00e9tez votre commande\u00a0<\/strong><b>avec une statue d\u00e9esse, des masque arch\u00e9types, un porte-encens, un porte-chandelles ou encore un sac m\u00e9decine.<\/b><\/p>\n","protected":false},"excerpt":{"rendered":"<p>Pour votre rituel de boisson chaude avec un peu de magie<\/p>\n","protected":false},"featured_media":13968,"comment_status":"open","ping_status":"closed","template":"","meta":{"_et_pb_use_builder":"","_et_pb_old_content":"","_et_gb_content_width":"","_monsterinsights_skip_tracking":false,"_monsterinsights_sitenote_active":false,"_monsterinsights_sitenote_note":"","_monsterinsights_sitenote_category":0},"product_brand":[],"product_cat":[87,3364],"product_tag":[],"class_list":{"0":"post-13966","1":"product","2":"type-product","3":"status-publish","4":"has-post-thumbnail","6":"product_cat-objets-rituels","7":"product_cat-tasses-et-gobelets","9":"first","10":"instock","11":"taxable","12":"shipping-taxable","13":"purchasable","14":"product-type-simple"},"yoast_head":"<!-- This site is optimized with the Yoast SEO plugin v27.4 - https:\/\/yoast.com\/product\/yoast-seo-wordpress\/ -->\n<title>Tasse en c\u00e9ramique sculpt\u00e9e \u00e0 la main - duo - Awakening Touch<\/title>\n<meta name=\"description\" content=\"Des tasses en c\u00e9ramique faites \u00e0 la main, orn\u00e9es de d\u00e9corations florales, cr\u00e9\u00e9es pour apporter une touche de magie naturelle dans votre maison ou votre autel. Chaque fleur porte en elle un murmure de beaut\u00e9, d&#039;harmonie et l&#039;\u00e9nergie douce et vivifiante des rituels de la nature.\" \/>\n<meta name=\"robots\" content=\"index, follow, max-snippet:-1, max-image-preview:large, max-video-preview:-1\" \/>\n<link rel=\"canonical\" href=\"https:\/\/awakeningtouch.ca\/fr\/produit\/tasse-en-ceramique-sculptee-a-la-main-duo-2\/\" \/>\n<meta property=\"og:locale\" content=\"fr_FR\" \/>\n<meta property=\"og:type\" content=\"article\" \/>\n<meta property=\"og:title\" content=\"Tasse en c\u00e9ramique sculpt\u00e9e \u00e0 la main - duo\" \/>\n<meta property=\"og:description\" content=\"Des tasses en c\u00e9ramique faites \u00e0 la main, orn\u00e9es de d\u00e9corations florales, cr\u00e9\u00e9es pour apporter une touche de magie naturelle dans votre maison ou votre autel. Chaque fleur porte en elle un murmure de beaut\u00e9, d&#039;harmonie et l&#039;\u00e9nergie douce et vivifiante des rituels de la nature.\" \/>\n<meta property=\"og:url\" content=\"https:\/\/awakeningtouch.ca\/fr\/produit\/tasse-en-ceramique-sculptee-a-la-main-duo-2\/\" \/>\n<meta property=\"og:site_name\" content=\"Awakening Touch\" \/>\n<meta property=\"article:modified_time\" content=\"2025-11-21T15:36:04+00:00\" \/>\n<meta property=\"og:image\" content=\"https:\/\/awakeningtouch.ca\/wp-content\/uploads\/2025\/11\/ritual-mug-awakening-toiuch-rituals-celtic-scaled.jpg\" \/>\n\t<meta property=\"og:image:width\" content=\"2560\" \/>\n\t<meta property=\"og:image:height\" content=\"2560\" \/>\n\t<meta property=\"og:image:type\" content=\"image\/jpeg\" \/>\n<meta name=\"twitter:card\" content=\"summary_large_image\" \/>\n<meta name=\"twitter:label1\" content=\"Dur\u00e9e de lecture estim\u00e9e\" \/>\n\t<meta name=\"twitter:data1\" content=\"1 minute\" \/>\n<script type=\"application\/ld+json\" class=\"yoast-schema-graph\">{\"@context\":\"https:\\\/\\\/schema.org\",\"@graph\":[{\"@type\":\"WebPage\",\"@id\":\"https:\\\/\\\/awakeningtouch.ca\\\/fr\\\/produit\\\/tasse-en-ceramique-sculptee-a-la-main-duo-2\\\/\",\"url\":\"https:\\\/\\\/awakeningtouch.ca\\\/fr\\\/produit\\\/tasse-en-ceramique-sculptee-a-la-main-duo-2\\\/\",\"name\":\"Tasse en c\u00e9ramique sculpt\u00e9e \u00e0 la main - duo - Awakening Touch\",\"isPartOf\":{\"@id\":\"https:\\\/\\\/awakeningtouch.ca\\\/fr\\\/#website\"},\"primaryImageOfPage\":{\"@id\":\"https:\\\/\\\/awakeningtouch.ca\\\/fr\\\/produit\\\/tasse-en-ceramique-sculptee-a-la-main-duo-2\\\/#primaryimage\"},\"image\":{\"@id\":\"https:\\\/\\\/awakeningtouch.ca\\\/fr\\\/produit\\\/tasse-en-ceramique-sculptee-a-la-main-duo-2\\\/#primaryimage\"},\"thumbnailUrl\":\"https:\\\/\\\/awakeningtouch.ca\\\/wp-content\\\/uploads\\\/2025\\\/11\\\/coffee-mug-awakening-touch-ritual.jpg\",\"datePublished\":\"2025-11-21T15:23:07+00:00\",\"dateModified\":\"2025-11-21T15:36:04+00:00\",\"description\":\"Des tasses en c\u00e9ramique faites \u00e0 la main, orn\u00e9es de d\u00e9corations florales, cr\u00e9\u00e9es pour apporter une touche de magie naturelle dans votre maison ou votre autel. Chaque fleur porte en elle un murmure de beaut\u00e9, d'harmonie et l'\u00e9nergie douce et vivifiante des rituels de la nature.\",\"breadcrumb\":{\"@id\":\"https:\\\/\\\/awakeningtouch.ca\\\/fr\\\/produit\\\/tasse-en-ceramique-sculptee-a-la-main-duo-2\\\/#breadcrumb\"},\"inLanguage\":\"fr-FR\",\"potentialAction\":[{\"@type\":\"ReadAction\",\"target\":[\"https:\\\/\\\/awakeningtouch.ca\\\/fr\\\/produit\\\/tasse-en-ceramique-sculptee-a-la-main-duo-2\\\/\"]}]},{\"@type\":\"ImageObject\",\"inLanguage\":\"fr-FR\",\"@id\":\"https:\\\/\\\/awakeningtouch.ca\\\/fr\\\/produit\\\/tasse-en-ceramique-sculptee-a-la-main-duo-2\\\/#primaryimage\",\"url\":\"https:\\\/\\\/awakeningtouch.ca\\\/wp-content\\\/uploads\\\/2025\\\/11\\\/coffee-mug-awakening-touch-ritual.jpg\",\"contentUrl\":\"https:\\\/\\\/awakeningtouch.ca\\\/wp-content\\\/uploads\\\/2025\\\/11\\\/coffee-mug-awakening-touch-ritual.jpg\",\"width\":2000,\"height\":2000},{\"@type\":\"BreadcrumbList\",\"@id\":\"https:\\\/\\\/awakeningtouch.ca\\\/fr\\\/produit\\\/tasse-en-ceramique-sculptee-a-la-main-duo-2\\\/#breadcrumb\",\"itemListElement\":[{\"@type\":\"ListItem\",\"position\":1,\"name\":\"Accueil\",\"item\":\"https:\\\/\\\/awakeningtouch.ca\\\/fr\\\/\"},{\"@type\":\"ListItem\",\"position\":2,\"name\":\"Boutique\",\"item\":\"https:\\\/\\\/awakeningtouch.ca\\\/fr\\\/boutique\\\/\"},{\"@type\":\"ListItem\",\"position\":3,\"name\":\"Tasse en c\u00e9ramique sculpt\u00e9e \u00e0 la main &#8211; duo\"}]},{\"@type\":\"WebSite\",\"@id\":\"https:\\\/\\\/awakeningtouch.ca\\\/fr\\\/#website\",\"url\":\"https:\\\/\\\/awakeningtouch.ca\\\/fr\\\/\",\"name\":\"Awakening Touch\",\"description\":\"\",\"potentialAction\":[{\"@type\":\"SearchAction\",\"target\":{\"@type\":\"EntryPoint\",\"urlTemplate\":\"https:\\\/\\\/awakeningtouch.ca\\\/fr\\\/?s={search_term_string}\"},\"query-input\":{\"@type\":\"PropertyValueSpecification\",\"valueRequired\":true,\"valueName\":\"search_term_string\"}}],\"inLanguage\":\"fr-FR\"}]}<\/script>\n<!-- \/ Yoast SEO plugin. -->","yoast_head_json":{"title":"Tasse en c\u00e9ramique sculpt\u00e9e \u00e0 la main - duo - Awakening Touch","description":"Des tasses en c\u00e9ramique faites \u00e0 la main, orn\u00e9es de d\u00e9corations florales, cr\u00e9\u00e9es pour apporter une touche de magie naturelle dans votre maison ou votre autel. Chaque fleur porte en elle un murmure de beaut\u00e9, d'harmonie et l'\u00e9nergie douce et vivifiante des rituels de la nature.","robots":{"index":"index","follow":"follow","max-snippet":"max-snippet:-1","max-image-preview":"max-image-preview:large","max-video-preview":"max-video-preview:-1"},"canonical":"https:\/\/awakeningtouch.ca\/fr\/produit\/tasse-en-ceramique-sculptee-a-la-main-duo-2\/","og_locale":"fr_FR","og_type":"article","og_title":"Tasse en c\u00e9ramique sculpt\u00e9e \u00e0 la main - duo","og_description":"Des tasses en c\u00e9ramique faites \u00e0 la main, orn\u00e9es de d\u00e9corations florales, cr\u00e9\u00e9es pour apporter une touche de magie naturelle dans votre maison ou votre autel. Chaque fleur porte en elle un murmure de beaut\u00e9, d'harmonie et l'\u00e9nergie douce et vivifiante des rituels de la nature.","og_url":"https:\/\/awakeningtouch.ca\/fr\/produit\/tasse-en-ceramique-sculptee-a-la-main-duo-2\/","og_site_name":"Awakening Touch","article_modified_time":"2025-11-21T15:36:04+00:00","og_image":[{"width":2560,"height":2560,"url":"https:\/\/awakeningtouch.ca\/wp-content\/uploads\/2025\/11\/ritual-mug-awakening-toiuch-rituals-celtic-scaled.jpg","type":"image\/jpeg"}],"twitter_card":"summary_large_image","twitter_misc":{"Dur\u00e9e de lecture estim\u00e9e":"1 minute"},"schema":{"@context":"https:\/\/schema.org","@graph":[{"@type":"WebPage","@id":"https:\/\/awakeningtouch.ca\/fr\/produit\/tasse-en-ceramique-sculptee-a-la-main-duo-2\/","url":"https:\/\/awakeningtouch.ca\/fr\/produit\/tasse-en-ceramique-sculptee-a-la-main-duo-2\/","name":"Tasse en c\u00e9ramique sculpt\u00e9e \u00e0 la main - duo - Awakening Touch","isPartOf":{"@id":"https:\/\/awakeningtouch.ca\/fr\/#website"},"primaryImageOfPage":{"@id":"https:\/\/awakeningtouch.ca\/fr\/produit\/tasse-en-ceramique-sculptee-a-la-main-duo-2\/#primaryimage"},"image":{"@id":"https:\/\/awakeningtouch.ca\/fr\/produit\/tasse-en-ceramique-sculptee-a-la-main-duo-2\/#primaryimage"},"thumbnailUrl":"https:\/\/awakeningtouch.ca\/wp-content\/uploads\/2025\/11\/coffee-mug-awakening-touch-ritual.jpg","datePublished":"2025-11-21T15:23:07+00:00","dateModified":"2025-11-21T15:36:04+00:00","description":"Des tasses en c\u00e9ramique faites \u00e0 la main, orn\u00e9es de d\u00e9corations florales, cr\u00e9\u00e9es pour apporter une touche de magie naturelle dans votre maison ou votre autel. Chaque fleur porte en elle un murmure de beaut\u00e9, d'harmonie et l'\u00e9nergie douce et vivifiante des rituels de la nature.","breadcrumb":{"@id":"https:\/\/awakeningtouch.ca\/fr\/produit\/tasse-en-ceramique-sculptee-a-la-main-duo-2\/#breadcrumb"},"inLanguage":"fr-FR","potentialAction":[{"@type":"ReadAction","target":["https:\/\/awakeningtouch.ca\/fr\/produit\/tasse-en-ceramique-sculptee-a-la-main-duo-2\/"]}]},{"@type":"ImageObject","inLanguage":"fr-FR","@id":"https:\/\/awakeningtouch.ca\/fr\/produit\/tasse-en-ceramique-sculptee-a-la-main-duo-2\/#primaryimage","url":"https:\/\/awakeningtouch.ca\/wp-content\/uploads\/2025\/11\/coffee-mug-awakening-touch-ritual.jpg","contentUrl":"https:\/\/awakeningtouch.ca\/wp-content\/uploads\/2025\/11\/coffee-mug-awakening-touch-ritual.jpg","width":2000,"height":2000},{"@type":"BreadcrumbList","@id":"https:\/\/awakeningtouch.ca\/fr\/produit\/tasse-en-ceramique-sculptee-a-la-main-duo-2\/#breadcrumb","itemListElement":[{"@type":"ListItem","position":1,"name":"Accueil","item":"https:\/\/awakeningtouch.ca\/fr\/"},{"@type":"ListItem","position":2,"name":"Boutique","item":"https:\/\/awakeningtouch.ca\/fr\/boutique\/"},{"@type":"ListItem","position":3,"name":"Tasse en c\u00e9ramique sculpt\u00e9e \u00e0 la main &#8211; duo"}]},{"@type":"WebSite","@id":"https:\/\/awakeningtouch.ca\/fr\/#website","url":"https:\/\/awakeningtouch.ca\/fr\/","name":"Awakening Touch","description":"","potentialAction":[{"@type":"SearchAction","target":{"@type":"EntryPoint","urlTemplate":"https:\/\/awakeningtouch.ca\/fr\/?s={search_term_string}"},"query-input":{"@type":"PropertyValueSpecification","valueRequired":true,"valueName":"search_term_string"}}],"inLanguage":"fr-FR"}]}},"_links":{"self":[{"href":"https:\/\/awakeningtouch.ca\/fr\/wp-json\/wp\/v2\/product\/13966","targetHints":{"allow":["GET"]}}],"collection":[{"href":"https:\/\/awakeningtouch.ca\/fr\/wp-json\/wp\/v2\/product"}],"about":[{"href":"https:\/\/awakeningtouch.ca\/fr\/wp-json\/wp\/v2\/types\/product"}],"replies":[{"embeddable":true,"href":"https:\/\/awakeningtouch.ca\/fr\/wp-json\/wp\/v2\/comments?post=13966"}],"wp:featuredmedia":[{"embeddable":true,"href":"https:\/\/awakeningtouch.ca\/fr\/wp-json\/wp\/v2\/media\/13968"}],"wp:attachment":[{"href":"https:\/\/awakeningtouch.ca\/fr\/wp-json\/wp\/v2\/media?parent=13966"}],"wp:term":[{"taxonomy":"product_brand","embeddable":true,"href":"https:\/\/awakeningtouch.ca\/fr\/wp-json\/wp\/v2\/product_brand?post=13966"},{"taxonomy":"product_cat","embeddable":true,"href":"https:\/\/awakeningtouch.ca\/fr\/wp-json\/wp\/v2\/product_cat?post=13966"},{"taxonomy":"product_tag","embeddable":true,"href":"https:\/\/awakeningtouch.ca\/fr\/wp-json\/wp\/v2\/product_tag?post=13966"}],"curies":[{"name":"wp","href":"https:\/\/api.w.org\/{rel}","templated":true}]}}