{"id":12033,"date":"2025-02-13T18:52:31","date_gmt":"2025-02-13T23:52:31","guid":{"rendered":"https:\/\/awakeningtouch.ca\/?post_type=product&#038;p=12033"},"modified":"2025-11-24T12:17:46","modified_gmt":"2025-11-24T17:17:46","slug":"autel-de-la-matrice-feminine-sacree-lune-noir","status":"publish","type":"product","link":"https:\/\/awakeningtouch.ca\/fr\/produit\/autel-de-la-matrice-feminine-sacree-lune-noir\/","title":{"rendered":"Autel de la matrice f\u00e9minine sacr\u00e9e &#8211; Lune noir"},"content":{"rendered":"<p>Un autel en forme d&rsquo;ut\u00e9rus, fabriqu\u00e9 \u00e0 la main en c\u00e9ramique, avec une finition lumineuse. Cr\u00e9\u00e9 pour honorer le myst\u00e8re et la puissance de la Lune noire, ce r\u00e9cipient en forme d&rsquo;ut\u00e9rus offre un espace de lib\u00e9ration, de renouveau et de magie silencieuse qui s&rsquo;\u00e9veille dans l&rsquo;invisible. Sa forme en goutte d&rsquo;eau porte en elle l&rsquo;essence de l&rsquo;eau, de la terre, du feu et du souffle, une invitation \u00e0 revenir \u00e0 votre centre et \u00e0 la profonde f\u00e9minit\u00e9 qui est en vous.<\/p>\n<p>La Lune noire est la pause sacr\u00e9e avant la renaissance, le moment de vide, de calme et de connaissance int\u00e9rieure profonde. L&rsquo;ut\u00e9rus incarne ce m\u00eame myst\u00e8re : le lieu de dissolution, de r\u00eave et de nouveaux d\u00e9parts qui se forment dans l&rsquo;obscurit\u00e9. Ensemble, ils cr\u00e9ent un autel puissant qui vous aide \u00e0 l\u00e2cher prise, \u00e0 d\u00e9finir de nouvelles intentions et \u00e0 embrasser les cycles de descente et d&rsquo;\u00e9mergence.<\/p>\n<p>Utilisez cet autel en forme d&rsquo;ut\u00e9rus pour y placer une bougie, une fleur ou votre carte de tarot ou d&rsquo;intention quotidienne.<br \/>\nVous recevrez \u00e0 la fois le globe de l&rsquo;autel et l&rsquo;anneau sur lequel il repose,<br \/>\nune pi\u00e8ce sacr\u00e9e compl\u00e8te pr\u00eate \u00e0 ancrer vos rituels de la lune noire et votre connexion \u00e0 la f\u00e9minit\u00e9 intuitive et transformatrice.<\/p>\n<blockquote><p><span lang=\"EN-CA\">\u00ab\u00a0Les objets rituels supportent l\u2019espace de c\u00e9r\u00e9monie, au quotidien ou pour des passages sp\u00e9cifiques comme les solstices et \u00e9quinoxes. Tous sont fabriqu\u00e9s \u00e0 la main, avec des mat\u00e9riaux provenant de fournisseurs locaux et internationaux qui partagent nos valeurs. Une communication est \u00e9tablie avec chaque objet dans le processus de cr\u00e9ation, ce qui lui conf\u00e8re un caract\u00e8re sacr\u00e9 en plus d\u2019en faire son unicit\u00e9.\u00a0\u00bb\u00a0<\/span>Gita<\/p><\/blockquote>\n<p><strong>FAIT \u00c0 LA MAIN<\/strong><\/p>\n<p><strong>Compl\u00e9tez votre commande\u00a0<\/strong><b>avec une statue d\u00e9esse, des masque arch\u00e9types, un porte-encens, un porte-chandelles ou encore un sac m\u00e9decine.<\/b><\/p>\n","protected":false},"excerpt":{"rendered":"<p>Apportez le f\u00e9minin sacr\u00e9 \u00e0 vos rituels<\/p>\n","protected":false},"featured_media":14422,"comment_status":"open","ping_status":"closed","template":"","meta":{"_et_pb_use_builder":"","_et_pb_old_content":"","_et_gb_content_width":"","_monsterinsights_skip_tracking":false,"_monsterinsights_sitenote_active":false,"_monsterinsights_sitenote_note":"","_monsterinsights_sitenote_category":0},"product_brand":[],"product_cat":[2451,87],"product_tag":[2699,2701,2690,2700,2698],"class_list":{"0":"post-12033","1":"product","2":"type-product","3":"status-publish","4":"has-post-thumbnail","6":"product_cat-espace-autel","7":"product_cat-objets-rituels","8":"product_tag-autel-fr","9":"product_tag-deesse-fr","10":"product_tag-elements-fr","11":"product_tag-espace-sacre-fr","12":"product_tag-feminin-sacre-fr","14":"first","15":"outofstock","16":"sold-individually","17":"taxable","18":"shipping-taxable","19":"purchasable","20":"product-type-simple"},"yoast_head":"<!-- This site is optimized with the Yoast SEO plugin v27.5 - https:\/\/yoast.com\/product\/yoast-seo-wordpress\/ -->\n<title>Autel de la matrice f\u00e9minine sacr\u00e9e - Lune noir - touche d&#039;\u00e9veil<\/title>\n<meta name=\"description\" content=\"Un autel en forme d&#039;ut\u00e9rus, fabriqu\u00e9 \u00e0 la main en c\u00e9ramique, avec une finition lumineuse. Cr\u00e9\u00e9 pour honorer le myst\u00e8re et la puissance de la Lune noire, ce r\u00e9cipient en forme d&#039;ut\u00e9rus offre un espace de lib\u00e9ration, de renouveau et de magie silencieuse qui s&#039;\u00e9veille dans l&#039;invisible. Sa forme en goutte d&#039;eau porte en elle l&#039;essence de l&#039;eau, de la terre, du feu et du souffle, une invitation \u00e0 revenir \u00e0 votre centre et \u00e0 la profonde f\u00e9minit\u00e9 qui est en vous.\" \/>\n<meta name=\"robots\" content=\"index, follow, max-snippet:-1, max-image-preview:large, max-video-preview:-1\" \/>\n<link rel=\"canonical\" href=\"https:\/\/awakeningtouch.ca\/fr\/produit\/autel-de-la-matrice-feminine-sacree-lune-noir\/\" \/>\n<meta property=\"og:locale\" content=\"fr_FR\" \/>\n<meta property=\"og:type\" content=\"article\" \/>\n<meta property=\"og:title\" content=\"Autel de la matrice f\u00e9minine sacr\u00e9e\" \/>\n<meta property=\"og:description\" content=\"Un autel en forme d&#039;ut\u00e9rus, fabriqu\u00e9 \u00e0 la main en c\u00e9ramique, avec une finition lumineuse. Cr\u00e9\u00e9 pour honorer le myst\u00e8re et la puissance de la Lune noire, ce r\u00e9cipient en forme d&#039;ut\u00e9rus offre un espace de lib\u00e9ration, de renouveau et de magie silencieuse qui s&#039;\u00e9veille dans l&#039;invisible. Sa forme en goutte d&#039;eau porte en elle l&#039;essence de l&#039;eau, de la terre, du feu et du souffle, une invitation \u00e0 revenir \u00e0 votre centre et \u00e0 la profonde f\u00e9minit\u00e9 qui est en vous.\" \/>\n<meta property=\"og:url\" content=\"https:\/\/awakeningtouch.ca\/fr\/produit\/autel-de-la-matrice-feminine-sacree-lune-noir\/\" \/>\n<meta property=\"og:site_name\" content=\"Awakening Touch\" \/>\n<meta property=\"article:modified_time\" content=\"2025-11-24T17:17:46+00:00\" \/>\n<meta property=\"og:image\" content=\"https:\/\/awakeningtouch.ca\/wp-content\/uploads\/2025\/02\/sacred-feminine-womb-altar-dark-moon-1.jpg\" \/>\n\t<meta property=\"og:image:width\" content=\"2000\" \/>\n\t<meta property=\"og:image:height\" content=\"2000\" \/>\n\t<meta property=\"og:image:type\" content=\"image\/jpeg\" \/>\n<meta name=\"twitter:card\" content=\"summary_large_image\" \/>\n<meta name=\"twitter:label1\" content=\"Dur\u00e9e de lecture estim\u00e9e\" \/>\n\t<meta name=\"twitter:data1\" content=\"2 minutes\" \/>\n<script type=\"application\/ld+json\" class=\"yoast-schema-graph\">{\"@context\":\"https:\\\/\\\/schema.org\",\"@graph\":[{\"@type\":\"WebPage\",\"@id\":\"https:\\\/\\\/awakeningtouch.ca\\\/fr\\\/produit\\\/autel-de-la-matrice-feminine-sacree-lune-noir\\\/\",\"url\":\"https:\\\/\\\/awakeningtouch.ca\\\/fr\\\/produit\\\/autel-de-la-matrice-feminine-sacree-lune-noir\\\/\",\"name\":\"Autel de la matrice f\u00e9minine sacr\u00e9e - Lune noir - touche d'\u00e9veil\",\"isPartOf\":{\"@id\":\"https:\\\/\\\/awakeningtouch.ca\\\/fr\\\/#website\"},\"primaryImageOfPage\":{\"@id\":\"https:\\\/\\\/awakeningtouch.ca\\\/fr\\\/produit\\\/autel-de-la-matrice-feminine-sacree-lune-noir\\\/#primaryimage\"},\"image\":{\"@id\":\"https:\\\/\\\/awakeningtouch.ca\\\/fr\\\/produit\\\/autel-de-la-matrice-feminine-sacree-lune-noir\\\/#primaryimage\"},\"thumbnailUrl\":\"https:\\\/\\\/awakeningtouch.ca\\\/wp-content\\\/uploads\\\/2025\\\/02\\\/sacred-feminine-womb-altar-dark-moon-1.jpg\",\"datePublished\":\"2025-02-13T23:52:31+00:00\",\"dateModified\":\"2025-11-24T17:17:46+00:00\",\"description\":\"Un autel en forme d'ut\u00e9rus, fabriqu\u00e9 \u00e0 la main en c\u00e9ramique, avec une finition lumineuse. Cr\u00e9\u00e9 pour honorer le myst\u00e8re et la puissance de la Lune noire, ce r\u00e9cipient en forme d'ut\u00e9rus offre un espace de lib\u00e9ration, de renouveau et de magie silencieuse qui s'\u00e9veille dans l'invisible. Sa forme en goutte d'eau porte en elle l'essence de l'eau, de la terre, du feu et du souffle, une invitation \u00e0 revenir \u00e0 votre centre et \u00e0 la profonde f\u00e9minit\u00e9 qui est en vous.\",\"breadcrumb\":{\"@id\":\"https:\\\/\\\/awakeningtouch.ca\\\/fr\\\/produit\\\/autel-de-la-matrice-feminine-sacree-lune-noir\\\/#breadcrumb\"},\"inLanguage\":\"fr-FR\",\"potentialAction\":[{\"@type\":\"ReadAction\",\"target\":[\"https:\\\/\\\/awakeningtouch.ca\\\/fr\\\/produit\\\/autel-de-la-matrice-feminine-sacree-lune-noir\\\/\"]}]},{\"@type\":\"ImageObject\",\"inLanguage\":\"fr-FR\",\"@id\":\"https:\\\/\\\/awakeningtouch.ca\\\/fr\\\/produit\\\/autel-de-la-matrice-feminine-sacree-lune-noir\\\/#primaryimage\",\"url\":\"https:\\\/\\\/awakeningtouch.ca\\\/wp-content\\\/uploads\\\/2025\\\/02\\\/sacred-feminine-womb-altar-dark-moon-1.jpg\",\"contentUrl\":\"https:\\\/\\\/awakeningtouch.ca\\\/wp-content\\\/uploads\\\/2025\\\/02\\\/sacred-feminine-womb-altar-dark-moon-1.jpg\",\"width\":2000,\"height\":2000},{\"@type\":\"BreadcrumbList\",\"@id\":\"https:\\\/\\\/awakeningtouch.ca\\\/fr\\\/produit\\\/autel-de-la-matrice-feminine-sacree-lune-noir\\\/#breadcrumb\",\"itemListElement\":[{\"@type\":\"ListItem\",\"position\":1,\"name\":\"Accueil\",\"item\":\"https:\\\/\\\/awakeningtouch.ca\\\/fr\\\/\"},{\"@type\":\"ListItem\",\"position\":2,\"name\":\"Boutique\",\"item\":\"https:\\\/\\\/awakeningtouch.ca\\\/fr\\\/boutique\\\/\"},{\"@type\":\"ListItem\",\"position\":3,\"name\":\"Autel de la matrice f\u00e9minine sacr\u00e9e &#8211; Lune noir\"}]},{\"@type\":\"WebSite\",\"@id\":\"https:\\\/\\\/awakeningtouch.ca\\\/fr\\\/#website\",\"url\":\"https:\\\/\\\/awakeningtouch.ca\\\/fr\\\/\",\"name\":\"Awakening Touch\",\"description\":\"\",\"potentialAction\":[{\"@type\":\"SearchAction\",\"target\":{\"@type\":\"EntryPoint\",\"urlTemplate\":\"https:\\\/\\\/awakeningtouch.ca\\\/fr\\\/?s={search_term_string}\"},\"query-input\":{\"@type\":\"PropertyValueSpecification\",\"valueRequired\":true,\"valueName\":\"search_term_string\"}}],\"inLanguage\":\"fr-FR\"}]}<\/script>\n<!-- \/ Yoast SEO plugin. -->","yoast_head_json":{"title":"Autel de la matrice f\u00e9minine sacr\u00e9e - Lune noir - touche d'\u00e9veil","description":"Un autel en forme d'ut\u00e9rus, fabriqu\u00e9 \u00e0 la main en c\u00e9ramique, avec une finition lumineuse. Cr\u00e9\u00e9 pour honorer le myst\u00e8re et la puissance de la Lune noire, ce r\u00e9cipient en forme d'ut\u00e9rus offre un espace de lib\u00e9ration, de renouveau et de magie silencieuse qui s'\u00e9veille dans l'invisible. Sa forme en goutte d'eau porte en elle l'essence de l'eau, de la terre, du feu et du souffle, une invitation \u00e0 revenir \u00e0 votre centre et \u00e0 la profonde f\u00e9minit\u00e9 qui est en vous.","robots":{"index":"index","follow":"follow","max-snippet":"max-snippet:-1","max-image-preview":"max-image-preview:large","max-video-preview":"max-video-preview:-1"},"canonical":"https:\/\/awakeningtouch.ca\/fr\/produit\/autel-de-la-matrice-feminine-sacree-lune-noir\/","og_locale":"fr_FR","og_type":"article","og_title":"Autel de la matrice f\u00e9minine sacr\u00e9e","og_description":"Un autel en forme d'ut\u00e9rus, fabriqu\u00e9 \u00e0 la main en c\u00e9ramique, avec une finition lumineuse. Cr\u00e9\u00e9 pour honorer le myst\u00e8re et la puissance de la Lune noire, ce r\u00e9cipient en forme d'ut\u00e9rus offre un espace de lib\u00e9ration, de renouveau et de magie silencieuse qui s'\u00e9veille dans l'invisible. Sa forme en goutte d'eau porte en elle l'essence de l'eau, de la terre, du feu et du souffle, une invitation \u00e0 revenir \u00e0 votre centre et \u00e0 la profonde f\u00e9minit\u00e9 qui est en vous.","og_url":"https:\/\/awakeningtouch.ca\/fr\/produit\/autel-de-la-matrice-feminine-sacree-lune-noir\/","og_site_name":"Awakening Touch","article_modified_time":"2025-11-24T17:17:46+00:00","og_image":[{"width":2000,"height":2000,"url":"https:\/\/awakeningtouch.ca\/wp-content\/uploads\/2025\/02\/sacred-feminine-womb-altar-dark-moon-1.jpg","type":"image\/jpeg"}],"twitter_card":"summary_large_image","twitter_misc":{"Dur\u00e9e de lecture estim\u00e9e":"2 minutes"},"schema":{"@context":"https:\/\/schema.org","@graph":[{"@type":"WebPage","@id":"https:\/\/awakeningtouch.ca\/fr\/produit\/autel-de-la-matrice-feminine-sacree-lune-noir\/","url":"https:\/\/awakeningtouch.ca\/fr\/produit\/autel-de-la-matrice-feminine-sacree-lune-noir\/","name":"Autel de la matrice f\u00e9minine sacr\u00e9e - Lune noir - touche d'\u00e9veil","isPartOf":{"@id":"https:\/\/awakeningtouch.ca\/fr\/#website"},"primaryImageOfPage":{"@id":"https:\/\/awakeningtouch.ca\/fr\/produit\/autel-de-la-matrice-feminine-sacree-lune-noir\/#primaryimage"},"image":{"@id":"https:\/\/awakeningtouch.ca\/fr\/produit\/autel-de-la-matrice-feminine-sacree-lune-noir\/#primaryimage"},"thumbnailUrl":"https:\/\/awakeningtouch.ca\/wp-content\/uploads\/2025\/02\/sacred-feminine-womb-altar-dark-moon-1.jpg","datePublished":"2025-02-13T23:52:31+00:00","dateModified":"2025-11-24T17:17:46+00:00","description":"Un autel en forme d'ut\u00e9rus, fabriqu\u00e9 \u00e0 la main en c\u00e9ramique, avec une finition lumineuse. Cr\u00e9\u00e9 pour honorer le myst\u00e8re et la puissance de la Lune noire, ce r\u00e9cipient en forme d'ut\u00e9rus offre un espace de lib\u00e9ration, de renouveau et de magie silencieuse qui s'\u00e9veille dans l'invisible. Sa forme en goutte d'eau porte en elle l'essence de l'eau, de la terre, du feu et du souffle, une invitation \u00e0 revenir \u00e0 votre centre et \u00e0 la profonde f\u00e9minit\u00e9 qui est en vous.","breadcrumb":{"@id":"https:\/\/awakeningtouch.ca\/fr\/produit\/autel-de-la-matrice-feminine-sacree-lune-noir\/#breadcrumb"},"inLanguage":"fr-FR","potentialAction":[{"@type":"ReadAction","target":["https:\/\/awakeningtouch.ca\/fr\/produit\/autel-de-la-matrice-feminine-sacree-lune-noir\/"]}]},{"@type":"ImageObject","inLanguage":"fr-FR","@id":"https:\/\/awakeningtouch.ca\/fr\/produit\/autel-de-la-matrice-feminine-sacree-lune-noir\/#primaryimage","url":"https:\/\/awakeningtouch.ca\/wp-content\/uploads\/2025\/02\/sacred-feminine-womb-altar-dark-moon-1.jpg","contentUrl":"https:\/\/awakeningtouch.ca\/wp-content\/uploads\/2025\/02\/sacred-feminine-womb-altar-dark-moon-1.jpg","width":2000,"height":2000},{"@type":"BreadcrumbList","@id":"https:\/\/awakeningtouch.ca\/fr\/produit\/autel-de-la-matrice-feminine-sacree-lune-noir\/#breadcrumb","itemListElement":[{"@type":"ListItem","position":1,"name":"Accueil","item":"https:\/\/awakeningtouch.ca\/fr\/"},{"@type":"ListItem","position":2,"name":"Boutique","item":"https:\/\/awakeningtouch.ca\/fr\/boutique\/"},{"@type":"ListItem","position":3,"name":"Autel de la matrice f\u00e9minine sacr\u00e9e &#8211; Lune noir"}]},{"@type":"WebSite","@id":"https:\/\/awakeningtouch.ca\/fr\/#website","url":"https:\/\/awakeningtouch.ca\/fr\/","name":"Awakening Touch","description":"","potentialAction":[{"@type":"SearchAction","target":{"@type":"EntryPoint","urlTemplate":"https:\/\/awakeningtouch.ca\/fr\/?s={search_term_string}"},"query-input":{"@type":"PropertyValueSpecification","valueRequired":true,"valueName":"search_term_string"}}],"inLanguage":"fr-FR"}]}},"_links":{"self":[{"href":"https:\/\/awakeningtouch.ca\/fr\/wp-json\/wp\/v2\/product\/12033","targetHints":{"allow":["GET"]}}],"collection":[{"href":"https:\/\/awakeningtouch.ca\/fr\/wp-json\/wp\/v2\/product"}],"about":[{"href":"https:\/\/awakeningtouch.ca\/fr\/wp-json\/wp\/v2\/types\/product"}],"replies":[{"embeddable":true,"href":"https:\/\/awakeningtouch.ca\/fr\/wp-json\/wp\/v2\/comments?post=12033"}],"wp:featuredmedia":[{"embeddable":true,"href":"https:\/\/awakeningtouch.ca\/fr\/wp-json\/wp\/v2\/media\/14422"}],"wp:attachment":[{"href":"https:\/\/awakeningtouch.ca\/fr\/wp-json\/wp\/v2\/media?parent=12033"}],"wp:term":[{"taxonomy":"product_brand","embeddable":true,"href":"https:\/\/awakeningtouch.ca\/fr\/wp-json\/wp\/v2\/product_brand?post=12033"},{"taxonomy":"product_cat","embeddable":true,"href":"https:\/\/awakeningtouch.ca\/fr\/wp-json\/wp\/v2\/product_cat?post=12033"},{"taxonomy":"product_tag","embeddable":true,"href":"https:\/\/awakeningtouch.ca\/fr\/wp-json\/wp\/v2\/product_tag?post=12033"}],"curies":[{"name":"wp","href":"https:\/\/api.w.org\/{rel}","templated":true}]}}