{"id":12009,"date":"2025-02-12T09:59:38","date_gmt":"2025-02-12T14:59:39","guid":{"rendered":"https:\/\/awakeningtouch.ca\/?post_type=product&#038;p=12009"},"modified":"2025-02-12T10:18:04","modified_gmt":"2025-02-12T15:18:04","slug":"yoni-bol-caudron-de-yoni","status":"publish","type":"product","link":"https:\/\/awakeningtouch.ca\/fr\/produit\/yoni-bol-caudron-de-yoni\/","title":{"rendered":"Yoni Bol &#8211; Caudron de Yoni"},"content":{"rendered":"<p>\u00c9levez votre rituel de vapeur yoni avec ce chaudron sacr\u00e9 en c\u00e9ramique fabriqu\u00e9 \u00e0 la main, con\u00e7u pour canaliser la sagesse ancienne de la gu\u00e9rison f\u00e9minine. Infus\u00e9 avec intention et fa\u00e7onn\u00e9 \u00e0 la main, ce r\u00e9cipient contient l&rsquo;essence de la terre et du feu, cr\u00e9ant un conduit pour que la vapeur d&rsquo;herbes nettoie, \u00e9veille et restaure.<\/p>\n<p>Laissez la chaleur de la vapeur vous transporter dans un royaume de profond rel\u00e2chement et de renouveau, en vous reconnectant \u00e0 votre essence divine. Parfait pour une c\u00e9r\u00e9monie personnelle ou comme cadeau pr\u00e9cieux pour une \u00e2me en qu\u00eate d&rsquo;alignement et d&rsquo;harmonie int\u00e9rieure.<\/p>\n<p>\ud83c\udf38 Form\u00e9 \u00e0 la main avec une intention sacr\u00e9e<br \/>\n\ud83d\udd25 S\u00e9curit\u00e9 thermique, mise \u00e0 la terre et solidit\u00e9<br \/>\n\ud83d\udcab Un vaisseau pour un profond renouveau f\u00e9minin<\/p>\n<blockquote><p><span lang=\"EN-CA\">\u00ab\u00a0Les objets rituels supportent l\u2019espace de c\u00e9r\u00e9monie, au quotidien ou pour des passages sp\u00e9cifiques comme les solstices et \u00e9quinoxes. Tous sont fabriqu\u00e9s \u00e0 la main, avec des mat\u00e9riaux provenant de fournisseurs locaux et internationaux qui partagent nos valeurs. Une communication est \u00e9tablie avec chaque objet dans le processus de cr\u00e9ation, ce qui lui conf\u00e8re un caract\u00e8re sacr\u00e9 en plus d\u2019en faire son unicit\u00e9.\u00a0\u00bb\u00a0<\/span>Gita<\/p><\/blockquote>\n<p><strong>FAIT \u00c0 LA MAIN<\/strong><\/p>\n<p><strong>Compl\u00e9tez votre commande\u00a0<\/strong><b>avec une statue d\u00e9esse, des masque arch\u00e9types, un porte-encens, un porte-chandelles ou encore un sac m\u00e9decine.<\/b><\/p>\n","protected":false},"excerpt":{"rendered":"<p>Entrez dans votre rituel sacr\u00e9 et honorez la d\u00e9esse qui est en vous.<\/p>\n","protected":false},"featured_media":12013,"comment_status":"open","ping_status":"closed","template":"","meta":{"_et_pb_use_builder":"","_et_pb_old_content":"","_et_gb_content_width":"","_monsterinsights_skip_tracking":false,"_monsterinsights_sitenote_active":false,"_monsterinsights_sitenote_note":"","_monsterinsights_sitenote_category":0},"product_brand":[],"product_cat":[3201,87],"product_tag":[2699,2708,2709,2698],"class_list":{"0":"post-12009","1":"product","2":"type-product","3":"status-publish","4":"has-post-thumbnail","6":"product_cat-chaudrons","7":"product_cat-objets-rituels","8":"product_tag-autel-fr","9":"product_tag-bol","10":"product_tag-ceramique","11":"product_tag-feminin-sacre-fr","13":"first","14":"instock","15":"sold-individually","16":"taxable","17":"shipping-taxable","18":"purchasable","19":"product-type-variable"},"yoast_head":"<!-- This site is optimized with the Yoast SEO plugin v27.5 - https:\/\/yoast.com\/product\/yoast-seo-wordpress\/ -->\n<title>Yoni Bol - Caudron de Yoni - Awakening Touch<\/title>\n<meta name=\"description\" content=\"\u00c9levez votre rituel de vapeur yoni avec ce chaudron sacr\u00e9 en c\u00e9ramique fabriqu\u00e9 \u00e0 la main, con\u00e7u pour canaliser la sagesse ancienne de la gu\u00e9rison f\u00e9minine\" \/>\n<meta name=\"robots\" content=\"index, follow, max-snippet:-1, max-image-preview:large, max-video-preview:-1\" \/>\n<link rel=\"canonical\" href=\"https:\/\/awakeningtouch.ca\/fr\/produit\/yoni-bol-caudron-de-yoni\/\" \/>\n<meta property=\"og:locale\" content=\"fr_FR\" \/>\n<meta property=\"og:type\" content=\"article\" \/>\n<meta property=\"og:title\" content=\"Yoni Bol - Caudron de Yoni\" \/>\n<meta property=\"og:description\" content=\"\u00c9levez votre rituel de vapeur yoni avec ce chaudron sacr\u00e9 en c\u00e9ramique fabriqu\u00e9 \u00e0 la main, con\u00e7u pour canaliser la sagesse ancienne de la gu\u00e9rison f\u00e9minine\" \/>\n<meta property=\"og:url\" content=\"https:\/\/awakeningtouch.ca\/fr\/produit\/yoni-bol-caudron-de-yoni\/\" \/>\n<meta property=\"og:site_name\" content=\"Awakening Touch\" \/>\n<meta property=\"article:modified_time\" content=\"2025-02-12T15:18:04+00:00\" \/>\n<meta property=\"og:image\" content=\"https:\/\/awakeningtouch.ca\/wp-content\/uploads\/2025\/02\/yoni-steam-cauldron-bowl-devi-1-scaled.jpg\" \/>\n\t<meta property=\"og:image:width\" content=\"2560\" \/>\n\t<meta property=\"og:image:height\" content=\"2560\" \/>\n\t<meta property=\"og:image:type\" content=\"image\/jpeg\" \/>\n<meta name=\"twitter:card\" content=\"summary_large_image\" \/>\n<meta name=\"twitter:label1\" content=\"Dur\u00e9e de lecture estim\u00e9e\" \/>\n\t<meta name=\"twitter:data1\" content=\"1 minute\" \/>\n<script type=\"application\/ld+json\" class=\"yoast-schema-graph\">{\"@context\":\"https:\\\/\\\/schema.org\",\"@graph\":[{\"@type\":\"WebPage\",\"@id\":\"https:\\\/\\\/awakeningtouch.ca\\\/fr\\\/produit\\\/yoni-bol-caudron-de-yoni\\\/\",\"url\":\"https:\\\/\\\/awakeningtouch.ca\\\/fr\\\/produit\\\/yoni-bol-caudron-de-yoni\\\/\",\"name\":\"Yoni Bol - Caudron de Yoni - Awakening Touch\",\"isPartOf\":{\"@id\":\"https:\\\/\\\/awakeningtouch.ca\\\/fr\\\/#website\"},\"primaryImageOfPage\":{\"@id\":\"https:\\\/\\\/awakeningtouch.ca\\\/fr\\\/produit\\\/yoni-bol-caudron-de-yoni\\\/#primaryimage\"},\"image\":{\"@id\":\"https:\\\/\\\/awakeningtouch.ca\\\/fr\\\/produit\\\/yoni-bol-caudron-de-yoni\\\/#primaryimage\"},\"thumbnailUrl\":\"https:\\\/\\\/awakeningtouch.ca\\\/wp-content\\\/uploads\\\/2025\\\/02\\\/yoni-steam-cauldron-bowl-devi-1-scaled.jpg\",\"datePublished\":\"2025-02-12T14:59:39+00:00\",\"dateModified\":\"2025-02-12T15:18:04+00:00\",\"description\":\"\u00c9levez votre rituel de vapeur yoni avec ce chaudron sacr\u00e9 en c\u00e9ramique fabriqu\u00e9 \u00e0 la main, con\u00e7u pour canaliser la sagesse ancienne de la gu\u00e9rison f\u00e9minine\",\"breadcrumb\":{\"@id\":\"https:\\\/\\\/awakeningtouch.ca\\\/fr\\\/produit\\\/yoni-bol-caudron-de-yoni\\\/#breadcrumb\"},\"inLanguage\":\"fr-FR\",\"potentialAction\":[{\"@type\":\"ReadAction\",\"target\":[\"https:\\\/\\\/awakeningtouch.ca\\\/fr\\\/produit\\\/yoni-bol-caudron-de-yoni\\\/\"]}]},{\"@type\":\"ImageObject\",\"inLanguage\":\"fr-FR\",\"@id\":\"https:\\\/\\\/awakeningtouch.ca\\\/fr\\\/produit\\\/yoni-bol-caudron-de-yoni\\\/#primaryimage\",\"url\":\"https:\\\/\\\/awakeningtouch.ca\\\/wp-content\\\/uploads\\\/2025\\\/02\\\/yoni-steam-cauldron-bowl-devi-1-scaled.jpg\",\"contentUrl\":\"https:\\\/\\\/awakeningtouch.ca\\\/wp-content\\\/uploads\\\/2025\\\/02\\\/yoni-steam-cauldron-bowl-devi-1-scaled.jpg\",\"width\":2560,\"height\":2560},{\"@type\":\"BreadcrumbList\",\"@id\":\"https:\\\/\\\/awakeningtouch.ca\\\/fr\\\/produit\\\/yoni-bol-caudron-de-yoni\\\/#breadcrumb\",\"itemListElement\":[{\"@type\":\"ListItem\",\"position\":1,\"name\":\"Accueil\",\"item\":\"https:\\\/\\\/awakeningtouch.ca\\\/fr\\\/\"},{\"@type\":\"ListItem\",\"position\":2,\"name\":\"Boutique\",\"item\":\"https:\\\/\\\/awakeningtouch.ca\\\/fr\\\/boutique\\\/\"},{\"@type\":\"ListItem\",\"position\":3,\"name\":\"Yoni Bol &#8211; Caudron de Yoni\"}]},{\"@type\":\"WebSite\",\"@id\":\"https:\\\/\\\/awakeningtouch.ca\\\/fr\\\/#website\",\"url\":\"https:\\\/\\\/awakeningtouch.ca\\\/fr\\\/\",\"name\":\"Awakening Touch\",\"description\":\"\",\"potentialAction\":[{\"@type\":\"SearchAction\",\"target\":{\"@type\":\"EntryPoint\",\"urlTemplate\":\"https:\\\/\\\/awakeningtouch.ca\\\/fr\\\/?s={search_term_string}\"},\"query-input\":{\"@type\":\"PropertyValueSpecification\",\"valueRequired\":true,\"valueName\":\"search_term_string\"}}],\"inLanguage\":\"fr-FR\"}]}<\/script>\n<!-- \/ Yoast SEO plugin. -->","yoast_head_json":{"title":"Yoni Bol - Caudron de Yoni - Awakening Touch","description":"\u00c9levez votre rituel de vapeur yoni avec ce chaudron sacr\u00e9 en c\u00e9ramique fabriqu\u00e9 \u00e0 la main, con\u00e7u pour canaliser la sagesse ancienne de la gu\u00e9rison f\u00e9minine","robots":{"index":"index","follow":"follow","max-snippet":"max-snippet:-1","max-image-preview":"max-image-preview:large","max-video-preview":"max-video-preview:-1"},"canonical":"https:\/\/awakeningtouch.ca\/fr\/produit\/yoni-bol-caudron-de-yoni\/","og_locale":"fr_FR","og_type":"article","og_title":"Yoni Bol - Caudron de Yoni","og_description":"\u00c9levez votre rituel de vapeur yoni avec ce chaudron sacr\u00e9 en c\u00e9ramique fabriqu\u00e9 \u00e0 la main, con\u00e7u pour canaliser la sagesse ancienne de la gu\u00e9rison f\u00e9minine","og_url":"https:\/\/awakeningtouch.ca\/fr\/produit\/yoni-bol-caudron-de-yoni\/","og_site_name":"Awakening Touch","article_modified_time":"2025-02-12T15:18:04+00:00","og_image":[{"width":2560,"height":2560,"url":"https:\/\/awakeningtouch.ca\/wp-content\/uploads\/2025\/02\/yoni-steam-cauldron-bowl-devi-1-scaled.jpg","type":"image\/jpeg"}],"twitter_card":"summary_large_image","twitter_misc":{"Dur\u00e9e de lecture estim\u00e9e":"1 minute"},"schema":{"@context":"https:\/\/schema.org","@graph":[{"@type":"WebPage","@id":"https:\/\/awakeningtouch.ca\/fr\/produit\/yoni-bol-caudron-de-yoni\/","url":"https:\/\/awakeningtouch.ca\/fr\/produit\/yoni-bol-caudron-de-yoni\/","name":"Yoni Bol - Caudron de Yoni - Awakening Touch","isPartOf":{"@id":"https:\/\/awakeningtouch.ca\/fr\/#website"},"primaryImageOfPage":{"@id":"https:\/\/awakeningtouch.ca\/fr\/produit\/yoni-bol-caudron-de-yoni\/#primaryimage"},"image":{"@id":"https:\/\/awakeningtouch.ca\/fr\/produit\/yoni-bol-caudron-de-yoni\/#primaryimage"},"thumbnailUrl":"https:\/\/awakeningtouch.ca\/wp-content\/uploads\/2025\/02\/yoni-steam-cauldron-bowl-devi-1-scaled.jpg","datePublished":"2025-02-12T14:59:39+00:00","dateModified":"2025-02-12T15:18:04+00:00","description":"\u00c9levez votre rituel de vapeur yoni avec ce chaudron sacr\u00e9 en c\u00e9ramique fabriqu\u00e9 \u00e0 la main, con\u00e7u pour canaliser la sagesse ancienne de la gu\u00e9rison f\u00e9minine","breadcrumb":{"@id":"https:\/\/awakeningtouch.ca\/fr\/produit\/yoni-bol-caudron-de-yoni\/#breadcrumb"},"inLanguage":"fr-FR","potentialAction":[{"@type":"ReadAction","target":["https:\/\/awakeningtouch.ca\/fr\/produit\/yoni-bol-caudron-de-yoni\/"]}]},{"@type":"ImageObject","inLanguage":"fr-FR","@id":"https:\/\/awakeningtouch.ca\/fr\/produit\/yoni-bol-caudron-de-yoni\/#primaryimage","url":"https:\/\/awakeningtouch.ca\/wp-content\/uploads\/2025\/02\/yoni-steam-cauldron-bowl-devi-1-scaled.jpg","contentUrl":"https:\/\/awakeningtouch.ca\/wp-content\/uploads\/2025\/02\/yoni-steam-cauldron-bowl-devi-1-scaled.jpg","width":2560,"height":2560},{"@type":"BreadcrumbList","@id":"https:\/\/awakeningtouch.ca\/fr\/produit\/yoni-bol-caudron-de-yoni\/#breadcrumb","itemListElement":[{"@type":"ListItem","position":1,"name":"Accueil","item":"https:\/\/awakeningtouch.ca\/fr\/"},{"@type":"ListItem","position":2,"name":"Boutique","item":"https:\/\/awakeningtouch.ca\/fr\/boutique\/"},{"@type":"ListItem","position":3,"name":"Yoni Bol &#8211; Caudron de Yoni"}]},{"@type":"WebSite","@id":"https:\/\/awakeningtouch.ca\/fr\/#website","url":"https:\/\/awakeningtouch.ca\/fr\/","name":"Awakening Touch","description":"","potentialAction":[{"@type":"SearchAction","target":{"@type":"EntryPoint","urlTemplate":"https:\/\/awakeningtouch.ca\/fr\/?s={search_term_string}"},"query-input":{"@type":"PropertyValueSpecification","valueRequired":true,"valueName":"search_term_string"}}],"inLanguage":"fr-FR"}]}},"_links":{"self":[{"href":"https:\/\/awakeningtouch.ca\/fr\/wp-json\/wp\/v2\/product\/12009","targetHints":{"allow":["GET"]}}],"collection":[{"href":"https:\/\/awakeningtouch.ca\/fr\/wp-json\/wp\/v2\/product"}],"about":[{"href":"https:\/\/awakeningtouch.ca\/fr\/wp-json\/wp\/v2\/types\/product"}],"replies":[{"embeddable":true,"href":"https:\/\/awakeningtouch.ca\/fr\/wp-json\/wp\/v2\/comments?post=12009"}],"wp:featuredmedia":[{"embeddable":true,"href":"https:\/\/awakeningtouch.ca\/fr\/wp-json\/wp\/v2\/media\/12013"}],"wp:attachment":[{"href":"https:\/\/awakeningtouch.ca\/fr\/wp-json\/wp\/v2\/media?parent=12009"}],"wp:term":[{"taxonomy":"product_brand","embeddable":true,"href":"https:\/\/awakeningtouch.ca\/fr\/wp-json\/wp\/v2\/product_brand?post=12009"},{"taxonomy":"product_cat","embeddable":true,"href":"https:\/\/awakeningtouch.ca\/fr\/wp-json\/wp\/v2\/product_cat?post=12009"},{"taxonomy":"product_tag","embeddable":true,"href":"https:\/\/awakeningtouch.ca\/fr\/wp-json\/wp\/v2\/product_tag?post=12009"}],"curies":[{"name":"wp","href":"https:\/\/api.w.org\/{rel}","templated":true}]}}