{"id":72,"date":"2021-11-12T14:34:37","date_gmt":"2021-11-12T19:34:37","guid":{"rendered":"https:\/\/awakeningtouch.ca\/?page_id=72"},"modified":"2023-03-24T14:53:40","modified_gmt":"2023-03-24T18:53:40","slug":"termes-et-conditions","status":"publish","type":"page","link":"https:\/\/awakeningtouch.ca\/fr\/termes-et-conditions\/","title":{"rendered":"Termes et conditions"},"content":{"rendered":"<p>[et_pb_section fb_built=\u00a0\u00bb1&Prime; _builder_version=\u00a0\u00bb4.14.7&Prime; _module_preset=\u00a0\u00bbdefault\u00a0\u00bb background_color=\u00a0\u00bb#1c6873&Prime; global_colors_info=\u00a0\u00bb{}\u00a0\u00bb][et_pb_row _builder_version=\u00a0\u00bb4.14.7&Prime; _module_preset=\u00a0\u00bbdefault\u00a0\u00bb global_colors_info=\u00a0\u00bb{}\u00a0\u00bb][et_pb_column type=\u00a0\u00bb4_4&Prime; _builder_version=\u00a0\u00bb4.14.7&Prime; _module_preset=\u00a0\u00bbdefault\u00a0\u00bb global_colors_info=\u00a0\u00bb{}\u00a0\u00bb][et_pb_text _builder_version=\u00a0\u00bb4.14.8&Prime; _module_preset=\u00a0\u00bbdefault\u00a0\u00bb text_font=\u00a0\u00bb||||||||\u00a0\u00bb text_text_color=\u00a0\u00bb#ffffff\u00a0\u00bb text_line_height=\u00a0\u00bb1.6em\u00a0\u00bb link_text_color=\u00a0\u00bb#EF8680&Prime; header_text_color=\u00a0\u00bb#ffffff\u00a0\u00bb header_2_text_color=\u00a0\u00bb#ffffff\u00a0\u00bb header_2_font_size=\u00a0\u00bb35px\u00a0\u00bb header_3_font=\u00a0\u00bb||||||||\u00a0\u00bb header_3_text_color=\u00a0\u00bb#ffffff\u00a0\u00bb header_3_font_size=\u00a0\u00bb30px\u00a0\u00bb header_4_font=\u00a0\u00bbPoppins||||||||\u00a0\u00bb header_4_text_color=\u00a0\u00bb#653d20&Prime; header_4_font_size=\u00a0\u00bb24px\u00a0\u00bb header_5_font=\u00a0\u00bbDancing Script|600|||||||\u00a0\u00bb header_5_text_color=\u00a0\u00bb#85999e\u00a0\u00bb header_5_font_size=\u00a0\u00bb31px\u00a0\u00bb header_5_line_height=\u00a0\u00bb1.3em\u00a0\u00bb header_6_font=\u00a0\u00bbPoppins||on||||||\u00a0\u00bb header_6_text_color=\u00a0\u00bb#85999e\u00a0\u00bb header_6_font_size=\u00a0\u00bb18px\u00a0\u00bb header_6_line_height=\u00a0\u00bb1.6em\u00a0\u00bb custom_margin=\u00a0\u00bb30px||30px||false|false\u00a0\u00bb text_font_size_tablet=\u00a0\u00bb\u00a0\u00bb text_font_size_phone=\u00a0\u00bb15px\u00a0\u00bb text_font_size_last_edited=\u00a0\u00bbon|phone\u00a0\u00bb header_font_size_tablet=\u00a0\u00bb38px\u00a0\u00bb header_font_size_phone=\u00a0\u00bb30px\u00a0\u00bb header_font_size_last_edited=\u00a0\u00bbon|phone\u00a0\u00bb header_2_font_size_tablet=\u00a0\u00bb35px\u00a0\u00bb header_2_font_size_phone=\u00a0\u00bb29px\u00a0\u00bb header_2_font_size_last_edited=\u00a0\u00bbon|phone\u00a0\u00bb global_module=\u00a0\u00bb155&Prime; saved_tabs=\u00a0\u00bball\u00a0\u00bb global_colors_info=\u00a0\u00bb{}\u00a0\u00bb]<\/p>\n<h1>Conditions de vente<\/h1>\n<h2>Livraison<\/h2>\n<p>Nous assurons la livraison de votre commande depuis le Qu\u00e9bec par Postes Canada selon un tarif forfait par commande de 15 $ au Canada, de 25 $ aux \u00c9tats-Unis et de 65 $ dans le reste du monde. Votre colis sera envoy\u00e9 avec un num\u00e9ro de rep\u00e9rage. Si la livraison se fait g\u00e9n\u00e9ralement dans un d\u00e9lai de 7 jour ouvrable, il se peut qu\u2019elle soit plus longue selon le pays dans lequel vous demeurez.<\/p>\n<p>Dans le cas o\u00f9 vous nous retourniez les r\u00e9cipients en verre vides, il nous fera plaisir de vous offrir les frais de livraison. Nous vous ferons alors parvenir un code promotionnel que vous pourrez appliquer lors de votre prochaine commande dans notre boutique en ligne.<\/p>\n<p>[\/et_pb_text][et_pb_text _builder_version=\u00a0\u00bb4.14.8&Prime; _module_preset=\u00a0\u00bbdefault\u00a0\u00bb text_font=\u00a0\u00bb||||||||\u00a0\u00bb text_text_color=\u00a0\u00bb#ffffff\u00a0\u00bb text_line_height=\u00a0\u00bb1.6em\u00a0\u00bb link_text_color=\u00a0\u00bb#EF8680&Prime; header_text_color=\u00a0\u00bb#ffffff\u00a0\u00bb header_2_text_color=\u00a0\u00bb#ffffff\u00a0\u00bb header_2_font_size=\u00a0\u00bb35px\u00a0\u00bb header_3_font=\u00a0\u00bb||||||||\u00a0\u00bb header_3_text_color=\u00a0\u00bb#ffffff\u00a0\u00bb header_3_font_size=\u00a0\u00bb30px\u00a0\u00bb header_4_font=\u00a0\u00bbPoppins||||||||\u00a0\u00bb header_4_text_color=\u00a0\u00bb#653d20&Prime; header_4_font_size=\u00a0\u00bb24px\u00a0\u00bb header_5_font=\u00a0\u00bbDancing Script|600|||||||\u00a0\u00bb header_5_text_color=\u00a0\u00bb#85999e\u00a0\u00bb header_5_font_size=\u00a0\u00bb31px\u00a0\u00bb header_5_line_height=\u00a0\u00bb1.3em\u00a0\u00bb header_6_font=\u00a0\u00bbPoppins||on||||||\u00a0\u00bb header_6_text_color=\u00a0\u00bb#85999e\u00a0\u00bb header_6_font_size=\u00a0\u00bb18px\u00a0\u00bb header_6_line_height=\u00a0\u00bb1.6em\u00a0\u00bb custom_margin=\u00a0\u00bb30px||30px||false|false\u00a0\u00bb text_font_size_tablet=\u00a0\u00bb\u00a0\u00bb text_font_size_phone=\u00a0\u00bb15px\u00a0\u00bb text_font_size_last_edited=\u00a0\u00bbon|phone\u00a0\u00bb header_font_size_tablet=\u00a0\u00bb38px\u00a0\u00bb header_font_size_phone=\u00a0\u00bb30px\u00a0\u00bb header_font_size_last_edited=\u00a0\u00bbon|phone\u00a0\u00bb header_2_font_size_tablet=\u00a0\u00bb35px\u00a0\u00bb header_2_font_size_phone=\u00a0\u00bb29px\u00a0\u00bb header_2_font_size_last_edited=\u00a0\u00bbon|phone\u00a0\u00bb global_module=\u00a0\u00bb155&Prime; saved_tabs=\u00a0\u00bball\u00a0\u00bb global_colors_info=\u00a0\u00bb{}\u00a0\u00bb]<\/p>\n<h2>\u00c9changes et remboursements<\/h2>\n<p>Les \u00e9changes et les remboursements ne sont pas permis. Nous proc\u00e9dons \u00e0 un \u00e9change seulement en cas de d\u00e9faut de fabrication.<\/p>\n<p>Si vous suspectez un d\u00e9faut de fabrication, vous devez communiquer avec nous par t\u00e9l\u00e9phone pour faire autoriser le retour. Nous vous enverrons alors \u00e0 nos frais un produit similaire selon les stocks disponibles. Si le produit n\u2019\u00e9tait plus disponible, nous verrions avec vous la possibilit\u00e9 de vous envoyer un produit de votre choix pour un m\u00eame montant d\u2019argent. Dans tous les cas, le produit que vous avez re\u00e7u devra \u00eatre retourn\u00e9 avec une copie de la facture et le num\u00e9ro d\u2019autorisation. Un produit retourn\u00e9 sans num\u00e9ro d\u2019autorisation ne sera pas accept\u00e9 et vous sera renvoy\u00e9 \u00e0 vos frais. Nous vous rembourserons les frais d\u2019exp\u00e9dition.<\/p>\n<p>Pour \u00eatre accept\u00e9e, toute marchandise doit \u00eatre dans son emballage original. Nous vous enverrons par courriel la marche \u00e0 suivre.<\/p>\n<p>Vous disposez d\u2019une p\u00e9riode de 7 jours suivant la r\u00e9ception de votre commande pour signaler un d\u00e9faut de fabrication.<\/p>\n<p>[\/et_pb_text][\/et_pb_column][\/et_pb_row][\/et_pb_section]<\/p>\n","protected":false},"excerpt":{"rendered":"<p>Conditions de vente Livraison Nous assurons la livraison de votre commande depuis le Qu\u00e9bec par Postes Canada selon un tarif forfait par commande de 15 $ au Canada, de 25 $ aux \u00c9tats-Unis et de 65 $ dans le reste du monde. Votre colis sera envoy\u00e9 avec un num\u00e9ro de rep\u00e9rage. Si la livraison se <a class=\"read-more-link\" href=\"https:\/\/awakeningtouch.ca\/fr\/termes-et-conditions\/\">Read More<\/a><\/p>\n","protected":false},"author":1,"featured_media":0,"parent":0,"menu_order":0,"comment_status":"closed","ping_status":"closed","template":"","meta":{"_et_pb_use_builder":"on","_et_pb_old_content":"","_et_gb_content_width":"","_monsterinsights_skip_tracking":false,"_monsterinsights_sitenote_active":false,"_monsterinsights_sitenote_note":"","_monsterinsights_sitenote_category":0,"footnotes":""},"class_list":["post-72","page","type-page","status-publish","hentry"],"yoast_head":"<!-- This site is optimized with the Yoast SEO plugin v27.5 - https:\/\/yoast.com\/product\/yoast-seo-wordpress\/ -->\n<title>Termes et conditions de vente Boutique en ligne I AwakeningTouch<\/title>\n<meta name=\"description\" content=\"D\u00e9couvrez les termes et conditions de vente de la boutique en ligne d&#039;AwakekingTouch, pour la livraison, les \u00e9changes et remboursements.\" \/>\n<meta name=\"robots\" content=\"index, follow, max-snippet:-1, max-image-preview:large, max-video-preview:-1\" \/>\n<link rel=\"canonical\" href=\"https:\/\/awakeningtouch.ca\/fr\/termes-et-conditions\/\" \/>\n<meta property=\"og:locale\" content=\"fr_FR\" \/>\n<meta property=\"og:type\" content=\"article\" \/>\n<meta property=\"og:title\" content=\"Termes et conditions de vente Boutique en ligne I AwakeningTouch\" \/>\n<meta property=\"og:description\" content=\"D\u00e9couvrez les termes et conditions de vente de la boutique en ligne d&#039;AwakekingTouch, pour la livraison, les \u00e9changes et remboursements.\" \/>\n<meta property=\"og:url\" content=\"https:\/\/awakeningtouch.ca\/fr\/termes-et-conditions\/\" \/>\n<meta property=\"og:site_name\" content=\"Awakening Touch\" \/>\n<meta property=\"article:modified_time\" content=\"2023-03-24T18:53:40+00:00\" \/>\n<meta property=\"og:image\" content=\"https:\/\/awakeningtouch.ca\/wp-content\/uploads\/2022\/03\/summer-solstice-ritual-ete-rituel-coffret1.jpg\" \/>\n\t<meta property=\"og:image:width\" content=\"1000\" \/>\n\t<meta property=\"og:image:height\" content=\"1000\" \/>\n\t<meta property=\"og:image:type\" content=\"image\/jpeg\" \/>\n<meta name=\"twitter:card\" content=\"summary_large_image\" \/>\n<meta name=\"twitter:image\" content=\"https:\/\/awakeningtouch.ca\/wp-content\/uploads\/2022\/03\/summer-solstice-ritual-ete-rituel-coffret1.jpg\" \/>\n<meta name=\"twitter:label1\" content=\"Dur\u00e9e de lecture estim\u00e9e\" \/>\n\t<meta name=\"twitter:data1\" content=\"2 minutes\" \/>\n<script type=\"application\/ld+json\" class=\"yoast-schema-graph\">{\"@context\":\"https:\\\/\\\/schema.org\",\"@graph\":[{\"@type\":\"WebPage\",\"@id\":\"https:\\\/\\\/awakeningtouch.ca\\\/fr\\\/termes-et-conditions\\\/\",\"url\":\"https:\\\/\\\/awakeningtouch.ca\\\/fr\\\/termes-et-conditions\\\/\",\"name\":\"Termes et conditions de vente Boutique en ligne I AwakeningTouch\",\"isPartOf\":{\"@id\":\"https:\\\/\\\/awakeningtouch.ca\\\/fr\\\/#website\"},\"datePublished\":\"2021-11-12T19:34:37+00:00\",\"dateModified\":\"2023-03-24T18:53:40+00:00\",\"description\":\"D\u00e9couvrez les termes et conditions de vente de la boutique en ligne d'AwakekingTouch, pour la livraison, les \u00e9changes et remboursements.\",\"breadcrumb\":{\"@id\":\"https:\\\/\\\/awakeningtouch.ca\\\/fr\\\/termes-et-conditions\\\/#breadcrumb\"},\"inLanguage\":\"fr-FR\",\"potentialAction\":[{\"@type\":\"ReadAction\",\"target\":[\"https:\\\/\\\/awakeningtouch.ca\\\/fr\\\/termes-et-conditions\\\/\"]}]},{\"@type\":\"BreadcrumbList\",\"@id\":\"https:\\\/\\\/awakeningtouch.ca\\\/fr\\\/termes-et-conditions\\\/#breadcrumb\",\"itemListElement\":[{\"@type\":\"ListItem\",\"position\":1,\"name\":\"Accueil\",\"item\":\"https:\\\/\\\/awakeningtouch.ca\\\/fr\\\/\"},{\"@type\":\"ListItem\",\"position\":2,\"name\":\"Termes et conditions\"}]},{\"@type\":\"WebSite\",\"@id\":\"https:\\\/\\\/awakeningtouch.ca\\\/fr\\\/#website\",\"url\":\"https:\\\/\\\/awakeningtouch.ca\\\/fr\\\/\",\"name\":\"Awakening Touch\",\"description\":\"\",\"potentialAction\":[{\"@type\":\"SearchAction\",\"target\":{\"@type\":\"EntryPoint\",\"urlTemplate\":\"https:\\\/\\\/awakeningtouch.ca\\\/fr\\\/?s={search_term_string}\"},\"query-input\":{\"@type\":\"PropertyValueSpecification\",\"valueRequired\":true,\"valueName\":\"search_term_string\"}}],\"inLanguage\":\"fr-FR\"}]}<\/script>\n<!-- \/ Yoast SEO plugin. -->","yoast_head_json":{"title":"Termes et conditions de vente Boutique en ligne I AwakeningTouch","description":"D\u00e9couvrez les termes et conditions de vente de la boutique en ligne d'AwakekingTouch, pour la livraison, les \u00e9changes et remboursements.","robots":{"index":"index","follow":"follow","max-snippet":"max-snippet:-1","max-image-preview":"max-image-preview:large","max-video-preview":"max-video-preview:-1"},"canonical":"https:\/\/awakeningtouch.ca\/fr\/termes-et-conditions\/","og_locale":"fr_FR","og_type":"article","og_title":"Termes et conditions de vente Boutique en ligne I AwakeningTouch","og_description":"D\u00e9couvrez les termes et conditions de vente de la boutique en ligne d'AwakekingTouch, pour la livraison, les \u00e9changes et remboursements.","og_url":"https:\/\/awakeningtouch.ca\/fr\/termes-et-conditions\/","og_site_name":"Awakening Touch","article_modified_time":"2023-03-24T18:53:40+00:00","og_image":[{"width":1000,"height":1000,"url":"https:\/\/awakeningtouch.ca\/wp-content\/uploads\/2022\/03\/summer-solstice-ritual-ete-rituel-coffret1.jpg","type":"image\/jpeg"}],"twitter_card":"summary_large_image","twitter_image":"https:\/\/awakeningtouch.ca\/wp-content\/uploads\/2022\/03\/summer-solstice-ritual-ete-rituel-coffret1.jpg","twitter_misc":{"Dur\u00e9e de lecture estim\u00e9e":"2 minutes"},"schema":{"@context":"https:\/\/schema.org","@graph":[{"@type":"WebPage","@id":"https:\/\/awakeningtouch.ca\/fr\/termes-et-conditions\/","url":"https:\/\/awakeningtouch.ca\/fr\/termes-et-conditions\/","name":"Termes et conditions de vente Boutique en ligne I AwakeningTouch","isPartOf":{"@id":"https:\/\/awakeningtouch.ca\/fr\/#website"},"datePublished":"2021-11-12T19:34:37+00:00","dateModified":"2023-03-24T18:53:40+00:00","description":"D\u00e9couvrez les termes et conditions de vente de la boutique en ligne d'AwakekingTouch, pour la livraison, les \u00e9changes et remboursements.","breadcrumb":{"@id":"https:\/\/awakeningtouch.ca\/fr\/termes-et-conditions\/#breadcrumb"},"inLanguage":"fr-FR","potentialAction":[{"@type":"ReadAction","target":["https:\/\/awakeningtouch.ca\/fr\/termes-et-conditions\/"]}]},{"@type":"BreadcrumbList","@id":"https:\/\/awakeningtouch.ca\/fr\/termes-et-conditions\/#breadcrumb","itemListElement":[{"@type":"ListItem","position":1,"name":"Accueil","item":"https:\/\/awakeningtouch.ca\/fr\/"},{"@type":"ListItem","position":2,"name":"Termes et conditions"}]},{"@type":"WebSite","@id":"https:\/\/awakeningtouch.ca\/fr\/#website","url":"https:\/\/awakeningtouch.ca\/fr\/","name":"Awakening Touch","description":"","potentialAction":[{"@type":"SearchAction","target":{"@type":"EntryPoint","urlTemplate":"https:\/\/awakeningtouch.ca\/fr\/?s={search_term_string}"},"query-input":{"@type":"PropertyValueSpecification","valueRequired":true,"valueName":"search_term_string"}}],"inLanguage":"fr-FR"}]}},"_links":{"self":[{"href":"https:\/\/awakeningtouch.ca\/fr\/wp-json\/wp\/v2\/pages\/72","targetHints":{"allow":["GET"]}}],"collection":[{"href":"https:\/\/awakeningtouch.ca\/fr\/wp-json\/wp\/v2\/pages"}],"about":[{"href":"https:\/\/awakeningtouch.ca\/fr\/wp-json\/wp\/v2\/types\/page"}],"author":[{"embeddable":true,"href":"https:\/\/awakeningtouch.ca\/fr\/wp-json\/wp\/v2\/users\/1"}],"replies":[{"embeddable":true,"href":"https:\/\/awakeningtouch.ca\/fr\/wp-json\/wp\/v2\/comments?post=72"}],"version-history":[{"count":5,"href":"https:\/\/awakeningtouch.ca\/fr\/wp-json\/wp\/v2\/pages\/72\/revisions"}],"predecessor-version":[{"id":6785,"href":"https:\/\/awakeningtouch.ca\/fr\/wp-json\/wp\/v2\/pages\/72\/revisions\/6785"}],"wp:attachment":[{"href":"https:\/\/awakeningtouch.ca\/fr\/wp-json\/wp\/v2\/media?parent=72"}],"curies":[{"name":"wp","href":"https:\/\/api.w.org\/{rel}","templated":true}]}}