{"id":11889,"date":"2025-02-03T14:45:41","date_gmt":"2025-02-03T19:45:41","guid":{"rendered":"https:\/\/awakeningtouch.ca\/?page_id=11889"},"modified":"2025-02-03T15:22:28","modified_gmt":"2025-02-03T20:22:28","slug":"audio-portail-dimbolc-visualisation","status":"publish","type":"page","link":"https:\/\/awakeningtouch.ca\/fr\/audio-portail-dimbolc-visualisation\/","title":{"rendered":"Audio &#8211; Portail d&rsquo;Imbolc &#8211; visualisation"},"content":{"rendered":"<p>[et_pb_section fb_built=\u00a0\u00bb1&Prime; custom_padding_last_edited=\u00a0\u00bbon|phone\u00a0\u00bb admin_label=\u00a0\u00bbbienvenue \u00e0 l&rsquo;audio&#8230;\u00a0\u00bb _builder_version=\u00a0\u00bb4.24.0&Prime; _module_preset=\u00a0\u00bbdefault\u00a0\u00bb background_color=\u00a0\u00bbRGBA(255,255,255,0)\u00a0\u00bb custom_padding_tablet=\u00a0\u00bb50px||50px||true|false\u00a0\u00bb custom_padding_phone=\u00a0\u00bb50px||50px||true|false\u00a0\u00bb collapsed=\u00a0\u00bboff\u00a0\u00bb global_colors_info=\u00a0\u00bb{}\u00a0\u00bb][et_pb_row _builder_version=\u00a0\u00bb4.17.4&Prime; _module_preset=\u00a0\u00bbdefault\u00a0\u00bb max_width=\u00a0\u00bb2560px\u00a0\u00bb custom_margin=\u00a0\u00bb0px||0px||false|false\u00a0\u00bb custom_padding=\u00a0\u00bb0px||0px||false|false\u00a0\u00bb global_colors_info=\u00a0\u00bb{}\u00a0\u00bb][et_pb_column type=\u00a0\u00bb4_4&Prime; _builder_version=\u00a0\u00bb4.17.4&Prime; _module_preset=\u00a0\u00bbdefault\u00a0\u00bb global_colors_info=\u00a0\u00bb{}\u00a0\u00bb][et_pb_text _builder_version=\u00a0\u00bb4.24.0&Prime; _module_preset=\u00a0\u00bbdefault\u00a0\u00bb text_font=\u00a0\u00bb||||||||\u00a0\u00bb text_text_color=\u00a0\u00bb#653D20&Prime; text_line_height=\u00a0\u00bb1.6em\u00a0\u00bb link_text_color=\u00a0\u00bb#EF8680&Prime; header_text_color=\u00a0\u00bb#CA6846&Prime; header_2_font=\u00a0\u00bb||||||||\u00a0\u00bb header_2_font_size=\u00a0\u00bb35px\u00a0\u00bb header_3_font=\u00a0\u00bbCabin Sketch|700||on|||||\u00a0\u00bb header_3_text_color=\u00a0\u00bb#653D20&Prime; header_3_font_size=\u00a0\u00bb42px\u00a0\u00bb header_4_font=\u00a0\u00bbPoppins||||||||\u00a0\u00bb header_4_text_color=\u00a0\u00bb#653d20&Prime; header_4_font_size=\u00a0\u00bb24px\u00a0\u00bb header_5_font=\u00a0\u00bbDancing Script|600|||||||\u00a0\u00bb header_5_text_color=\u00a0\u00bb#85999e\u00a0\u00bb header_5_font_size=\u00a0\u00bb31px\u00a0\u00bb header_5_line_height=\u00a0\u00bb1.3em\u00a0\u00bb header_6_font=\u00a0\u00bbPoppins||on||||||\u00a0\u00bb header_6_text_color=\u00a0\u00bb#85999e\u00a0\u00bb header_6_font_size=\u00a0\u00bb18px\u00a0\u00bb header_6_line_height=\u00a0\u00bb1.6em\u00a0\u00bb height=\u00a0\u00bb41&Prime; custom_margin=\u00a0\u00bb30px||||false|false\u00a0\u00bb text_font_size_tablet=\u00a0\u00bb\u00a0\u00bb text_font_size_phone=\u00a0\u00bb15px\u00a0\u00bb text_font_size_last_edited=\u00a0\u00bbon|phone\u00a0\u00bb header_font_size_tablet=\u00a0\u00bb38px\u00a0\u00bb header_font_size_phone=\u00a0\u00bb30px\u00a0\u00bb header_font_size_last_edited=\u00a0\u00bbon|phone\u00a0\u00bb header_2_font_size_tablet=\u00a0\u00bb35px\u00a0\u00bb header_2_font_size_phone=\u00a0\u00bb29px\u00a0\u00bb header_2_font_size_last_edited=\u00a0\u00bbon|phone\u00a0\u00bb header_3_font_size_tablet=\u00a0\u00bb42px\u00a0\u00bb header_3_font_size_phone=\u00a0\u00bb32px\u00a0\u00bb header_3_font_size_last_edited=\u00a0\u00bbon|phone\u00a0\u00bb saved_tabs=\u00a0\u00bball\u00a0\u00bb global_colors_info=\u00a0\u00bb{}\u00a0\u00bb]<\/p>\n<h2>Bienvenue \u00e0 l&rsquo;audio &#8230;.<\/h2>\n<p>[\/et_pb_text][\/et_pb_column][\/et_pb_row][et_pb_row column_structure=\u00a0\u00bb2_3,1_3&Prime; _builder_version=\u00a0\u00bb4.24.0&Prime; _module_preset=\u00a0\u00bbdefault\u00a0\u00bb max_width=\u00a0\u00bb2560px\u00a0\u00bb custom_margin=\u00a0\u00bb0px||0px||false|false\u00a0\u00bb custom_padding=\u00a0\u00bb0px||0px||false|false\u00a0\u00bb global_colors_info=\u00a0\u00bb{}\u00a0\u00bb][et_pb_column type=\u00a0\u00bb2_3&Prime; _builder_version=\u00a0\u00bb4.17.4&Prime; _module_preset=\u00a0\u00bbdefault\u00a0\u00bb global_colors_info=\u00a0\u00bb{}\u00a0\u00bb][et_pb_text _builder_version=\u00a0\u00bb4.27.4&Prime; _module_preset=\u00a0\u00bbdefault\u00a0\u00bb text_font=\u00a0\u00bb||||||||\u00a0\u00bb text_text_color=\u00a0\u00bb#653D20&Prime; text_line_height=\u00a0\u00bb1.6em\u00a0\u00bb link_text_color=\u00a0\u00bb#EF8680&Prime; header_text_color=\u00a0\u00bb#CA6846&Prime; header_2_font=\u00a0\u00bb||||||||\u00a0\u00bb header_2_font_size=\u00a0\u00bb35px\u00a0\u00bb header_3_font=\u00a0\u00bbCabin Sketch|700||on|||||\u00a0\u00bb header_3_text_color=\u00a0\u00bb#653D20&Prime; header_3_font_size=\u00a0\u00bb42px\u00a0\u00bb header_4_font=\u00a0\u00bbPoppins||||||||\u00a0\u00bb header_4_text_color=\u00a0\u00bb#653d20&Prime; header_4_font_size=\u00a0\u00bb24px\u00a0\u00bb header_5_font=\u00a0\u00bbDancing Script|600|||||||\u00a0\u00bb header_5_text_color=\u00a0\u00bb#85999e\u00a0\u00bb header_5_font_size=\u00a0\u00bb31px\u00a0\u00bb header_5_line_height=\u00a0\u00bb1.3em\u00a0\u00bb header_6_font=\u00a0\u00bbPoppins||on||||||\u00a0\u00bb header_6_text_color=\u00a0\u00bb#85999e\u00a0\u00bb header_6_font_size=\u00a0\u00bb18px\u00a0\u00bb header_6_line_height=\u00a0\u00bb1.6em\u00a0\u00bb height=\u00a0\u00bb41&Prime; custom_margin=\u00a0\u00bb30px||30px||false|false\u00a0\u00bb text_font_size_tablet=\u00a0\u00bb\u00a0\u00bb text_font_size_phone=\u00a0\u00bb15px\u00a0\u00bb text_font_size_last_edited=\u00a0\u00bbon|phone\u00a0\u00bb header_font_size_tablet=\u00a0\u00bb38px\u00a0\u00bb header_font_size_phone=\u00a0\u00bb30px\u00a0\u00bb header_font_size_last_edited=\u00a0\u00bbon|phone\u00a0\u00bb header_2_font_size_tablet=\u00a0\u00bb35px\u00a0\u00bb header_2_font_size_phone=\u00a0\u00bb29px\u00a0\u00bb header_2_font_size_last_edited=\u00a0\u00bbon|phone\u00a0\u00bb header_3_font_size_tablet=\u00a0\u00bb42px\u00a0\u00bb header_3_font_size_phone=\u00a0\u00bb32px\u00a0\u00bb header_3_font_size_last_edited=\u00a0\u00bbon|phone\u00a0\u00bb saved_tabs=\u00a0\u00bball\u00a0\u00bb global_colors_info=\u00a0\u00bb{}\u00a0\u00bb]<\/p>\n<p>Cette visualisation vous invite \u00e0 rassembler vos dons et \u00e0 passer le portail d&rsquo;Imbolc et des nouveaux d\u00e9parts. <br \/>Vous pouvez utiliser cette visualisation pour tout moment de nouveau d\u00e9part et d&rsquo;\u00e9lan de clart\u00e9, quelle que soit la p\u00e9riode de l&rsquo;ann\u00e9e.<\/p>\n<p>audio \u00e0 venir bient\u00f4t &#8230;<\/p>\n<p>&nbsp;<\/p>\n<p>&nbsp;<\/p>\n<p>[\/et_pb_text][\/et_pb_column][et_pb_column type=\u00a0\u00bb1_3&Prime; _builder_version=\u00a0\u00bb4.24.0&Prime; _module_preset=\u00a0\u00bbdefault\u00a0\u00bb global_colors_info=\u00a0\u00bb{}\u00a0\u00bb][et_pb_image src=\u00a0\u00bbhttps:\/\/awakeningtouch.ca\/wp-content\/uploads\/2025\/02\/imbolc-visualisation-awakening-touch.jpg\u00a0\u00bb title_text=\u00a0\u00bbimbolc visualisation awakening touch\u00a0\u00bb _builder_version=\u00a0\u00bb4.27.4&Prime; _module_preset=\u00a0\u00bbdefault\u00a0\u00bb width=\u00a0\u00bb70%\u00a0\u00bb hover_enabled=\u00a0\u00bb0&Prime; global_colors_info=\u00a0\u00bb{}\u00a0\u00bb sticky_enabled=\u00a0\u00bb0&Prime;][\/et_pb_image][\/et_pb_column][\/et_pb_row][et_pb_row _builder_version=\u00a0\u00bb4.24.0&Prime; _module_preset=\u00a0\u00bbdefault\u00a0\u00bb global_colors_info=\u00a0\u00bb{}\u00a0\u00bb][et_pb_column type=\u00a0\u00bb4_4&Prime; _builder_version=\u00a0\u00bb4.24.0&Prime; _module_preset=\u00a0\u00bbdefault\u00a0\u00bb global_colors_info=\u00a0\u00bb{}\u00a0\u00bb][et_pb_text _builder_version=\u00a0\u00bb4.24.0&Prime; _module_preset=\u00a0\u00bbdefault\u00a0\u00bb text_font=\u00a0\u00bb||||||||\u00a0\u00bb text_text_color=\u00a0\u00bb#653D20&Prime; text_line_height=\u00a0\u00bb1.6em\u00a0\u00bb link_text_color=\u00a0\u00bb#EF8680&Prime; header_text_color=\u00a0\u00bb#CA6846&Prime; header_2_font=\u00a0\u00bb||||||||\u00a0\u00bb header_2_font_size=\u00a0\u00bb35px\u00a0\u00bb header_3_font=\u00a0\u00bbCabin Sketch|700||on|||||\u00a0\u00bb header_3_text_color=\u00a0\u00bb#653D20&Prime; header_3_font_size=\u00a0\u00bb42px\u00a0\u00bb header_4_font=\u00a0\u00bbPoppins||||||||\u00a0\u00bb header_4_text_color=\u00a0\u00bb#653d20&Prime; header_4_font_size=\u00a0\u00bb24px\u00a0\u00bb header_5_font=\u00a0\u00bbDancing Script|600|||||||\u00a0\u00bb header_5_text_color=\u00a0\u00bb#85999e\u00a0\u00bb header_5_font_size=\u00a0\u00bb31px\u00a0\u00bb header_5_line_height=\u00a0\u00bb1.3em\u00a0\u00bb header_6_font=\u00a0\u00bbPoppins||on||||||\u00a0\u00bb header_6_text_color=\u00a0\u00bb#85999e\u00a0\u00bb header_6_font_size=\u00a0\u00bb18px\u00a0\u00bb header_6_line_height=\u00a0\u00bb1.6em\u00a0\u00bb height=\u00a0\u00bb41&Prime; custom_margin=\u00a0\u00bb30px||30px||false|false\u00a0\u00bb text_font_size_tablet=\u00a0\u00bb\u00a0\u00bb text_font_size_phone=\u00a0\u00bb15px\u00a0\u00bb text_font_size_last_edited=\u00a0\u00bbon|phone\u00a0\u00bb header_font_size_tablet=\u00a0\u00bb38px\u00a0\u00bb header_font_size_phone=\u00a0\u00bb30px\u00a0\u00bb header_font_size_last_edited=\u00a0\u00bbon|phone\u00a0\u00bb header_2_font_size_tablet=\u00a0\u00bb35px\u00a0\u00bb header_2_font_size_phone=\u00a0\u00bb29px\u00a0\u00bb header_2_font_size_last_edited=\u00a0\u00bbon|phone\u00a0\u00bb header_3_font_size_tablet=\u00a0\u00bb42px\u00a0\u00bb header_3_font_size_phone=\u00a0\u00bb32px\u00a0\u00bb header_3_font_size_last_edited=\u00a0\u00bbon|phone\u00a0\u00bb saved_tabs=\u00a0\u00bball\u00a0\u00bb global_colors_info=\u00a0\u00bb{}\u00a0\u00bb]<\/p>\n<p><a href=\"https:\/\/awakeningtouch.ca\/fr\/audios\/\" target=\"_blank\" rel=\"noopener\">VOIR LES AUTRES AUDIOS<\/a><\/p>\n<p>[\/et_pb_text][\/et_pb_column][\/et_pb_row][\/et_pb_section][et_pb_section fb_built=\u00a0\u00bb1&Prime; custom_padding_last_edited=\u00a0\u00bbon|phone\u00a0\u00bb admin_label=\u00a0\u00bbsection call to action\u00a0\u00bb _builder_version=\u00a0\u00bb4.17.4&Prime; _module_preset=\u00a0\u00bbdefault\u00a0\u00bb background_enable_color=\u00a0\u00bboff\u00a0\u00bb background_image=\u00a0\u00bbhttps:\/\/awakeningtouch.ca\/wp-content\/uploads\/2022\/06\/appel-a-l-action-5.jpg\u00a0\u00bb custom_padding_tablet=\u00a0\u00bb30px||20px||false|false\u00a0\u00bb custom_padding_phone=\u00a0\u00bb30px||20px||false|false\u00a0\u00bb background_last_edited=\u00a0\u00bbon|phone\u00a0\u00bb background_enable_image_tablet=\u00a0\u00bboff\u00a0\u00bb global_colors_info=\u00a0\u00bb{}\u00a0\u00bb][et_pb_row _builder_version=\u00a0\u00bb4.17.4&Prime; _module_preset=\u00a0\u00bbdefault\u00a0\u00bb global_colors_info=\u00a0\u00bb{}\u00a0\u00bb][et_pb_column type=\u00a0\u00bb4_4&Prime; _builder_version=\u00a0\u00bb4.17.4&Prime; _module_preset=\u00a0\u00bbdefault\u00a0\u00bb global_colors_info=\u00a0\u00bb{}\u00a0\u00bb][et_pb_text _builder_version=\u00a0\u00bb4.22.2&Prime; _module_preset=\u00a0\u00bbdefault\u00a0\u00bb text_font=\u00a0\u00bb||||||||\u00a0\u00bb text_text_color=\u00a0\u00bb#1c6873&Prime; text_line_height=\u00a0\u00bb1.6em\u00a0\u00bb link_text_color=\u00a0\u00bb#EF8680&Prime; header_text_color=\u00a0\u00bb#CA6846&Prime; header_2_text_color=\u00a0\u00bb#1c6873&Prime; header_2_font_size=\u00a0\u00bb35px\u00a0\u00bb header_3_font=\u00a0\u00bb||||||||\u00a0\u00bb header_3_text_align=\u00a0\u00bbcenter\u00a0\u00bb header_3_text_color=\u00a0\u00bb#653D20&Prime; header_3_font_size=\u00a0\u00bb32px\u00a0\u00bb header_3_line_height=\u00a0\u00bb1.4em\u00a0\u00bb header_4_font=\u00a0\u00bbPoppins|||on|||||\u00a0\u00bb header_4_text_color=\u00a0\u00bb#653d20&Prime; header_4_font_size=\u00a0\u00bb24px\u00a0\u00bb header_5_font=\u00a0\u00bbDancing Script||||||||\u00a0\u00bb header_5_text_color=\u00a0\u00bb#85999e\u00a0\u00bb header_5_font_size=\u00a0\u00bb40px\u00a0\u00bb header_6_font=\u00a0\u00bbPoppins||on||||||\u00a0\u00bb header_6_text_color=\u00a0\u00bb#85999e\u00a0\u00bb header_6_font_size=\u00a0\u00bb18px\u00a0\u00bb header_6_line_height=\u00a0\u00bb1.6em\u00a0\u00bb custom_margin=\u00a0\u00bb||||true|true\u00a0\u00bb custom_padding=\u00a0\u00bb60px||50px||false|false\u00a0\u00bb custom_padding_tablet=\u00a0\u00bb0px||0px||false|false\u00a0\u00bb custom_padding_phone=\u00a0\u00bb0px||0px||false|false\u00a0\u00bb custom_padding_last_edited=\u00a0\u00bbon|desktop\u00a0\u00bb text_font_size_tablet=\u00a0\u00bb\u00a0\u00bb text_font_size_phone=\u00a0\u00bb15px\u00a0\u00bb text_font_size_last_edited=\u00a0\u00bbon|phone\u00a0\u00bb header_font_size_tablet=\u00a0\u00bb38px\u00a0\u00bb header_font_size_phone=\u00a0\u00bb30px\u00a0\u00bb header_font_size_last_edited=\u00a0\u00bbon|phone\u00a0\u00bb header_2_font_size_tablet=\u00a0\u00bb35px\u00a0\u00bb header_2_font_size_phone=\u00a0\u00bb29px\u00a0\u00bb header_2_font_size_last_edited=\u00a0\u00bbon|phone\u00a0\u00bb header_3_font_size_tablet=\u00a0\u00bb32px\u00a0\u00bb header_3_font_size_phone=\u00a0\u00bb26px\u00a0\u00bb header_3_font_size_last_edited=\u00a0\u00bbon|desktop\u00a0\u00bb saved_tabs=\u00a0\u00bball\u00a0\u00bb global_colors_info=\u00a0\u00bb{}\u00a0\u00bb]<\/p>\n<h3 style=\"text-align: center;\">Ma passion est de vous donner les moyens de d\u00e9velopper votre plein potentiel et d&rsquo;\u00eatre le t\u00e9moin de la manifestation de votre don dans toute votre vie.<\/h3>\n<h3 style=\"text-align: center;\"><a href=\"https:\/\/awakeningtouch.ca\/fr\/contact\/\">Contactez-moi<\/a> pour planifier un appel gratuit !<\/h3>\n<p>[\/et_pb_text][\/et_pb_column][\/et_pb_row][et_pb_row _builder_version=\u00a0\u00bb4.17.4&Prime; _module_preset=\u00a0\u00bbdefault\u00a0\u00bb width=\u00a0\u00bb100%\u00a0\u00bb custom_margin=\u00a0\u00bb||0px||false|false\u00a0\u00bb global_colors_info=\u00a0\u00bb{}\u00a0\u00bb][et_pb_column type=\u00a0\u00bb4_4&Prime; _builder_version=\u00a0\u00bb4.17.4&Prime; _module_preset=\u00a0\u00bbdefault\u00a0\u00bb global_colors_info=\u00a0\u00bb{}\u00a0\u00bb][et_pb_image title_text=\u00a0\u00bbgita-schneider-1&Prime; show_bottom_space=\u00a0\u00bboff\u00a0\u00bb src_tablet=\u00a0\u00bbhttps:\/\/awakeningtouch.ca\/wp-content\/uploads\/2022\/06\/gita-schneider-1.jpg\u00a0\u00bb src_phone=\u00a0\u00bbhttps:\/\/awakeningtouch.ca\/wp-content\/uploads\/2022\/06\/gita-schneider-1.jpg\u00a0\u00bb src_last_edited=\u00a0\u00bbon|desktop\u00a0\u00bb _builder_version=\u00a0\u00bb4.17.4&Prime; _module_preset=\u00a0\u00bbdefault\u00a0\u00bb global_colors_info=\u00a0\u00bb{}\u00a0\u00bb][\/et_pb_image][\/et_pb_column][\/et_pb_row][\/et_pb_section]<\/p>\n","protected":false},"excerpt":{"rendered":"<p>Bienvenue \u00e0 l&rsquo;audio &#8230;.Cette visualisation vous invite \u00e0 rassembler vos dons et \u00e0 passer le portail d&rsquo;Imbolc et des nouveaux d\u00e9parts. Vous pouvez utiliser cette visualisation pour tout moment de nouveau d\u00e9part et d&rsquo;\u00e9lan de clart\u00e9, quelle que soit la p\u00e9riode de l&rsquo;ann\u00e9e. audio \u00e0 venir bient\u00f4t &#8230; &nbsp; &nbsp;VOIR LES AUTRES AUDIOSMa passion est <a class=\"read-more-link\" href=\"https:\/\/awakeningtouch.ca\/fr\/audio-portail-dimbolc-visualisation\/\">Read More<\/a><\/p>\n","protected":false},"author":2,"featured_media":0,"parent":0,"menu_order":0,"comment_status":"closed","ping_status":"closed","template":"","meta":{"_et_pb_use_builder":"on","_et_pb_old_content":"","_et_gb_content_width":"","_monsterinsights_skip_tracking":false,"_monsterinsights_sitenote_active":false,"_monsterinsights_sitenote_note":"","_monsterinsights_sitenote_category":0,"footnotes":""},"class_list":["post-11889","page","type-page","status-publish","hentry"],"yoast_head":"<!-- This site is optimized with the Yoast SEO plugin v27.4 - https:\/\/yoast.com\/product\/yoast-seo-wordpress\/ -->\n<title>Voayage chamanique | AwakeningTouch<\/title>\n<meta name=\"robots\" content=\"index, follow, max-snippet:-1, max-image-preview:large, max-video-preview:-1\" \/>\n<link rel=\"canonical\" href=\"https:\/\/awakeningtouch.ca\/fr\/audio-portail-dimbolc-visualisation\/\" \/>\n<meta property=\"og:locale\" content=\"fr_FR\" \/>\n<meta property=\"og:type\" content=\"article\" \/>\n<meta property=\"og:title\" content=\"Voayage chamanique | AwakeningTouch\" \/>\n<meta property=\"og:description\" content=\"Bienvenue \u00e0 l&#039;audio ....Cette visualisation vous invite \u00e0 rassembler vos dons et \u00e0 passer le portail d&#039;Imbolc et des nouveaux d\u00e9parts. Vous pouvez utiliser cette visualisation pour tout moment de nouveau d\u00e9part et d&#039;\u00e9lan de clart\u00e9, quelle que soit la p\u00e9riode de l&#039;ann\u00e9e. audio \u00e0 venir bient\u00f4t ... &nbsp; &nbsp;VOIR LES AUTRES AUDIOSMa passion est Read More\" \/>\n<meta property=\"og:url\" content=\"https:\/\/awakeningtouch.ca\/fr\/audio-portail-dimbolc-visualisation\/\" \/>\n<meta property=\"og:site_name\" content=\"Awakening Touch\" \/>\n<meta property=\"article:modified_time\" content=\"2025-02-03T20:22:28+00:00\" \/>\n<meta property=\"og:image\" content=\"https:\/\/awakeningtouch.ca\/wp-content\/uploads\/2025\/02\/imbolc-visualisation-awakening-touch.jpg\" \/>\n\t<meta property=\"og:image:width\" content=\"743\" \/>\n\t<meta property=\"og:image:height\" content=\"627\" \/>\n\t<meta property=\"og:image:type\" content=\"image\/jpeg\" \/>\n<meta name=\"twitter:card\" content=\"summary_large_image\" \/>\n<meta name=\"twitter:image\" content=\"https:\/\/awakeningtouch.ca\/wp-content\/uploads\/2022\/06\/bann-programme-sagesse-saisons.jpg\" \/>\n<meta name=\"twitter:label1\" content=\"Dur\u00e9e de lecture estim\u00e9e\" \/>\n\t<meta name=\"twitter:data1\" content=\"1 minute\" \/>\n<script type=\"application\/ld+json\" class=\"yoast-schema-graph\">{\"@context\":\"https:\\\/\\\/schema.org\",\"@graph\":[{\"@type\":\"WebPage\",\"@id\":\"https:\\\/\\\/awakeningtouch.ca\\\/fr\\\/audio-portail-dimbolc-visualisation\\\/\",\"url\":\"https:\\\/\\\/awakeningtouch.ca\\\/fr\\\/audio-portail-dimbolc-visualisation\\\/\",\"name\":\"Voayage chamanique | AwakeningTouch\",\"isPartOf\":{\"@id\":\"https:\\\/\\\/awakeningtouch.ca\\\/fr\\\/#website\"},\"datePublished\":\"2025-02-03T19:45:41+00:00\",\"dateModified\":\"2025-02-03T20:22:28+00:00\",\"breadcrumb\":{\"@id\":\"https:\\\/\\\/awakeningtouch.ca\\\/fr\\\/audio-portail-dimbolc-visualisation\\\/#breadcrumb\"},\"inLanguage\":\"fr-FR\",\"potentialAction\":[{\"@type\":\"ReadAction\",\"target\":[\"https:\\\/\\\/awakeningtouch.ca\\\/fr\\\/audio-portail-dimbolc-visualisation\\\/\"]}]},{\"@type\":\"BreadcrumbList\",\"@id\":\"https:\\\/\\\/awakeningtouch.ca\\\/fr\\\/audio-portail-dimbolc-visualisation\\\/#breadcrumb\",\"itemListElement\":[{\"@type\":\"ListItem\",\"position\":1,\"name\":\"Accueil\",\"item\":\"https:\\\/\\\/awakeningtouch.ca\\\/fr\\\/\"},{\"@type\":\"ListItem\",\"position\":2,\"name\":\"Audio &#8211; Portail d&#8217;Imbolc &#8211; visualisation\"}]},{\"@type\":\"WebSite\",\"@id\":\"https:\\\/\\\/awakeningtouch.ca\\\/fr\\\/#website\",\"url\":\"https:\\\/\\\/awakeningtouch.ca\\\/fr\\\/\",\"name\":\"Awakening Touch\",\"description\":\"\",\"potentialAction\":[{\"@type\":\"SearchAction\",\"target\":{\"@type\":\"EntryPoint\",\"urlTemplate\":\"https:\\\/\\\/awakeningtouch.ca\\\/fr\\\/?s={search_term_string}\"},\"query-input\":{\"@type\":\"PropertyValueSpecification\",\"valueRequired\":true,\"valueName\":\"search_term_string\"}}],\"inLanguage\":\"fr-FR\"}]}<\/script>\n<!-- \/ Yoast SEO plugin. -->","yoast_head_json":{"title":"Voayage chamanique | AwakeningTouch","robots":{"index":"index","follow":"follow","max-snippet":"max-snippet:-1","max-image-preview":"max-image-preview:large","max-video-preview":"max-video-preview:-1"},"canonical":"https:\/\/awakeningtouch.ca\/fr\/audio-portail-dimbolc-visualisation\/","og_locale":"fr_FR","og_type":"article","og_title":"Voayage chamanique | AwakeningTouch","og_description":"Bienvenue \u00e0 l'audio ....Cette visualisation vous invite \u00e0 rassembler vos dons et \u00e0 passer le portail d'Imbolc et des nouveaux d\u00e9parts. Vous pouvez utiliser cette visualisation pour tout moment de nouveau d\u00e9part et d'\u00e9lan de clart\u00e9, quelle que soit la p\u00e9riode de l'ann\u00e9e. audio \u00e0 venir bient\u00f4t ... &nbsp; &nbsp;VOIR LES AUTRES AUDIOSMa passion est Read More","og_url":"https:\/\/awakeningtouch.ca\/fr\/audio-portail-dimbolc-visualisation\/","og_site_name":"Awakening Touch","article_modified_time":"2025-02-03T20:22:28+00:00","og_image":[{"width":743,"height":627,"url":"https:\/\/awakeningtouch.ca\/wp-content\/uploads\/2025\/02\/imbolc-visualisation-awakening-touch.jpg","type":"image\/jpeg"}],"twitter_card":"summary_large_image","twitter_image":"https:\/\/awakeningtouch.ca\/wp-content\/uploads\/2022\/06\/bann-programme-sagesse-saisons.jpg","twitter_misc":{"Dur\u00e9e de lecture estim\u00e9e":"1 minute"},"schema":{"@context":"https:\/\/schema.org","@graph":[{"@type":"WebPage","@id":"https:\/\/awakeningtouch.ca\/fr\/audio-portail-dimbolc-visualisation\/","url":"https:\/\/awakeningtouch.ca\/fr\/audio-portail-dimbolc-visualisation\/","name":"Voayage chamanique | AwakeningTouch","isPartOf":{"@id":"https:\/\/awakeningtouch.ca\/fr\/#website"},"datePublished":"2025-02-03T19:45:41+00:00","dateModified":"2025-02-03T20:22:28+00:00","breadcrumb":{"@id":"https:\/\/awakeningtouch.ca\/fr\/audio-portail-dimbolc-visualisation\/#breadcrumb"},"inLanguage":"fr-FR","potentialAction":[{"@type":"ReadAction","target":["https:\/\/awakeningtouch.ca\/fr\/audio-portail-dimbolc-visualisation\/"]}]},{"@type":"BreadcrumbList","@id":"https:\/\/awakeningtouch.ca\/fr\/audio-portail-dimbolc-visualisation\/#breadcrumb","itemListElement":[{"@type":"ListItem","position":1,"name":"Accueil","item":"https:\/\/awakeningtouch.ca\/fr\/"},{"@type":"ListItem","position":2,"name":"Audio &#8211; Portail d&#8217;Imbolc &#8211; visualisation"}]},{"@type":"WebSite","@id":"https:\/\/awakeningtouch.ca\/fr\/#website","url":"https:\/\/awakeningtouch.ca\/fr\/","name":"Awakening Touch","description":"","potentialAction":[{"@type":"SearchAction","target":{"@type":"EntryPoint","urlTemplate":"https:\/\/awakeningtouch.ca\/fr\/?s={search_term_string}"},"query-input":{"@type":"PropertyValueSpecification","valueRequired":true,"valueName":"search_term_string"}}],"inLanguage":"fr-FR"}]}},"_links":{"self":[{"href":"https:\/\/awakeningtouch.ca\/fr\/wp-json\/wp\/v2\/pages\/11889","targetHints":{"allow":["GET"]}}],"collection":[{"href":"https:\/\/awakeningtouch.ca\/fr\/wp-json\/wp\/v2\/pages"}],"about":[{"href":"https:\/\/awakeningtouch.ca\/fr\/wp-json\/wp\/v2\/types\/page"}],"author":[{"embeddable":true,"href":"https:\/\/awakeningtouch.ca\/fr\/wp-json\/wp\/v2\/users\/2"}],"replies":[{"embeddable":true,"href":"https:\/\/awakeningtouch.ca\/fr\/wp-json\/wp\/v2\/comments?post=11889"}],"version-history":[{"count":5,"href":"https:\/\/awakeningtouch.ca\/fr\/wp-json\/wp\/v2\/pages\/11889\/revisions"}],"predecessor-version":[{"id":11913,"href":"https:\/\/awakeningtouch.ca\/fr\/wp-json\/wp\/v2\/pages\/11889\/revisions\/11913"}],"wp:attachment":[{"href":"https:\/\/awakeningtouch.ca\/fr\/wp-json\/wp\/v2\/media?parent=11889"}],"curies":[{"name":"wp","href":"https:\/\/api.w.org\/{rel}","templated":true}]}}