{"id":11315,"date":"2024-10-24T11:27:43","date_gmt":"2024-10-24T15:27:43","guid":{"rendered":"https:\/\/awakeningtouch.ca\/?page_id=11315"},"modified":"2024-10-24T11:56:48","modified_gmt":"2024-10-24T15:56:48","slug":"connexion","status":"publish","type":"page","link":"https:\/\/awakeningtouch.ca\/fr\/connexion\/","title":{"rendered":"Connexion"},"content":{"rendered":"<p>[et_pb_section fb_built=\u00a0\u00bb1&Prime; _builder_version=\u00a0\u00bb4.27.2&Prime; _module_preset=\u00a0\u00bbdefault\u00a0\u00bb background_color=\u00a0\u00bbRGBA(255,255,255,0)\u00a0\u00bb background_enable_image=\u00a0\u00bboff\u00a0\u00bb parallax=\u00a0\u00bbon\u00a0\u00bb hover_enabled=\u00a0\u00bb0&Prime; global_colors_info=\u00a0\u00bb{}\u00a0\u00bb sticky_enabled=\u00a0\u00bb0&Prime;][et_pb_row use_custom_gutter=\u00a0\u00bbon\u00a0\u00bb gutter_width=\u00a0\u00bb1&Prime; make_equal=\u00a0\u00bbon\u00a0\u00bb _builder_version=\u00a0\u00bb4.16&Prime; _module_preset=\u00a0\u00bbdefault\u00a0\u00bb background_color=\u00a0\u00bb#ffffff\u00a0\u00bb max_width=\u00a0\u00bb1100px\u00a0\u00bb custom_margin=\u00a0\u00bb0px||25px||false|false\u00a0\u00bb custom_padding=\u00a0\u00bb0px||0px||false|false\u00a0\u00bb border_radii=\u00a0\u00bbon|6px|6px|6px|6px\u00a0\u00bb global_colors_info=\u00a0\u00bb{}\u00a0\u00bb][et_pb_column type=\u00a0\u00bb4_4&Prime; _builder_version=\u00a0\u00bb4.16&Prime; _module_preset=\u00a0\u00bbdefault\u00a0\u00bb background_color=\u00a0\u00bb#ffffff\u00a0\u00bb custom_padding=\u00a0\u00bb50px|50px|50px|50px|true|true\u00a0\u00bb custom_padding_tablet=\u00a0\u00bb40px|25px|40px|25px|true|true\u00a0\u00bb custom_padding_phone=\u00a0\u00bb|20px||20px|false|true\u00a0\u00bb custom_padding_last_edited=\u00a0\u00bbon|phone\u00a0\u00bb global_colors_info=\u00a0\u00bb{}\u00a0\u00bb][et_pb_text _builder_version=\u00a0\u00bb4.27.2&Prime; _module_preset=\u00a0\u00bbdefault\u00a0\u00bb text_font=\u00a0\u00bb||||||||\u00a0\u00bb text_text_color=\u00a0\u00bb#653d20&Prime; text_line_height=\u00a0\u00bb1.6em\u00a0\u00bb link_text_color=\u00a0\u00bb#EF8680&Prime; header_text_color=\u00a0\u00bb#CA6846&Prime; header_2_font_size=\u00a0\u00bb35px\u00a0\u00bb header_3_font=\u00a0\u00bb||||||||\u00a0\u00bb header_3_text_color=\u00a0\u00bb#ffffff\u00a0\u00bb header_3_font_size=\u00a0\u00bb30px\u00a0\u00bb header_4_font=\u00a0\u00bbPoppins||||||||\u00a0\u00bb header_4_text_color=\u00a0\u00bb#653d20&Prime; header_4_font_size=\u00a0\u00bb24px\u00a0\u00bb header_5_font=\u00a0\u00bbDancing Script|600|||||||\u00a0\u00bb header_5_text_color=\u00a0\u00bb#85999e\u00a0\u00bb header_5_font_size=\u00a0\u00bb31px\u00a0\u00bb header_5_line_height=\u00a0\u00bb1.3em\u00a0\u00bb header_6_font=\u00a0\u00bbPoppins||on||||||\u00a0\u00bb header_6_text_color=\u00a0\u00bb#85999e\u00a0\u00bb header_6_font_size=\u00a0\u00bb18px\u00a0\u00bb header_6_line_height=\u00a0\u00bb1.6em\u00a0\u00bb custom_margin=\u00a0\u00bb30px||30px||false|false\u00a0\u00bb text_font_size_tablet=\u00a0\u00bb\u00a0\u00bb text_font_size_phone=\u00a0\u00bb15px\u00a0\u00bb text_font_size_last_edited=\u00a0\u00bbon|phone\u00a0\u00bb header_font_size_tablet=\u00a0\u00bb38px\u00a0\u00bb header_font_size_phone=\u00a0\u00bb30px\u00a0\u00bb header_font_size_last_edited=\u00a0\u00bbon|phone\u00a0\u00bb header_2_font_size_tablet=\u00a0\u00bb35px\u00a0\u00bb header_2_font_size_phone=\u00a0\u00bb29px\u00a0\u00bb header_2_font_size_last_edited=\u00a0\u00bbon|phone\u00a0\u00bb saved_tabs=\u00a0\u00bball\u00a0\u00bb global_colors_info=\u00a0\u00bb{}\u00a0\u00bb]<div class=\"learndash-wrapper ld-registration__outer-wrapper\">\n\t<div class=\"ld-registration__size-wrapper\" style=\"\" >\n\t\t<div\n\t\t\tclass=\"ld-registration__wrapper\"\n\t\t\tdata-js=\"learndash-view\"\n\t\t\tdata-learndash-breakpoints=\"{&quot;breakpoints&quot;:{&quot;mobile&quot;:375,&quot;tablet&quot;:420,&quot;extra-small&quot;:600,&quot;small&quot;:720,&quot;medium&quot;:960,&quot;large&quot;:1240,&quot;wide&quot;:1440}}\"\n\t\t\tdata-learndash-breakpoint-pointer=\"ff2e9476-fe49-4f68-a131-c63f3e376833\"\n\t\t>\n\t\t\t\n\t\t\t\t\t\t\t<div class=\"ld-registration__form\">\n\n\t\t\t\t\t<div class=\"ld-registration__register\">\n\t<h2 class=\"ld-registration__heading ld-registration-register__heading\">\n\t\t\t\t\tInscription\t\t\t<\/h2>\n\n\t<p class=\"ld-registration__p\">\n\t\t\t\t\tVous avez d\u00e9j\u00e0 un compte ?\t\t\t<a class=\"ld-registration__login-link\" role=\"button\" href=\"\">\n\t\t\t\tConnexion\t\t\t<\/a>\n\t\t\t<\/p>\n\t<\/div>\n\t\t\t\t\t\t\t\t\t\t<div class=\"ld-registration__login\">\n\t<h2 class=\"ld-registration__heading ld-registration-register__heading\">\n\t\tConnexion\t<\/h2>\n\n\t<p class=\"ld-registration__p\">\n\t\t\t\t\tAre you a new user?\t\t\t<a class=\"ld-registration__register-link\" role=\"button\" href=\"https:\/\/awakeningtouch.ca\/wp-login.php?action=register\">\n\t\t\t\tInscription\t\t\t<\/a>\n\t\t\t<\/p>\n<\/div>\n<div class=\"ld-registration__login-form\">\n\t<form class=\"ld-form\" name=\"loginform\" id=\"loginform\" action=\"https:\/\/awakeningtouch.ca\/wp-login.php\" method=\"post\"><input id=\"learndash-login-form\" type=\"hidden\" name=\"learndash-login-form\" value=\"3240ffb274\" \/><p class=\"login-username\">\n\t\t\t\t<label for=\"user_login\">Nom d&#039;utilisateur ou courriel *<\/label>\n\t\t\t\t<input type=\"text\" name=\"log\" id=\"user_login\" autocomplete=\"username\" class=\"input ld-form__field\" value=\"\" size=\"20\" \/>\n\t\t\t<\/p><p class=\"login-password\">\n\t\t\t\t<label for=\"user_pass\">Mot de passe *<\/label>\n\t\t\t\t<input type=\"password\" name=\"pwd\" id=\"user_pass\" autocomplete=\"current-password\" spellcheck=\"false\" class=\"input ld-form__field\" value=\"\" size=\"20\" \/>\n\t\t\t<\/p><p class=\"login-remember\"><label><input name=\"rememberme\" type=\"checkbox\" id=\"rememberme\" value=\"forever\" \/> Se souvenir de moi<\/label><\/p><p class=\"login-submit\">\n\t\t\t\t<input type=\"submit\" name=\"wp-submit\" id=\"wp-submit\" class=\"button button-primary wp-element-button\" value=\"Se connecter\" \/>\n\t\t\t\t<input type=\"hidden\" name=\"redirect_to\" value=\"https:\/\/awakeningtouch.ca\/fr\/connexion\/\" \/>\n\t\t\t<\/p><\/form><\/div>\n\n\t\t\t\t\t\t\t\t\t\t\t<form\n\tname=\"learndash_registerform\"\n\tid=\"learndash_registerform\"\n\tclass=\"ld-form ld-registration__register-form\"\n\taction=\"https:\/\/awakeningtouch.ca\/wp-login.php?action=register\"\n\tdata-learndash-validate=\"true\"\n\tmethod=\"post\"\n>\n\t<div class=\"ld-form__field-outer-wrapper learndash-registration-field learndash-registration-field-username learndash-required\">\n\t<label for=\"username\">\n\tUsername\t\t\t<span class=\"required\">(obligatoire)<\/span>\t<\/label>\n\t<div class=\"ld-form__field-wrapper ld-form__field-wrapper--type-text ld-form__field-username-wrapper\">\n\t<input\n\trequired\ttype=\"text\"\n\tid=\"username\"\n\tname=\"user_login\"\n\tvalue=\"\"\n\tclass=\"ld-form__field ld-form__field-user_login ld-form__field--type-text\"\n\t\/>\n<\/div>\n<\/div>\n\t\t\t\t\t\t<div class=\"ld-form__field-outer-wrapper learndash-registration-field learndash-registration-field-email learndash-required\">\n\t<label for=\"email\">\n\tEmail\t\t\t<span class=\"required\">(obligatoire)<\/span>\t<\/label>\n\t<div class=\"ld-form__field-wrapper ld-form__field-wrapper--type-email ld-form__field-email-wrapper\">\n\t<input\n\trequired\ttype=\"email\"\n\tid=\"email\"\n\tname=\"user_email\"\n\tvalue=\"\"\n\tclass=\"ld-form__field ld-form__field-user_email ld-form__field--type-email\"\n\t\/>\n<\/div>\n<\/div>\n\t\t\t\t\t\t<div class=\"ld-form__field-outer-wrapper learndash-registration-field learndash-registration-field-first_name learndash-required\">\n\t<label for=\"first_name\">\n\tFirst name\t\t\t<span class=\"required\">(obligatoire)<\/span>\t<\/label>\n\t<div class=\"ld-form__field-wrapper ld-form__field-wrapper--type-text ld-form__field-first_name-wrapper\">\n\t<input\n\trequired\ttype=\"text\"\n\tid=\"first_name\"\n\tname=\"first_name\"\n\tvalue=\"\"\n\tclass=\"ld-form__field ld-form__field-first_name ld-form__field--type-text\"\n\t\/>\n<\/div>\n<\/div>\n\t\t\t\t\t\t<div class=\"ld-form__field-outer-wrapper learndash-registration-field learndash-registration-field-last_name learndash-required\">\n\t<label for=\"last_name\">\n\tLast name\t\t\t<span class=\"required\">(obligatoire)<\/span>\t<\/label>\n\t<div class=\"ld-form__field-wrapper ld-form__field-wrapper--type-text ld-form__field-last_name-wrapper\">\n\t<input\n\trequired\ttype=\"text\"\n\tid=\"last_name\"\n\tname=\"last_name\"\n\tvalue=\"\"\n\tclass=\"ld-form__field ld-form__field-last_name ld-form__field--type-text\"\n\t\/>\n<\/div>\n<\/div>\n\t\t\t\t\t\t<div class=\"ld-form__field-outer-wrapper learndash-registration-field learndash-registration-field-password learndash-required\">\n\t<label for=\"password\">\n\tPassword\t\t\t<span class=\"required\">(obligatoire)<\/span>\t<\/label>\n\t<div class=\"ld-form__field-wrapper ld-form__field-wrapper--type-password ld-form__field-password-wrapper\">\n\t<input\n\trequired\ttype=\"password\"\n\tid=\"password\"\n\tname=\"password\"\n\tvalue=\"\"\n\tclass=\"ld-form__field ld-form__field-password ld-form__field--type-password ld-form__field--needs-password-strength\"\n\taria-describedby=\"ld-password-strength__meter\"\/>\n\t<button\n\t\ttype=\"button\"\n\t\tclass=\"ld-button ld-button--secondary ld-button--border ld-button__password-visibility-toggle ld--ignore-inline-css\"\n\t\taria-label=\"Toggle password visibility\"\n\t\taria-live=\"polite\"\n\t>\n\t\tAfficher\t<\/button>\n<\/div>\n<\/div>\n\t\t\t\t\t\t\t<p class=\"ld-password-strength__hint\">\n\t\t\t\t\tUn mot de passe de force moyenne est n\u00e9cessaire pour s&#039;inscrire. Astuce : Essayez d&#039;utiliser au moins 12 caract\u00e8res contenant des lettres, des chiffres et des caract\u00e8res sp\u00e9ciaux.\t\t\t\t<\/p>\n\t\t\t\t\t\t\t\t<div style=\"margin-left: -15px;\" class=\"g-recaptcha\" data-sitekey=\"6Ld0a9ErAAAAAI_s0HSyCJc-gBE6bdi85UxjAkKt\"><\/div>\r\n\t\t<br\/>\r\n\t\t\t<input name=\"ld_register_id\" value=\"0\" type=\"hidden\" \/>\n\t<input type=\"hidden\" name=\"learndash-registration-form\" value=\"4316e31a0a\" \/>\n\t<input type=\"hidden\" name=\"redirect_to\" value=\"https:\/\/awakeningtouch.ca\/fr\/connexion\/?ld-registered=true&#038;ld_register_id=0\" \/>\n\t<p class=\"ld-registration__register-submit-wrapper\">\n\t\t<input\n\t\t\ttype=\"submit\"\n\t\t\tname=\"wp-submit\"\n\t\t\tid=\"wp-submit-register\"\n\t\t\tclass=\"button button-primary button-large wp-element-button\"\n\t\t\tvalue=\"Inscription\"\n\t\t\/>\n\t<\/p>\n<\/form>\n\t\t\t\t\t\t\t\t\t<\/div>\n\t\t\t\n\t\t\t\t\t<\/div>\n\t<\/div>\n<\/div>\n<script class=\"learndash-breakpoints\">\n\t( function () {\n\t\tlet completed = false;\n\n\t\t\/**\n\t\t * Initializes the LearnDash Breakpoints.\n\t\t *\n\t\t * @since 4.16.0\n\t\t *\/\n\t\tfunction initBreakpoints() {\n\t\t\tif ( completed ) {\n\t\t\t\t\/\/ This was fired already and completed no need to attach to the event listener.\n\t\t\t\tdocument.removeEventListener( 'DOMContentLoaded', initBreakpoints );\n\t\t\t\treturn;\n\t\t\t}\n\n\t\t\tif (\n\t\t\t\t'undefined' === typeof window.learndash ||\n\t\t\t\t'undefined' === typeof window.learndash.views ||\n\t\t\t\t'undefined' === typeof window.learndash.views.breakpoints ||\n\t\t\t\t'function' !== typeof (window.learndash.views.breakpoints.setup)\n\t\t\t) {\n\t\t\t\treturn;\n\t\t\t}\n\n\t\t\tconst container = document.querySelector(\n\t\t\t\t'[data-learndash-breakpoint-pointer=\"ff2e9476-fe49-4f68-a131-c63f3e376833\"]'\n\t\t\t);\n\n\t\t\tif ( ! container ) {\n\t\t\t\treturn;\n\t\t\t}\n\n\t\t\twindow.learndash.views.breakpoints.setup( container );\n\t\t\tcompleted = true;\n\t\t\t\/\/ This was fired already and completed no need to attach to the event listener.\n\t\t\tdocument.removeEventListener( 'DOMContentLoaded', initBreakpoints );\n\t\t}\n\n\t\t\/\/ Try to init the breakpoints right away.\n\t\tinitBreakpoints();\n\t\tdocument.addEventListener( 'DOMContentLoaded', initBreakpoints );\n\t})();\n<\/script>\n[\/et_pb_text][\/et_pb_column][\/et_pb_row][\/et_pb_section]<\/p>\n","protected":false},"excerpt":{"rendered":"<div class=\"learndash-wrapper ld-registration__outer-wrapper\">\n\t<div class=\"ld-registration__size-wrapper\" style=\"\" >\n\t\t<div\n\t\t\tclass=\"ld-registration__wrapper\"\n\t\t\tdata-js=\"learndash-view\"\n\t\t\tdata-learndash-breakpoints=\"{&quot;breakpoints&quot;:{&quot;mobile&quot;:375,&quot;tablet&quot;:420,&quot;extra-small&quot;:600,&quot;small&quot;:720,&quot;medium&quot;:960,&quot;large&quot;:1240,&quot;wide&quot;:1440}}\"\n\t\t\tdata-learndash-breakpoint-pointer=\"620723dd-a8c8-4ebe-82c8-f5eaf0049bcf\"\n\t\t>\n\t\t\t\n\t\t\t\t\t\t\t<div class=\"ld-registration__form\">\n\n\t\t\t\t\t<div class=\"ld-registration__register\">\n\t<h2 class=\"ld-registration__heading ld-registration-register__heading\">\n\t\t\t\t\tInscription\t\t\t<\/h2>\n\n\t<p class=\"ld-registration__p\">\n\t\t\t\t\tVous avez d\u00e9j\u00e0 un compte ?\t\t\t<a class=\"ld-registration__login-link\" role=\"button\" href=\"\">\n\t\t\t\tConnexion\t\t\t<\/a>\n\t\t\t<\/p>\n\t<\/div>\n\t\t\t\t\t\t\t\t\t\t<div class=\"ld-registration__login\">\n\t<h2 class=\"ld-registration__heading ld-registration-register__heading\">\n\t\tConnexion\t<\/h2>\n\n\t<p class=\"ld-registration__p\">\n\t\t\t\t\tAre you a new user?\t\t\t<a class=\"ld-registration__register-link\" role=\"button\" href=\"https:\/\/awakeningtouch.ca\/wp-login.php?action=register\">\n\t\t\t\tInscription\t\t\t<\/a>\n\t\t\t<\/p>\n<\/div>\n<div class=\"ld-registration__login-form\">\n\t<form class=\"ld-form\" name=\"loginform\" id=\"loginform\" action=\"https:\/\/awakeningtouch.ca\/wp-login.php\" method=\"post\"><input id=\"learndash-login-form\" type=\"hidden\" name=\"learndash-login-form\" value=\"3240ffb274\" \/><p class=\"login-username\">\n\t\t\t\t<label for=\"user_login\">Nom d&#039;utilisateur ou courriel *<\/label>\n\t\t\t\t<input type=\"text\" name=\"log\" id=\"user_login\" autocomplete=\"username\" class=\"input ld-form__field\" value=\"\" size=\"20\" \/>\n\t\t\t<\/p><p class=\"login-password\">\n\t\t\t\t<label for=\"user_pass\">Mot de passe *<\/label>\n\t\t\t\t<input type=\"password\" name=\"pwd\" id=\"user_pass\" autocomplete=\"current-password\" spellcheck=\"false\" class=\"input ld-form__field\" value=\"\" size=\"20\" \/>\n\t\t\t<\/p><p class=\"login-remember\"><label><input name=\"rememberme\" type=\"checkbox\" id=\"rememberme\" value=\"forever\" \/> Se souvenir de moi<\/label><\/p><p class=\"login-submit\">\n\t\t\t\t<input type=\"submit\" name=\"wp-submit\" id=\"wp-submit\" class=\"button button-primary wp-element-button\" value=\"Se connecter\" \/>\n\t\t\t\t<input type=\"hidden\" name=\"redirect_to\" value=\"https:\/\/awakeningtouch.ca\/fr\/connexion\/\" \/>\n\t\t\t<\/p><\/form><\/div>\n\n\t\t\t\t\t\t\t\t\t\t\t<form\n\tname=\"learndash_registerform\"\n\tid=\"learndash_registerform\"\n\tclass=\"ld-form ld-registration__register-form\"\n\taction=\"https:\/\/awakeningtouch.ca\/wp-login.php?action=register\"\n\tdata-learndash-validate=\"true\"\n\tmethod=\"post\"\n>\n\t<div class=\"ld-form__field-outer-wrapper learndash-registration-field learndash-registration-field-username learndash-required\">\n\t<label for=\"username\">\n\tUsername\t\t\t<span class=\"required\">(obligatoire)<\/span>\t<\/label>\n\t<div class=\"ld-form__field-wrapper ld-form__field-wrapper--type-text ld-form__field-username-wrapper\">\n\t<input\n\trequired\ttype=\"text\"\n\tid=\"username\"\n\tname=\"user_login\"\n\tvalue=\"\"\n\tclass=\"ld-form__field ld-form__field-user_login ld-form__field--type-text\"\n\t\/>\n<\/div>\n<\/div>\n\t\t\t\t\t\t<div class=\"ld-form__field-outer-wrapper learndash-registration-field learndash-registration-field-email learndash-required\">\n\t<label for=\"email\">\n\tEmail\t\t\t<span class=\"required\">(obligatoire)<\/span>\t<\/label>\n\t<div class=\"ld-form__field-wrapper ld-form__field-wrapper--type-email ld-form__field-email-wrapper\">\n\t<input\n\trequired\ttype=\"email\"\n\tid=\"email\"\n\tname=\"user_email\"\n\tvalue=\"\"\n\tclass=\"ld-form__field ld-form__field-user_email ld-form__field--type-email\"\n\t\/>\n<\/div>\n<\/div>\n\t\t\t\t\t\t<div class=\"ld-form__field-outer-wrapper learndash-registration-field learndash-registration-field-first_name learndash-required\">\n\t<label for=\"first_name\">\n\tFirst name\t\t\t<span class=\"required\">(obligatoire)<\/span>\t<\/label>\n\t<div class=\"ld-form__field-wrapper ld-form__field-wrapper--type-text ld-form__field-first_name-wrapper\">\n\t<input\n\trequired\ttype=\"text\"\n\tid=\"first_name\"\n\tname=\"first_name\"\n\tvalue=\"\"\n\tclass=\"ld-form__field ld-form__field-first_name ld-form__field--type-text\"\n\t\/>\n<\/div>\n<\/div>\n\t\t\t\t\t\t<div class=\"ld-form__field-outer-wrapper learndash-registration-field learndash-registration-field-last_name learndash-required\">\n\t<label for=\"last_name\">\n\tLast name\t\t\t<span class=\"required\">(obligatoire)<\/span>\t<\/label>\n\t<div class=\"ld-form__field-wrapper ld-form__field-wrapper--type-text ld-form__field-last_name-wrapper\">\n\t<input\n\trequired\ttype=\"text\"\n\tid=\"last_name\"\n\tname=\"last_name\"\n\tvalue=\"\"\n\tclass=\"ld-form__field ld-form__field-last_name ld-form__field--type-text\"\n\t\/>\n<\/div>\n<\/div>\n\t\t\t\t\t\t<div class=\"ld-form__field-outer-wrapper learndash-registration-field learndash-registration-field-password learndash-required\">\n\t<label for=\"password\">\n\tPassword\t\t\t<span class=\"required\">(obligatoire)<\/span>\t<\/label>\n\t<div class=\"ld-form__field-wrapper ld-form__field-wrapper--type-password ld-form__field-password-wrapper\">\n\t<input\n\trequired\ttype=\"password\"\n\tid=\"password\"\n\tname=\"password\"\n\tvalue=\"\"\n\tclass=\"ld-form__field ld-form__field-password ld-form__field--type-password ld-form__field--needs-password-strength\"\n\taria-describedby=\"ld-password-strength__meter\"\/>\n\t<button\n\t\ttype=\"button\"\n\t\tclass=\"ld-button ld-button--secondary ld-button--border ld-button__password-visibility-toggle ld--ignore-inline-css\"\n\t\taria-label=\"Toggle password visibility\"\n\t\taria-live=\"polite\"\n\t>\n\t\tAfficher\t<\/button>\n<\/div>\n<\/div>\n\t\t\t\t\t\t\t<p class=\"ld-password-strength__hint\">\n\t\t\t\t\tUn mot de passe de force moyenne est n\u00e9cessaire pour s&#039;inscrire. Astuce : Essayez d&#039;utiliser au moins 12 caract\u00e8res contenant des lettres, des chiffres et des caract\u00e8res sp\u00e9ciaux.\t\t\t\t<\/p>\n\t\t\t\t\t\t\t\t<div style=\"margin-left: -15px;\" class=\"g-recaptcha\" data-sitekey=\"6Ld0a9ErAAAAAI_s0HSyCJc-gBE6bdi85UxjAkKt\"><\/div>\r\n\t\t<br\/>\r\n\t\t\t<input name=\"ld_register_id\" value=\"0\" type=\"hidden\" \/>\n\t<input type=\"hidden\" name=\"learndash-registration-form\" value=\"4316e31a0a\" \/>\n\t<input type=\"hidden\" name=\"redirect_to\" value=\"https:\/\/awakeningtouch.ca\/fr\/connexion\/?ld-registered=true&#038;ld_register_id=0\" \/>\n\t<p class=\"ld-registration__register-submit-wrapper\">\n\t\t<input\n\t\t\ttype=\"submit\"\n\t\t\tname=\"wp-submit\"\n\t\t\tid=\"wp-submit-register\"\n\t\t\tclass=\"button button-primary button-large wp-element-button\"\n\t\t\tvalue=\"Inscription\"\n\t\t\/>\n\t<\/p>\n<\/form>\n\t\t\t\t\t\t\t\t\t<\/div>\n\t\t\t\n\t\t\t\t\t<\/div>\n\t<\/div>\n<\/div>\n<script class=\"learndash-breakpoints\">\n\t( function () {\n\t\tlet completed = false;\n\n\t\t\/**\n\t\t * Initializes the LearnDash Breakpoints.\n\t\t *\n\t\t * @since 4.16.0\n\t\t *\/\n\t\tfunction initBreakpoints() {\n\t\t\tif ( completed ) {\n\t\t\t\t\/\/ This was fired already and completed no need to attach to the event listener.\n\t\t\t\tdocument.removeEventListener( 'DOMContentLoaded', initBreakpoints );\n\t\t\t\treturn;\n\t\t\t}\n\n\t\t\tif (\n\t\t\t\t'undefined' === typeof window.learndash ||\n\t\t\t\t'undefined' === typeof window.learndash.views ||\n\t\t\t\t'undefined' === typeof window.learndash.views.breakpoints ||\n\t\t\t\t'function' !== typeof (window.learndash.views.breakpoints.setup)\n\t\t\t) {\n\t\t\t\treturn;\n\t\t\t}\n\n\t\t\tconst container = document.querySelector(\n\t\t\t\t'[data-learndash-breakpoint-pointer=\"620723dd-a8c8-4ebe-82c8-f5eaf0049bcf\"]'\n\t\t\t);\n\n\t\t\tif ( ! container ) {\n\t\t\t\treturn;\n\t\t\t}\n\n\t\t\twindow.learndash.views.breakpoints.setup( container );\n\t\t\tcompleted = true;\n\t\t\t\/\/ This was fired already and completed no need to attach to the event listener.\n\t\t\tdocument.removeEventListener( 'DOMContentLoaded', initBreakpoints );\n\t\t}\n\n\t\t\/\/ Try to init the breakpoints right away.\n\t\tinitBreakpoints();\n\t\tdocument.addEventListener( 'DOMContentLoaded', initBreakpoints );\n\t})();\n<\/script>\n\n","protected":false},"author":1,"featured_media":0,"parent":0,"menu_order":0,"comment_status":"closed","ping_status":"closed","template":"","meta":{"_et_pb_use_builder":"on","_et_pb_old_content":"","_et_gb_content_width":"","_monsterinsights_skip_tracking":false,"_monsterinsights_sitenote_active":false,"_monsterinsights_sitenote_note":"","_monsterinsights_sitenote_category":0,"footnotes":""},"class_list":["post-11315","page","type-page","status-publish","hentry"],"yoast_head":"<!-- This site is optimized with the Yoast SEO plugin v27.4 - https:\/\/yoast.com\/product\/yoast-seo-wordpress\/ -->\n<title>Connexion | AwakeningTouch<\/title>\n<meta name=\"robots\" content=\"index, follow, max-snippet:-1, max-image-preview:large, max-video-preview:-1\" \/>\n<link rel=\"canonical\" href=\"https:\/\/awakeningtouch.ca\/fr\/connexion\/\" \/>\n<meta property=\"og:locale\" content=\"fr_FR\" \/>\n<meta property=\"og:type\" content=\"article\" \/>\n<meta property=\"og:title\" content=\"Connexion | AwakeningTouch\" \/>\n<meta property=\"og:url\" content=\"https:\/\/awakeningtouch.ca\/fr\/connexion\/\" \/>\n<meta property=\"og:site_name\" content=\"Awakening Touch\" \/>\n<meta property=\"article:modified_time\" content=\"2024-10-24T15:56:48+00:00\" \/>\n<meta property=\"og:image\" content=\"https:\/\/awakeningtouch.ca\/wp-content\/uploads\/2021\/11\/photo-10-scaled.jpg\" \/>\n\t<meta property=\"og:image:width\" content=\"2560\" \/>\n\t<meta property=\"og:image:height\" content=\"2560\" \/>\n\t<meta property=\"og:image:type\" content=\"image\/jpeg\" \/>\n<meta name=\"twitter:card\" content=\"summary_large_image\" \/>\n<meta name=\"twitter:description\" content=\"[ld_registration]\" \/>\n<meta name=\"twitter:image\" content=\"https:\/\/awakeningtouch.ca\/wp-content\/uploads\/2021\/11\/photo-10-scaled.jpg\" \/>\n<meta name=\"twitter:label1\" content=\"Dur\u00e9e de lecture estim\u00e9e\" \/>\n\t<meta name=\"twitter:data1\" content=\"1 minute\" \/>\n<script type=\"application\/ld+json\" class=\"yoast-schema-graph\">{\"@context\":\"https:\\\/\\\/schema.org\",\"@graph\":[{\"@type\":\"WebPage\",\"@id\":\"https:\\\/\\\/awakeningtouch.ca\\\/fr\\\/connexion\\\/\",\"url\":\"https:\\\/\\\/awakeningtouch.ca\\\/fr\\\/connexion\\\/\",\"name\":\"Connexion | AwakeningTouch\",\"isPartOf\":{\"@id\":\"https:\\\/\\\/awakeningtouch.ca\\\/fr\\\/#website\"},\"datePublished\":\"2024-10-24T15:27:43+00:00\",\"dateModified\":\"2024-10-24T15:56:48+00:00\",\"breadcrumb\":{\"@id\":\"https:\\\/\\\/awakeningtouch.ca\\\/fr\\\/connexion\\\/#breadcrumb\"},\"inLanguage\":\"fr-FR\",\"potentialAction\":[{\"@type\":\"ReadAction\",\"target\":[\"https:\\\/\\\/awakeningtouch.ca\\\/fr\\\/connexion\\\/\"]}]},{\"@type\":\"BreadcrumbList\",\"@id\":\"https:\\\/\\\/awakeningtouch.ca\\\/fr\\\/connexion\\\/#breadcrumb\",\"itemListElement\":[{\"@type\":\"ListItem\",\"position\":1,\"name\":\"Accueil\",\"item\":\"https:\\\/\\\/awakeningtouch.ca\\\/fr\\\/\"},{\"@type\":\"ListItem\",\"position\":2,\"name\":\"Connexion\"}]},{\"@type\":\"WebSite\",\"@id\":\"https:\\\/\\\/awakeningtouch.ca\\\/fr\\\/#website\",\"url\":\"https:\\\/\\\/awakeningtouch.ca\\\/fr\\\/\",\"name\":\"Awakening Touch\",\"description\":\"\",\"potentialAction\":[{\"@type\":\"SearchAction\",\"target\":{\"@type\":\"EntryPoint\",\"urlTemplate\":\"https:\\\/\\\/awakeningtouch.ca\\\/fr\\\/?s={search_term_string}\"},\"query-input\":{\"@type\":\"PropertyValueSpecification\",\"valueRequired\":true,\"valueName\":\"search_term_string\"}}],\"inLanguage\":\"fr-FR\"}]}<\/script>\n<!-- \/ Yoast SEO plugin. -->","yoast_head_json":{"title":"Connexion | AwakeningTouch","robots":{"index":"index","follow":"follow","max-snippet":"max-snippet:-1","max-image-preview":"max-image-preview:large","max-video-preview":"max-video-preview:-1"},"canonical":"https:\/\/awakeningtouch.ca\/fr\/connexion\/","og_locale":"fr_FR","og_type":"article","og_title":"Connexion | AwakeningTouch","og_url":"https:\/\/awakeningtouch.ca\/fr\/connexion\/","og_site_name":"Awakening Touch","article_modified_time":"2024-10-24T15:56:48+00:00","og_image":[{"width":2560,"height":2560,"url":"https:\/\/awakeningtouch.ca\/wp-content\/uploads\/2021\/11\/photo-10-scaled.jpg","type":"image\/jpeg"}],"twitter_card":"summary_large_image","twitter_description":"[ld_registration]","twitter_image":"https:\/\/awakeningtouch.ca\/wp-content\/uploads\/2021\/11\/photo-10-scaled.jpg","twitter_misc":{"Dur\u00e9e de lecture estim\u00e9e":"1 minute"},"schema":{"@context":"https:\/\/schema.org","@graph":[{"@type":"WebPage","@id":"https:\/\/awakeningtouch.ca\/fr\/connexion\/","url":"https:\/\/awakeningtouch.ca\/fr\/connexion\/","name":"Connexion | AwakeningTouch","isPartOf":{"@id":"https:\/\/awakeningtouch.ca\/fr\/#website"},"datePublished":"2024-10-24T15:27:43+00:00","dateModified":"2024-10-24T15:56:48+00:00","breadcrumb":{"@id":"https:\/\/awakeningtouch.ca\/fr\/connexion\/#breadcrumb"},"inLanguage":"fr-FR","potentialAction":[{"@type":"ReadAction","target":["https:\/\/awakeningtouch.ca\/fr\/connexion\/"]}]},{"@type":"BreadcrumbList","@id":"https:\/\/awakeningtouch.ca\/fr\/connexion\/#breadcrumb","itemListElement":[{"@type":"ListItem","position":1,"name":"Accueil","item":"https:\/\/awakeningtouch.ca\/fr\/"},{"@type":"ListItem","position":2,"name":"Connexion"}]},{"@type":"WebSite","@id":"https:\/\/awakeningtouch.ca\/fr\/#website","url":"https:\/\/awakeningtouch.ca\/fr\/","name":"Awakening Touch","description":"","potentialAction":[{"@type":"SearchAction","target":{"@type":"EntryPoint","urlTemplate":"https:\/\/awakeningtouch.ca\/fr\/?s={search_term_string}"},"query-input":{"@type":"PropertyValueSpecification","valueRequired":true,"valueName":"search_term_string"}}],"inLanguage":"fr-FR"}]}},"_links":{"self":[{"href":"https:\/\/awakeningtouch.ca\/fr\/wp-json\/wp\/v2\/pages\/11315","targetHints":{"allow":["GET"]}}],"collection":[{"href":"https:\/\/awakeningtouch.ca\/fr\/wp-json\/wp\/v2\/pages"}],"about":[{"href":"https:\/\/awakeningtouch.ca\/fr\/wp-json\/wp\/v2\/types\/page"}],"author":[{"embeddable":true,"href":"https:\/\/awakeningtouch.ca\/fr\/wp-json\/wp\/v2\/users\/1"}],"replies":[{"embeddable":true,"href":"https:\/\/awakeningtouch.ca\/fr\/wp-json\/wp\/v2\/comments?post=11315"}],"version-history":[{"count":5,"href":"https:\/\/awakeningtouch.ca\/fr\/wp-json\/wp\/v2\/pages\/11315\/revisions"}],"predecessor-version":[{"id":11331,"href":"https:\/\/awakeningtouch.ca\/fr\/wp-json\/wp\/v2\/pages\/11315\/revisions\/11331"}],"wp:attachment":[{"href":"https:\/\/awakeningtouch.ca\/fr\/wp-json\/wp\/v2\/media?parent=11315"}],"curies":[{"name":"wp","href":"https:\/\/api.w.org\/{rel}","templated":true}]}}